{"id":12152,"date":"2023-06-29T19:56:48","date_gmt":"2023-06-29T17:56:48","guid":{"rendered":"https:\/\/tuc001.tucai.com\/avis-legal-imprint\/"},"modified":"2024-07-12T20:09:35","modified_gmt":"2024-07-12T18:09:35","slug":"avis-legal-imprint","status":"publish","type":"page","link":"https:\/\/www.tucai.com\/ca\/avis-legal-imprint\/","title":{"rendered":"Av\u00eds Legal \/ Imprint"},"content":{"rendered":"\t\t<div data-elementor-type=\"wp-page\" data-elementor-id=\"12152\" class=\"elementor elementor-12152 elementor-3134\" data-elementor-post-type=\"page\">\n\t\t\t\t<div class=\"elementor-element elementor-element-755fb24 e-flex e-con-boxed e-con e-parent\" data-id=\"755fb24\" data-element_type=\"container\" data-e-type=\"container\">\n\t\t\t\t\t<div class=\"e-con-inner\">\n\t\t<div class=\"elementor-element elementor-element-c5e57c2 e-con-full e-flex e-con e-child\" data-id=\"c5e57c2\" data-element_type=\"container\" data-e-type=\"container\">\n\t\t\t\t<div class=\"elementor-element elementor-element-99a1fe5 elementor-widget elementor-widget-heading\" data-id=\"99a1fe5\" data-element_type=\"widget\" data-e-type=\"widget\" data-widget_type=\"heading.default\">\n\t\t\t\t\t<h2 class=\"elementor-heading-title elementor-size-default\">Av\u00eds legal \/ Imprint<\/h2>\t\t\t\t<\/div>\n\t\t\t\t<div class=\"elementor-element elementor-element-bca0b7c elementor-widget elementor-widget-text-editor\" data-id=\"bca0b7c\" data-element_type=\"widget\" data-e-type=\"widget\" data-widget_type=\"text-editor.default\">\n\t\t\t\t\t\t\t\t\t<ol>\n<li><strong><u>Informaci\u00f3 General<\/u><\/strong><\/li>\n<\/ol>\n<p>TUCAI, SA (d&#8217;ara endavant, \u201cTUCAI\u201d), t\u00e9 el seu domicili al carrer Llobateres 10-12 PI Santiga, Barber\u00e0 del Vall\u00e8s (08210), Barcelona, \u200b\u200bEspanya, CIF A08146623 i est\u00e0 inscrita al Registre Mercantil de Barcelona, \u200b\u200bal febrer de 1988, Tom 34966 Foli 225 Fulla B 4358.<\/p>\n<p>Correu electr\u00f2nic: info@tucai.com<\/p>\n<p>N\u00famero de tel\u00e8fon: 937189562<\/p>\n<p>El present Av\u00eds Legal t\u00e9 com a objecte establir les condicions que regulen l&#8217;acc\u00e9s i l&#8217;\u00fas general de l&#8217;esmentada p\u00e0gina web per part de tots els usuaris, per la qual cosa l&#8217;acc\u00e9s i l&#8217;\u00fas d&#8217;aquesta impliquen necess\u00e0riament el sotmetiment i l&#8217;acceptaci\u00f3 d&#8217;aquestes Condicions incloses en aquest Av\u00eds Legal.<\/p>\n<p>TUCAI es reserva la facultat de realitzar, en qualsevol moment i sense necessitat de preav\u00eds, qualsevol modificaci\u00f3 o actualitzaci\u00f3 dels continguts i serveis de les presents disposicions d&#8217;acc\u00e9s i \u00fas i, en general, de quants elements integrin el disseny i la configuraci\u00f3 de la seva p\u00e0gina web.<\/p>\n<p>Els continguts de la p\u00e0gina web s\u00f3n posats a disposici\u00f3 de l&#8217;usuari per TUCAI com a informaci\u00f3 pr\u00f2pia o, si escau, de tercers. TUCAI posar\u00e0 els mitjans raonables a la vostra disposici\u00f3 perqu\u00e8 els continguts inclosos a la seva p\u00e0gina web siguin exactes i estiguin actualitzats.<\/p>\n<ol start=\"2\">\n<li><strong><u>Condicions d&#8217;\u00fas<\/u><\/strong><\/li>\n<\/ol>\n<p>Mitjan\u00e7ant aquestes condicions d&#8217;\u00fas TUCAI regula l&#8217;acc\u00e9s al lloc web <a href=\"http:\/\/www.tucai.com\">www.tucai.com<\/a> (d&#8217;ara endavant, el Lloc Web) i la posada a disposici\u00f3 dels seus clients i altres usuaris de la Xarxa de la informaci\u00f3 que s&#8217;hi troba.<\/p>\n<p>La utilitzaci\u00f3 del Lloc Web atribueix la condici\u00f3 d&#8217;usuari i implica l&#8217;acceptaci\u00f3 i el reconeixement expr\u00e9s de con\u00e8ixer els advertiments legals, condicions i termes d&#8217;\u00fas relacionats amb aquest i continguts en aquest Av\u00eds Legal i altres textos legals accessibles al Lloc Web.<\/p>\n<p>TUCAI es reserva la facultat de realitzar, en qualsevol moment i sense necessitat de preav\u00eds, qualsevol modificaci\u00f3 o actualitzaci\u00f3 dels continguts i serveis, de les presents disposicions d&#8217;acc\u00e9s i \u00fas i, en general, de quants elements integrin el disseny i la configuraci\u00f3 del seu p\u00e0gina web. Per aix\u00f2 es recomana que l&#8217;usuari llegeixi detingudament i atentament les condicions generals cada vegada que vulgui entrar i fer-ne \u00fas, ja que aquestes poden patir alguna\/es modificacions.<\/p>\n<p>L&#8217;usuari es compromet a no utilitzar la informaci\u00f3, activitats, productes o serveis que TUCAI posa a la vostra disposici\u00f3 per desenvolupar activitats contr\u00e0ries a les lleis, a la moral oa l&#8217;ordre p\u00fablic i, en general, a fer-ne un \u00fas conforme a les presents Condicions Generals.<\/p>\n<ol start=\"3\">\n<li><strong><u>Acc\u00e9s a la p\u00e0gina web<\/u><\/strong><\/li>\n<\/ol>\n<p>L&#8217;usuari pot accedir de forma gratu\u00efta i lliure a la p\u00e0gina web, llevat que faci refer\u00e8ncia al cost de la connexi\u00f3 a trav\u00e9s de la xarxa de telecomunicacions subministrada pel Prove\u00efdor d&#8217;Acc\u00e9s a Internet (ISP) contractat pel seu compte.<\/p>\n<p>Per part seva, TUCAI informa que no es responsabilitza de la prestaci\u00f3 de serveis i subministraments de tercers, inclosos el transport a trav\u00e9s de xarxes de telecomunicacions, la fiabilitat, qualitat, continu\u00eftat i funcionament no li correspon, i per aix\u00f2 l&#8217;acc\u00e9s pot ser susp\u00e8s, cancel\u00b7lat o resultar inaccessible per motius t\u00e8cnics i especialment en cas de for\u00e7a major. Si la interrupci\u00f3 tingu\u00e9s car\u00e0cter definitiu, es comunicar\u00e0 aquesta circumst\u00e0ncia als usuaris, que podran patir la p\u00e8rdua, si escau, de la informaci\u00f3 emmagatzemada als diferents serveis.<\/p>\n<p>En conseq\u00fc\u00e8ncia, en cap cas TUCAI no es responsabilitza de les conseq\u00fc\u00e8ncies d&#8217;eventuals interrupcions, ja que no pot garantir la fiabilitat, la disponibilitat ni la continu\u00eftat de la seva p\u00e0gina web.<\/p>\n<ol start=\"4\">\n<li><strong><u>Enlla\u00e7os a p\u00e0gines web de tercers<\/u><\/strong><\/li>\n<\/ol>\n<p>El servei d&#8217;acc\u00e9s a la web inclou dispositius t\u00e8cnics d&#8217;enlla\u00e7 que us permeten accedir a altres p\u00e0gines i portals d&#8217;Internet. En aquests casos, TUCAI actua com a prestador de serveis d&#8217;intermediaci\u00f3 de conformitat amb l&#8217;article 17 de la Llei 34\/2002, de 11 de juliol, de Serveis de la Societat de la Informaci\u00f3 i el Comer\u00e7 Electr\u00f2nic (LSSI), i nom\u00e9s ser\u00e0 responsable dels continguts i serveis subministrats als Llocs Enlla\u00e7ats en la mesura que tingui coneixement efectiu de la il\u00b7licitud i no hagi desactivat l&#8217;enlla\u00e7 amb la dilig\u00e8ncia deguda.<\/p>\n<p>L&#8217;exist\u00e8ncia de links o enlla\u00e7os no ha de pressuposar l&#8217;exist\u00e8ncia d&#8217;acords amb els responsables o titulars dels mateixos, ni la recomanaci\u00f3, promoci\u00f3 o identificaci\u00f3 de TUCAI amb les manifestacions, els continguts o els serveis prove\u00efts.<\/p>\n<ol start=\"5\">\n<li><strong><u>Propietat Industrial i Intel\u00b7lectual<\/u><\/strong><\/li>\n<\/ol>\n<p>Tots els continguts del Lloc Web (incloent, sense car\u00e0cter limitatiu, noms comercials, marques, r\u00e8tols, signes distintius o logos de TUCAI, el nom de domini www.tucai.com, bases de dades, imatges, dibuixos, gr\u00e0fics, arxius de text , \u00e0udio, v\u00eddeo i programari) s\u00f3n propietat de TUCAI o b\u00e9 TUCAI compta amb les llic\u00e8ncies i\/o autoritzacions necess\u00e0ries dels titulars dels drets esmentats sobre els referits continguts per fer-ne \u00fas. Aquests continguts estan protegits per les normes nacionals o internacionals de propietat intel\u00b7lectual i industrial.<\/p>\n<p>Aquests continguts no poden ser objecte de modificaci\u00f3, c\u00f2pia, alteraci\u00f3, reproducci\u00f3, adaptaci\u00f3 o traducci\u00f3 per part de l&#8217;usuari o de tercers sense l&#8217;autoritzaci\u00f3 expressa per part de TUCAI, llevat que s&#8217;indiqui el contrari. La cessi\u00f3 dels drets esmentats necessitar\u00e0 el consentiment previ per escrit per part del titular d&#8217;aquests drets, de manera que el client o usuari no podr\u00e0 posar a disposici\u00f3 de terceres persones aquests continguts.<\/p>\n<p>L\u00fas no autoritzat de la informaci\u00f3 continguda en aquest Lloc Web, aix\u00ed com la lesi\u00f3 dels drets de propietat intel\u00b7lectual o industrial donaran lloc a les responsabilitats legalment establertes.<\/p>\n<ol start=\"6\">\n<li><strong><u>Declaraci\u00f3 de privadesa (UE)<\/u><\/strong><\/li>\n<\/ol>\n<p>TUCAI proporcionar\u00e0 a l&#8217;usuari la informaci\u00f3 necess\u00e0ria perqu\u00e8, amb car\u00e0cter previ, pugui prestar el seu consentiment perqu\u00e8 TUCAI procedisca al tractament de les seues dades de car\u00e0cter personal d&#8217;acord amb les finalitats desitjades i les incorpore al corresponent fitxer de dades personals titularitat de TUCAI.<\/p>\n<p>TUCAI garanteix el compliment de les obligacions disposades al Reglament (UE) 2016\/679 del Parlament Europeu i del Consell, de 27 d&#8217;abril de 2016, relatiu a la protecci\u00f3 de les persones f\u00edsiques pel que fa al tractament de dades personals ia la lliure circulaci\u00f3 d&#8217;aquestes dades i pel qual es deroga la Directiva 95\/46\/CE (Reglament general de protecci\u00f3 de dades o RGPD) i posa a disposici\u00f3 dels usuaris la <a href=\"https:\/\/tuc001.tucai.com\/ca\/declaracio-de-privadesa-ue\/\">Pol\u00edtica de Privadesa<\/a> amb informaci\u00f3 detallada per als usuaris <em>.<\/em><\/p>\n<ol start=\"7\">\n<li><strong><u>Cookies<\/u><\/strong><\/li>\n<\/ol>\n<p>El Lloc Web de TUCAI utilitza galetes de seguiment.<\/p>\n<p>En tot cas, l&#8217;usuari t\u00e9 la capacitat de controlar i\/o modificar la configuraci\u00f3 de cookies del vostre navegador, aix\u00ed com d&#8217;eliminar-les. Per obtenir m\u00e9s informaci\u00f3 sobre com modificar aquesta configuraci\u00f3 al vostre navegador, l&#8217;Usuari pot consultar la funci\u00f3 \u201cAjuda\u201d del vostre navegador. Tot i aix\u00f2, TUCAI no es responsabilitza que la desactivaci\u00f3 de les cookies impedeixi el bon funcionament del Lloc Web.<\/p>\n<p>En relaci\u00f3 amb les cookies consulteu la nostra pol\u00edtica <a href=\"https:\/\/tuc001.tucai.com\/ca\/politica-de-cookies-ue\/\">en aquest enlla\u00e7<\/a> .<\/p>\n<ol start=\"8\">\n<li><strong><u>Legislaci\u00f3 aplicable<\/u><\/strong><\/li>\n<\/ol>\n<p>La prestaci\u00f3 del servei d&#8217;aquest Lloc Web i aquestes condicions d&#8217;\u00fas, aix\u00ed com totes les relacions que es puguin derivar de la utilitzaci\u00f3 d&#8217;aquest Lloc, es regeixen per la Llei espanyola. Les parts, amb ren\u00fancia expressa a qualsevol altre fur que els pogu\u00e9s correspondre, acorden sotmetre&#8217;s a la jurisdicci\u00f3 dels Jutjats i Tribunals de Barcelona davant de qualsevol controv\u00e8rsia que pogu\u00e9s derivar-se de l&#8217;acc\u00e9s o la utilitzaci\u00f3 d&#8217;aquest Lloc Web.<\/p>\n<p>Aquesta Pol\u00edtica de Privadesa ha estat actualitzada en data 15 de juliol de 2024.<\/p>\n\t\t\t\t\t\t\t\t<\/div>\n\t\t\t\t<\/div>\n\t\t\t\t\t<\/div>\n\t\t\t\t<\/div>\n\t\t\t\t<\/div>\n\t\t","protected":false},"excerpt":{"rendered":"<p>Av\u00eds legal \/ Imprint Informaci\u00f3 General TUCAI, SA (d&#8217;ara endavant, \u201cTUCAI\u201d), t\u00e9 el seu domicili al carrer Llobateres 10-12 PI Santiga, Barber\u00e0 del Vall\u00e8s (08210), Barcelona, \u200b\u200bEspanya, CIF A08146623 i est\u00e0 inscrita al Registre Mercantil de Barcelona, \u200b\u200bal febrer de 1988, Tom 34966 Foli 225 Fulla B 4358. Correu electr\u00f2nic: info@tucai.com N\u00famero de tel\u00e8fon: 937189562 [&hellip;]<\/p>\n","protected":false},"author":1,"featured_media":0,"parent":0,"menu_order":0,"comment_status":"closed","ping_status":"closed","template":"","meta":{"_acf_changed":false,"footnotes":""},"class_list":["post-12152","page","type-page","status-publish","hentry"],"acf":[],"yoast_head":"<!-- This site is optimized with the Yoast SEO plugin v27.3 - https:\/\/yoast.com\/product\/yoast-seo-wordpress\/ -->\n<title>Av\u00eds Legal \/ Imprint - Tucai<\/title>\n<meta name=\"robots\" content=\"index, follow, max-snippet:-1, max-image-preview:large, max-video-preview:-1\" \/>\n<link rel=\"canonical\" href=\"https:\/\/www.tucai.com\/ca\/avis-legal-imprint\/\" \/>\n<meta property=\"og:locale\" content=\"ca_ES\" \/>\n<meta property=\"og:type\" content=\"article\" \/>\n<meta property=\"og:title\" content=\"Av\u00eds Legal \/ Imprint - Tucai\" \/>\n<meta property=\"og:description\" content=\"Av\u00eds legal \/ Imprint Informaci\u00f3 General TUCAI, SA (d&#8217;ara endavant, \u201cTUCAI\u201d), t\u00e9 el seu domicili al carrer Llobateres 10-12 PI Santiga, Barber\u00e0 del Vall\u00e8s (08210), Barcelona, \u200b\u200bEspanya, CIF A08146623 i est\u00e0 inscrita al Registre Mercantil de Barcelona, \u200b\u200bal febrer de 1988, Tom 34966 Foli 225 Fulla B 4358. Correu electr\u00f2nic: info@tucai.com N\u00famero de tel\u00e8fon: 937189562 [&hellip;]\" \/>\n<meta property=\"og:url\" content=\"https:\/\/www.tucai.com\/ca\/avis-legal-imprint\/\" \/>\n<meta property=\"og:site_name\" content=\"Tucai\" \/>\n<meta property=\"article:modified_time\" content=\"2024-07-12T18:09:35+00:00\" \/>\n<meta property=\"og:image\" content=\"https:\/\/www.tucai.com\/wp-content\/uploads\/2022\/10\/logo-tucai.png\" \/>\n\t<meta property=\"og:image:width\" content=\"350\" \/>\n\t<meta property=\"og:image:height\" content=\"100\" \/>\n\t<meta property=\"og:image:type\" content=\"image\/png\" \/>\n<meta name=\"twitter:card\" content=\"summary_large_image\" \/>\n<meta name=\"twitter:label1\" content=\"Temps estimat de lectura\" \/>\n\t<meta name=\"twitter:data1\" content=\"6 minuts\" \/>\n<script type=\"application\/ld+json\" class=\"yoast-schema-graph\">{\"@context\":\"https:\\\/\\\/schema.org\",\"@graph\":[{\"@type\":\"WebPage\",\"@id\":\"https:\\\/\\\/www.tucai.com\\\/ca\\\/avis-legal-imprint\\\/\",\"url\":\"https:\\\/\\\/www.tucai.com\\\/ca\\\/avis-legal-imprint\\\/\",\"name\":\"Av\u00eds Legal \\\/ Imprint - Tucai\",\"isPartOf\":{\"@id\":\"https:\\\/\\\/www.tucai.com\\\/ca\\\/#website\"},\"datePublished\":\"2023-06-29T17:56:48+00:00\",\"dateModified\":\"2024-07-12T18:09:35+00:00\",\"breadcrumb\":{\"@id\":\"https:\\\/\\\/www.tucai.com\\\/ca\\\/avis-legal-imprint\\\/#breadcrumb\"},\"inLanguage\":\"ca\",\"potentialAction\":[{\"@type\":\"ReadAction\",\"target\":[\"https:\\\/\\\/www.tucai.com\\\/ca\\\/avis-legal-imprint\\\/\"]}]},{\"@type\":\"BreadcrumbList\",\"@id\":\"https:\\\/\\\/www.tucai.com\\\/ca\\\/avis-legal-imprint\\\/#breadcrumb\",\"itemListElement\":[{\"@type\":\"ListItem\",\"position\":1,\"name\":\"Portada\",\"item\":\"https:\\\/\\\/www.tucai.com\\\/ca\\\/inici\\\/\"},{\"@type\":\"ListItem\",\"position\":2,\"name\":\"Av\u00eds Legal \\\/ Imprint\"}]},{\"@type\":\"WebSite\",\"@id\":\"https:\\\/\\\/www.tucai.com\\\/ca\\\/#website\",\"url\":\"https:\\\/\\\/www.tucai.com\\\/ca\\\/\",\"name\":\"Tucai\",\"description\":\"Latiguillos Flexibles y V\u00e1lvulas\",\"publisher\":{\"@id\":\"https:\\\/\\\/www.tucai.com\\\/ca\\\/#organization\"},\"potentialAction\":[{\"@type\":\"SearchAction\",\"target\":{\"@type\":\"EntryPoint\",\"urlTemplate\":\"https:\\\/\\\/www.tucai.com\\\/ca\\\/?s={search_term_string}\"},\"query-input\":{\"@type\":\"PropertyValueSpecification\",\"valueRequired\":true,\"valueName\":\"search_term_string\"}}],\"inLanguage\":\"ca\"},{\"@type\":\"Organization\",\"@id\":\"https:\\\/\\\/www.tucai.com\\\/ca\\\/#organization\",\"name\":\"Tucai\",\"url\":\"https:\\\/\\\/www.tucai.com\\\/ca\\\/\",\"logo\":{\"@type\":\"ImageObject\",\"inLanguage\":\"ca\",\"@id\":\"https:\\\/\\\/www.tucai.com\\\/ca\\\/#\\\/schema\\\/logo\\\/image\\\/\",\"url\":\"https:\\\/\\\/www.tucai.com\\\/wp-content\\\/uploads\\\/2022\\\/10\\\/logo-tucai.png\",\"contentUrl\":\"https:\\\/\\\/www.tucai.com\\\/wp-content\\\/uploads\\\/2022\\\/10\\\/logo-tucai.png\",\"width\":350,\"height\":100,\"caption\":\"Tucai\"},\"image\":{\"@id\":\"https:\\\/\\\/www.tucai.com\\\/ca\\\/#\\\/schema\\\/logo\\\/image\\\/\"}}]}<\/script>\n<!-- \/ Yoast SEO plugin. -->","yoast_head_json":{"title":"Av\u00eds Legal \/ Imprint - Tucai","robots":{"index":"index","follow":"follow","max-snippet":"max-snippet:-1","max-image-preview":"max-image-preview:large","max-video-preview":"max-video-preview:-1"},"canonical":"https:\/\/www.tucai.com\/ca\/avis-legal-imprint\/","og_locale":"ca_ES","og_type":"article","og_title":"Av\u00eds Legal \/ Imprint - Tucai","og_description":"Av\u00eds legal \/ Imprint Informaci\u00f3 General TUCAI, SA (d&#8217;ara endavant, \u201cTUCAI\u201d), t\u00e9 el seu domicili al carrer Llobateres 10-12 PI Santiga, Barber\u00e0 del Vall\u00e8s (08210), Barcelona, \u200b\u200bEspanya, CIF A08146623 i est\u00e0 inscrita al Registre Mercantil de Barcelona, \u200b\u200bal febrer de 1988, Tom 34966 Foli 225 Fulla B 4358. Correu electr\u00f2nic: info@tucai.com N\u00famero de tel\u00e8fon: 937189562 [&hellip;]","og_url":"https:\/\/www.tucai.com\/ca\/avis-legal-imprint\/","og_site_name":"Tucai","article_modified_time":"2024-07-12T18:09:35+00:00","og_image":[{"width":350,"height":100,"url":"https:\/\/www.tucai.com\/wp-content\/uploads\/2022\/10\/logo-tucai.png","type":"image\/png"}],"twitter_card":"summary_large_image","twitter_misc":{"Temps estimat de lectura":"6 minuts"},"schema":{"@context":"https:\/\/schema.org","@graph":[{"@type":"WebPage","@id":"https:\/\/www.tucai.com\/ca\/avis-legal-imprint\/","url":"https:\/\/www.tucai.com\/ca\/avis-legal-imprint\/","name":"Av\u00eds Legal \/ Imprint - Tucai","isPartOf":{"@id":"https:\/\/www.tucai.com\/ca\/#website"},"datePublished":"2023-06-29T17:56:48+00:00","dateModified":"2024-07-12T18:09:35+00:00","breadcrumb":{"@id":"https:\/\/www.tucai.com\/ca\/avis-legal-imprint\/#breadcrumb"},"inLanguage":"ca","potentialAction":[{"@type":"ReadAction","target":["https:\/\/www.tucai.com\/ca\/avis-legal-imprint\/"]}]},{"@type":"BreadcrumbList","@id":"https:\/\/www.tucai.com\/ca\/avis-legal-imprint\/#breadcrumb","itemListElement":[{"@type":"ListItem","position":1,"name":"Portada","item":"https:\/\/www.tucai.com\/ca\/inici\/"},{"@type":"ListItem","position":2,"name":"Av\u00eds Legal \/ Imprint"}]},{"@type":"WebSite","@id":"https:\/\/www.tucai.com\/ca\/#website","url":"https:\/\/www.tucai.com\/ca\/","name":"Tucai","description":"Latiguillos Flexibles y V\u00e1lvulas","publisher":{"@id":"https:\/\/www.tucai.com\/ca\/#organization"},"potentialAction":[{"@type":"SearchAction","target":{"@type":"EntryPoint","urlTemplate":"https:\/\/www.tucai.com\/ca\/?s={search_term_string}"},"query-input":{"@type":"PropertyValueSpecification","valueRequired":true,"valueName":"search_term_string"}}],"inLanguage":"ca"},{"@type":"Organization","@id":"https:\/\/www.tucai.com\/ca\/#organization","name":"Tucai","url":"https:\/\/www.tucai.com\/ca\/","logo":{"@type":"ImageObject","inLanguage":"ca","@id":"https:\/\/www.tucai.com\/ca\/#\/schema\/logo\/image\/","url":"https:\/\/www.tucai.com\/wp-content\/uploads\/2022\/10\/logo-tucai.png","contentUrl":"https:\/\/www.tucai.com\/wp-content\/uploads\/2022\/10\/logo-tucai.png","width":350,"height":100,"caption":"Tucai"},"image":{"@id":"https:\/\/www.tucai.com\/ca\/#\/schema\/logo\/image\/"}}]}},"_links":{"self":[{"href":"https:\/\/www.tucai.com\/ca\/wp-json\/wp\/v2\/pages\/12152","targetHints":{"allow":["GET"]}}],"collection":[{"href":"https:\/\/www.tucai.com\/ca\/wp-json\/wp\/v2\/pages"}],"about":[{"href":"https:\/\/www.tucai.com\/ca\/wp-json\/wp\/v2\/types\/page"}],"author":[{"embeddable":true,"href":"https:\/\/www.tucai.com\/ca\/wp-json\/wp\/v2\/users\/1"}],"replies":[{"embeddable":true,"href":"https:\/\/www.tucai.com\/ca\/wp-json\/wp\/v2\/comments?post=12152"}],"version-history":[{"count":0,"href":"https:\/\/www.tucai.com\/ca\/wp-json\/wp\/v2\/pages\/12152\/revisions"}],"wp:attachment":[{"href":"https:\/\/www.tucai.com\/ca\/wp-json\/wp\/v2\/media?parent=12152"}],"curies":[{"name":"wp","href":"https:\/\/api.w.org\/{rel}","templated":true}]}}