{"id":12159,"date":"2023-06-29T19:56:48","date_gmt":"2023-06-29T17:56:48","guid":{"rendered":"https:\/\/tuc001.tucai.com\/declaracio-de-privadesa-ue\/"},"modified":"2025-09-19T15:40:01","modified_gmt":"2025-09-19T13:40:01","slug":"declaracio-de-privadesa-ue","status":"publish","type":"page","link":"https:\/\/www.tucai.com\/ca\/declaracio-de-privadesa-ue\/","title":{"rendered":"Declaraci\u00f3 de privadesa (UE)"},"content":{"rendered":"\t\t<div data-elementor-type=\"wp-page\" data-elementor-id=\"12159\" class=\"elementor elementor-12159 elementor-3133\" data-elementor-post-type=\"page\">\n\t\t\t\t<div class=\"elementor-element elementor-element-5f898a9 e-flex e-con-boxed e-con e-parent\" data-id=\"5f898a9\" data-element_type=\"container\" data-e-type=\"container\">\n\t\t\t\t\t<div class=\"e-con-inner\">\n\t\t<div class=\"elementor-element elementor-element-e3c60f2 e-con-full e-flex e-con e-child\" data-id=\"e3c60f2\" data-element_type=\"container\" data-e-type=\"container\">\n\t\t\t\t<div class=\"elementor-element elementor-element-87b5807 elementor-widget elementor-widget-heading\" data-id=\"87b5807\" data-element_type=\"widget\" data-e-type=\"widget\" data-widget_type=\"heading.default\">\n\t\t\t\t\t<h2 class=\"elementor-heading-title elementor-size-default\">Declaraci\u00f3 de privadesa\n<\/h2>\t\t\t\t<\/div>\n\t\t\t\t<div class=\"elementor-element elementor-element-5147066 elementor-widget elementor-widget-text-editor\" data-id=\"5147066\" data-element_type=\"widget\" data-e-type=\"widget\" data-widget_type=\"text-editor.default\">\n\t\t\t\t\t\t\t\t\t<p><strong>POL\u00cdTICA DE PRIVACITAT<\/strong><\/p><p>En aquesta Pol\u00edtica de Privadesa, expliquem el que fem amb les dades que obtenim dels usuaris del Lloc Web. Us recomanem que llegiu atentament aquesta pol\u00edtica. <\/p><p><u>Responsable de tractament: <\/u><\/p><p>Denominaci\u00f3 social: TUCAI, SA.<\/p><p>Domicili : carrer Llobateras 10-12, Pol. Ind. Santiga, 08210 Barber\u00e0 del Vall\u00e8s (Barcelona)  <\/p><p>CIF: A08146623<\/p><p>Dades de contacte amb el Delegat de Protecci\u00f3 de Dades: Josep M\u00aa Amor\u00f3s Aragon\u00e9s, correu electr\u00f2nic de contacte &#8211; <a href=\"mailto:rgpd@tucai.com\">rgpd@tucai.com<\/a> .<\/p><p><u>Quina informaci\u00f3 personal recull TUCAI?<\/u><\/p><p>TUCAI recopilar\u00e0 la seg\u00fcent informaci\u00f3 personal a trav\u00e9s dels formularis disponibles al Lloc Web i mitjan\u00e7ant el consentiment de l&#8217;interessat: nom, correu electr\u00f2nic, adre\u00e7a postal, data de naixement, n\u00famero de tel\u00e8fon, sexe i dades banc\u00e0ries.<\/p><p><u>Amb quina finalitat tractem les vostres dades personals?<\/u><\/p><p>A TUCAI tractem la informaci\u00f3 que ens facilites amb les finalitats seg\u00fcents:<\/p><ul><li>Gesti\u00f3 del teu registre a la web<\/li><li>Donar el millor suport t\u00e8cnic possible i contribuir a la constant millora i avaluaci\u00f3 dels nostres productes.<\/li><li>Identificaci\u00f3 dels qui sol\u00b7liciten aquests productes o sol\u00b7liciten informaci\u00f3 sobre aquesta.<\/li><li>Gestions comercials i tramesa d&#8217;informaci\u00f3 d&#8217;inter\u00e8s a trav\u00e9s de butlletins.<\/li><li>Donar resposta a qualsevol consulta, sol\u00b7licitud i\/o reclamaci\u00f3 relativa a l&#8217;exercici dels teus drets de privadesa.<\/li><\/ul><p><u><br>Durant quant de temps conservarem les teves dades?<\/u><\/p><p>Les dades proporcionades es conservaran mentre es mantingui la relaci\u00f3 comercial o durant el temps que sigui raonablement necessari per al compliment de les obligacions legals de TUCAI, a m\u00e9s dels per\u00edodes darxiu i documentaci\u00f3 contemplats a la normativa vigent.<\/p><p><u>Quina \u00e9s la legitimaci\u00f3 per al tractament de les teves dades?<\/u><\/p><p>La base de legitimaci\u00f3 per al tractament de les vostres dades \u00e9s el consentiment atorgat expressament.<\/p><p><u>Compartirem les teves dades amb tercers?<\/u><\/p><p>Per complir amb les finalitats indicades a la present, les teves dades poden ser comunicades a empreses del Grup TUCAI.<\/p><p><u>Quins s\u00f3n els teus drets quan ens facilites les dades?<\/u><\/p><p>En relaci\u00f3 amb la teva privadesa i dades personals tens els seg\u00fcents drets, que podr\u00e0s exercir telem\u00e0ticament a trav\u00e9s del correu electr\u00f2nic <a href=\"mailto:rgpd@tucai.com\">rgpd@tucai.com<\/a> :<\/p><p>&#8211; Dret d&#8217;informaci\u00f3: El responsable s&#8217;ha d&#8217;identificar informar-te per a qu\u00e8 s&#8217;utilitzen les teves dades i dir-te: la ra\u00f3 per la qual les teves dades s\u00f3n necess\u00e0ries; fins quan els conservar\u00e0; com pots exercir els teus drets de protecci\u00f3 de dades; quina \u00e9s la base jur\u00eddica del tractament; si els cedir\u00e0 a tercers o transferir\u00e0 a altres pa\u00efsos.<\/p><p>&#8211; Dret d&#8217;acc\u00e9s: Teniu dret a obtenir del responsable del tractament confirmaci\u00f3 de si s&#8217;estan tractant o no dades personals que us concerneixen ia obtenir c\u00f2pia de les dades personals objecte de tractament.<\/p><p>&#8211; Dret de rectificaci\u00f3: Et permet corregir les teves dades o completar-les si s\u00f3n inexactes o incompletes.<\/p><p>&#8211; Dret de supressi\u00f3: Pots sol\u00b7licitar l&#8217;eliminaci\u00f3 de les dades personals quan:<\/p><ul><li>Ja no siguin necessaris per als fins per als que es van recollir<\/li><li>Retireu el consentiment que doneu, sempre que no hi hagi cap altra causa que legitimi el tractament.<\/li><li>Les teves dades hagin estat tractades il\u00b7l\u00edcitament<\/li><li>T&#8217;has oposat al tractament i no prevalgui l&#8217;inter\u00e8s leg\u00edtim, o si el tractament tingu\u00e9s per objecte el m\u00e0rqueting directe.<\/li><li>S&#8217;han de suprimir per complir una obligaci\u00f3 legal.<\/li><li>S&#8217;hagin obtingut sent menor d&#8217;edat en relaci\u00f3 amb els serveis de la societat de la informaci\u00f3<\/li><\/ul><p>&#8211; Dret de limitaci\u00f3: Pots sol\u00b7licitar la suspensi\u00f3 del tractament de les teves dades quan n&#8217;impugnis l&#8217;exactitud, quan t&#8217;oposis al tractament, quan el tractament sigui il\u00b7l\u00edcit, quan els necessitis per formular reclamacions.<\/p><p>&#8211; Dret a la portabilitat: Quan el tractament estigui basat en el teu consentiment o en l&#8217;execuci\u00f3 d&#8217;un contracte, i es fa per mitjans automatitzats, pots rebre les teves dades en un format que permeti transmetre&#8217;ls a un altre responsable<\/p><p>&#8211; Dret d&#8217;oposici\u00f3: Pots oposar-te a tractar les teves dades per motius personals, llevat que el responsable acrediti un inter\u00e8s leg\u00edtim, i quan el tractament tingui per objecte el m\u00e0rqueting directe.<\/p><p>Si modifiquem la nostra Pol\u00edtica de Privadesa o Pol\u00edtica de Cookies, t&#8217;ho notificarem a trav\u00e9s del Lloc Web o per correu electr\u00f2nic quan els canvis afectin de manera significativa la teva privadesa.<\/p><p><em>Aquesta Pol\u00edtica de Privadesa ha estat actualitzada per \u00faltima vegada el 15 de juliol de 2024.<\/em><\/p>\t\t\t\t\t\t\t\t<\/div>\n\t\t\t\t<\/div>\n\t\t\t\t\t<\/div>\n\t\t\t\t<\/div>\n\t\t\t\t<\/div>\n\t\t","protected":false},"excerpt":{"rendered":"<p>Declaraci\u00f3 de privadesa POL\u00cdTICA DE PRIVACITAT En aquesta Pol\u00edtica de Privadesa, expliquem el que fem amb les dades que obtenim dels usuaris del Lloc Web. Us recomanem que llegiu atentament aquesta pol\u00edtica. Responsable de tractament: Denominaci\u00f3 social: TUCAI, SA. Domicili : carrer Llobateras 10-12, Pol. Ind. Santiga, 08210 Barber\u00e0 del Vall\u00e8s (Barcelona) CIF: A08146623 Dades [&hellip;]<\/p>\n","protected":false},"author":1,"featured_media":0,"parent":0,"menu_order":0,"comment_status":"closed","ping_status":"closed","template":"","meta":{"_acf_changed":false,"footnotes":""},"class_list":["post-12159","page","type-page","status-publish","hentry"],"acf":[],"yoast_head":"<!-- This site is optimized with the Yoast SEO plugin v27.3 - https:\/\/yoast.com\/product\/yoast-seo-wordpress\/ -->\n<title>Declaraci\u00f3 de privadesa (UE) - Tucai<\/title>\n<meta name=\"robots\" content=\"index, follow, max-snippet:-1, max-image-preview:large, max-video-preview:-1\" \/>\n<link rel=\"canonical\" href=\"https:\/\/www.tucai.com\/ca\/declaracio-de-privadesa-ue\/\" \/>\n<meta property=\"og:locale\" content=\"ca_ES\" \/>\n<meta property=\"og:type\" content=\"article\" \/>\n<meta property=\"og:title\" content=\"Declaraci\u00f3 de privadesa (UE) - Tucai\" \/>\n<meta property=\"og:description\" content=\"Declaraci\u00f3 de privadesa POL\u00cdTICA DE PRIVACITAT En aquesta Pol\u00edtica de Privadesa, expliquem el que fem amb les dades que obtenim dels usuaris del Lloc Web. Us recomanem que llegiu atentament aquesta pol\u00edtica. Responsable de tractament: Denominaci\u00f3 social: TUCAI, SA. Domicili : carrer Llobateras 10-12, Pol. Ind. Santiga, 08210 Barber\u00e0 del Vall\u00e8s (Barcelona) CIF: A08146623 Dades [&hellip;]\" \/>\n<meta property=\"og:url\" content=\"https:\/\/www.tucai.com\/ca\/declaracio-de-privadesa-ue\/\" \/>\n<meta property=\"og:site_name\" content=\"Tucai\" \/>\n<meta property=\"article:modified_time\" content=\"2025-09-19T13:40:01+00:00\" \/>\n<meta property=\"og:image\" content=\"https:\/\/www.tucai.com\/wp-content\/uploads\/2022\/10\/logo-tucai.png\" \/>\n\t<meta property=\"og:image:width\" content=\"350\" \/>\n\t<meta property=\"og:image:height\" content=\"100\" \/>\n\t<meta property=\"og:image:type\" content=\"image\/png\" \/>\n<meta name=\"twitter:card\" content=\"summary_large_image\" \/>\n<meta name=\"twitter:label1\" content=\"Temps estimat de lectura\" \/>\n\t<meta name=\"twitter:data1\" content=\"4 minuts\" \/>\n<script type=\"application\/ld+json\" class=\"yoast-schema-graph\">{\"@context\":\"https:\\\/\\\/schema.org\",\"@graph\":[{\"@type\":\"WebPage\",\"@id\":\"https:\\\/\\\/www.tucai.com\\\/ca\\\/declaracio-de-privadesa-ue\\\/\",\"url\":\"https:\\\/\\\/www.tucai.com\\\/ca\\\/declaracio-de-privadesa-ue\\\/\",\"name\":\"Declaraci\u00f3 de privadesa (UE) - Tucai\",\"isPartOf\":{\"@id\":\"https:\\\/\\\/www.tucai.com\\\/ca\\\/#website\"},\"datePublished\":\"2023-06-29T17:56:48+00:00\",\"dateModified\":\"2025-09-19T13:40:01+00:00\",\"breadcrumb\":{\"@id\":\"https:\\\/\\\/www.tucai.com\\\/ca\\\/declaracio-de-privadesa-ue\\\/#breadcrumb\"},\"inLanguage\":\"ca\",\"potentialAction\":[{\"@type\":\"ReadAction\",\"target\":[\"https:\\\/\\\/www.tucai.com\\\/ca\\\/declaracio-de-privadesa-ue\\\/\"]}]},{\"@type\":\"BreadcrumbList\",\"@id\":\"https:\\\/\\\/www.tucai.com\\\/ca\\\/declaracio-de-privadesa-ue\\\/#breadcrumb\",\"itemListElement\":[{\"@type\":\"ListItem\",\"position\":1,\"name\":\"Portada\",\"item\":\"https:\\\/\\\/www.tucai.com\\\/ca\\\/inici\\\/\"},{\"@type\":\"ListItem\",\"position\":2,\"name\":\"Declaraci\u00f3 de privadesa (UE)\"}]},{\"@type\":\"WebSite\",\"@id\":\"https:\\\/\\\/www.tucai.com\\\/ca\\\/#website\",\"url\":\"https:\\\/\\\/www.tucai.com\\\/ca\\\/\",\"name\":\"Tucai\",\"description\":\"Latiguillos Flexibles y V\u00e1lvulas\",\"publisher\":{\"@id\":\"https:\\\/\\\/www.tucai.com\\\/ca\\\/#organization\"},\"potentialAction\":[{\"@type\":\"SearchAction\",\"target\":{\"@type\":\"EntryPoint\",\"urlTemplate\":\"https:\\\/\\\/www.tucai.com\\\/ca\\\/?s={search_term_string}\"},\"query-input\":{\"@type\":\"PropertyValueSpecification\",\"valueRequired\":true,\"valueName\":\"search_term_string\"}}],\"inLanguage\":\"ca\"},{\"@type\":\"Organization\",\"@id\":\"https:\\\/\\\/www.tucai.com\\\/ca\\\/#organization\",\"name\":\"Tucai\",\"url\":\"https:\\\/\\\/www.tucai.com\\\/ca\\\/\",\"logo\":{\"@type\":\"ImageObject\",\"inLanguage\":\"ca\",\"@id\":\"https:\\\/\\\/www.tucai.com\\\/ca\\\/#\\\/schema\\\/logo\\\/image\\\/\",\"url\":\"https:\\\/\\\/www.tucai.com\\\/wp-content\\\/uploads\\\/2022\\\/10\\\/logo-tucai.png\",\"contentUrl\":\"https:\\\/\\\/www.tucai.com\\\/wp-content\\\/uploads\\\/2022\\\/10\\\/logo-tucai.png\",\"width\":350,\"height\":100,\"caption\":\"Tucai\"},\"image\":{\"@id\":\"https:\\\/\\\/www.tucai.com\\\/ca\\\/#\\\/schema\\\/logo\\\/image\\\/\"}}]}<\/script>\n<!-- \/ Yoast SEO plugin. -->","yoast_head_json":{"title":"Declaraci\u00f3 de privadesa (UE) - Tucai","robots":{"index":"index","follow":"follow","max-snippet":"max-snippet:-1","max-image-preview":"max-image-preview:large","max-video-preview":"max-video-preview:-1"},"canonical":"https:\/\/www.tucai.com\/ca\/declaracio-de-privadesa-ue\/","og_locale":"ca_ES","og_type":"article","og_title":"Declaraci\u00f3 de privadesa (UE) - Tucai","og_description":"Declaraci\u00f3 de privadesa POL\u00cdTICA DE PRIVACITAT En aquesta Pol\u00edtica de Privadesa, expliquem el que fem amb les dades que obtenim dels usuaris del Lloc Web. Us recomanem que llegiu atentament aquesta pol\u00edtica. Responsable de tractament: Denominaci\u00f3 social: TUCAI, SA. Domicili : carrer Llobateras 10-12, Pol. Ind. Santiga, 08210 Barber\u00e0 del Vall\u00e8s (Barcelona) CIF: A08146623 Dades [&hellip;]","og_url":"https:\/\/www.tucai.com\/ca\/declaracio-de-privadesa-ue\/","og_site_name":"Tucai","article_modified_time":"2025-09-19T13:40:01+00:00","og_image":[{"width":350,"height":100,"url":"https:\/\/www.tucai.com\/wp-content\/uploads\/2022\/10\/logo-tucai.png","type":"image\/png"}],"twitter_card":"summary_large_image","twitter_misc":{"Temps estimat de lectura":"4 minuts"},"schema":{"@context":"https:\/\/schema.org","@graph":[{"@type":"WebPage","@id":"https:\/\/www.tucai.com\/ca\/declaracio-de-privadesa-ue\/","url":"https:\/\/www.tucai.com\/ca\/declaracio-de-privadesa-ue\/","name":"Declaraci\u00f3 de privadesa (UE) - Tucai","isPartOf":{"@id":"https:\/\/www.tucai.com\/ca\/#website"},"datePublished":"2023-06-29T17:56:48+00:00","dateModified":"2025-09-19T13:40:01+00:00","breadcrumb":{"@id":"https:\/\/www.tucai.com\/ca\/declaracio-de-privadesa-ue\/#breadcrumb"},"inLanguage":"ca","potentialAction":[{"@type":"ReadAction","target":["https:\/\/www.tucai.com\/ca\/declaracio-de-privadesa-ue\/"]}]},{"@type":"BreadcrumbList","@id":"https:\/\/www.tucai.com\/ca\/declaracio-de-privadesa-ue\/#breadcrumb","itemListElement":[{"@type":"ListItem","position":1,"name":"Portada","item":"https:\/\/www.tucai.com\/ca\/inici\/"},{"@type":"ListItem","position":2,"name":"Declaraci\u00f3 de privadesa (UE)"}]},{"@type":"WebSite","@id":"https:\/\/www.tucai.com\/ca\/#website","url":"https:\/\/www.tucai.com\/ca\/","name":"Tucai","description":"Latiguillos Flexibles y V\u00e1lvulas","publisher":{"@id":"https:\/\/www.tucai.com\/ca\/#organization"},"potentialAction":[{"@type":"SearchAction","target":{"@type":"EntryPoint","urlTemplate":"https:\/\/www.tucai.com\/ca\/?s={search_term_string}"},"query-input":{"@type":"PropertyValueSpecification","valueRequired":true,"valueName":"search_term_string"}}],"inLanguage":"ca"},{"@type":"Organization","@id":"https:\/\/www.tucai.com\/ca\/#organization","name":"Tucai","url":"https:\/\/www.tucai.com\/ca\/","logo":{"@type":"ImageObject","inLanguage":"ca","@id":"https:\/\/www.tucai.com\/ca\/#\/schema\/logo\/image\/","url":"https:\/\/www.tucai.com\/wp-content\/uploads\/2022\/10\/logo-tucai.png","contentUrl":"https:\/\/www.tucai.com\/wp-content\/uploads\/2022\/10\/logo-tucai.png","width":350,"height":100,"caption":"Tucai"},"image":{"@id":"https:\/\/www.tucai.com\/ca\/#\/schema\/logo\/image\/"}}]}},"_links":{"self":[{"href":"https:\/\/www.tucai.com\/ca\/wp-json\/wp\/v2\/pages\/12159","targetHints":{"allow":["GET"]}}],"collection":[{"href":"https:\/\/www.tucai.com\/ca\/wp-json\/wp\/v2\/pages"}],"about":[{"href":"https:\/\/www.tucai.com\/ca\/wp-json\/wp\/v2\/types\/page"}],"author":[{"embeddable":true,"href":"https:\/\/www.tucai.com\/ca\/wp-json\/wp\/v2\/users\/1"}],"replies":[{"embeddable":true,"href":"https:\/\/www.tucai.com\/ca\/wp-json\/wp\/v2\/comments?post=12159"}],"version-history":[{"count":0,"href":"https:\/\/www.tucai.com\/ca\/wp-json\/wp\/v2\/pages\/12159\/revisions"}],"wp:attachment":[{"href":"https:\/\/www.tucai.com\/ca\/wp-json\/wp\/v2\/media?parent=12159"}],"curies":[{"name":"wp","href":"https:\/\/api.w.org\/{rel}","templated":true}]}}