{"id":12164,"date":"2023-06-29T19:56:48","date_gmt":"2023-06-29T17:56:48","guid":{"rendered":"https:\/\/tuc001.tucai.com\/descarrec-de-responsabilitat\/"},"modified":"2026-02-26T13:11:28","modified_gmt":"2026-02-26T12:11:28","slug":"canal-etic","status":"publish","type":"page","link":"https:\/\/www.tucai.com\/ca\/canal-etic\/","title":{"rendered":"Canal \u00c8tic"},"content":{"rendered":"\t\t<div data-elementor-type=\"wp-page\" data-elementor-id=\"12164\" class=\"elementor elementor-12164 elementor-3135\">\n\t\t\t\t<div class=\"elementor-element elementor-element-34bd827 e-flex e-con-boxed e-con e-parent\" data-id=\"34bd827\" data-element_type=\"container\">\n\t\t\t\t\t<div class=\"e-con-inner\">\n\t\t<div class=\"elementor-element elementor-element-57206f0 e-con-full e-flex e-con e-child\" data-id=\"57206f0\" data-element_type=\"container\">\n\t\t\t\t<div class=\"elementor-element elementor-element-ffe26bc elementor-widget elementor-widget-text-editor\" data-id=\"ffe26bc\" data-element_type=\"widget\" data-widget_type=\"text-editor.default\">\n\t\t\t\t\t\t\t\t\t<p class=\"p1\">A TUCAI, SA, creiem en la integritat, l&#8217;honestedat i la transpar\u00e8ncia en la nostra forma d&#8217;actuar, per aix\u00f2 posem a disposici\u00f3 dels empleats, empleades i persones vinculades al Grup Tucai el Canal \u00c8tic, si coneixen o sospiten que algun membre de l&#8217;organitzaci\u00f3 est\u00e0 realitzant actes que poden ser contraris a la llei, al Codi de conducta de Tucai.<\/p><p class=\"p1\">Totes les den\u00fancies realitzades a trav\u00e9s d&#8217;aquest canal seran confidencials i el remitent ser\u00e0 protegit davant de qualsevol intent de repres\u00e0lia.<\/p><p class=\"p1\">En cas que el remitent es vulgui identificar, s&#8217;ha habilitat al canal de den\u00fancies un apartat opcional on introduir les vostres dades.<\/p>\t\t\t\t\t\t\t\t<\/div>\n\t\t<div class=\"elementor-element elementor-element-ea57adc e-con-full e-flex e-con e-child\" data-id=\"ea57adc\" data-element_type=\"container\">\n\t\t\t\t<div class=\"elementor-element elementor-element-631adde elementor-widget elementor-widget-button\" data-id=\"631adde\" data-element_type=\"widget\" data-widget_type=\"button.default\">\n\t\t\t\t\t\t\t\t\t\t<a class=\"elementor-button elementor-button-link elementor-size-sm\" href=\"https:\/\/tucai-my.sharepoint.com\/:b:\/p\/sandra_albo\/EQmSFiPPeQJHhzYGlCwsNUcBnuaDBlqqpxohE8hHRolY6Q?e=Q7YXNY\" target=\"_blank\">\n\t\t\t\t\t\t<span class=\"elementor-button-content-wrapper\">\n\t\t\t\t\t\t\t\t\t<span class=\"elementor-button-text\">Consulta aqu\u00ed la Pol\u00edtica del Canal<\/span>\n\t\t\t\t\t<\/span>\n\t\t\t\t\t<\/a>\n\t\t\t\t\t\t\t\t<\/div>\n\t\t\t\t<div class=\"elementor-element elementor-element-ca3b876 elementor-widget elementor-widget-button\" data-id=\"ca3b876\" data-element_type=\"widget\" data-widget_type=\"button.default\">\n\t\t\t\t\t\t\t\t\t\t<a class=\"elementor-button elementor-button-link elementor-size-sm\" href=\"https:\/\/tucai.ulisesgrc.net\/#\/channels\/tucai\/ES_ES\" target=\"_blank\">\n\t\t\t\t\t\t<span class=\"elementor-button-content-wrapper\">\n\t\t\t\t\t\t\t\t\t<span class=\"elementor-button-text\">Accedeix aqu\u00ed al Canal \u00c8tic<\/span>\n\t\t\t\t\t<\/span>\n\t\t\t\t\t<\/a>\n\t\t\t\t\t\t\t\t<\/div>\n\t\t\t\t<\/div>\n\t\t\t\t<\/div>\n\t\t\t\t\t<\/div>\n\t\t\t\t<\/div>\n\t\t\t\t<\/div>\n\t\t","protected":false},"excerpt":{"rendered":"<p>A TUCAI, SA, creiem en la integritat, l&#8217;honestedat i la transpar\u00e8ncia en la nostra forma d&#8217;actuar, per aix\u00f2 posem a disposici\u00f3 dels empleats, empleades i persones vinculades al Grup Tucai el Canal \u00c8tic, si coneixen o sospiten que algun membre de l&#8217;organitzaci\u00f3 est\u00e0 realitzant actes que poden ser contraris a la llei, al Codi de [&hellip;]<\/p>\n","protected":false},"author":1,"featured_media":0,"parent":0,"menu_order":0,"comment_status":"closed","ping_status":"closed","template":"","meta":{"_acf_changed":false,"footnotes":""},"class_list":["post-12164","page","type-page","status-publish","hentry"],"acf":[],"yoast_head":"<!-- This site is optimized with the Yoast SEO plugin v26.5 - https:\/\/yoast.com\/wordpress\/plugins\/seo\/ -->\n<title>Canal \u00c8tic - Tucai<\/title>\n<meta name=\"robots\" content=\"index, follow, max-snippet:-1, max-image-preview:large, max-video-preview:-1\" \/>\n<link rel=\"canonical\" href=\"https:\/\/www.tucai.com\/ca\/canal-etic\/\" \/>\n<meta property=\"og:locale\" content=\"ca_ES\" \/>\n<meta property=\"og:type\" content=\"article\" \/>\n<meta property=\"og:title\" content=\"Canal \u00c8tic - Tucai\" \/>\n<meta property=\"og:description\" content=\"A TUCAI, SA, creiem en la integritat, l&#8217;honestedat i la transpar\u00e8ncia en la nostra forma d&#8217;actuar, per aix\u00f2 posem a disposici\u00f3 dels empleats, empleades i persones vinculades al Grup Tucai el Canal \u00c8tic, si coneixen o sospiten que algun membre de l&#8217;organitzaci\u00f3 est\u00e0 realitzant actes que poden ser contraris a la llei, al Codi de [&hellip;]\" \/>\n<meta property=\"og:url\" content=\"https:\/\/www.tucai.com\/ca\/canal-etic\/\" \/>\n<meta property=\"og:site_name\" content=\"Tucai\" \/>\n<meta property=\"article:modified_time\" content=\"2026-02-26T12:11:28+00:00\" \/>\n<meta property=\"og:image\" content=\"https:\/\/www.tucai.com\/wp-content\/uploads\/2022\/10\/logo-tucai.png\" \/>\n\t<meta property=\"og:image:width\" content=\"350\" \/>\n\t<meta property=\"og:image:height\" content=\"100\" \/>\n\t<meta property=\"og:image:type\" content=\"image\/png\" \/>\n<meta name=\"twitter:card\" content=\"summary_large_image\" \/>\n<meta name=\"twitter:label1\" content=\"Temps estimat de lectura\" \/>\n\t<meta name=\"twitter:data1\" content=\"1 minut\" \/>\n<script type=\"application\/ld+json\" class=\"yoast-schema-graph\">{\"@context\":\"https:\/\/schema.org\",\"@graph\":[{\"@type\":\"WebPage\",\"@id\":\"https:\/\/www.tucai.com\/ca\/canal-etic\/\",\"url\":\"https:\/\/www.tucai.com\/ca\/canal-etic\/\",\"name\":\"Canal \u00c8tic - Tucai\",\"isPartOf\":{\"@id\":\"https:\/\/www.tucai.com\/ca\/#website\"},\"datePublished\":\"2023-06-29T17:56:48+00:00\",\"dateModified\":\"2026-02-26T12:11:28+00:00\",\"breadcrumb\":{\"@id\":\"https:\/\/www.tucai.com\/ca\/canal-etic\/#breadcrumb\"},\"inLanguage\":\"ca\",\"potentialAction\":[{\"@type\":\"ReadAction\",\"target\":[\"https:\/\/www.tucai.com\/ca\/canal-etic\/\"]}]},{\"@type\":\"BreadcrumbList\",\"@id\":\"https:\/\/www.tucai.com\/ca\/canal-etic\/#breadcrumb\",\"itemListElement\":[{\"@type\":\"ListItem\",\"position\":1,\"name\":\"Portada\",\"item\":\"https:\/\/www.tucai.com\/ca\/inici\/\"},{\"@type\":\"ListItem\",\"position\":2,\"name\":\"Canal \u00c8tic\"}]},{\"@type\":\"WebSite\",\"@id\":\"https:\/\/www.tucai.com\/ca\/#website\",\"url\":\"https:\/\/www.tucai.com\/ca\/\",\"name\":\"Tucai\",\"description\":\"Latiguillos Flexibles y V\u00e1lvulas\",\"publisher\":{\"@id\":\"https:\/\/www.tucai.com\/ca\/#organization\"},\"potentialAction\":[{\"@type\":\"SearchAction\",\"target\":{\"@type\":\"EntryPoint\",\"urlTemplate\":\"https:\/\/www.tucai.com\/ca\/?s={search_term_string}\"},\"query-input\":{\"@type\":\"PropertyValueSpecification\",\"valueRequired\":true,\"valueName\":\"search_term_string\"}}],\"inLanguage\":\"ca\"},{\"@type\":\"Organization\",\"@id\":\"https:\/\/www.tucai.com\/ca\/#organization\",\"name\":\"Tucai\",\"url\":\"https:\/\/www.tucai.com\/ca\/\",\"logo\":{\"@type\":\"ImageObject\",\"inLanguage\":\"ca\",\"@id\":\"https:\/\/www.tucai.com\/ca\/#\/schema\/logo\/image\/\",\"url\":\"https:\/\/www.tucai.com\/wp-content\/uploads\/2022\/10\/logo-tucai.png\",\"contentUrl\":\"https:\/\/www.tucai.com\/wp-content\/uploads\/2022\/10\/logo-tucai.png\",\"width\":350,\"height\":100,\"caption\":\"Tucai\"},\"image\":{\"@id\":\"https:\/\/www.tucai.com\/ca\/#\/schema\/logo\/image\/\"}}]}<\/script>\n<!-- \/ Yoast SEO plugin. -->","yoast_head_json":{"title":"Canal \u00c8tic - Tucai","robots":{"index":"index","follow":"follow","max-snippet":"max-snippet:-1","max-image-preview":"max-image-preview:large","max-video-preview":"max-video-preview:-1"},"canonical":"https:\/\/www.tucai.com\/ca\/canal-etic\/","og_locale":"ca_ES","og_type":"article","og_title":"Canal \u00c8tic - Tucai","og_description":"A TUCAI, SA, creiem en la integritat, l&#8217;honestedat i la transpar\u00e8ncia en la nostra forma d&#8217;actuar, per aix\u00f2 posem a disposici\u00f3 dels empleats, empleades i persones vinculades al Grup Tucai el Canal \u00c8tic, si coneixen o sospiten que algun membre de l&#8217;organitzaci\u00f3 est\u00e0 realitzant actes que poden ser contraris a la llei, al Codi de [&hellip;]","og_url":"https:\/\/www.tucai.com\/ca\/canal-etic\/","og_site_name":"Tucai","article_modified_time":"2026-02-26T12:11:28+00:00","og_image":[{"width":350,"height":100,"url":"https:\/\/www.tucai.com\/wp-content\/uploads\/2022\/10\/logo-tucai.png","type":"image\/png"}],"twitter_card":"summary_large_image","twitter_misc":{"Temps estimat de lectura":"1 minut"},"schema":{"@context":"https:\/\/schema.org","@graph":[{"@type":"WebPage","@id":"https:\/\/www.tucai.com\/ca\/canal-etic\/","url":"https:\/\/www.tucai.com\/ca\/canal-etic\/","name":"Canal \u00c8tic - Tucai","isPartOf":{"@id":"https:\/\/www.tucai.com\/ca\/#website"},"datePublished":"2023-06-29T17:56:48+00:00","dateModified":"2026-02-26T12:11:28+00:00","breadcrumb":{"@id":"https:\/\/www.tucai.com\/ca\/canal-etic\/#breadcrumb"},"inLanguage":"ca","potentialAction":[{"@type":"ReadAction","target":["https:\/\/www.tucai.com\/ca\/canal-etic\/"]}]},{"@type":"BreadcrumbList","@id":"https:\/\/www.tucai.com\/ca\/canal-etic\/#breadcrumb","itemListElement":[{"@type":"ListItem","position":1,"name":"Portada","item":"https:\/\/www.tucai.com\/ca\/inici\/"},{"@type":"ListItem","position":2,"name":"Canal \u00c8tic"}]},{"@type":"WebSite","@id":"https:\/\/www.tucai.com\/ca\/#website","url":"https:\/\/www.tucai.com\/ca\/","name":"Tucai","description":"Latiguillos Flexibles y V\u00e1lvulas","publisher":{"@id":"https:\/\/www.tucai.com\/ca\/#organization"},"potentialAction":[{"@type":"SearchAction","target":{"@type":"EntryPoint","urlTemplate":"https:\/\/www.tucai.com\/ca\/?s={search_term_string}"},"query-input":{"@type":"PropertyValueSpecification","valueRequired":true,"valueName":"search_term_string"}}],"inLanguage":"ca"},{"@type":"Organization","@id":"https:\/\/www.tucai.com\/ca\/#organization","name":"Tucai","url":"https:\/\/www.tucai.com\/ca\/","logo":{"@type":"ImageObject","inLanguage":"ca","@id":"https:\/\/www.tucai.com\/ca\/#\/schema\/logo\/image\/","url":"https:\/\/www.tucai.com\/wp-content\/uploads\/2022\/10\/logo-tucai.png","contentUrl":"https:\/\/www.tucai.com\/wp-content\/uploads\/2022\/10\/logo-tucai.png","width":350,"height":100,"caption":"Tucai"},"image":{"@id":"https:\/\/www.tucai.com\/ca\/#\/schema\/logo\/image\/"}}]}},"_links":{"self":[{"href":"https:\/\/www.tucai.com\/ca\/wp-json\/wp\/v2\/pages\/12164","targetHints":{"allow":["GET"]}}],"collection":[{"href":"https:\/\/www.tucai.com\/ca\/wp-json\/wp\/v2\/pages"}],"about":[{"href":"https:\/\/www.tucai.com\/ca\/wp-json\/wp\/v2\/types\/page"}],"author":[{"embeddable":true,"href":"https:\/\/www.tucai.com\/ca\/wp-json\/wp\/v2\/users\/1"}],"replies":[{"embeddable":true,"href":"https:\/\/www.tucai.com\/ca\/wp-json\/wp\/v2\/comments?post=12164"}],"version-history":[{"count":3,"href":"https:\/\/www.tucai.com\/ca\/wp-json\/wp\/v2\/pages\/12164\/revisions"}],"predecessor-version":[{"id":20473,"href":"https:\/\/www.tucai.com\/ca\/wp-json\/wp\/v2\/pages\/12164\/revisions\/20473"}],"wp:attachment":[{"href":"https:\/\/www.tucai.com\/ca\/wp-json\/wp\/v2\/media?parent=12164"}],"curies":[{"name":"wp","href":"https:\/\/api.w.org\/{rel}","templated":true}]}}