{"id":12176,"date":"2024-05-03T14:32:04","date_gmt":"2024-05-03T12:32:04","guid":{"rendered":"https:\/\/tuc001.tucai.com\/sanitaria\/"},"modified":"2024-07-09T12:22:33","modified_gmt":"2024-07-09T10:22:33","slug":"sanitaria","status":"publish","type":"page","link":"https:\/\/www.tucai.com\/ca\/sanitaria\/","title":{"rendered":"Sanit\u00e0ria"},"content":{"rendered":"\t\t<div data-elementor-type=\"wp-page\" data-elementor-id=\"12176\" class=\"elementor elementor-12176 elementor-6385\" data-elementor-post-type=\"page\">\n\t\t\t\t<div data-dce-background-color=\"#F8F8F8\" class=\"elementor-element elementor-element-5ef445e e-flex e-con-boxed e-con e-parent\" data-id=\"5ef445e\" data-element_type=\"container\" data-e-type=\"container\" data-settings=\"{&quot;background_background&quot;:&quot;classic&quot;}\">\n\t\t\t\t\t<div class=\"e-con-inner\">\n\t\t<div class=\"elementor-element elementor-element-087cf6d e-con-full e-flex e-con e-child\" data-id=\"087cf6d\" data-element_type=\"container\" data-e-type=\"container\" data-settings=\"{&quot;background_background&quot;:&quot;classic&quot;}\">\n\t\t\t\t<\/div>\n\t\t\t\t\t<\/div>\n\t\t\t\t<\/div>\n\t\t<div class=\"elementor-element elementor-element-a458390 e-grid e-con-boxed e-con e-parent\" data-id=\"a458390\" data-element_type=\"container\" data-e-type=\"container\">\n\t\t\t\t\t<div class=\"e-con-inner\">\n\t\t\t\t<div data-dce-text-color=\"#ffffff\" data-dce-title-color=\"#ffffff\" class=\"elementor-element elementor-element-c3df177 elementor-widget elementor-widget-ucaddon_hover_text_reveal_content_box\" data-id=\"c3df177\" data-element_type=\"widget\" data-e-type=\"widget\" data-widget_type=\"ucaddon_hover_text_reveal_content_box.default\">\n\t\t\t\t<div class=\"elementor-widget-container\">\n\t\t\t\t\t\n<!-- start Content Box Hover Text Reveal -->\n<style>\/* widget: Content Box Hover Text Reveal *\/\n\n.uc_long_content_box {\n\toverflow:hidden;\n}\n.uc_long_content_box *{\n\tbox-sizing: border-box;\n}\n#uc_hover_text_reveal_content_box_elementor_c3df177 .uc_long_content_box_holder{\n\tposition: relative;\n    text-align:left;\n    overflow:hidden;\n}\n#uc_hover_text_reveal_content_box_elementor_c3df177 .uc_long_content_box_holder .uc_long_content_box_box{\n\tposition: relative;\n}\n\n#uc_hover_text_reveal_content_box_elementor_c3df177 .uc_long_content_box_holder .uc_long_content_box_box .uc_image_box{\n\tposition: relative;\n\tbackground-size: cover !important;\n\tbackground-repeat: no-repeat !important;\n\tbackground-position: center center !important;\n\twidth: 100%;\n    background-blend-mode:normal;\n}\n\n#uc_hover_text_reveal_content_box_elementor_c3df177 .uc_long_content_box_holder .uc_long_content_box_box .uc_overlay{\n\tposition: absolute;\n\tleft: 0;\n\ttop: 0;\n    right:0;\n    bottom:0;\n\twidth: 100%;\n\theight: 100%;\n\tz-index: 2;\n  transition:1s;\n}\n\n#uc_hover_text_reveal_content_box_elementor_c3df177 .uc_long_content_box_holder .uc_long_content_box_box .uc_box_content{\n\tleft: 0;\n    bottom: 0;\n    position: absolute;\n    margin: 0;\n    width: 100%;\n\tz-index: 3;\n\toverflow: hidden;\n\tdisplay: flex;\n    height: 100%;\n    flex-direction: column;\n    justify-content: flex-end;\n}\n\n#uc_hover_text_reveal_content_box_elementor_c3df177 .uc_long_content_box_holder .uc_long_content_box_box .uc_box_content .uc_title{\n  transition:0.5s;\t\n}\n\n#uc_hover_text_reveal_content_box_elementor_c3df177 .uc_long_content_box_holder .uc_long_content_box_box .uc_box_content {\n  transition:0.5s;\n  transform: translateY(10px);\n}\n.uc_title\n{\n    font-weight: 400;\n\tfont-size: 22px;\n}\n#uc_hover_text_reveal_content_box_elementor_c3df177 .uc_long_content_box_holder:hover .uc_long_content_box_box .uc_box_content .uc_title{\n  transform: translateY(-10px);\t\n}\n#uc_hover_text_reveal_content_box_elementor_c3df177 .uc_long_content_box_holder .uc_long_content_box_box .uc_box_content .uc_hidden_content{\n\toverflow: hidden;\n    transform: scaleY(0);\n    transform-origin: bottom;\n  transition:0.5s;\n    max-height: 0;\n\topacity: 0;\n}\n#uc_hover_text_reveal_content_box_elementor_c3df177 .uc_long_content_box_holder:hover .uc_long_content_box_box .uc_box_content .uc_hidden_content{\n    max-height: 100%;\n    transform: scaleY(1);\n    overflow: visible;\n\topacity: 1;\n\t\n}\n\n.uc_box_content .uc_description{\n\tcolor: #fff;\n}\n#uc_hover_text_reveal_content_box_elementor_c3df177 .uc_long_content_box_holder .uc_long_content_box_box .uc_box_content .uc_btn{\n\ttext-decoration: none;\n\tdisplay: inline-block;\n    text-align:center;\n  transition:0.5s;\n}\n\n<\/style>\n\n<div class=\"uc_long_content_box\" id=\"uc_hover_text_reveal_content_box_elementor_c3df177\">\n\t\t<div class=\"uc_long_content_box_holder\">\n\t\t\t\n\t\t\t<div class=\"uc_long_content_box_box\">\n\t\t\t\t<div class=\"uc_image_box\" style=\" background-image: url(https:\/\/www.tucai.com\/wp-content\/uploads\/2023\/10\/Gama-Tucai-fondo-negro.png);\"><\/div>\n\t\t\t\t<div class=\"uc_overlay\" ><\/div>\n\t\t\t\t<div class=\"uc_box_content\">\n\t\t\t\t\t<div class=\"uc_title\">Flexibles<\/div>\t\t\t\t\t<div class=\"uc_hidden_content\">\n\t\t\t\t\t\t<div class=\"uc_description\"><\/div>\t\t\t\t\t\t<a  href=\"\/categoria-producto\/sanitaria\/pre-categoria-flexibles\/\" class=\"uc_btn\" >Veure productes<\/a>                        \t\t\t\t\t<\/div>\n\t\t\t\t<\/div>\n\t\t\t<\/div>\n\t\t\t\n\t\t<\/div>\n    <\/div>\n<!-- end Content Box Hover Text Reveal -->\t\t\t\t<\/div>\n\t\t\t\t<\/div>\n\t\t\t\t<div data-dce-text-color=\"#ffffff\" data-dce-title-color=\"#ffffff\" class=\"elementor-element elementor-element-4326844 elementor-widget elementor-widget-ucaddon_hover_text_reveal_content_box\" data-id=\"4326844\" data-element_type=\"widget\" data-e-type=\"widget\" data-widget_type=\"ucaddon_hover_text_reveal_content_box.default\">\n\t\t\t\t<div class=\"elementor-widget-container\">\n\t\t\t\t\t\n<!-- start Content Box Hover Text Reveal -->\n<style>\/* widget: Content Box Hover Text Reveal *\/\n\n.uc_long_content_box {\n\toverflow:hidden;\n}\n.uc_long_content_box *{\n\tbox-sizing: border-box;\n}\n#uc_hover_text_reveal_content_box_elementor_4326844 .uc_long_content_box_holder{\n\tposition: relative;\n    text-align:left;\n    overflow:hidden;\n}\n#uc_hover_text_reveal_content_box_elementor_4326844 .uc_long_content_box_holder .uc_long_content_box_box{\n\tposition: relative;\n}\n\n#uc_hover_text_reveal_content_box_elementor_4326844 .uc_long_content_box_holder .uc_long_content_box_box .uc_image_box{\n\tposition: relative;\n\tbackground-size: cover !important;\n\tbackground-repeat: no-repeat !important;\n\tbackground-position: center center !important;\n\twidth: 100%;\n    background-blend-mode:normal;\n}\n\n#uc_hover_text_reveal_content_box_elementor_4326844 .uc_long_content_box_holder .uc_long_content_box_box .uc_overlay{\n\tposition: absolute;\n\tleft: 0;\n\ttop: 0;\n    right:0;\n    bottom:0;\n\twidth: 100%;\n\theight: 100%;\n\tz-index: 2;\n  transition:1s;\n}\n\n#uc_hover_text_reveal_content_box_elementor_4326844 .uc_long_content_box_holder .uc_long_content_box_box .uc_box_content{\n\tleft: 0;\n    bottom: 0;\n    position: absolute;\n    margin: 0;\n    width: 100%;\n\tz-index: 3;\n\toverflow: hidden;\n\tdisplay: flex;\n    height: 100%;\n    flex-direction: column;\n    justify-content: flex-end;\n}\n\n#uc_hover_text_reveal_content_box_elementor_4326844 .uc_long_content_box_holder .uc_long_content_box_box .uc_box_content .uc_title{\n  transition:0.5s;\t\n}\n\n#uc_hover_text_reveal_content_box_elementor_4326844 .uc_long_content_box_holder .uc_long_content_box_box .uc_box_content {\n  transition:0.5s;\n  transform: translateY(10px);\n}\n.uc_title\n{\n    font-weight: 400;\n\tfont-size: 22px;\n}\n#uc_hover_text_reveal_content_box_elementor_4326844 .uc_long_content_box_holder:hover .uc_long_content_box_box .uc_box_content .uc_title{\n  transform: translateY(-10px);\t\n}\n#uc_hover_text_reveal_content_box_elementor_4326844 .uc_long_content_box_holder .uc_long_content_box_box .uc_box_content .uc_hidden_content{\n\toverflow: hidden;\n    transform: scaleY(0);\n    transform-origin: bottom;\n  transition:0.5s;\n    max-height: 0;\n\topacity: 0;\n}\n#uc_hover_text_reveal_content_box_elementor_4326844 .uc_long_content_box_holder:hover .uc_long_content_box_box .uc_box_content .uc_hidden_content{\n    max-height: 100%;\n    transform: scaleY(1);\n    overflow: visible;\n\topacity: 1;\n\t\n}\n\n.uc_box_content .uc_description{\n\tcolor: #fff;\n}\n#uc_hover_text_reveal_content_box_elementor_4326844 .uc_long_content_box_holder .uc_long_content_box_box .uc_box_content .uc_btn{\n\ttext-decoration: none;\n\tdisplay: inline-block;\n    text-align:center;\n  transition:0.5s;\n}\n\n<\/style>\n\n<div class=\"uc_long_content_box\" id=\"uc_hover_text_reveal_content_box_elementor_4326844\">\n\t\t<div class=\"uc_long_content_box_holder\">\n\t\t\t\n\t\t\t<div class=\"uc_long_content_box_box\">\n\t\t\t\t<div class=\"uc_image_box\" style=\" background-image: url(https:\/\/www.tucai.com\/wp-content\/uploads\/2023\/10\/Gama-TMM-low.png);\"><\/div>\n\t\t\t\t<div class=\"uc_overlay\" ><\/div>\n\t\t\t\t<div class=\"uc_box_content\">\n\t\t\t\t\t<div class=\"uc_title\">V\u00e0lvules<\/div>\t\t\t\t\t<div class=\"uc_hidden_content\">\n\t\t\t\t\t\t<div class=\"uc_description\"><\/div>\t\t\t\t\t\t<a  href=\"\/categoria-producto\/sanitaria\/pre-categoria-valvulas\/\" class=\"uc_btn\" >Veure productes<\/a>                        \t\t\t\t\t<\/div>\n\t\t\t\t<\/div>\n\t\t\t<\/div>\n\t\t\t\n\t\t<\/div>\n    <\/div>\n<!-- end Content Box Hover Text Reveal -->\t\t\t\t<\/div>\n\t\t\t\t<\/div>\n\t\t\t\t<div data-dce-text-color=\"#ffffff\" data-dce-title-color=\"#ffffff\" class=\"elementor-element elementor-element-d51310a elementor-widget elementor-widget-ucaddon_hover_text_reveal_content_box\" data-id=\"d51310a\" data-element_type=\"widget\" data-e-type=\"widget\" data-widget_type=\"ucaddon_hover_text_reveal_content_box.default\">\n\t\t\t\t<div class=\"elementor-widget-container\">\n\t\t\t\t\t\n<!-- start Content Box Hover Text Reveal -->\n<style>\/* widget: Content Box Hover Text Reveal *\/\n\n.uc_long_content_box {\n\toverflow:hidden;\n}\n.uc_long_content_box *{\n\tbox-sizing: border-box;\n}\n#uc_hover_text_reveal_content_box_elementor_d51310a .uc_long_content_box_holder{\n\tposition: relative;\n    text-align:left;\n    overflow:hidden;\n}\n#uc_hover_text_reveal_content_box_elementor_d51310a .uc_long_content_box_holder .uc_long_content_box_box{\n\tposition: relative;\n}\n\n#uc_hover_text_reveal_content_box_elementor_d51310a .uc_long_content_box_holder .uc_long_content_box_box .uc_image_box{\n\tposition: relative;\n\tbackground-size: cover !important;\n\tbackground-repeat: no-repeat !important;\n\tbackground-position: center center !important;\n\twidth: 100%;\n    background-blend-mode:normal;\n}\n\n#uc_hover_text_reveal_content_box_elementor_d51310a .uc_long_content_box_holder .uc_long_content_box_box .uc_overlay{\n\tposition: absolute;\n\tleft: 0;\n\ttop: 0;\n    right:0;\n    bottom:0;\n\twidth: 100%;\n\theight: 100%;\n\tz-index: 2;\n  transition:1s;\n}\n\n#uc_hover_text_reveal_content_box_elementor_d51310a .uc_long_content_box_holder .uc_long_content_box_box .uc_box_content{\n\tleft: 0;\n    bottom: 0;\n    position: absolute;\n    margin: 0;\n    width: 100%;\n\tz-index: 3;\n\toverflow: hidden;\n\tdisplay: flex;\n    height: 100%;\n    flex-direction: column;\n    justify-content: flex-end;\n}\n\n#uc_hover_text_reveal_content_box_elementor_d51310a .uc_long_content_box_holder .uc_long_content_box_box .uc_box_content .uc_title{\n  transition:0.5s;\t\n}\n\n#uc_hover_text_reveal_content_box_elementor_d51310a .uc_long_content_box_holder .uc_long_content_box_box .uc_box_content {\n  transition:0.5s;\n  transform: translateY(10px);\n}\n.uc_title\n{\n    font-weight: 400;\n\tfont-size: 22px;\n}\n#uc_hover_text_reveal_content_box_elementor_d51310a .uc_long_content_box_holder:hover .uc_long_content_box_box .uc_box_content .uc_title{\n  transform: translateY(-10px);\t\n}\n#uc_hover_text_reveal_content_box_elementor_d51310a .uc_long_content_box_holder .uc_long_content_box_box .uc_box_content .uc_hidden_content{\n\toverflow: hidden;\n    transform: scaleY(0);\n    transform-origin: bottom;\n  transition:0.5s;\n    max-height: 0;\n\topacity: 0;\n}\n#uc_hover_text_reveal_content_box_elementor_d51310a .uc_long_content_box_holder:hover .uc_long_content_box_box .uc_box_content .uc_hidden_content{\n    max-height: 100%;\n    transform: scaleY(1);\n    overflow: visible;\n\topacity: 1;\n\t\n}\n\n.uc_box_content .uc_description{\n\tcolor: #fff;\n}\n#uc_hover_text_reveal_content_box_elementor_d51310a .uc_long_content_box_holder .uc_long_content_box_box .uc_box_content .uc_btn{\n\ttext-decoration: none;\n\tdisplay: inline-block;\n    text-align:center;\n  transition:0.5s;\n}\n\n<\/style>\n\n<div class=\"uc_long_content_box\" id=\"uc_hover_text_reveal_content_box_elementor_d51310a\">\n\t\t<div class=\"uc_long_content_box_holder\">\n\t\t\t\n\t\t\t<div class=\"uc_long_content_box_box\">\n\t\t\t\t<div class=\"uc_image_box\" style=\" background-image: url(https:\/\/www.tucai.com\/wp-content\/uploads\/2023\/06\/3-Aireador-de-bano-cocina-angulo-grande.jpg);\"><\/div>\n\t\t\t\t<div class=\"uc_overlay\" ><\/div>\n\t\t\t\t<div class=\"uc_box_content\">\n\t\t\t\t\t<div class=\"uc_title\">Accessoris Flexibles<\/div>\t\t\t\t\t<div class=\"uc_hidden_content\">\n\t\t\t\t\t\t<div class=\"uc_description\"><\/div>\t\t\t\t\t\t<a  href=\"\/categoria-producto\/sanitaria\/pre-categoria-accesorios-flexibles\/\" class=\"uc_btn\" >Veure productes<\/a>                        \t\t\t\t\t<\/div>\n\t\t\t\t<\/div>\n\t\t\t<\/div>\n\t\t\t\n\t\t<\/div>\n    <\/div>\n<!-- end Content Box Hover Text Reveal -->\t\t\t\t<\/div>\n\t\t\t\t<\/div>\n\t\t\t\t<div data-dce-text-color=\"#ffffff\" data-dce-title-color=\"#ffffff\" class=\"elementor-element elementor-element-c4e7d4a elementor-widget elementor-widget-ucaddon_hover_text_reveal_content_box\" data-id=\"c4e7d4a\" data-element_type=\"widget\" data-e-type=\"widget\" data-widget_type=\"ucaddon_hover_text_reveal_content_box.default\">\n\t\t\t\t<div class=\"elementor-widget-container\">\n\t\t\t\t\t\n<!-- start Content Box Hover Text Reveal -->\n<style>\/* widget: Content Box Hover Text Reveal *\/\n\n.uc_long_content_box {\n\toverflow:hidden;\n}\n.uc_long_content_box *{\n\tbox-sizing: border-box;\n}\n#uc_hover_text_reveal_content_box_elementor_c4e7d4a .uc_long_content_box_holder{\n\tposition: relative;\n    text-align:left;\n    overflow:hidden;\n}\n#uc_hover_text_reveal_content_box_elementor_c4e7d4a .uc_long_content_box_holder .uc_long_content_box_box{\n\tposition: relative;\n}\n\n#uc_hover_text_reveal_content_box_elementor_c4e7d4a .uc_long_content_box_holder .uc_long_content_box_box .uc_image_box{\n\tposition: relative;\n\tbackground-size: cover !important;\n\tbackground-repeat: no-repeat !important;\n\tbackground-position: center center !important;\n\twidth: 100%;\n    background-blend-mode:normal;\n}\n\n#uc_hover_text_reveal_content_box_elementor_c4e7d4a .uc_long_content_box_holder .uc_long_content_box_box .uc_overlay{\n\tposition: absolute;\n\tleft: 0;\n\ttop: 0;\n    right:0;\n    bottom:0;\n\twidth: 100%;\n\theight: 100%;\n\tz-index: 2;\n  transition:1s;\n}\n\n#uc_hover_text_reveal_content_box_elementor_c4e7d4a .uc_long_content_box_holder .uc_long_content_box_box .uc_box_content{\n\tleft: 0;\n    bottom: 0;\n    position: absolute;\n    margin: 0;\n    width: 100%;\n\tz-index: 3;\n\toverflow: hidden;\n\tdisplay: flex;\n    height: 100%;\n    flex-direction: column;\n    justify-content: flex-end;\n}\n\n#uc_hover_text_reveal_content_box_elementor_c4e7d4a .uc_long_content_box_holder .uc_long_content_box_box .uc_box_content .uc_title{\n  transition:0.5s;\t\n}\n\n#uc_hover_text_reveal_content_box_elementor_c4e7d4a .uc_long_content_box_holder .uc_long_content_box_box .uc_box_content {\n  transition:0.5s;\n  transform: translateY(10px);\n}\n.uc_title\n{\n    font-weight: 400;\n\tfont-size: 22px;\n}\n#uc_hover_text_reveal_content_box_elementor_c4e7d4a .uc_long_content_box_holder:hover .uc_long_content_box_box .uc_box_content .uc_title{\n  transform: translateY(-10px);\t\n}\n#uc_hover_text_reveal_content_box_elementor_c4e7d4a .uc_long_content_box_holder .uc_long_content_box_box .uc_box_content .uc_hidden_content{\n\toverflow: hidden;\n    transform: scaleY(0);\n    transform-origin: bottom;\n  transition:0.5s;\n    max-height: 0;\n\topacity: 0;\n}\n#uc_hover_text_reveal_content_box_elementor_c4e7d4a .uc_long_content_box_holder:hover .uc_long_content_box_box .uc_box_content .uc_hidden_content{\n    max-height: 100%;\n    transform: scaleY(1);\n    overflow: visible;\n\topacity: 1;\n\t\n}\n\n.uc_box_content .uc_description{\n\tcolor: #fff;\n}\n#uc_hover_text_reveal_content_box_elementor_c4e7d4a .uc_long_content_box_holder .uc_long_content_box_box .uc_box_content .uc_btn{\n\ttext-decoration: none;\n\tdisplay: inline-block;\n    text-align:center;\n  transition:0.5s;\n}\n\n<\/style>\n\n<div class=\"uc_long_content_box\" id=\"uc_hover_text_reveal_content_box_elementor_c4e7d4a\">\n\t\t<div class=\"uc_long_content_box_holder\">\n\t\t\t\n\t\t\t<div class=\"uc_long_content_box_box\">\n\t\t\t\t<div class=\"uc_image_box\" style=\" background-image: url(https:\/\/www.tucai.com\/wp-content\/uploads\/2024\/04\/Kit-Termo-C361.jpg);\"><\/div>\n\t\t\t\t<div class=\"uc_overlay\" ><\/div>\n\t\t\t\t<div class=\"uc_box_content\">\n\t\t\t\t\t<div class=\"uc_title\">Accessoris V\u00e0lvules<\/div>\t\t\t\t\t<div class=\"uc_hidden_content\">\n\t\t\t\t\t\t<div class=\"uc_description\"><\/div>\t\t\t\t\t\t<a  href=\"\/categoria-producto\/sanitaria\/pre-categoria-accesorios-valvulas\/\" class=\"uc_btn\" >Veure productes<\/a>                        \t\t\t\t\t<\/div>\n\t\t\t\t<\/div>\n\t\t\t<\/div>\n\t\t\t\n\t\t<\/div>\n    <\/div>\n<!-- end Content Box Hover Text Reveal -->\t\t\t\t<\/div>\n\t\t\t\t<\/div>\n\t\t\t\t\t<\/div>\n\t\t\t\t<\/div>\n\t\t\t\t<\/div>\n\t\t","protected":false},"excerpt":{"rendered":"<p>Flexibles Veure productes V\u00e0lvules Veure productes Accessoris Flexibles Veure productes Accessoris V\u00e0lvules Veure productes<\/p>\n","protected":false},"author":1,"featured_media":0,"parent":0,"menu_order":0,"comment_status":"closed","ping_status":"closed","template":"","meta":{"_acf_changed":false,"footnotes":""},"class_list":["post-12176","page","type-page","status-publish","hentry"],"acf":[],"yoast_head":"<!-- This site is optimized with the Yoast SEO plugin v27.3 - https:\/\/yoast.com\/product\/yoast-seo-wordpress\/ -->\n<title>Sanit\u00e0ria - Tucai<\/title>\n<meta name=\"robots\" content=\"index, follow, max-snippet:-1, max-image-preview:large, max-video-preview:-1\" \/>\n<link rel=\"canonical\" href=\"https:\/\/www.tucai.com\/ca\/sanitaria\/\" \/>\n<meta property=\"og:locale\" content=\"ca_ES\" \/>\n<meta property=\"og:type\" content=\"article\" \/>\n<meta property=\"og:title\" content=\"Sanit\u00e0ria - Tucai\" \/>\n<meta property=\"og:description\" content=\"Flexibles Veure productes V\u00e0lvules Veure productes Accessoris Flexibles Veure productes Accessoris V\u00e0lvules Veure productes\" \/>\n<meta property=\"og:url\" content=\"https:\/\/www.tucai.com\/ca\/sanitaria\/\" \/>\n<meta property=\"og:site_name\" content=\"Tucai\" \/>\n<meta property=\"article:modified_time\" content=\"2024-07-09T10:22:33+00:00\" \/>\n<meta property=\"og:image\" content=\"https:\/\/www.tucai.com\/wp-content\/uploads\/2022\/10\/logo-tucai.png\" \/>\n\t<meta property=\"og:image:width\" content=\"350\" \/>\n\t<meta property=\"og:image:height\" content=\"100\" \/>\n\t<meta property=\"og:image:type\" content=\"image\/png\" \/>\n<meta name=\"twitter:card\" content=\"summary_large_image\" \/>\n<script type=\"application\/ld+json\" class=\"yoast-schema-graph\">{\"@context\":\"https:\\\/\\\/schema.org\",\"@graph\":[{\"@type\":\"WebPage\",\"@id\":\"https:\\\/\\\/www.tucai.com\\\/ca\\\/sanitaria\\\/\",\"url\":\"https:\\\/\\\/www.tucai.com\\\/ca\\\/sanitaria\\\/\",\"name\":\"Sanit\u00e0ria - Tucai\",\"isPartOf\":{\"@id\":\"https:\\\/\\\/www.tucai.com\\\/ca\\\/#website\"},\"datePublished\":\"2024-05-03T12:32:04+00:00\",\"dateModified\":\"2024-07-09T10:22:33+00:00\",\"breadcrumb\":{\"@id\":\"https:\\\/\\\/www.tucai.com\\\/ca\\\/sanitaria\\\/#breadcrumb\"},\"inLanguage\":\"ca\",\"potentialAction\":[{\"@type\":\"ReadAction\",\"target\":[\"https:\\\/\\\/www.tucai.com\\\/ca\\\/sanitaria\\\/\"]}]},{\"@type\":\"BreadcrumbList\",\"@id\":\"https:\\\/\\\/www.tucai.com\\\/ca\\\/sanitaria\\\/#breadcrumb\",\"itemListElement\":[{\"@type\":\"ListItem\",\"position\":1,\"name\":\"Portada\",\"item\":\"https:\\\/\\\/www.tucai.com\\\/ca\\\/inici\\\/\"},{\"@type\":\"ListItem\",\"position\":2,\"name\":\"Sanit\u00e0ria\"}]},{\"@type\":\"WebSite\",\"@id\":\"https:\\\/\\\/www.tucai.com\\\/ca\\\/#website\",\"url\":\"https:\\\/\\\/www.tucai.com\\\/ca\\\/\",\"name\":\"Tucai\",\"description\":\"Latiguillos Flexibles y V\u00e1lvulas\",\"publisher\":{\"@id\":\"https:\\\/\\\/www.tucai.com\\\/ca\\\/#organization\"},\"potentialAction\":[{\"@type\":\"SearchAction\",\"target\":{\"@type\":\"EntryPoint\",\"urlTemplate\":\"https:\\\/\\\/www.tucai.com\\\/ca\\\/?s={search_term_string}\"},\"query-input\":{\"@type\":\"PropertyValueSpecification\",\"valueRequired\":true,\"valueName\":\"search_term_string\"}}],\"inLanguage\":\"ca\"},{\"@type\":\"Organization\",\"@id\":\"https:\\\/\\\/www.tucai.com\\\/ca\\\/#organization\",\"name\":\"Tucai\",\"url\":\"https:\\\/\\\/www.tucai.com\\\/ca\\\/\",\"logo\":{\"@type\":\"ImageObject\",\"inLanguage\":\"ca\",\"@id\":\"https:\\\/\\\/www.tucai.com\\\/ca\\\/#\\\/schema\\\/logo\\\/image\\\/\",\"url\":\"https:\\\/\\\/www.tucai.com\\\/wp-content\\\/uploads\\\/2022\\\/10\\\/logo-tucai.png\",\"contentUrl\":\"https:\\\/\\\/www.tucai.com\\\/wp-content\\\/uploads\\\/2022\\\/10\\\/logo-tucai.png\",\"width\":350,\"height\":100,\"caption\":\"Tucai\"},\"image\":{\"@id\":\"https:\\\/\\\/www.tucai.com\\\/ca\\\/#\\\/schema\\\/logo\\\/image\\\/\"}}]}<\/script>\n<!-- \/ Yoast SEO plugin. -->","yoast_head_json":{"title":"Sanit\u00e0ria - Tucai","robots":{"index":"index","follow":"follow","max-snippet":"max-snippet:-1","max-image-preview":"max-image-preview:large","max-video-preview":"max-video-preview:-1"},"canonical":"https:\/\/www.tucai.com\/ca\/sanitaria\/","og_locale":"ca_ES","og_type":"article","og_title":"Sanit\u00e0ria - Tucai","og_description":"Flexibles Veure productes V\u00e0lvules Veure productes Accessoris Flexibles Veure productes Accessoris V\u00e0lvules Veure productes","og_url":"https:\/\/www.tucai.com\/ca\/sanitaria\/","og_site_name":"Tucai","article_modified_time":"2024-07-09T10:22:33+00:00","og_image":[{"width":350,"height":100,"url":"https:\/\/www.tucai.com\/wp-content\/uploads\/2022\/10\/logo-tucai.png","type":"image\/png"}],"twitter_card":"summary_large_image","schema":{"@context":"https:\/\/schema.org","@graph":[{"@type":"WebPage","@id":"https:\/\/www.tucai.com\/ca\/sanitaria\/","url":"https:\/\/www.tucai.com\/ca\/sanitaria\/","name":"Sanit\u00e0ria - Tucai","isPartOf":{"@id":"https:\/\/www.tucai.com\/ca\/#website"},"datePublished":"2024-05-03T12:32:04+00:00","dateModified":"2024-07-09T10:22:33+00:00","breadcrumb":{"@id":"https:\/\/www.tucai.com\/ca\/sanitaria\/#breadcrumb"},"inLanguage":"ca","potentialAction":[{"@type":"ReadAction","target":["https:\/\/www.tucai.com\/ca\/sanitaria\/"]}]},{"@type":"BreadcrumbList","@id":"https:\/\/www.tucai.com\/ca\/sanitaria\/#breadcrumb","itemListElement":[{"@type":"ListItem","position":1,"name":"Portada","item":"https:\/\/www.tucai.com\/ca\/inici\/"},{"@type":"ListItem","position":2,"name":"Sanit\u00e0ria"}]},{"@type":"WebSite","@id":"https:\/\/www.tucai.com\/ca\/#website","url":"https:\/\/www.tucai.com\/ca\/","name":"Tucai","description":"Latiguillos Flexibles y V\u00e1lvulas","publisher":{"@id":"https:\/\/www.tucai.com\/ca\/#organization"},"potentialAction":[{"@type":"SearchAction","target":{"@type":"EntryPoint","urlTemplate":"https:\/\/www.tucai.com\/ca\/?s={search_term_string}"},"query-input":{"@type":"PropertyValueSpecification","valueRequired":true,"valueName":"search_term_string"}}],"inLanguage":"ca"},{"@type":"Organization","@id":"https:\/\/www.tucai.com\/ca\/#organization","name":"Tucai","url":"https:\/\/www.tucai.com\/ca\/","logo":{"@type":"ImageObject","inLanguage":"ca","@id":"https:\/\/www.tucai.com\/ca\/#\/schema\/logo\/image\/","url":"https:\/\/www.tucai.com\/wp-content\/uploads\/2022\/10\/logo-tucai.png","contentUrl":"https:\/\/www.tucai.com\/wp-content\/uploads\/2022\/10\/logo-tucai.png","width":350,"height":100,"caption":"Tucai"},"image":{"@id":"https:\/\/www.tucai.com\/ca\/#\/schema\/logo\/image\/"}}]}},"_links":{"self":[{"href":"https:\/\/www.tucai.com\/ca\/wp-json\/wp\/v2\/pages\/12176","targetHints":{"allow":["GET"]}}],"collection":[{"href":"https:\/\/www.tucai.com\/ca\/wp-json\/wp\/v2\/pages"}],"about":[{"href":"https:\/\/www.tucai.com\/ca\/wp-json\/wp\/v2\/types\/page"}],"author":[{"embeddable":true,"href":"https:\/\/www.tucai.com\/ca\/wp-json\/wp\/v2\/users\/1"}],"replies":[{"embeddable":true,"href":"https:\/\/www.tucai.com\/ca\/wp-json\/wp\/v2\/comments?post=12176"}],"version-history":[{"count":0,"href":"https:\/\/www.tucai.com\/ca\/wp-json\/wp\/v2\/pages\/12176\/revisions"}],"wp:attachment":[{"href":"https:\/\/www.tucai.com\/ca\/wp-json\/wp\/v2\/media?parent=12176"}],"curies":[{"name":"wp","href":"https:\/\/api.w.org\/{rel}","templated":true}]}}