{"id":10919,"date":"2024-05-15T13:13:09","date_gmt":"2024-05-15T11:13:09","guid":{"rendered":"https:\/\/tuc001.tucai.com\/producto\/taq-lavadoras-antileak\/"},"modified":"2025-09-24T12:06:23","modified_gmt":"2025-09-24T10:06:23","slug":"taq-lavadoras-antileak","status":"publish","type":"product","link":"https:\/\/www.tucai.com\/ca\/producte\/taq-lavadoras-antileak\/","title":{"rendered":"Rentadores &#8211; Antileak"},"content":{"rendered":"<ul>\n<li>Sistema antifugues<\/li>\n<li>Soluci\u00f3 universal<\/li>\n<li>Segons UNE EN 61770<\/li>\n<li>Colze injecci\u00f3 de pl\u00e0stic<\/li>\n<\/ul>\n","protected":false},"excerpt":{"rendered":"<p>Sistema antifugues Soluci\u00f3 universal Segons UNE EN 61770 Colze injecci\u00f3 de pl\u00e0stic<\/p>\n","protected":false},"featured_media":15377,"template":"","meta":{"_acf_changed":false},"clasificacion":[362],"descargable":[],"tipo":[363],"product_brand":[],"product_cat":[364,517],"product_tag":[365],"class_list":{"0":"post-10919","1":"product","2":"type-product","3":"status-publish","4":"has-post-thumbnail","6":"clasificacion-rentadores-ca","7":"tipo-flexibles-ca","8":"product_cat-rentadora-ca","9":"product_cat-rentaplats-ca","10":"product_tag-aigua-ca","12":"first","13":"instock","14":"product-type-simple"},"acf":[],"yoast_head":"<!-- This site is optimized with the Yoast SEO plugin v27.3 - https:\/\/yoast.com\/product\/yoast-seo-wordpress\/ -->\n<title>Rentadores - Antileak - Tucai<\/title>\n<meta name=\"robots\" content=\"index, follow, max-snippet:-1, max-image-preview:large, max-video-preview:-1\" \/>\n<link rel=\"canonical\" href=\"https:\/\/www.tucai.com\/ca\/producte\/taq-lavadoras-antileak\/\" \/>\n<meta property=\"og:locale\" content=\"ca_ES\" \/>\n<meta property=\"og:type\" content=\"article\" \/>\n<meta property=\"og:title\" content=\"Rentadores - Antileak - Tucai\" \/>\n<meta property=\"og:description\" content=\"Sistema antifugues Soluci\u00f3 universal Segons UNE EN 61770 Colze injecci\u00f3 de pl\u00e0stic\" \/>\n<meta property=\"og:url\" content=\"https:\/\/www.tucai.com\/ca\/producte\/taq-lavadoras-antileak\/\" \/>\n<meta property=\"og:site_name\" content=\"Tucai\" \/>\n<meta property=\"article:modified_time\" content=\"2025-09-24T10:06:23+00:00\" \/>\n<meta property=\"og:image\" content=\"https:\/\/www.tucai.com\/wp-content\/uploads\/2024\/05\/TAQ-LAV-ANTI-LEAK-1-scaled.jpg\" \/>\n\t<meta property=\"og:image:width\" content=\"2560\" \/>\n\t<meta property=\"og:image:height\" content=\"1706\" \/>\n\t<meta property=\"og:image:type\" content=\"image\/jpeg\" \/>\n<meta name=\"twitter:card\" content=\"summary_large_image\" \/>\n<meta name=\"twitter:label1\" content=\"Temps estimat de lectura\" \/>\n\t<meta name=\"twitter:data1\" content=\"1 minut\" \/>\n<script type=\"application\/ld+json\" class=\"yoast-schema-graph\">{\"@context\":\"https:\\\/\\\/schema.org\",\"@graph\":[{\"@type\":\"WebPage\",\"@id\":\"https:\\\/\\\/www.tucai.com\\\/ca\\\/producte\\\/taq-lavadoras-antileak\\\/\",\"url\":\"https:\\\/\\\/www.tucai.com\\\/ca\\\/producte\\\/taq-lavadoras-antileak\\\/\",\"name\":\"Rentadores - Antileak - Tucai\",\"isPartOf\":{\"@id\":\"https:\\\/\\\/www.tucai.com\\\/ca\\\/#website\"},\"primaryImageOfPage\":{\"@id\":\"https:\\\/\\\/www.tucai.com\\\/ca\\\/producte\\\/taq-lavadoras-antileak\\\/#primaryimage\"},\"image\":{\"@id\":\"https:\\\/\\\/www.tucai.com\\\/ca\\\/producte\\\/taq-lavadoras-antileak\\\/#primaryimage\"},\"thumbnailUrl\":\"https:\\\/\\\/www.tucai.com\\\/wp-content\\\/uploads\\\/2024\\\/05\\\/TAQ-LAV-ANTI-LEAK-1-scaled.jpg\",\"datePublished\":\"2024-05-15T11:13:09+00:00\",\"dateModified\":\"2025-09-24T10:06:23+00:00\",\"breadcrumb\":{\"@id\":\"https:\\\/\\\/www.tucai.com\\\/ca\\\/producte\\\/taq-lavadoras-antileak\\\/#breadcrumb\"},\"inLanguage\":\"ca\",\"potentialAction\":[{\"@type\":\"ReadAction\",\"target\":[\"https:\\\/\\\/www.tucai.com\\\/ca\\\/producte\\\/taq-lavadoras-antileak\\\/\"]}]},{\"@type\":\"ImageObject\",\"inLanguage\":\"ca\",\"@id\":\"https:\\\/\\\/www.tucai.com\\\/ca\\\/producte\\\/taq-lavadoras-antileak\\\/#primaryimage\",\"url\":\"https:\\\/\\\/www.tucai.com\\\/wp-content\\\/uploads\\\/2024\\\/05\\\/TAQ-LAV-ANTI-LEAK-1-scaled.jpg\",\"contentUrl\":\"https:\\\/\\\/www.tucai.com\\\/wp-content\\\/uploads\\\/2024\\\/05\\\/TAQ-LAV-ANTI-LEAK-1-scaled.jpg\",\"width\":2560,\"height\":1706},{\"@type\":\"BreadcrumbList\",\"@id\":\"https:\\\/\\\/www.tucai.com\\\/ca\\\/producte\\\/taq-lavadoras-antileak\\\/#breadcrumb\",\"itemListElement\":[{\"@type\":\"ListItem\",\"position\":1,\"name\":\"Portada\",\"item\":\"https:\\\/\\\/www.tucai.com\\\/ca\\\/inici\\\/\"},{\"@type\":\"ListItem\",\"position\":2,\"name\":\"Productes\",\"item\":\"https:\\\/\\\/www.tucai.com\\\/ca\\\/shop\\\/\"},{\"@type\":\"ListItem\",\"position\":3,\"name\":\"Rentadores &#8211; Antileak\"}]},{\"@type\":\"WebSite\",\"@id\":\"https:\\\/\\\/www.tucai.com\\\/ca\\\/#website\",\"url\":\"https:\\\/\\\/www.tucai.com\\\/ca\\\/\",\"name\":\"Tucai\",\"description\":\"Latiguillos Flexibles y V\u00e1lvulas\",\"publisher\":{\"@id\":\"https:\\\/\\\/www.tucai.com\\\/ca\\\/#organization\"},\"potentialAction\":[{\"@type\":\"SearchAction\",\"target\":{\"@type\":\"EntryPoint\",\"urlTemplate\":\"https:\\\/\\\/www.tucai.com\\\/ca\\\/?s={search_term_string}\"},\"query-input\":{\"@type\":\"PropertyValueSpecification\",\"valueRequired\":true,\"valueName\":\"search_term_string\"}}],\"inLanguage\":\"ca\"},{\"@type\":\"Organization\",\"@id\":\"https:\\\/\\\/www.tucai.com\\\/ca\\\/#organization\",\"name\":\"Tucai\",\"url\":\"https:\\\/\\\/www.tucai.com\\\/ca\\\/\",\"logo\":{\"@type\":\"ImageObject\",\"inLanguage\":\"ca\",\"@id\":\"https:\\\/\\\/www.tucai.com\\\/ca\\\/#\\\/schema\\\/logo\\\/image\\\/\",\"url\":\"https:\\\/\\\/www.tucai.com\\\/wp-content\\\/uploads\\\/2022\\\/10\\\/logo-tucai.png\",\"contentUrl\":\"https:\\\/\\\/www.tucai.com\\\/wp-content\\\/uploads\\\/2022\\\/10\\\/logo-tucai.png\",\"width\":350,\"height\":100,\"caption\":\"Tucai\"},\"image\":{\"@id\":\"https:\\\/\\\/www.tucai.com\\\/ca\\\/#\\\/schema\\\/logo\\\/image\\\/\"}}]}<\/script>\n<!-- \/ Yoast SEO plugin. -->","yoast_head_json":{"title":"Rentadores - Antileak - Tucai","robots":{"index":"index","follow":"follow","max-snippet":"max-snippet:-1","max-image-preview":"max-image-preview:large","max-video-preview":"max-video-preview:-1"},"canonical":"https:\/\/www.tucai.com\/ca\/producte\/taq-lavadoras-antileak\/","og_locale":"ca_ES","og_type":"article","og_title":"Rentadores - Antileak - Tucai","og_description":"Sistema antifugues Soluci\u00f3 universal Segons UNE EN 61770 Colze injecci\u00f3 de pl\u00e0stic","og_url":"https:\/\/www.tucai.com\/ca\/producte\/taq-lavadoras-antileak\/","og_site_name":"Tucai","article_modified_time":"2025-09-24T10:06:23+00:00","og_image":[{"width":2560,"height":1706,"url":"https:\/\/www.tucai.com\/wp-content\/uploads\/2024\/05\/TAQ-LAV-ANTI-LEAK-1-scaled.jpg","type":"image\/jpeg"}],"twitter_card":"summary_large_image","twitter_misc":{"Temps estimat de lectura":"1 minut"},"schema":{"@context":"https:\/\/schema.org","@graph":[{"@type":"WebPage","@id":"https:\/\/www.tucai.com\/ca\/producte\/taq-lavadoras-antileak\/","url":"https:\/\/www.tucai.com\/ca\/producte\/taq-lavadoras-antileak\/","name":"Rentadores - Antileak - Tucai","isPartOf":{"@id":"https:\/\/www.tucai.com\/ca\/#website"},"primaryImageOfPage":{"@id":"https:\/\/www.tucai.com\/ca\/producte\/taq-lavadoras-antileak\/#primaryimage"},"image":{"@id":"https:\/\/www.tucai.com\/ca\/producte\/taq-lavadoras-antileak\/#primaryimage"},"thumbnailUrl":"https:\/\/www.tucai.com\/wp-content\/uploads\/2024\/05\/TAQ-LAV-ANTI-LEAK-1-scaled.jpg","datePublished":"2024-05-15T11:13:09+00:00","dateModified":"2025-09-24T10:06:23+00:00","breadcrumb":{"@id":"https:\/\/www.tucai.com\/ca\/producte\/taq-lavadoras-antileak\/#breadcrumb"},"inLanguage":"ca","potentialAction":[{"@type":"ReadAction","target":["https:\/\/www.tucai.com\/ca\/producte\/taq-lavadoras-antileak\/"]}]},{"@type":"ImageObject","inLanguage":"ca","@id":"https:\/\/www.tucai.com\/ca\/producte\/taq-lavadoras-antileak\/#primaryimage","url":"https:\/\/www.tucai.com\/wp-content\/uploads\/2024\/05\/TAQ-LAV-ANTI-LEAK-1-scaled.jpg","contentUrl":"https:\/\/www.tucai.com\/wp-content\/uploads\/2024\/05\/TAQ-LAV-ANTI-LEAK-1-scaled.jpg","width":2560,"height":1706},{"@type":"BreadcrumbList","@id":"https:\/\/www.tucai.com\/ca\/producte\/taq-lavadoras-antileak\/#breadcrumb","itemListElement":[{"@type":"ListItem","position":1,"name":"Portada","item":"https:\/\/www.tucai.com\/ca\/inici\/"},{"@type":"ListItem","position":2,"name":"Productes","item":"https:\/\/www.tucai.com\/ca\/shop\/"},{"@type":"ListItem","position":3,"name":"Rentadores &#8211; Antileak"}]},{"@type":"WebSite","@id":"https:\/\/www.tucai.com\/ca\/#website","url":"https:\/\/www.tucai.com\/ca\/","name":"Tucai","description":"Latiguillos Flexibles y V\u00e1lvulas","publisher":{"@id":"https:\/\/www.tucai.com\/ca\/#organization"},"potentialAction":[{"@type":"SearchAction","target":{"@type":"EntryPoint","urlTemplate":"https:\/\/www.tucai.com\/ca\/?s={search_term_string}"},"query-input":{"@type":"PropertyValueSpecification","valueRequired":true,"valueName":"search_term_string"}}],"inLanguage":"ca"},{"@type":"Organization","@id":"https:\/\/www.tucai.com\/ca\/#organization","name":"Tucai","url":"https:\/\/www.tucai.com\/ca\/","logo":{"@type":"ImageObject","inLanguage":"ca","@id":"https:\/\/www.tucai.com\/ca\/#\/schema\/logo\/image\/","url":"https:\/\/www.tucai.com\/wp-content\/uploads\/2022\/10\/logo-tucai.png","contentUrl":"https:\/\/www.tucai.com\/wp-content\/uploads\/2022\/10\/logo-tucai.png","width":350,"height":100,"caption":"Tucai"},"image":{"@id":"https:\/\/www.tucai.com\/ca\/#\/schema\/logo\/image\/"}}]}},"_links":{"self":[{"href":"https:\/\/www.tucai.com\/ca\/wp-json\/wp\/v2\/product\/10919","targetHints":{"allow":["GET"]}}],"collection":[{"href":"https:\/\/www.tucai.com\/ca\/wp-json\/wp\/v2\/product"}],"about":[{"href":"https:\/\/www.tucai.com\/ca\/wp-json\/wp\/v2\/types\/product"}],"version-history":[{"count":1,"href":"https:\/\/www.tucai.com\/ca\/wp-json\/wp\/v2\/product\/10919\/revisions"}],"predecessor-version":[{"id":19873,"href":"https:\/\/www.tucai.com\/ca\/wp-json\/wp\/v2\/product\/10919\/revisions\/19873"}],"wp:featuredmedia":[{"embeddable":true,"href":"https:\/\/www.tucai.com\/ca\/wp-json\/wp\/v2\/media\/15377"}],"wp:attachment":[{"href":"https:\/\/www.tucai.com\/ca\/wp-json\/wp\/v2\/media?parent=10919"}],"wp:term":[{"taxonomy":"clasificacion","embeddable":true,"href":"https:\/\/www.tucai.com\/ca\/wp-json\/wp\/v2\/clasificacion?post=10919"},{"taxonomy":"descargable","embeddable":true,"href":"https:\/\/www.tucai.com\/ca\/wp-json\/wp\/v2\/descargable?post=10919"},{"taxonomy":"tipo","embeddable":true,"href":"https:\/\/www.tucai.com\/ca\/wp-json\/wp\/v2\/tipo?post=10919"},{"taxonomy":"product_brand","embeddable":true,"href":"https:\/\/www.tucai.com\/ca\/wp-json\/wp\/v2\/product_brand?post=10919"},{"taxonomy":"product_cat","embeddable":true,"href":"https:\/\/www.tucai.com\/ca\/wp-json\/wp\/v2\/product_cat?post=10919"},{"taxonomy":"product_tag","embeddable":true,"href":"https:\/\/www.tucai.com\/ca\/wp-json\/wp\/v2\/product_tag?post=10919"}],"curies":[{"name":"wp","href":"https:\/\/api.w.org\/{rel}","templated":true}]}}