{"id":10975,"date":"2024-04-11T14:43:44","date_gmt":"2024-04-11T12:43:44","guid":{"rendered":"https:\/\/tuc001.tucai.com\/producto\/c511\/"},"modified":"2025-09-19T15:31:10","modified_gmt":"2025-09-19T13:31:10","slug":"c511","status":"publish","type":"product","link":"https:\/\/www.tucai.com\/ca\/producte\/c511\/","title":{"rendered":"C511"},"content":{"rendered":"<ul>\n<li>V\u00e0lvula universal<\/li>\n<li>Anti fugida i resistent a la pressi\u00f3<\/li>\n<li>Pas total i m\u00e0xim cabal<\/li>\n<li>Sistema antifuita a l&#8217;eix de doble seguretat<\/li>\n<li>Lliure de plom<\/li>\n<li>Antideszincat i anticorrosi\u00f3<\/li>\n<li>Palanca ergon\u00f2mica amb distintius de color inclosos<\/li>\n<li>Possibilitat de bloqueig de palanca<\/li>\n<li>1\/4 de tornada<\/li>\n<\/ul>\n","protected":false},"excerpt":{"rendered":"<p>V\u00e0lvula universal Anti fugida i resistent a la pressi\u00f3 Pas total i m\u00e0xim cabal Sistema antifuita a l&#8217;eix de doble seguretat Lliure de plom Antideszincat i anticorrosi\u00f3 Palanca ergon\u00f2mica amb distintius de color inclosos Possibilitat de bloqueig de palanca 1\/4 de tornada<\/p>\n","protected":false},"featured_media":9795,"template":"","meta":{"_acf_changed":false},"clasificacion":[392],"descargable":[244],"tipo":[438],"product_brand":[],"product_cat":[454,455,456,410,457,604,411,458,459,461,427,462,460,463,418,440],"product_tag":[],"class_list":{"0":"post-10975","1":"product","2":"type-product","3":"status-publish","4":"has-post-thumbnail","6":"clasificacion-valvules-desfera-ca","7":"descargable-espanol","8":"tipo-valvules-ca","9":"product_cat-bateria-de-comptadors-ca","10":"product_cat-bombes-daigua-ca","11":"product_cat-cafeteres-professionals-ca","12":"product_cat-climatitzacio-ca","13":"product_cat-descalcificadors-ca","14":"product_cat-escalfador-ca","15":"product_cat-fancoil-ca","16":"product_cat-maquina-de-gel-ca","17":"product_cat-maquina-eina-ca","18":"product_cat-oli-hidraulica-ca","19":"product_cat-panell-radiant-ca","20":"product_cat-panell-solar-ca","21":"product_cat-pneumatica-ca","22":"product_cat-sistema-rentat-de-cotxes-ca","23":"product_cat-sostres-radiants-ca","24":"product_cat-term-electric-ca","26":"first","27":"instock","28":"shipping-taxable","29":"product-type-simple"},"acf":[],"yoast_head":"<!-- This site is optimized with the Yoast SEO plugin v27.3 - https:\/\/yoast.com\/product\/yoast-seo-wordpress\/ -->\n<title>C511 - Tucai<\/title>\n<meta name=\"robots\" content=\"index, follow, max-snippet:-1, max-image-preview:large, max-video-preview:-1\" \/>\n<link rel=\"canonical\" href=\"https:\/\/www.tucai.com\/ca\/producte\/c511\/\" \/>\n<meta property=\"og:locale\" content=\"ca_ES\" \/>\n<meta property=\"og:type\" content=\"article\" \/>\n<meta property=\"og:title\" content=\"C511 - Tucai\" \/>\n<meta property=\"og:description\" content=\"V\u00e0lvula universal Anti fugida i resistent a la pressi\u00f3 Pas total i m\u00e0xim cabal Sistema antifuita a l&#8217;eix de doble seguretat Lliure de plom Antideszincat i anticorrosi\u00f3 Palanca ergon\u00f2mica amb distintius de color inclosos Possibilitat de bloqueig de palanca 1\/4 de tornada\" \/>\n<meta property=\"og:url\" content=\"https:\/\/www.tucai.com\/ca\/producte\/c511\/\" \/>\n<meta property=\"og:site_name\" content=\"Tucai\" \/>\n<meta property=\"article:modified_time\" content=\"2025-09-19T13:31:10+00:00\" \/>\n<meta property=\"og:image\" content=\"https:\/\/www.tucai.com\/wp-content\/uploads\/2024\/04\/C511-black_red.jpg\" \/>\n\t<meta property=\"og:image:width\" content=\"1920\" \/>\n\t<meta property=\"og:image:height\" content=\"1280\" \/>\n\t<meta property=\"og:image:type\" content=\"image\/jpeg\" \/>\n<meta name=\"twitter:card\" content=\"summary_large_image\" \/>\n<meta name=\"twitter:label1\" content=\"Temps estimat de lectura\" \/>\n\t<meta name=\"twitter:data1\" content=\"1 minut\" \/>\n<script type=\"application\/ld+json\" class=\"yoast-schema-graph\">{\"@context\":\"https:\\\/\\\/schema.org\",\"@graph\":[{\"@type\":\"WebPage\",\"@id\":\"https:\\\/\\\/www.tucai.com\\\/ca\\\/producte\\\/c511\\\/\",\"url\":\"https:\\\/\\\/www.tucai.com\\\/ca\\\/producte\\\/c511\\\/\",\"name\":\"C511 - Tucai\",\"isPartOf\":{\"@id\":\"https:\\\/\\\/www.tucai.com\\\/ca\\\/#website\"},\"primaryImageOfPage\":{\"@id\":\"https:\\\/\\\/www.tucai.com\\\/ca\\\/producte\\\/c511\\\/#primaryimage\"},\"image\":{\"@id\":\"https:\\\/\\\/www.tucai.com\\\/ca\\\/producte\\\/c511\\\/#primaryimage\"},\"thumbnailUrl\":\"https:\\\/\\\/www.tucai.com\\\/wp-content\\\/uploads\\\/2024\\\/04\\\/C511-black_red.jpg\",\"datePublished\":\"2024-04-11T12:43:44+00:00\",\"dateModified\":\"2025-09-19T13:31:10+00:00\",\"breadcrumb\":{\"@id\":\"https:\\\/\\\/www.tucai.com\\\/ca\\\/producte\\\/c511\\\/#breadcrumb\"},\"inLanguage\":\"ca\",\"potentialAction\":[{\"@type\":\"ReadAction\",\"target\":[\"https:\\\/\\\/www.tucai.com\\\/ca\\\/producte\\\/c511\\\/\"]}]},{\"@type\":\"ImageObject\",\"inLanguage\":\"ca\",\"@id\":\"https:\\\/\\\/www.tucai.com\\\/ca\\\/producte\\\/c511\\\/#primaryimage\",\"url\":\"https:\\\/\\\/www.tucai.com\\\/wp-content\\\/uploads\\\/2024\\\/04\\\/C511-black_red.jpg\",\"contentUrl\":\"https:\\\/\\\/www.tucai.com\\\/wp-content\\\/uploads\\\/2024\\\/04\\\/C511-black_red.jpg\",\"width\":1920,\"height\":1280},{\"@type\":\"BreadcrumbList\",\"@id\":\"https:\\\/\\\/www.tucai.com\\\/ca\\\/producte\\\/c511\\\/#breadcrumb\",\"itemListElement\":[{\"@type\":\"ListItem\",\"position\":1,\"name\":\"Portada\",\"item\":\"https:\\\/\\\/www.tucai.com\\\/ca\\\/inici\\\/\"},{\"@type\":\"ListItem\",\"position\":2,\"name\":\"Productes\",\"item\":\"https:\\\/\\\/www.tucai.com\\\/ca\\\/shop\\\/\"},{\"@type\":\"ListItem\",\"position\":3,\"name\":\"C511\"}]},{\"@type\":\"WebSite\",\"@id\":\"https:\\\/\\\/www.tucai.com\\\/ca\\\/#website\",\"url\":\"https:\\\/\\\/www.tucai.com\\\/ca\\\/\",\"name\":\"Tucai\",\"description\":\"Latiguillos Flexibles y V\u00e1lvulas\",\"publisher\":{\"@id\":\"https:\\\/\\\/www.tucai.com\\\/ca\\\/#organization\"},\"potentialAction\":[{\"@type\":\"SearchAction\",\"target\":{\"@type\":\"EntryPoint\",\"urlTemplate\":\"https:\\\/\\\/www.tucai.com\\\/ca\\\/?s={search_term_string}\"},\"query-input\":{\"@type\":\"PropertyValueSpecification\",\"valueRequired\":true,\"valueName\":\"search_term_string\"}}],\"inLanguage\":\"ca\"},{\"@type\":\"Organization\",\"@id\":\"https:\\\/\\\/www.tucai.com\\\/ca\\\/#organization\",\"name\":\"Tucai\",\"url\":\"https:\\\/\\\/www.tucai.com\\\/ca\\\/\",\"logo\":{\"@type\":\"ImageObject\",\"inLanguage\":\"ca\",\"@id\":\"https:\\\/\\\/www.tucai.com\\\/ca\\\/#\\\/schema\\\/logo\\\/image\\\/\",\"url\":\"https:\\\/\\\/www.tucai.com\\\/wp-content\\\/uploads\\\/2022\\\/10\\\/logo-tucai.png\",\"contentUrl\":\"https:\\\/\\\/www.tucai.com\\\/wp-content\\\/uploads\\\/2022\\\/10\\\/logo-tucai.png\",\"width\":350,\"height\":100,\"caption\":\"Tucai\"},\"image\":{\"@id\":\"https:\\\/\\\/www.tucai.com\\\/ca\\\/#\\\/schema\\\/logo\\\/image\\\/\"}}]}<\/script>\n<!-- \/ Yoast SEO plugin. -->","yoast_head_json":{"title":"C511 - Tucai","robots":{"index":"index","follow":"follow","max-snippet":"max-snippet:-1","max-image-preview":"max-image-preview:large","max-video-preview":"max-video-preview:-1"},"canonical":"https:\/\/www.tucai.com\/ca\/producte\/c511\/","og_locale":"ca_ES","og_type":"article","og_title":"C511 - Tucai","og_description":"V\u00e0lvula universal Anti fugida i resistent a la pressi\u00f3 Pas total i m\u00e0xim cabal Sistema antifuita a l&#8217;eix de doble seguretat Lliure de plom Antideszincat i anticorrosi\u00f3 Palanca ergon\u00f2mica amb distintius de color inclosos Possibilitat de bloqueig de palanca 1\/4 de tornada","og_url":"https:\/\/www.tucai.com\/ca\/producte\/c511\/","og_site_name":"Tucai","article_modified_time":"2025-09-19T13:31:10+00:00","og_image":[{"width":1920,"height":1280,"url":"https:\/\/www.tucai.com\/wp-content\/uploads\/2024\/04\/C511-black_red.jpg","type":"image\/jpeg"}],"twitter_card":"summary_large_image","twitter_misc":{"Temps estimat de lectura":"1 minut"},"schema":{"@context":"https:\/\/schema.org","@graph":[{"@type":"WebPage","@id":"https:\/\/www.tucai.com\/ca\/producte\/c511\/","url":"https:\/\/www.tucai.com\/ca\/producte\/c511\/","name":"C511 - Tucai","isPartOf":{"@id":"https:\/\/www.tucai.com\/ca\/#website"},"primaryImageOfPage":{"@id":"https:\/\/www.tucai.com\/ca\/producte\/c511\/#primaryimage"},"image":{"@id":"https:\/\/www.tucai.com\/ca\/producte\/c511\/#primaryimage"},"thumbnailUrl":"https:\/\/www.tucai.com\/wp-content\/uploads\/2024\/04\/C511-black_red.jpg","datePublished":"2024-04-11T12:43:44+00:00","dateModified":"2025-09-19T13:31:10+00:00","breadcrumb":{"@id":"https:\/\/www.tucai.com\/ca\/producte\/c511\/#breadcrumb"},"inLanguage":"ca","potentialAction":[{"@type":"ReadAction","target":["https:\/\/www.tucai.com\/ca\/producte\/c511\/"]}]},{"@type":"ImageObject","inLanguage":"ca","@id":"https:\/\/www.tucai.com\/ca\/producte\/c511\/#primaryimage","url":"https:\/\/www.tucai.com\/wp-content\/uploads\/2024\/04\/C511-black_red.jpg","contentUrl":"https:\/\/www.tucai.com\/wp-content\/uploads\/2024\/04\/C511-black_red.jpg","width":1920,"height":1280},{"@type":"BreadcrumbList","@id":"https:\/\/www.tucai.com\/ca\/producte\/c511\/#breadcrumb","itemListElement":[{"@type":"ListItem","position":1,"name":"Portada","item":"https:\/\/www.tucai.com\/ca\/inici\/"},{"@type":"ListItem","position":2,"name":"Productes","item":"https:\/\/www.tucai.com\/ca\/shop\/"},{"@type":"ListItem","position":3,"name":"C511"}]},{"@type":"WebSite","@id":"https:\/\/www.tucai.com\/ca\/#website","url":"https:\/\/www.tucai.com\/ca\/","name":"Tucai","description":"Latiguillos Flexibles y V\u00e1lvulas","publisher":{"@id":"https:\/\/www.tucai.com\/ca\/#organization"},"potentialAction":[{"@type":"SearchAction","target":{"@type":"EntryPoint","urlTemplate":"https:\/\/www.tucai.com\/ca\/?s={search_term_string}"},"query-input":{"@type":"PropertyValueSpecification","valueRequired":true,"valueName":"search_term_string"}}],"inLanguage":"ca"},{"@type":"Organization","@id":"https:\/\/www.tucai.com\/ca\/#organization","name":"Tucai","url":"https:\/\/www.tucai.com\/ca\/","logo":{"@type":"ImageObject","inLanguage":"ca","@id":"https:\/\/www.tucai.com\/ca\/#\/schema\/logo\/image\/","url":"https:\/\/www.tucai.com\/wp-content\/uploads\/2022\/10\/logo-tucai.png","contentUrl":"https:\/\/www.tucai.com\/wp-content\/uploads\/2022\/10\/logo-tucai.png","width":350,"height":100,"caption":"Tucai"},"image":{"@id":"https:\/\/www.tucai.com\/ca\/#\/schema\/logo\/image\/"}}]}},"_links":{"self":[{"href":"https:\/\/www.tucai.com\/ca\/wp-json\/wp\/v2\/product\/10975","targetHints":{"allow":["GET"]}}],"collection":[{"href":"https:\/\/www.tucai.com\/ca\/wp-json\/wp\/v2\/product"}],"about":[{"href":"https:\/\/www.tucai.com\/ca\/wp-json\/wp\/v2\/types\/product"}],"version-history":[{"count":0,"href":"https:\/\/www.tucai.com\/ca\/wp-json\/wp\/v2\/product\/10975\/revisions"}],"wp:featuredmedia":[{"embeddable":true,"href":"https:\/\/www.tucai.com\/ca\/wp-json\/wp\/v2\/media\/9795"}],"wp:attachment":[{"href":"https:\/\/www.tucai.com\/ca\/wp-json\/wp\/v2\/media?parent=10975"}],"wp:term":[{"taxonomy":"clasificacion","embeddable":true,"href":"https:\/\/www.tucai.com\/ca\/wp-json\/wp\/v2\/clasificacion?post=10975"},{"taxonomy":"descargable","embeddable":true,"href":"https:\/\/www.tucai.com\/ca\/wp-json\/wp\/v2\/descargable?post=10975"},{"taxonomy":"tipo","embeddable":true,"href":"https:\/\/www.tucai.com\/ca\/wp-json\/wp\/v2\/tipo?post=10975"},{"taxonomy":"product_brand","embeddable":true,"href":"https:\/\/www.tucai.com\/ca\/wp-json\/wp\/v2\/product_brand?post=10975"},{"taxonomy":"product_cat","embeddable":true,"href":"https:\/\/www.tucai.com\/ca\/wp-json\/wp\/v2\/product_cat?post=10975"},{"taxonomy":"product_tag","embeddable":true,"href":"https:\/\/www.tucai.com\/ca\/wp-json\/wp\/v2\/product_tag?post=10975"}],"curies":[{"name":"wp","href":"https:\/\/api.w.org\/{rel}","templated":true}]}}