{"id":11015,"date":"2024-04-11T14:43:43","date_gmt":"2024-04-11T12:43:43","guid":{"rendered":"https:\/\/tuc001.tucai.com\/producto\/g500-valvula-de-compuerta\/"},"modified":"2025-09-24T12:05:19","modified_gmt":"2025-09-24T10:05:19","slug":"g500-valvula-de-compuerta","status":"publish","type":"product","link":"https:\/\/www.tucai.com\/ca\/producte\/g500-valvula-de-compuerta\/","title":{"rendered":"G500"},"content":{"rendered":"<ul>\n<li>Regulaci\u00f3 cabal<\/li>\n<li>Anti fugida<\/li>\n<li>Resistent a la pressi\u00f3<\/li>\n<li>Antical<\/li>\n<li>Estanque\u00eftat el\u00e0stica<\/li>\n<li>Cos d\u00b4una sola pe\u00e7a<\/li>\n<\/ul>\n","protected":false},"excerpt":{"rendered":"<p>Regulaci\u00f3 cabal Anti fugida Resistent a la pressi\u00f3 Antical Estanque\u00eftat el\u00e0stica Cos d\u00b4una sola pe\u00e7a<\/p>\n","protected":false},"featured_media":9855,"template":"","meta":{"_acf_changed":false},"clasificacion":[437],"descargable":[244,245],"tipo":[438],"product_brand":[],"product_cat":[532,454,455,463],"product_tag":[],"class_list":{"0":"post-11015","1":"product","2":"type-product","3":"status-publish","4":"has-post-thumbnail","6":"clasificacion-altres-valvules-ca","7":"descargable-espanol","8":"descargable-ingles","9":"tipo-valvules-ca","10":"product_cat-aixeta-jardi-ca","11":"product_cat-bateria-de-comptadors-ca","12":"product_cat-bombes-daigua-ca","13":"product_cat-sistema-rentat-de-cotxes-ca","15":"first","16":"instock","17":"shipping-taxable","18":"product-type-simple"},"acf":[],"yoast_head":"<!-- This site is optimized with the Yoast SEO plugin v27.3 - https:\/\/yoast.com\/product\/yoast-seo-wordpress\/ -->\n<title>G500 - Tucai<\/title>\n<meta name=\"robots\" content=\"index, follow, max-snippet:-1, max-image-preview:large, max-video-preview:-1\" \/>\n<link rel=\"canonical\" href=\"https:\/\/www.tucai.com\/ca\/producte\/g500-valvula-de-compuerta\/\" \/>\n<meta property=\"og:locale\" content=\"ca_ES\" \/>\n<meta property=\"og:type\" content=\"article\" \/>\n<meta property=\"og:title\" content=\"G500 - Tucai\" \/>\n<meta property=\"og:description\" content=\"Regulaci\u00f3 cabal Anti fugida Resistent a la pressi\u00f3 Antical Estanque\u00eftat el\u00e0stica Cos d\u00b4una sola pe\u00e7a\" \/>\n<meta property=\"og:url\" content=\"https:\/\/www.tucai.com\/ca\/producte\/g500-valvula-de-compuerta\/\" \/>\n<meta property=\"og:site_name\" content=\"Tucai\" \/>\n<meta property=\"article:modified_time\" content=\"2025-09-24T10:05:19+00:00\" \/>\n<meta property=\"og:image\" content=\"https:\/\/www.tucai.com\/wp-content\/uploads\/2024\/04\/G500-neg.jpg\" \/>\n\t<meta property=\"og:image:width\" content=\"1550\" \/>\n\t<meta property=\"og:image:height\" content=\"1066\" \/>\n\t<meta property=\"og:image:type\" content=\"image\/jpeg\" \/>\n<meta name=\"twitter:card\" content=\"summary_large_image\" \/>\n<script type=\"application\/ld+json\" class=\"yoast-schema-graph\">{\"@context\":\"https:\\\/\\\/schema.org\",\"@graph\":[{\"@type\":\"WebPage\",\"@id\":\"https:\\\/\\\/www.tucai.com\\\/ca\\\/producte\\\/g500-valvula-de-compuerta\\\/\",\"url\":\"https:\\\/\\\/www.tucai.com\\\/ca\\\/producte\\\/g500-valvula-de-compuerta\\\/\",\"name\":\"G500 - Tucai\",\"isPartOf\":{\"@id\":\"https:\\\/\\\/www.tucai.com\\\/ca\\\/#website\"},\"primaryImageOfPage\":{\"@id\":\"https:\\\/\\\/www.tucai.com\\\/ca\\\/producte\\\/g500-valvula-de-compuerta\\\/#primaryimage\"},\"image\":{\"@id\":\"https:\\\/\\\/www.tucai.com\\\/ca\\\/producte\\\/g500-valvula-de-compuerta\\\/#primaryimage\"},\"thumbnailUrl\":\"https:\\\/\\\/www.tucai.com\\\/wp-content\\\/uploads\\\/2024\\\/04\\\/G500-neg.jpg\",\"datePublished\":\"2024-04-11T12:43:43+00:00\",\"dateModified\":\"2025-09-24T10:05:19+00:00\",\"breadcrumb\":{\"@id\":\"https:\\\/\\\/www.tucai.com\\\/ca\\\/producte\\\/g500-valvula-de-compuerta\\\/#breadcrumb\"},\"inLanguage\":\"ca\",\"potentialAction\":[{\"@type\":\"ReadAction\",\"target\":[\"https:\\\/\\\/www.tucai.com\\\/ca\\\/producte\\\/g500-valvula-de-compuerta\\\/\"]}]},{\"@type\":\"ImageObject\",\"inLanguage\":\"ca\",\"@id\":\"https:\\\/\\\/www.tucai.com\\\/ca\\\/producte\\\/g500-valvula-de-compuerta\\\/#primaryimage\",\"url\":\"https:\\\/\\\/www.tucai.com\\\/wp-content\\\/uploads\\\/2024\\\/04\\\/G500-neg.jpg\",\"contentUrl\":\"https:\\\/\\\/www.tucai.com\\\/wp-content\\\/uploads\\\/2024\\\/04\\\/G500-neg.jpg\",\"width\":1550,\"height\":1066},{\"@type\":\"BreadcrumbList\",\"@id\":\"https:\\\/\\\/www.tucai.com\\\/ca\\\/producte\\\/g500-valvula-de-compuerta\\\/#breadcrumb\",\"itemListElement\":[{\"@type\":\"ListItem\",\"position\":1,\"name\":\"Portada\",\"item\":\"https:\\\/\\\/www.tucai.com\\\/ca\\\/inici\\\/\"},{\"@type\":\"ListItem\",\"position\":2,\"name\":\"Productes\",\"item\":\"https:\\\/\\\/www.tucai.com\\\/ca\\\/shop\\\/\"},{\"@type\":\"ListItem\",\"position\":3,\"name\":\"G500\"}]},{\"@type\":\"WebSite\",\"@id\":\"https:\\\/\\\/www.tucai.com\\\/ca\\\/#website\",\"url\":\"https:\\\/\\\/www.tucai.com\\\/ca\\\/\",\"name\":\"Tucai\",\"description\":\"Latiguillos Flexibles y V\u00e1lvulas\",\"publisher\":{\"@id\":\"https:\\\/\\\/www.tucai.com\\\/ca\\\/#organization\"},\"potentialAction\":[{\"@type\":\"SearchAction\",\"target\":{\"@type\":\"EntryPoint\",\"urlTemplate\":\"https:\\\/\\\/www.tucai.com\\\/ca\\\/?s={search_term_string}\"},\"query-input\":{\"@type\":\"PropertyValueSpecification\",\"valueRequired\":true,\"valueName\":\"search_term_string\"}}],\"inLanguage\":\"ca\"},{\"@type\":\"Organization\",\"@id\":\"https:\\\/\\\/www.tucai.com\\\/ca\\\/#organization\",\"name\":\"Tucai\",\"url\":\"https:\\\/\\\/www.tucai.com\\\/ca\\\/\",\"logo\":{\"@type\":\"ImageObject\",\"inLanguage\":\"ca\",\"@id\":\"https:\\\/\\\/www.tucai.com\\\/ca\\\/#\\\/schema\\\/logo\\\/image\\\/\",\"url\":\"https:\\\/\\\/www.tucai.com\\\/wp-content\\\/uploads\\\/2022\\\/10\\\/logo-tucai.png\",\"contentUrl\":\"https:\\\/\\\/www.tucai.com\\\/wp-content\\\/uploads\\\/2022\\\/10\\\/logo-tucai.png\",\"width\":350,\"height\":100,\"caption\":\"Tucai\"},\"image\":{\"@id\":\"https:\\\/\\\/www.tucai.com\\\/ca\\\/#\\\/schema\\\/logo\\\/image\\\/\"}}]}<\/script>\n<!-- \/ Yoast SEO plugin. -->","yoast_head_json":{"title":"G500 - Tucai","robots":{"index":"index","follow":"follow","max-snippet":"max-snippet:-1","max-image-preview":"max-image-preview:large","max-video-preview":"max-video-preview:-1"},"canonical":"https:\/\/www.tucai.com\/ca\/producte\/g500-valvula-de-compuerta\/","og_locale":"ca_ES","og_type":"article","og_title":"G500 - Tucai","og_description":"Regulaci\u00f3 cabal Anti fugida Resistent a la pressi\u00f3 Antical Estanque\u00eftat el\u00e0stica Cos d\u00b4una sola pe\u00e7a","og_url":"https:\/\/www.tucai.com\/ca\/producte\/g500-valvula-de-compuerta\/","og_site_name":"Tucai","article_modified_time":"2025-09-24T10:05:19+00:00","og_image":[{"width":1550,"height":1066,"url":"https:\/\/www.tucai.com\/wp-content\/uploads\/2024\/04\/G500-neg.jpg","type":"image\/jpeg"}],"twitter_card":"summary_large_image","schema":{"@context":"https:\/\/schema.org","@graph":[{"@type":"WebPage","@id":"https:\/\/www.tucai.com\/ca\/producte\/g500-valvula-de-compuerta\/","url":"https:\/\/www.tucai.com\/ca\/producte\/g500-valvula-de-compuerta\/","name":"G500 - Tucai","isPartOf":{"@id":"https:\/\/www.tucai.com\/ca\/#website"},"primaryImageOfPage":{"@id":"https:\/\/www.tucai.com\/ca\/producte\/g500-valvula-de-compuerta\/#primaryimage"},"image":{"@id":"https:\/\/www.tucai.com\/ca\/producte\/g500-valvula-de-compuerta\/#primaryimage"},"thumbnailUrl":"https:\/\/www.tucai.com\/wp-content\/uploads\/2024\/04\/G500-neg.jpg","datePublished":"2024-04-11T12:43:43+00:00","dateModified":"2025-09-24T10:05:19+00:00","breadcrumb":{"@id":"https:\/\/www.tucai.com\/ca\/producte\/g500-valvula-de-compuerta\/#breadcrumb"},"inLanguage":"ca","potentialAction":[{"@type":"ReadAction","target":["https:\/\/www.tucai.com\/ca\/producte\/g500-valvula-de-compuerta\/"]}]},{"@type":"ImageObject","inLanguage":"ca","@id":"https:\/\/www.tucai.com\/ca\/producte\/g500-valvula-de-compuerta\/#primaryimage","url":"https:\/\/www.tucai.com\/wp-content\/uploads\/2024\/04\/G500-neg.jpg","contentUrl":"https:\/\/www.tucai.com\/wp-content\/uploads\/2024\/04\/G500-neg.jpg","width":1550,"height":1066},{"@type":"BreadcrumbList","@id":"https:\/\/www.tucai.com\/ca\/producte\/g500-valvula-de-compuerta\/#breadcrumb","itemListElement":[{"@type":"ListItem","position":1,"name":"Portada","item":"https:\/\/www.tucai.com\/ca\/inici\/"},{"@type":"ListItem","position":2,"name":"Productes","item":"https:\/\/www.tucai.com\/ca\/shop\/"},{"@type":"ListItem","position":3,"name":"G500"}]},{"@type":"WebSite","@id":"https:\/\/www.tucai.com\/ca\/#website","url":"https:\/\/www.tucai.com\/ca\/","name":"Tucai","description":"Latiguillos Flexibles y V\u00e1lvulas","publisher":{"@id":"https:\/\/www.tucai.com\/ca\/#organization"},"potentialAction":[{"@type":"SearchAction","target":{"@type":"EntryPoint","urlTemplate":"https:\/\/www.tucai.com\/ca\/?s={search_term_string}"},"query-input":{"@type":"PropertyValueSpecification","valueRequired":true,"valueName":"search_term_string"}}],"inLanguage":"ca"},{"@type":"Organization","@id":"https:\/\/www.tucai.com\/ca\/#organization","name":"Tucai","url":"https:\/\/www.tucai.com\/ca\/","logo":{"@type":"ImageObject","inLanguage":"ca","@id":"https:\/\/www.tucai.com\/ca\/#\/schema\/logo\/image\/","url":"https:\/\/www.tucai.com\/wp-content\/uploads\/2022\/10\/logo-tucai.png","contentUrl":"https:\/\/www.tucai.com\/wp-content\/uploads\/2022\/10\/logo-tucai.png","width":350,"height":100,"caption":"Tucai"},"image":{"@id":"https:\/\/www.tucai.com\/ca\/#\/schema\/logo\/image\/"}}]}},"_links":{"self":[{"href":"https:\/\/www.tucai.com\/ca\/wp-json\/wp\/v2\/product\/11015","targetHints":{"allow":["GET"]}}],"collection":[{"href":"https:\/\/www.tucai.com\/ca\/wp-json\/wp\/v2\/product"}],"about":[{"href":"https:\/\/www.tucai.com\/ca\/wp-json\/wp\/v2\/types\/product"}],"version-history":[{"count":1,"href":"https:\/\/www.tucai.com\/ca\/wp-json\/wp\/v2\/product\/11015\/revisions"}],"predecessor-version":[{"id":19842,"href":"https:\/\/www.tucai.com\/ca\/wp-json\/wp\/v2\/product\/11015\/revisions\/19842"}],"wp:featuredmedia":[{"embeddable":true,"href":"https:\/\/www.tucai.com\/ca\/wp-json\/wp\/v2\/media\/9855"}],"wp:attachment":[{"href":"https:\/\/www.tucai.com\/ca\/wp-json\/wp\/v2\/media?parent=11015"}],"wp:term":[{"taxonomy":"clasificacion","embeddable":true,"href":"https:\/\/www.tucai.com\/ca\/wp-json\/wp\/v2\/clasificacion?post=11015"},{"taxonomy":"descargable","embeddable":true,"href":"https:\/\/www.tucai.com\/ca\/wp-json\/wp\/v2\/descargable?post=11015"},{"taxonomy":"tipo","embeddable":true,"href":"https:\/\/www.tucai.com\/ca\/wp-json\/wp\/v2\/tipo?post=11015"},{"taxonomy":"product_brand","embeddable":true,"href":"https:\/\/www.tucai.com\/ca\/wp-json\/wp\/v2\/product_brand?post=11015"},{"taxonomy":"product_cat","embeddable":true,"href":"https:\/\/www.tucai.com\/ca\/wp-json\/wp\/v2\/product_cat?post=11015"},{"taxonomy":"product_tag","embeddable":true,"href":"https:\/\/www.tucai.com\/ca\/wp-json\/wp\/v2\/product_tag?post=11015"}],"curies":[{"name":"wp","href":"https:\/\/api.w.org\/{rel}","templated":true}]}}