{"id":11107,"date":"2023-06-21T13:12:41","date_gmt":"2023-06-21T13:12:41","guid":{"rendered":"https:\/\/tuc001.tucai.com\/producto\/t750\/"},"modified":"2025-09-19T15:35:44","modified_gmt":"2025-09-19T13:35:44","slug":"t750","status":"publish","type":"product","link":"https:\/\/www.tucai.com\/ca\/producte\/t750\/","title":{"rendered":"T750"},"content":{"rendered":"<ul>\n<li>Regulaci\u00f3 cabal<\/li>\n<li>3\/4 volta<\/li>\n<li>Anticorrosi\u00f3<\/li>\n<li>Classe ac\u00fastica I<\/li>\n<li>F\u00e0cil instal\u00b7laci\u00f3<\/li>\n<\/ul>\n","protected":false},"excerpt":{"rendered":"<p>Regulaci\u00f3 cabal 3\/4 volta Anticorrosi\u00f3 Classe ac\u00fastica I F\u00e0cil instal\u00b7laci\u00f3<\/p>\n","protected":false},"featured_media":9519,"template":"","meta":{"_acf_changed":false},"clasificacion":[451],"descargable":[],"tipo":[438],"product_brand":[],"product_cat":[430,431,406,379,380],"product_tag":[365,518],"class_list":{"0":"post-11107","1":"product","2":"type-product","3":"status-publish","4":"has-post-thumbnail","6":"clasificacion-valvules-descaire-ca","7":"tipo-valvules-ca","8":"product_cat-aixetes-ca","9":"product_cat-aixetes-extraibles-ca","10":"product_cat-bidet-ca","11":"product_cat-cisterna-ca","12":"product_cat-cisterna-encastada-ca","13":"product_tag-aigua-ca","14":"product_tag-valvules-desquadra-ca","16":"first","17":"instock","18":"product-type-simple"},"acf":[],"yoast_head":"<!-- This site is optimized with the Yoast SEO plugin v27.3 - https:\/\/yoast.com\/product\/yoast-seo-wordpress\/ -->\n<title>T750 - Tucai<\/title>\n<meta name=\"robots\" content=\"index, follow, max-snippet:-1, max-image-preview:large, max-video-preview:-1\" \/>\n<link rel=\"canonical\" href=\"https:\/\/www.tucai.com\/ca\/producte\/t750\/\" \/>\n<meta property=\"og:locale\" content=\"ca_ES\" \/>\n<meta property=\"og:type\" content=\"article\" \/>\n<meta property=\"og:title\" content=\"T750 - Tucai\" \/>\n<meta property=\"og:description\" content=\"Regulaci\u00f3 cabal 3\/4 volta Anticorrosi\u00f3 Classe ac\u00fastica I F\u00e0cil instal\u00b7laci\u00f3\" \/>\n<meta property=\"og:url\" content=\"https:\/\/www.tucai.com\/ca\/producte\/t750\/\" \/>\n<meta property=\"og:site_name\" content=\"Tucai\" \/>\n<meta property=\"article:modified_time\" content=\"2025-09-19T13:35:44+00:00\" \/>\n<meta property=\"og:image\" content=\"https:\/\/www.tucai.com\/wp-content\/uploads\/2023\/06\/T750.jpg\" \/>\n\t<meta property=\"og:image:width\" content=\"1156\" \/>\n\t<meta property=\"og:image:height\" content=\"768\" \/>\n\t<meta property=\"og:image:type\" content=\"image\/jpeg\" \/>\n<meta name=\"twitter:card\" content=\"summary_large_image\" \/>\n<script type=\"application\/ld+json\" class=\"yoast-schema-graph\">{\"@context\":\"https:\\\/\\\/schema.org\",\"@graph\":[{\"@type\":\"WebPage\",\"@id\":\"https:\\\/\\\/www.tucai.com\\\/ca\\\/producte\\\/t750\\\/\",\"url\":\"https:\\\/\\\/www.tucai.com\\\/ca\\\/producte\\\/t750\\\/\",\"name\":\"T750 - Tucai\",\"isPartOf\":{\"@id\":\"https:\\\/\\\/www.tucai.com\\\/ca\\\/#website\"},\"primaryImageOfPage\":{\"@id\":\"https:\\\/\\\/www.tucai.com\\\/ca\\\/producte\\\/t750\\\/#primaryimage\"},\"image\":{\"@id\":\"https:\\\/\\\/www.tucai.com\\\/ca\\\/producte\\\/t750\\\/#primaryimage\"},\"thumbnailUrl\":\"https:\\\/\\\/www.tucai.com\\\/wp-content\\\/uploads\\\/2023\\\/06\\\/T750.jpg\",\"datePublished\":\"2023-06-21T13:12:41+00:00\",\"dateModified\":\"2025-09-19T13:35:44+00:00\",\"breadcrumb\":{\"@id\":\"https:\\\/\\\/www.tucai.com\\\/ca\\\/producte\\\/t750\\\/#breadcrumb\"},\"inLanguage\":\"ca\",\"potentialAction\":[{\"@type\":\"ReadAction\",\"target\":[\"https:\\\/\\\/www.tucai.com\\\/ca\\\/producte\\\/t750\\\/\"]}]},{\"@type\":\"ImageObject\",\"inLanguage\":\"ca\",\"@id\":\"https:\\\/\\\/www.tucai.com\\\/ca\\\/producte\\\/t750\\\/#primaryimage\",\"url\":\"https:\\\/\\\/www.tucai.com\\\/wp-content\\\/uploads\\\/2023\\\/06\\\/T750.jpg\",\"contentUrl\":\"https:\\\/\\\/www.tucai.com\\\/wp-content\\\/uploads\\\/2023\\\/06\\\/T750.jpg\",\"width\":1156,\"height\":768},{\"@type\":\"BreadcrumbList\",\"@id\":\"https:\\\/\\\/www.tucai.com\\\/ca\\\/producte\\\/t750\\\/#breadcrumb\",\"itemListElement\":[{\"@type\":\"ListItem\",\"position\":1,\"name\":\"Portada\",\"item\":\"https:\\\/\\\/www.tucai.com\\\/ca\\\/inici\\\/\"},{\"@type\":\"ListItem\",\"position\":2,\"name\":\"Productes\",\"item\":\"https:\\\/\\\/www.tucai.com\\\/ca\\\/shop\\\/\"},{\"@type\":\"ListItem\",\"position\":3,\"name\":\"T750\"}]},{\"@type\":\"WebSite\",\"@id\":\"https:\\\/\\\/www.tucai.com\\\/ca\\\/#website\",\"url\":\"https:\\\/\\\/www.tucai.com\\\/ca\\\/\",\"name\":\"Tucai\",\"description\":\"Latiguillos Flexibles y V\u00e1lvulas\",\"publisher\":{\"@id\":\"https:\\\/\\\/www.tucai.com\\\/ca\\\/#organization\"},\"potentialAction\":[{\"@type\":\"SearchAction\",\"target\":{\"@type\":\"EntryPoint\",\"urlTemplate\":\"https:\\\/\\\/www.tucai.com\\\/ca\\\/?s={search_term_string}\"},\"query-input\":{\"@type\":\"PropertyValueSpecification\",\"valueRequired\":true,\"valueName\":\"search_term_string\"}}],\"inLanguage\":\"ca\"},{\"@type\":\"Organization\",\"@id\":\"https:\\\/\\\/www.tucai.com\\\/ca\\\/#organization\",\"name\":\"Tucai\",\"url\":\"https:\\\/\\\/www.tucai.com\\\/ca\\\/\",\"logo\":{\"@type\":\"ImageObject\",\"inLanguage\":\"ca\",\"@id\":\"https:\\\/\\\/www.tucai.com\\\/ca\\\/#\\\/schema\\\/logo\\\/image\\\/\",\"url\":\"https:\\\/\\\/www.tucai.com\\\/wp-content\\\/uploads\\\/2022\\\/10\\\/logo-tucai.png\",\"contentUrl\":\"https:\\\/\\\/www.tucai.com\\\/wp-content\\\/uploads\\\/2022\\\/10\\\/logo-tucai.png\",\"width\":350,\"height\":100,\"caption\":\"Tucai\"},\"image\":{\"@id\":\"https:\\\/\\\/www.tucai.com\\\/ca\\\/#\\\/schema\\\/logo\\\/image\\\/\"}}]}<\/script>\n<!-- \/ Yoast SEO plugin. -->","yoast_head_json":{"title":"T750 - Tucai","robots":{"index":"index","follow":"follow","max-snippet":"max-snippet:-1","max-image-preview":"max-image-preview:large","max-video-preview":"max-video-preview:-1"},"canonical":"https:\/\/www.tucai.com\/ca\/producte\/t750\/","og_locale":"ca_ES","og_type":"article","og_title":"T750 - Tucai","og_description":"Regulaci\u00f3 cabal 3\/4 volta Anticorrosi\u00f3 Classe ac\u00fastica I F\u00e0cil instal\u00b7laci\u00f3","og_url":"https:\/\/www.tucai.com\/ca\/producte\/t750\/","og_site_name":"Tucai","article_modified_time":"2025-09-19T13:35:44+00:00","og_image":[{"width":1156,"height":768,"url":"https:\/\/www.tucai.com\/wp-content\/uploads\/2023\/06\/T750.jpg","type":"image\/jpeg"}],"twitter_card":"summary_large_image","schema":{"@context":"https:\/\/schema.org","@graph":[{"@type":"WebPage","@id":"https:\/\/www.tucai.com\/ca\/producte\/t750\/","url":"https:\/\/www.tucai.com\/ca\/producte\/t750\/","name":"T750 - Tucai","isPartOf":{"@id":"https:\/\/www.tucai.com\/ca\/#website"},"primaryImageOfPage":{"@id":"https:\/\/www.tucai.com\/ca\/producte\/t750\/#primaryimage"},"image":{"@id":"https:\/\/www.tucai.com\/ca\/producte\/t750\/#primaryimage"},"thumbnailUrl":"https:\/\/www.tucai.com\/wp-content\/uploads\/2023\/06\/T750.jpg","datePublished":"2023-06-21T13:12:41+00:00","dateModified":"2025-09-19T13:35:44+00:00","breadcrumb":{"@id":"https:\/\/www.tucai.com\/ca\/producte\/t750\/#breadcrumb"},"inLanguage":"ca","potentialAction":[{"@type":"ReadAction","target":["https:\/\/www.tucai.com\/ca\/producte\/t750\/"]}]},{"@type":"ImageObject","inLanguage":"ca","@id":"https:\/\/www.tucai.com\/ca\/producte\/t750\/#primaryimage","url":"https:\/\/www.tucai.com\/wp-content\/uploads\/2023\/06\/T750.jpg","contentUrl":"https:\/\/www.tucai.com\/wp-content\/uploads\/2023\/06\/T750.jpg","width":1156,"height":768},{"@type":"BreadcrumbList","@id":"https:\/\/www.tucai.com\/ca\/producte\/t750\/#breadcrumb","itemListElement":[{"@type":"ListItem","position":1,"name":"Portada","item":"https:\/\/www.tucai.com\/ca\/inici\/"},{"@type":"ListItem","position":2,"name":"Productes","item":"https:\/\/www.tucai.com\/ca\/shop\/"},{"@type":"ListItem","position":3,"name":"T750"}]},{"@type":"WebSite","@id":"https:\/\/www.tucai.com\/ca\/#website","url":"https:\/\/www.tucai.com\/ca\/","name":"Tucai","description":"Latiguillos Flexibles y V\u00e1lvulas","publisher":{"@id":"https:\/\/www.tucai.com\/ca\/#organization"},"potentialAction":[{"@type":"SearchAction","target":{"@type":"EntryPoint","urlTemplate":"https:\/\/www.tucai.com\/ca\/?s={search_term_string}"},"query-input":{"@type":"PropertyValueSpecification","valueRequired":true,"valueName":"search_term_string"}}],"inLanguage":"ca"},{"@type":"Organization","@id":"https:\/\/www.tucai.com\/ca\/#organization","name":"Tucai","url":"https:\/\/www.tucai.com\/ca\/","logo":{"@type":"ImageObject","inLanguage":"ca","@id":"https:\/\/www.tucai.com\/ca\/#\/schema\/logo\/image\/","url":"https:\/\/www.tucai.com\/wp-content\/uploads\/2022\/10\/logo-tucai.png","contentUrl":"https:\/\/www.tucai.com\/wp-content\/uploads\/2022\/10\/logo-tucai.png","width":350,"height":100,"caption":"Tucai"},"image":{"@id":"https:\/\/www.tucai.com\/ca\/#\/schema\/logo\/image\/"}}]}},"_links":{"self":[{"href":"https:\/\/www.tucai.com\/ca\/wp-json\/wp\/v2\/product\/11107","targetHints":{"allow":["GET"]}}],"collection":[{"href":"https:\/\/www.tucai.com\/ca\/wp-json\/wp\/v2\/product"}],"about":[{"href":"https:\/\/www.tucai.com\/ca\/wp-json\/wp\/v2\/types\/product"}],"version-history":[{"count":0,"href":"https:\/\/www.tucai.com\/ca\/wp-json\/wp\/v2\/product\/11107\/revisions"}],"wp:featuredmedia":[{"embeddable":true,"href":"https:\/\/www.tucai.com\/ca\/wp-json\/wp\/v2\/media\/9519"}],"wp:attachment":[{"href":"https:\/\/www.tucai.com\/ca\/wp-json\/wp\/v2\/media?parent=11107"}],"wp:term":[{"taxonomy":"clasificacion","embeddable":true,"href":"https:\/\/www.tucai.com\/ca\/wp-json\/wp\/v2\/clasificacion?post=11107"},{"taxonomy":"descargable","embeddable":true,"href":"https:\/\/www.tucai.com\/ca\/wp-json\/wp\/v2\/descargable?post=11107"},{"taxonomy":"tipo","embeddable":true,"href":"https:\/\/www.tucai.com\/ca\/wp-json\/wp\/v2\/tipo?post=11107"},{"taxonomy":"product_brand","embeddable":true,"href":"https:\/\/www.tucai.com\/ca\/wp-json\/wp\/v2\/product_brand?post=11107"},{"taxonomy":"product_cat","embeddable":true,"href":"https:\/\/www.tucai.com\/ca\/wp-json\/wp\/v2\/product_cat?post=11107"},{"taxonomy":"product_tag","embeddable":true,"href":"https:\/\/www.tucai.com\/ca\/wp-json\/wp\/v2\/product_tag?post=11107"}],"curies":[{"name":"wp","href":"https:\/\/api.w.org\/{rel}","templated":true}]}}