{"id":11147,"date":"2023-06-21T13:12:41","date_gmt":"2023-06-21T13:12:41","guid":{"rendered":"https:\/\/tuc001.tucai.com\/producto\/m555\/"},"modified":"2025-09-19T15:33:48","modified_gmt":"2025-09-19T13:33:48","slug":"m555","status":"publish","type":"product","link":"https:\/\/www.tucai.com\/ca\/producte\/m555\/","title":{"rendered":"M555"},"content":{"rendered":"<ul>\n<li>Anti fugida<\/li>\n<li>Resistent a la pressi\u00f3<\/li>\n<li>Sistema antiretorn incorporat<\/li>\n<li>F\u00e0cil instal\u00b7laci\u00f3 amb femella girat\u00f2ria i junta plana<\/li>\n<li>Sistema antifuita a l&#8217;eix<\/li>\n<li>Maneta apta per a espais redu\u00efts<\/li>\n<li>1\/4 de tornada<\/li>\n<\/ul>\n","protected":false},"excerpt":{"rendered":"<p>Anti fugida Resistent a la pressi\u00f3 Sistema antiretorn incorporat F\u00e0cil instal\u00b7laci\u00f3 amb femella girat\u00f2ria i junta plana Sistema antifuita a l&#8217;eix Maneta apta per a espais redu\u00efts 1\/4 de tornada<\/p>\n","protected":false},"featured_media":9491,"template":"","meta":{"_acf_changed":false},"clasificacion":[392],"descargable":[],"tipo":[438],"product_brand":[],"product_cat":[454,410,418],"product_tag":[],"class_list":{"0":"post-11147","1":"product","2":"type-product","3":"status-publish","4":"has-post-thumbnail","6":"clasificacion-valvules-desfera-ca","7":"tipo-valvules-ca","8":"product_cat-bateria-de-comptadors-ca","9":"product_cat-climatitzacio-ca","10":"product_cat-sostres-radiants-ca","12":"first","13":"instock","14":"product-type-simple"},"acf":[],"yoast_head":"<!-- This site is optimized with the Yoast SEO plugin v26.5 - https:\/\/yoast.com\/wordpress\/plugins\/seo\/ -->\n<title>M555 - Tucai<\/title>\n<meta name=\"robots\" content=\"index, follow, max-snippet:-1, max-image-preview:large, max-video-preview:-1\" \/>\n<link rel=\"canonical\" href=\"https:\/\/www.tucai.com\/ca\/producte\/m555\/\" \/>\n<meta property=\"og:locale\" content=\"ca_ES\" \/>\n<meta property=\"og:type\" content=\"article\" \/>\n<meta property=\"og:title\" content=\"M555 - Tucai\" \/>\n<meta property=\"og:description\" content=\"Anti fugida Resistent a la pressi\u00f3 Sistema antiretorn incorporat F\u00e0cil instal\u00b7laci\u00f3 amb femella girat\u00f2ria i junta plana Sistema antifuita a l&#8217;eix Maneta apta per a espais redu\u00efts 1\/4 de tornada\" \/>\n<meta property=\"og:url\" content=\"https:\/\/www.tucai.com\/ca\/producte\/m555\/\" \/>\n<meta property=\"og:site_name\" content=\"Tucai\" \/>\n<meta property=\"article:modified_time\" content=\"2025-09-19T13:33:48+00:00\" \/>\n<meta property=\"og:image\" content=\"https:\/\/www.tucai.com\/wp-content\/uploads\/2023\/06\/M555.jpg\" \/>\n\t<meta property=\"og:image:width\" content=\"1150\" \/>\n\t<meta property=\"og:image:height\" content=\"772\" \/>\n\t<meta property=\"og:image:type\" content=\"image\/jpeg\" \/>\n<meta name=\"twitter:card\" content=\"summary_large_image\" \/>\n<meta name=\"twitter:label1\" content=\"Temps estimat de lectura\" \/>\n\t<meta name=\"twitter:data1\" content=\"1 minut\" \/>\n<script type=\"application\/ld+json\" class=\"yoast-schema-graph\">{\"@context\":\"https:\/\/schema.org\",\"@graph\":[{\"@type\":\"WebPage\",\"@id\":\"https:\/\/www.tucai.com\/ca\/producte\/m555\/\",\"url\":\"https:\/\/www.tucai.com\/ca\/producte\/m555\/\",\"name\":\"M555 - Tucai\",\"isPartOf\":{\"@id\":\"https:\/\/www.tucai.com\/ca\/#website\"},\"primaryImageOfPage\":{\"@id\":\"https:\/\/www.tucai.com\/ca\/producte\/m555\/#primaryimage\"},\"image\":{\"@id\":\"https:\/\/www.tucai.com\/ca\/producte\/m555\/#primaryimage\"},\"thumbnailUrl\":\"https:\/\/www.tucai.com\/wp-content\/uploads\/2023\/06\/M555.jpg\",\"datePublished\":\"2023-06-21T13:12:41+00:00\",\"dateModified\":\"2025-09-19T13:33:48+00:00\",\"breadcrumb\":{\"@id\":\"https:\/\/www.tucai.com\/ca\/producte\/m555\/#breadcrumb\"},\"inLanguage\":\"ca\",\"potentialAction\":[{\"@type\":\"ReadAction\",\"target\":[\"https:\/\/www.tucai.com\/ca\/producte\/m555\/\"]}]},{\"@type\":\"ImageObject\",\"inLanguage\":\"ca\",\"@id\":\"https:\/\/www.tucai.com\/ca\/producte\/m555\/#primaryimage\",\"url\":\"https:\/\/www.tucai.com\/wp-content\/uploads\/2023\/06\/M555.jpg\",\"contentUrl\":\"https:\/\/www.tucai.com\/wp-content\/uploads\/2023\/06\/M555.jpg\",\"width\":1150,\"height\":772},{\"@type\":\"BreadcrumbList\",\"@id\":\"https:\/\/www.tucai.com\/ca\/producte\/m555\/#breadcrumb\",\"itemListElement\":[{\"@type\":\"ListItem\",\"position\":1,\"name\":\"Portada\",\"item\":\"https:\/\/www.tucai.com\/ca\/inici\/\"},{\"@type\":\"ListItem\",\"position\":2,\"name\":\"Productes\",\"item\":\"https:\/\/www.tucai.com\/ca\/shop\/\"},{\"@type\":\"ListItem\",\"position\":3,\"name\":\"M555\"}]},{\"@type\":\"WebSite\",\"@id\":\"https:\/\/www.tucai.com\/ca\/#website\",\"url\":\"https:\/\/www.tucai.com\/ca\/\",\"name\":\"Tucai\",\"description\":\"Latiguillos Flexibles y V\u00e1lvulas\",\"publisher\":{\"@id\":\"https:\/\/www.tucai.com\/ca\/#organization\"},\"potentialAction\":[{\"@type\":\"SearchAction\",\"target\":{\"@type\":\"EntryPoint\",\"urlTemplate\":\"https:\/\/www.tucai.com\/ca\/?s={search_term_string}\"},\"query-input\":{\"@type\":\"PropertyValueSpecification\",\"valueRequired\":true,\"valueName\":\"search_term_string\"}}],\"inLanguage\":\"ca\"},{\"@type\":\"Organization\",\"@id\":\"https:\/\/www.tucai.com\/ca\/#organization\",\"name\":\"Tucai\",\"url\":\"https:\/\/www.tucai.com\/ca\/\",\"logo\":{\"@type\":\"ImageObject\",\"inLanguage\":\"ca\",\"@id\":\"https:\/\/www.tucai.com\/ca\/#\/schema\/logo\/image\/\",\"url\":\"https:\/\/www.tucai.com\/wp-content\/uploads\/2022\/10\/logo-tucai.png\",\"contentUrl\":\"https:\/\/www.tucai.com\/wp-content\/uploads\/2022\/10\/logo-tucai.png\",\"width\":350,\"height\":100,\"caption\":\"Tucai\"},\"image\":{\"@id\":\"https:\/\/www.tucai.com\/ca\/#\/schema\/logo\/image\/\"}}]}<\/script>\n<!-- \/ Yoast SEO plugin. -->","yoast_head_json":{"title":"M555 - Tucai","robots":{"index":"index","follow":"follow","max-snippet":"max-snippet:-1","max-image-preview":"max-image-preview:large","max-video-preview":"max-video-preview:-1"},"canonical":"https:\/\/www.tucai.com\/ca\/producte\/m555\/","og_locale":"ca_ES","og_type":"article","og_title":"M555 - Tucai","og_description":"Anti fugida Resistent a la pressi\u00f3 Sistema antiretorn incorporat F\u00e0cil instal\u00b7laci\u00f3 amb femella girat\u00f2ria i junta plana Sistema antifuita a l&#8217;eix Maneta apta per a espais redu\u00efts 1\/4 de tornada","og_url":"https:\/\/www.tucai.com\/ca\/producte\/m555\/","og_site_name":"Tucai","article_modified_time":"2025-09-19T13:33:48+00:00","og_image":[{"width":1150,"height":772,"url":"https:\/\/www.tucai.com\/wp-content\/uploads\/2023\/06\/M555.jpg","type":"image\/jpeg"}],"twitter_card":"summary_large_image","twitter_misc":{"Temps estimat de lectura":"1 minut"},"schema":{"@context":"https:\/\/schema.org","@graph":[{"@type":"WebPage","@id":"https:\/\/www.tucai.com\/ca\/producte\/m555\/","url":"https:\/\/www.tucai.com\/ca\/producte\/m555\/","name":"M555 - Tucai","isPartOf":{"@id":"https:\/\/www.tucai.com\/ca\/#website"},"primaryImageOfPage":{"@id":"https:\/\/www.tucai.com\/ca\/producte\/m555\/#primaryimage"},"image":{"@id":"https:\/\/www.tucai.com\/ca\/producte\/m555\/#primaryimage"},"thumbnailUrl":"https:\/\/www.tucai.com\/wp-content\/uploads\/2023\/06\/M555.jpg","datePublished":"2023-06-21T13:12:41+00:00","dateModified":"2025-09-19T13:33:48+00:00","breadcrumb":{"@id":"https:\/\/www.tucai.com\/ca\/producte\/m555\/#breadcrumb"},"inLanguage":"ca","potentialAction":[{"@type":"ReadAction","target":["https:\/\/www.tucai.com\/ca\/producte\/m555\/"]}]},{"@type":"ImageObject","inLanguage":"ca","@id":"https:\/\/www.tucai.com\/ca\/producte\/m555\/#primaryimage","url":"https:\/\/www.tucai.com\/wp-content\/uploads\/2023\/06\/M555.jpg","contentUrl":"https:\/\/www.tucai.com\/wp-content\/uploads\/2023\/06\/M555.jpg","width":1150,"height":772},{"@type":"BreadcrumbList","@id":"https:\/\/www.tucai.com\/ca\/producte\/m555\/#breadcrumb","itemListElement":[{"@type":"ListItem","position":1,"name":"Portada","item":"https:\/\/www.tucai.com\/ca\/inici\/"},{"@type":"ListItem","position":2,"name":"Productes","item":"https:\/\/www.tucai.com\/ca\/shop\/"},{"@type":"ListItem","position":3,"name":"M555"}]},{"@type":"WebSite","@id":"https:\/\/www.tucai.com\/ca\/#website","url":"https:\/\/www.tucai.com\/ca\/","name":"Tucai","description":"Latiguillos Flexibles y V\u00e1lvulas","publisher":{"@id":"https:\/\/www.tucai.com\/ca\/#organization"},"potentialAction":[{"@type":"SearchAction","target":{"@type":"EntryPoint","urlTemplate":"https:\/\/www.tucai.com\/ca\/?s={search_term_string}"},"query-input":{"@type":"PropertyValueSpecification","valueRequired":true,"valueName":"search_term_string"}}],"inLanguage":"ca"},{"@type":"Organization","@id":"https:\/\/www.tucai.com\/ca\/#organization","name":"Tucai","url":"https:\/\/www.tucai.com\/ca\/","logo":{"@type":"ImageObject","inLanguage":"ca","@id":"https:\/\/www.tucai.com\/ca\/#\/schema\/logo\/image\/","url":"https:\/\/www.tucai.com\/wp-content\/uploads\/2022\/10\/logo-tucai.png","contentUrl":"https:\/\/www.tucai.com\/wp-content\/uploads\/2022\/10\/logo-tucai.png","width":350,"height":100,"caption":"Tucai"},"image":{"@id":"https:\/\/www.tucai.com\/ca\/#\/schema\/logo\/image\/"}}]}},"_links":{"self":[{"href":"https:\/\/www.tucai.com\/ca\/wp-json\/wp\/v2\/product\/11147","targetHints":{"allow":["GET"]}}],"collection":[{"href":"https:\/\/www.tucai.com\/ca\/wp-json\/wp\/v2\/product"}],"about":[{"href":"https:\/\/www.tucai.com\/ca\/wp-json\/wp\/v2\/types\/product"}],"version-history":[{"count":0,"href":"https:\/\/www.tucai.com\/ca\/wp-json\/wp\/v2\/product\/11147\/revisions"}],"wp:featuredmedia":[{"embeddable":true,"href":"https:\/\/www.tucai.com\/ca\/wp-json\/wp\/v2\/media\/9491"}],"wp:attachment":[{"href":"https:\/\/www.tucai.com\/ca\/wp-json\/wp\/v2\/media?parent=11147"}],"wp:term":[{"taxonomy":"clasificacion","embeddable":true,"href":"https:\/\/www.tucai.com\/ca\/wp-json\/wp\/v2\/clasificacion?post=11147"},{"taxonomy":"descargable","embeddable":true,"href":"https:\/\/www.tucai.com\/ca\/wp-json\/wp\/v2\/descargable?post=11147"},{"taxonomy":"tipo","embeddable":true,"href":"https:\/\/www.tucai.com\/ca\/wp-json\/wp\/v2\/tipo?post=11147"},{"taxonomy":"product_brand","embeddable":true,"href":"https:\/\/www.tucai.com\/ca\/wp-json\/wp\/v2\/product_brand?post=11147"},{"taxonomy":"product_cat","embeddable":true,"href":"https:\/\/www.tucai.com\/ca\/wp-json\/wp\/v2\/product_cat?post=11147"},{"taxonomy":"product_tag","embeddable":true,"href":"https:\/\/www.tucai.com\/ca\/wp-json\/wp\/v2\/product_tag?post=11147"}],"curies":[{"name":"wp","href":"https:\/\/api.w.org\/{rel}","templated":true}]}}