{"id":16058,"date":"2023-06-29T19:56:48","date_gmt":"2023-06-29T17:56:48","guid":{"rendered":"https:\/\/www.tucai.com\/rechtliche-hinweise-impressum\/"},"modified":"2025-09-19T13:47:50","modified_gmt":"2025-09-19T11:47:50","slug":"rechtliche-hinweise-impressum","status":"publish","type":"page","link":"https:\/\/www.tucai.com\/de\/rechtliche-hinweise-impressum\/","title":{"rendered":"Rechtliche Hinweise \/ Impressum"},"content":{"rendered":"\t\t<div data-elementor-type=\"wp-page\" data-elementor-id=\"16058\" class=\"elementor elementor-16058 elementor-3134\" data-elementor-post-type=\"page\">\n\t\t\t\t<div class=\"elementor-element elementor-element-755fb24 e-flex e-con-boxed e-con e-parent\" data-id=\"755fb24\" data-element_type=\"container\" data-e-type=\"container\">\n\t\t\t\t\t<div class=\"e-con-inner\">\n\t\t<div class=\"elementor-element elementor-element-c5e57c2 e-con-full e-flex e-con e-child\" data-id=\"c5e57c2\" data-element_type=\"container\" data-e-type=\"container\">\n\t\t\t\t<div class=\"elementor-element elementor-element-99a1fe5 elementor-widget elementor-widget-heading\" data-id=\"99a1fe5\" data-element_type=\"widget\" data-e-type=\"widget\" data-widget_type=\"heading.default\">\n\t\t\t\t\t<h2 class=\"elementor-heading-title elementor-size-default\">Rechtliche Hinweise \/ Impressum<\/h2>\t\t\t\t<\/div>\n\t\t\t\t<div class=\"elementor-element elementor-element-bca0b7c elementor-widget elementor-widget-text-editor\" data-id=\"bca0b7c\" data-element_type=\"widget\" data-e-type=\"widget\" data-widget_type=\"text-editor.default\">\n\t\t\t\t\t\t\t\t\t<ol><li><strong><u>Allgemeine Informationen<\/u><\/strong><\/li><\/ol><p>TUCAI, SA (im Folgenden &#8222;TUCAI&#8220;), hat seinen Sitz in der Calle Llobateras 10-12 P.I. Santiga, Barber\u00e0 del Vall\u00e8s (08210), Barcelona, Spanien, CIF A08146623 und ist im Februar 1988 im Handelsregister von Barcelona, Band 34966 Folio 225 Seite B 4358 eingetragen.<\/p><p>E-Mail: info@tucai.com<\/p><p>Telefonnummer: 937189562<\/p><p>Zweck dieses rechtlichen Hinweises ist es, die Bedingungen festzulegen, die den Zugang und die allgemeine Nutzung der oben genannten Website durch alle Nutzer regeln, so dass der Zugang und die Nutzung derselben notwendigerweise die Unterwerfung unter und die Annahme der in diesem rechtlichen Hinweis enthaltenen Bedingungen impliziert.<\/p><p>TUCAI beh\u00e4lt sich das Recht vor, jederzeit und ohne vorherige Ank\u00fcndigung \u00c4nderungen oder Aktualisierungen an den Inhalten und Dienstleistungen dieser Zugangs- und Nutzungsbedingungen sowie allgemein an allen Elementen vorzunehmen, die das Design und die Konfiguration seiner Website ausmachen.<\/p><p>Die Inhalte der Website werden dem Nutzer von der TUCAI als ihre eigenen Informationen oder gegebenenfalls als die von Dritten zur Verf\u00fcgung gestellt.\nDie TUCAI setzt alle ihr zur Verf\u00fcgung stehenden angemessenen Mittel ein, um die Richtigkeit und Aktualit\u00e4t der auf ihrer Website enthaltenen Inhalte zu gew\u00e4hrleisten. <\/p><ol start=\"2\"><li><strong><u>Bedingungen f\u00fcr die Nutzung<\/u><\/strong><\/li><\/ol><p>Mit diesen Nutzungsbedingungen regelt die TUCAI den Zugang zur Website <a href=\"http:\/\/www.tucai.com\">www.tucai.com<\/a> (im Folgenden die Website) und die Bereitstellung der darin enthaltenen Informationen f\u00fcr ihre Kunden und andere Nutzer des Netzes.<\/p><p>Die Nutzung der Website setzt voraus, dass der Benutzer die rechtlichen Hinweise, Bedingungen und Nutzungsbedingungen, die in diesem rechtlichen Hinweis und anderen auf der Website zug\u00e4nglichen Rechtstexten enthalten sind, akzeptiert und ausdr\u00fccklich anerkennt.<\/p><p>TUCAI beh\u00e4lt sich das Recht vor, jederzeit und ohne vorherige Ank\u00fcndigung \u00c4nderungen oder Aktualisierungen der Inhalte und Dienstleistungen, der vorliegenden Zugangs- und Nutzungsbedingungen und allgemein aller Elemente vorzunehmen, die das Design und die Konfiguration der Website ausmachen.\nEs wird daher empfohlen, dass die Benutzer die allgemeinen Bedingungen jedes Mal sorgf\u00e4ltig und aufmerksam lesen, wenn sie die Website betreten und nutzen m\u00f6chten, da diese \u00c4nderungen unterliegen k\u00f6nnen. <\/p><p>Der Nutzer verpflichtet sich, die Informationen, Aktivit\u00e4ten, Produkte oder Dienstleistungen, die ihm von TUCAI zur Verf\u00fcgung gestellt werden, nicht f\u00fcr Aktivit\u00e4ten zu nutzen, die gegen das Gesetz, die Moral oder die \u00f6ffentliche Ordnung versto\u00dfen, und sie im Allgemeinen in \u00dcbereinstimmung mit diesen Allgemeinen Bedingungen zu nutzen.<\/p><ol start=\"3\"><li><strong><u>Zugang zur Website<\/u><\/strong><\/li><\/ol><p>Der Nutzer kann kostenlos und unentgeltlich auf die Website zugreifen, mit Ausnahme der Kosten f\u00fcr die Verbindung \u00fcber das Telekommunikationsnetz, die von dem vom Nutzer beauftragten Internet Service Provider (ISP) bereitgestellt werden.<\/p><p>Die TUCAI informiert ihrerseits, dass sie nicht f\u00fcr die Erbringung von Dienstleistungen und Lieferungen durch Dritte, einschlie\u00dflich des Transports \u00fcber Telekommunikationsnetze, verantwortlich ist, deren Zuverl\u00e4ssigkeit, Qualit\u00e4t, Kontinuit\u00e4t und Betrieb ihr nicht entsprechen und deren Zugang aus technischen Gr\u00fcnden und insbesondere im Falle h\u00f6herer Gewalt ausgesetzt, aufgehoben oder unzug\u00e4nglich werden kann.\nWenn die Unterbrechung dauerhaft ist, werden die Nutzer \u00fcber diesen Umstand informiert und k\u00f6nnen gegebenenfalls den Verlust der in den verschiedenen Diensten gespeicherten Informationen erleiden. <\/p><p>Folglich \u00fcbernimmt die TUCAI keinerlei Haftung f\u00fcr die Folgen von Unterbrechungen, da sie die Zuverl\u00e4ssigkeit, Verf\u00fcgbarkeit und Kontinuit\u00e4t ihrer Website nicht garantieren kann.<\/p><ol start=\"4\"><li><strong><u>Links zu Websites von Dritten<\/u><\/strong><\/li><\/ol><p>Der Zugangsservice zur Website umfasst technische Verkn\u00fcpfungen, die es dem Nutzer erm\u00f6glichen, auf andere Internetseiten und Portale zuzugreifen.\nIn diesen F\u00e4llen handelt TUCAI als Anbieter von Vermittlungsdiensten gem\u00e4\u00df Artikel 17 des Gesetzes 34\/2002 vom 11. Juli \u00fcber die Dienste der Informationsgesellschaft und den elektronischen Gesch\u00e4ftsverkehr (LSSI) und ist f\u00fcr die auf den verlinkten Seiten angebotenen Inhalte und Dienste nur insoweit verantwortlich, als sie von der Rechtswidrigkeit tats\u00e4chlich Kenntnis hat und den Link nicht mit der gebotenen Sorgfalt deaktiviert hat. <\/p><p>Das Vorhandensein von Links oder Verbindungen sollte weder das Bestehen von Vereinbarungen mit den Verantwortlichen oder Eigent\u00fcmern derselben voraussetzen, noch die Empfehlung, F\u00f6rderung oder Identifizierung der TUCAI mit den bereitgestellten Aussagen, Inhalten oder Dienstleistungen.<\/p><ol start=\"5\"><li><strong><u>Gewerbliches und geistiges Eigentum<\/u><\/strong><\/li><\/ol><p>Alle Inhalte der Website (einschlie\u00dflich, aber nicht beschr\u00e4nkt auf die Handelsnamen, Marken, Zeichen, Erkennungszeichen oder Logos von TUCAI, den Domainnamen www.tucai.com, Datenbanken, Bilder, Zeichnungen, Grafiken, Textdateien, Audio- und Videodateien und Software) sind Eigentum von TUCAI oder TUCAI verf\u00fcgt \u00fcber die erforderlichen Lizenzen und\/oder Genehmigungen der Inhaber dieser Rechte an den vorgenannten Inhalten, um diese zu nutzen.\nDiese Inhalte sind durch nationale oder internationale Gesetze zum geistigen und gewerblichen Eigentum gesch\u00fctzt. <\/p><p>Diese Inhalte d\u00fcrfen ohne ausdr\u00fcckliche Genehmigung der TUCAI weder vom Nutzer noch von Dritten modifiziert, kopiert, ver\u00e4ndert, reproduziert, angepasst oder \u00fcbersetzt werden, sofern nicht anders angegeben.\nDie \u00dcbertragung der vorgenannten Rechte bedarf der vorherigen schriftlichen Zustimmung des Inhabers dieser Rechte, so dass der Kunde oder Nutzer diese Inhalte nicht an Dritte weitergeben darf. <\/p><p>Die unbefugte Nutzung der auf dieser Website enthaltenen Informationen sowie jede Verletzung der Rechte an geistigem oder gewerblichem Eigentum zieht die gesetzlich festgelegten Verantwortlichkeiten nach sich.<\/p><ol start=\"6\"><li><strong><u>Datenschutzbestimmungen<\/u><\/strong><\/li><\/ol><p>Die TUCAI stellt dem Nutzer die erforderlichen Informationen zur Verf\u00fcgung, damit er im Voraus seine Zustimmung zur Verarbeitung seiner personenbezogenen Daten durch die TUCAI gem\u00e4\u00df den gew\u00fcnschten Zwecken erteilen und diese in die entsprechende Datei mit personenbezogenen Daten im Besitz der TUCAI aufnehmen kann.<\/p><p>TUCAI gew\u00e4hrleistet die Einhaltung der Verpflichtungen, die in der Verordnung (EU) 2016\/679 des Europ\u00e4ischen Parlaments und des Rates vom 27. April 2016 zum Schutz nat\u00fcrlicher Personen bei der Verarbeitung personenbezogener Daten, zum freien Datenverkehr und zur Aufhebung der Richtlinie 95\/46\/EG (Allgemeine Datenschutzverordnung oder GDPR) festgelegt sind, und stellt den Nutzern die <a href=\"https:\/\/www.tucai.com\/declaracion-de-privacidad-ue\/\">Datenschutzrichtlinie<\/a> mit detaillierten Informationen f\u00fcr die Nutzer zur Verf\u00fcgung.<\/p><ol start=\"7\"><li><strong><u>Cookies<\/u><\/strong><\/li><\/ol><p>Die TUCAI-Website verwendet Tracking-Cookies.<\/p><p>In jedem Fall hat der Nutzer die M\u00f6glichkeit, die Konfiguration seiner Browser-Cookies zu kontrollieren und\/oder zu \u00e4ndern sowie sie zu l\u00f6schen.\nF\u00fcr weitere Informationen dar\u00fcber, wie Sie diese Einstellungen in Ihrem Browser \u00e4ndern k\u00f6nnen, kann der Nutzer die &#8222;Hilfe&#8220;-Funktion seines Browsers konsultieren.\nTUCAI \u00fcbernimmt jedoch keine Verantwortung, wenn die Deaktivierung von Cookies das ordnungsgem\u00e4\u00dfe Funktionieren der Website verhindert.  <\/p><p>In Bezug auf Cookies konsultieren Sie bitte unsere Richtlinie <a href=\"https:\/\/www.tucai.com\/politica-de-cookies\/\">unter diesem Link<\/a>.<\/p><ol start=\"8\"><li><strong><u>Anwendbare Gesetzgebung<\/u><\/strong><\/li><\/ol><p>Die Bereitstellung des Dienstes dieser Website und die vorliegenden Nutzungsbedingungen sowie alle Beziehungen, die sich aus der Nutzung dieser Website ergeben k\u00f6nnen, unterliegen dem spanischen Recht.\nDie Parteien erkl\u00e4ren sich unter ausdr\u00fccklichem Verzicht auf jede andere Gerichtsbarkeit, die ihnen zustehen k\u00f6nnte, damit einverstanden, sich im Falle von Streitigkeiten, die sich aus dem Zugang zu oder der Nutzung dieser Website ergeben k\u00f6nnten, der Gerichtsbarkeit der Gerichte von Barcelona zu unterwerfen. <\/p><p>Diese Datenschutzrichtlinie wurde am 15. Juli 2024 aktualisiert.<\/p>\t\t\t\t\t\t\t\t<\/div>\n\t\t\t\t<\/div>\n\t\t\t\t\t<\/div>\n\t\t\t\t<\/div>\n\t\t\t\t<\/div>\n\t\t","protected":false},"excerpt":{"rendered":"<p>Rechtliche Hinweise \/ Impressum Allgemeine Informationen TUCAI, SA (im Folgenden &#8222;TUCAI&#8220;), hat seinen Sitz in der Calle Llobateras 10-12 P.I. Santiga, Barber\u00e0 del Vall\u00e8s (08210), Barcelona, Spanien, CIF A08146623 und ist im Februar 1988 im Handelsregister von Barcelona, Band 34966 Folio 225 Seite B 4358 eingetragen. E-Mail: info@tucai.com Telefonnummer: 937189562 Zweck dieses rechtlichen Hinweises ist [&hellip;]<\/p>\n","protected":false},"author":1,"featured_media":0,"parent":0,"menu_order":0,"comment_status":"closed","ping_status":"closed","template":"","meta":{"_acf_changed":false,"footnotes":""},"class_list":["post-16058","page","type-page","status-publish","hentry"],"acf":[],"yoast_head":"<!-- This site is optimized with the Yoast SEO plugin v27.3 - https:\/\/yoast.com\/product\/yoast-seo-wordpress\/ -->\n<title>Rechtliche Hinweise \/ Impressum - Tucai<\/title>\n<meta name=\"robots\" content=\"index, follow, max-snippet:-1, max-image-preview:large, max-video-preview:-1\" \/>\n<link rel=\"canonical\" href=\"https:\/\/www.tucai.com\/de\/rechtliche-hinweise-impressum\/\" \/>\n<meta property=\"og:locale\" content=\"de_DE\" \/>\n<meta property=\"og:type\" content=\"article\" \/>\n<meta property=\"og:title\" content=\"Rechtliche Hinweise \/ Impressum - Tucai\" \/>\n<meta property=\"og:description\" content=\"Rechtliche Hinweise \/ Impressum Allgemeine Informationen TUCAI, SA (im Folgenden &#8222;TUCAI&#8220;), hat seinen Sitz in der Calle Llobateras 10-12 P.I. Santiga, Barber\u00e0 del Vall\u00e8s (08210), Barcelona, Spanien, CIF A08146623 und ist im Februar 1988 im Handelsregister von Barcelona, Band 34966 Folio 225 Seite B 4358 eingetragen. E-Mail: info@tucai.com Telefonnummer: 937189562 Zweck dieses rechtlichen Hinweises ist [&hellip;]\" \/>\n<meta property=\"og:url\" content=\"https:\/\/www.tucai.com\/de\/rechtliche-hinweise-impressum\/\" \/>\n<meta property=\"og:site_name\" content=\"Tucai\" \/>\n<meta property=\"article:modified_time\" content=\"2025-09-19T11:47:50+00:00\" \/>\n<meta property=\"og:image\" content=\"https:\/\/www.tucai.com\/wp-content\/uploads\/2022\/10\/logo-tucai.png\" \/>\n\t<meta property=\"og:image:width\" content=\"350\" \/>\n\t<meta property=\"og:image:height\" content=\"100\" \/>\n\t<meta property=\"og:image:type\" content=\"image\/png\" \/>\n<meta name=\"twitter:card\" content=\"summary_large_image\" \/>\n<meta name=\"twitter:label1\" content=\"Gesch\u00e4tzte Lesezeit\" \/>\n\t<meta name=\"twitter:data1\" content=\"5\u00a0Minuten\" \/>\n<script type=\"application\/ld+json\" class=\"yoast-schema-graph\">{\"@context\":\"https:\\\/\\\/schema.org\",\"@graph\":[{\"@type\":\"WebPage\",\"@id\":\"https:\\\/\\\/www.tucai.com\\\/de\\\/rechtliche-hinweise-impressum\\\/\",\"url\":\"https:\\\/\\\/www.tucai.com\\\/de\\\/rechtliche-hinweise-impressum\\\/\",\"name\":\"Rechtliche Hinweise \\\/ Impressum - Tucai\",\"isPartOf\":{\"@id\":\"https:\\\/\\\/www.tucai.com\\\/de\\\/#website\"},\"datePublished\":\"2023-06-29T17:56:48+00:00\",\"dateModified\":\"2025-09-19T11:47:50+00:00\",\"breadcrumb\":{\"@id\":\"https:\\\/\\\/www.tucai.com\\\/de\\\/rechtliche-hinweise-impressum\\\/#breadcrumb\"},\"inLanguage\":\"de\",\"potentialAction\":[{\"@type\":\"ReadAction\",\"target\":[\"https:\\\/\\\/www.tucai.com\\\/de\\\/rechtliche-hinweise-impressum\\\/\"]}]},{\"@type\":\"BreadcrumbList\",\"@id\":\"https:\\\/\\\/www.tucai.com\\\/de\\\/rechtliche-hinweise-impressum\\\/#breadcrumb\",\"itemListElement\":[{\"@type\":\"ListItem\",\"position\":1,\"name\":\"Portada\",\"item\":\"https:\\\/\\\/www.tucai.com\\\/de\\\/\"},{\"@type\":\"ListItem\",\"position\":2,\"name\":\"Rechtliche Hinweise \\\/ Impressum\"}]},{\"@type\":\"WebSite\",\"@id\":\"https:\\\/\\\/www.tucai.com\\\/de\\\/#website\",\"url\":\"https:\\\/\\\/www.tucai.com\\\/de\\\/\",\"name\":\"Tucai\",\"description\":\"Latiguillos Flexibles y V\u00e1lvulas\",\"publisher\":{\"@id\":\"https:\\\/\\\/www.tucai.com\\\/de\\\/#organization\"},\"potentialAction\":[{\"@type\":\"SearchAction\",\"target\":{\"@type\":\"EntryPoint\",\"urlTemplate\":\"https:\\\/\\\/www.tucai.com\\\/de\\\/?s={search_term_string}\"},\"query-input\":{\"@type\":\"PropertyValueSpecification\",\"valueRequired\":true,\"valueName\":\"search_term_string\"}}],\"inLanguage\":\"de\"},{\"@type\":\"Organization\",\"@id\":\"https:\\\/\\\/www.tucai.com\\\/de\\\/#organization\",\"name\":\"Tucai\",\"url\":\"https:\\\/\\\/www.tucai.com\\\/de\\\/\",\"logo\":{\"@type\":\"ImageObject\",\"inLanguage\":\"de\",\"@id\":\"https:\\\/\\\/www.tucai.com\\\/de\\\/#\\\/schema\\\/logo\\\/image\\\/\",\"url\":\"https:\\\/\\\/www.tucai.com\\\/wp-content\\\/uploads\\\/2022\\\/10\\\/logo-tucai.png\",\"contentUrl\":\"https:\\\/\\\/www.tucai.com\\\/wp-content\\\/uploads\\\/2022\\\/10\\\/logo-tucai.png\",\"width\":350,\"height\":100,\"caption\":\"Tucai\"},\"image\":{\"@id\":\"https:\\\/\\\/www.tucai.com\\\/de\\\/#\\\/schema\\\/logo\\\/image\\\/\"}}]}<\/script>\n<!-- \/ Yoast SEO plugin. -->","yoast_head_json":{"title":"Rechtliche Hinweise \/ Impressum - Tucai","robots":{"index":"index","follow":"follow","max-snippet":"max-snippet:-1","max-image-preview":"max-image-preview:large","max-video-preview":"max-video-preview:-1"},"canonical":"https:\/\/www.tucai.com\/de\/rechtliche-hinweise-impressum\/","og_locale":"de_DE","og_type":"article","og_title":"Rechtliche Hinweise \/ Impressum - Tucai","og_description":"Rechtliche Hinweise \/ Impressum Allgemeine Informationen TUCAI, SA (im Folgenden &#8222;TUCAI&#8220;), hat seinen Sitz in der Calle Llobateras 10-12 P.I. Santiga, Barber\u00e0 del Vall\u00e8s (08210), Barcelona, Spanien, CIF A08146623 und ist im Februar 1988 im Handelsregister von Barcelona, Band 34966 Folio 225 Seite B 4358 eingetragen. E-Mail: info@tucai.com Telefonnummer: 937189562 Zweck dieses rechtlichen Hinweises ist [&hellip;]","og_url":"https:\/\/www.tucai.com\/de\/rechtliche-hinweise-impressum\/","og_site_name":"Tucai","article_modified_time":"2025-09-19T11:47:50+00:00","og_image":[{"width":350,"height":100,"url":"https:\/\/www.tucai.com\/wp-content\/uploads\/2022\/10\/logo-tucai.png","type":"image\/png"}],"twitter_card":"summary_large_image","twitter_misc":{"Gesch\u00e4tzte Lesezeit":"5\u00a0Minuten"},"schema":{"@context":"https:\/\/schema.org","@graph":[{"@type":"WebPage","@id":"https:\/\/www.tucai.com\/de\/rechtliche-hinweise-impressum\/","url":"https:\/\/www.tucai.com\/de\/rechtliche-hinweise-impressum\/","name":"Rechtliche Hinweise \/ Impressum - Tucai","isPartOf":{"@id":"https:\/\/www.tucai.com\/de\/#website"},"datePublished":"2023-06-29T17:56:48+00:00","dateModified":"2025-09-19T11:47:50+00:00","breadcrumb":{"@id":"https:\/\/www.tucai.com\/de\/rechtliche-hinweise-impressum\/#breadcrumb"},"inLanguage":"de","potentialAction":[{"@type":"ReadAction","target":["https:\/\/www.tucai.com\/de\/rechtliche-hinweise-impressum\/"]}]},{"@type":"BreadcrumbList","@id":"https:\/\/www.tucai.com\/de\/rechtliche-hinweise-impressum\/#breadcrumb","itemListElement":[{"@type":"ListItem","position":1,"name":"Portada","item":"https:\/\/www.tucai.com\/de\/"},{"@type":"ListItem","position":2,"name":"Rechtliche Hinweise \/ Impressum"}]},{"@type":"WebSite","@id":"https:\/\/www.tucai.com\/de\/#website","url":"https:\/\/www.tucai.com\/de\/","name":"Tucai","description":"Latiguillos Flexibles y V\u00e1lvulas","publisher":{"@id":"https:\/\/www.tucai.com\/de\/#organization"},"potentialAction":[{"@type":"SearchAction","target":{"@type":"EntryPoint","urlTemplate":"https:\/\/www.tucai.com\/de\/?s={search_term_string}"},"query-input":{"@type":"PropertyValueSpecification","valueRequired":true,"valueName":"search_term_string"}}],"inLanguage":"de"},{"@type":"Organization","@id":"https:\/\/www.tucai.com\/de\/#organization","name":"Tucai","url":"https:\/\/www.tucai.com\/de\/","logo":{"@type":"ImageObject","inLanguage":"de","@id":"https:\/\/www.tucai.com\/de\/#\/schema\/logo\/image\/","url":"https:\/\/www.tucai.com\/wp-content\/uploads\/2022\/10\/logo-tucai.png","contentUrl":"https:\/\/www.tucai.com\/wp-content\/uploads\/2022\/10\/logo-tucai.png","width":350,"height":100,"caption":"Tucai"},"image":{"@id":"https:\/\/www.tucai.com\/de\/#\/schema\/logo\/image\/"}}]}},"_links":{"self":[{"href":"https:\/\/www.tucai.com\/de\/wp-json\/wp\/v2\/pages\/16058","targetHints":{"allow":["GET"]}}],"collection":[{"href":"https:\/\/www.tucai.com\/de\/wp-json\/wp\/v2\/pages"}],"about":[{"href":"https:\/\/www.tucai.com\/de\/wp-json\/wp\/v2\/types\/page"}],"author":[{"embeddable":true,"href":"https:\/\/www.tucai.com\/de\/wp-json\/wp\/v2\/users\/1"}],"replies":[{"embeddable":true,"href":"https:\/\/www.tucai.com\/de\/wp-json\/wp\/v2\/comments?post=16058"}],"version-history":[{"count":0,"href":"https:\/\/www.tucai.com\/de\/wp-json\/wp\/v2\/pages\/16058\/revisions"}],"wp:attachment":[{"href":"https:\/\/www.tucai.com\/de\/wp-json\/wp\/v2\/media?parent=16058"}],"curies":[{"name":"wp","href":"https:\/\/api.w.org\/{rel}","templated":true}]}}