{"id":16060,"date":"2023-06-29T19:56:48","date_gmt":"2023-06-29T17:56:48","guid":{"rendered":"https:\/\/www.tucai.com\/kanal-fuer-reklamationen\/"},"modified":"2026-02-26T13:05:17","modified_gmt":"2026-02-26T12:05:17","slug":"kanal-fuer-reklamationen","status":"publish","type":"page","link":"https:\/\/www.tucai.com\/de\/kanal-fuer-reklamationen\/","title":{"rendered":"Ethikkanal"},"content":{"rendered":"\t\t<div data-elementor-type=\"wp-page\" data-elementor-id=\"16060\" class=\"elementor elementor-16060 elementor-3135\" data-elementor-post-type=\"page\">\n\t\t\t\t<div class=\"elementor-element elementor-element-34bd827 e-flex e-con-boxed e-con e-parent\" data-id=\"34bd827\" data-element_type=\"container\" data-e-type=\"container\">\n\t\t\t\t\t<div class=\"e-con-inner\">\n\t\t<div class=\"elementor-element elementor-element-57206f0 e-con-full e-flex e-con e-child\" data-id=\"57206f0\" data-element_type=\"container\" data-e-type=\"container\">\n\t\t\t\t<div class=\"elementor-element elementor-element-ffe26bc elementor-widget elementor-widget-text-editor\" data-id=\"ffe26bc\" data-element_type=\"widget\" data-e-type=\"widget\" data-widget_type=\"text-editor.default\">\n\t\t\t\t\t\t\t\t\t<p class=\"p1\">Bei TUCAI, SA, setzen wir auf Integrit\u00e4t, Ehrlichkeit und Transparenz in unserem Handeln. Daher bieten wir Mitarbeitern und Personen, die mit der Tucai-Gruppe verbunden sind, den Ethikkanal an, falls sie wissen oder vermuten, dass ein Mitglied des Unternehmens gegen geltendes Recht, den Tucai-Verhaltenskodex oder eine unserer Richtlinien verst\u00f6\u00dft.<\/p><p class=\"p1\">Alle Meldungen, die \u00fcber diesen Kanal gemacht werden, werden vertraulich behandelt und der Absender wird vor jeglichen Versuchen der Vergeltung gesch\u00fctzt.<\/p><p class=\"p1\">F\u00fcr den Fall, dass der Absender sich identifizieren m\u00f6chte, wurde im Beschwerdekanal ein optionaler Bereich eingerichtet, in dem er seine Daten eingeben kann.<\/p>\t\t\t\t\t\t\t\t<\/div>\n\t\t<div class=\"elementor-element elementor-element-ea57adc e-con-full e-flex e-con e-child\" data-id=\"ea57adc\" data-element_type=\"container\" data-e-type=\"container\">\n\t\t\t\t<div class=\"elementor-element elementor-element-631adde elementor-widget elementor-widget-button\" data-id=\"631adde\" data-element_type=\"widget\" data-e-type=\"widget\" data-widget_type=\"button.default\">\n\t\t\t\t\t\t\t\t\t\t<a class=\"elementor-button elementor-button-link elementor-size-sm\" href=\"https:\/\/tucai-my.sharepoint.com\/:b:\/p\/sandra_albo\/EQmSFiPPeQJHhzYGlCwsNUcBnuaDBlqqpxohE8hHRolY6Q?e=Q7YXNY\" target=\"_blank\">\n\t\t\t\t\t\t<span class=\"elementor-button-content-wrapper\">\n\t\t\t\t\t\t\t\t\t<span class=\"elementor-button-text\">Lesen Sie die Channel-Richtlinie hier<\/span>\n\t\t\t\t\t<\/span>\n\t\t\t\t\t<\/a>\n\t\t\t\t\t\t\t\t<\/div>\n\t\t\t\t<div class=\"elementor-element elementor-element-ca3b876 elementor-widget elementor-widget-button\" data-id=\"ca3b876\" data-element_type=\"widget\" data-e-type=\"widget\" data-widget_type=\"button.default\">\n\t\t\t\t\t\t\t\t\t\t<a class=\"elementor-button elementor-button-link elementor-size-sm\" href=\"https:\/\/tucai.ulisesgrc.net\/#\/channels\/tucai\/ES_ES\" target=\"_blank\">\n\t\t\t\t\t\t<span class=\"elementor-button-content-wrapper\">\n\t\t\t\t\t\t\t\t\t<span class=\"elementor-button-text\">Hier gelangen Sie zum Ethikkanal.<\/span>\n\t\t\t\t\t<\/span>\n\t\t\t\t\t<\/a>\n\t\t\t\t\t\t\t\t<\/div>\n\t\t\t\t<\/div>\n\t\t\t\t<\/div>\n\t\t\t\t\t<\/div>\n\t\t\t\t<\/div>\n\t\t\t\t<\/div>\n\t\t","protected":false},"excerpt":{"rendered":"<p>Bei TUCAI, SA, setzen wir auf Integrit\u00e4t, Ehrlichkeit und Transparenz in unserem Handeln. Daher bieten wir Mitarbeitern und Personen, die mit der Tucai-Gruppe verbunden sind, den Ethikkanal an, falls sie wissen oder vermuten, dass ein Mitglied des Unternehmens gegen geltendes Recht, den Tucai-Verhaltenskodex oder eine unserer Richtlinien verst\u00f6\u00dft. Alle Meldungen, die \u00fcber diesen Kanal gemacht [&hellip;]<\/p>\n","protected":false},"author":1,"featured_media":0,"parent":0,"menu_order":0,"comment_status":"closed","ping_status":"closed","template":"","meta":{"_acf_changed":false,"footnotes":""},"class_list":["post-16060","page","type-page","status-publish","hentry"],"acf":[],"yoast_head":"<!-- This site is optimized with the Yoast SEO plugin v27.3 - https:\/\/yoast.com\/product\/yoast-seo-wordpress\/ -->\n<title>Ethikkanal - Tucai<\/title>\n<meta name=\"robots\" content=\"index, follow, max-snippet:-1, max-image-preview:large, max-video-preview:-1\" \/>\n<link rel=\"canonical\" href=\"https:\/\/www.tucai.com\/de\/kanal-fuer-reklamationen\/\" \/>\n<meta property=\"og:locale\" content=\"de_DE\" \/>\n<meta property=\"og:type\" content=\"article\" \/>\n<meta property=\"og:title\" content=\"Ethikkanal - Tucai\" \/>\n<meta property=\"og:description\" content=\"Bei TUCAI, SA, setzen wir auf Integrit\u00e4t, Ehrlichkeit und Transparenz in unserem Handeln. Daher bieten wir Mitarbeitern und Personen, die mit der Tucai-Gruppe verbunden sind, den Ethikkanal an, falls sie wissen oder vermuten, dass ein Mitglied des Unternehmens gegen geltendes Recht, den Tucai-Verhaltenskodex oder eine unserer Richtlinien verst\u00f6\u00dft. Alle Meldungen, die \u00fcber diesen Kanal gemacht [&hellip;]\" \/>\n<meta property=\"og:url\" content=\"https:\/\/www.tucai.com\/de\/kanal-fuer-reklamationen\/\" \/>\n<meta property=\"og:site_name\" content=\"Tucai\" \/>\n<meta property=\"article:modified_time\" content=\"2026-02-26T12:05:17+00:00\" \/>\n<meta property=\"og:image\" content=\"https:\/\/www.tucai.com\/wp-content\/uploads\/2022\/10\/logo-tucai.png\" \/>\n\t<meta property=\"og:image:width\" content=\"350\" \/>\n\t<meta property=\"og:image:height\" content=\"100\" \/>\n\t<meta property=\"og:image:type\" content=\"image\/png\" \/>\n<meta name=\"twitter:card\" content=\"summary_large_image\" \/>\n<meta name=\"twitter:label1\" content=\"Gesch\u00e4tzte Lesezeit\" \/>\n\t<meta name=\"twitter:data1\" content=\"1\u00a0Minute\" \/>\n<script type=\"application\/ld+json\" class=\"yoast-schema-graph\">{\"@context\":\"https:\\\/\\\/schema.org\",\"@graph\":[{\"@type\":\"WebPage\",\"@id\":\"https:\\\/\\\/www.tucai.com\\\/de\\\/kanal-fuer-reklamationen\\\/\",\"url\":\"https:\\\/\\\/www.tucai.com\\\/de\\\/kanal-fuer-reklamationen\\\/\",\"name\":\"Ethikkanal - Tucai\",\"isPartOf\":{\"@id\":\"https:\\\/\\\/www.tucai.com\\\/de\\\/#website\"},\"datePublished\":\"2023-06-29T17:56:48+00:00\",\"dateModified\":\"2026-02-26T12:05:17+00:00\",\"breadcrumb\":{\"@id\":\"https:\\\/\\\/www.tucai.com\\\/de\\\/kanal-fuer-reklamationen\\\/#breadcrumb\"},\"inLanguage\":\"de\",\"potentialAction\":[{\"@type\":\"ReadAction\",\"target\":[\"https:\\\/\\\/www.tucai.com\\\/de\\\/kanal-fuer-reklamationen\\\/\"]}]},{\"@type\":\"BreadcrumbList\",\"@id\":\"https:\\\/\\\/www.tucai.com\\\/de\\\/kanal-fuer-reklamationen\\\/#breadcrumb\",\"itemListElement\":[{\"@type\":\"ListItem\",\"position\":1,\"name\":\"Portada\",\"item\":\"https:\\\/\\\/www.tucai.com\\\/de\\\/\"},{\"@type\":\"ListItem\",\"position\":2,\"name\":\"Ethikkanal\"}]},{\"@type\":\"WebSite\",\"@id\":\"https:\\\/\\\/www.tucai.com\\\/de\\\/#website\",\"url\":\"https:\\\/\\\/www.tucai.com\\\/de\\\/\",\"name\":\"Tucai\",\"description\":\"Latiguillos Flexibles y V\u00e1lvulas\",\"publisher\":{\"@id\":\"https:\\\/\\\/www.tucai.com\\\/de\\\/#organization\"},\"potentialAction\":[{\"@type\":\"SearchAction\",\"target\":{\"@type\":\"EntryPoint\",\"urlTemplate\":\"https:\\\/\\\/www.tucai.com\\\/de\\\/?s={search_term_string}\"},\"query-input\":{\"@type\":\"PropertyValueSpecification\",\"valueRequired\":true,\"valueName\":\"search_term_string\"}}],\"inLanguage\":\"de\"},{\"@type\":\"Organization\",\"@id\":\"https:\\\/\\\/www.tucai.com\\\/de\\\/#organization\",\"name\":\"Tucai\",\"url\":\"https:\\\/\\\/www.tucai.com\\\/de\\\/\",\"logo\":{\"@type\":\"ImageObject\",\"inLanguage\":\"de\",\"@id\":\"https:\\\/\\\/www.tucai.com\\\/de\\\/#\\\/schema\\\/logo\\\/image\\\/\",\"url\":\"https:\\\/\\\/www.tucai.com\\\/wp-content\\\/uploads\\\/2022\\\/10\\\/logo-tucai.png\",\"contentUrl\":\"https:\\\/\\\/www.tucai.com\\\/wp-content\\\/uploads\\\/2022\\\/10\\\/logo-tucai.png\",\"width\":350,\"height\":100,\"caption\":\"Tucai\"},\"image\":{\"@id\":\"https:\\\/\\\/www.tucai.com\\\/de\\\/#\\\/schema\\\/logo\\\/image\\\/\"}}]}<\/script>\n<!-- \/ Yoast SEO plugin. -->","yoast_head_json":{"title":"Ethikkanal - Tucai","robots":{"index":"index","follow":"follow","max-snippet":"max-snippet:-1","max-image-preview":"max-image-preview:large","max-video-preview":"max-video-preview:-1"},"canonical":"https:\/\/www.tucai.com\/de\/kanal-fuer-reklamationen\/","og_locale":"de_DE","og_type":"article","og_title":"Ethikkanal - Tucai","og_description":"Bei TUCAI, SA, setzen wir auf Integrit\u00e4t, Ehrlichkeit und Transparenz in unserem Handeln. Daher bieten wir Mitarbeitern und Personen, die mit der Tucai-Gruppe verbunden sind, den Ethikkanal an, falls sie wissen oder vermuten, dass ein Mitglied des Unternehmens gegen geltendes Recht, den Tucai-Verhaltenskodex oder eine unserer Richtlinien verst\u00f6\u00dft. Alle Meldungen, die \u00fcber diesen Kanal gemacht [&hellip;]","og_url":"https:\/\/www.tucai.com\/de\/kanal-fuer-reklamationen\/","og_site_name":"Tucai","article_modified_time":"2026-02-26T12:05:17+00:00","og_image":[{"width":350,"height":100,"url":"https:\/\/www.tucai.com\/wp-content\/uploads\/2022\/10\/logo-tucai.png","type":"image\/png"}],"twitter_card":"summary_large_image","twitter_misc":{"Gesch\u00e4tzte Lesezeit":"1\u00a0Minute"},"schema":{"@context":"https:\/\/schema.org","@graph":[{"@type":"WebPage","@id":"https:\/\/www.tucai.com\/de\/kanal-fuer-reklamationen\/","url":"https:\/\/www.tucai.com\/de\/kanal-fuer-reklamationen\/","name":"Ethikkanal - Tucai","isPartOf":{"@id":"https:\/\/www.tucai.com\/de\/#website"},"datePublished":"2023-06-29T17:56:48+00:00","dateModified":"2026-02-26T12:05:17+00:00","breadcrumb":{"@id":"https:\/\/www.tucai.com\/de\/kanal-fuer-reklamationen\/#breadcrumb"},"inLanguage":"de","potentialAction":[{"@type":"ReadAction","target":["https:\/\/www.tucai.com\/de\/kanal-fuer-reklamationen\/"]}]},{"@type":"BreadcrumbList","@id":"https:\/\/www.tucai.com\/de\/kanal-fuer-reklamationen\/#breadcrumb","itemListElement":[{"@type":"ListItem","position":1,"name":"Portada","item":"https:\/\/www.tucai.com\/de\/"},{"@type":"ListItem","position":2,"name":"Ethikkanal"}]},{"@type":"WebSite","@id":"https:\/\/www.tucai.com\/de\/#website","url":"https:\/\/www.tucai.com\/de\/","name":"Tucai","description":"Latiguillos Flexibles y V\u00e1lvulas","publisher":{"@id":"https:\/\/www.tucai.com\/de\/#organization"},"potentialAction":[{"@type":"SearchAction","target":{"@type":"EntryPoint","urlTemplate":"https:\/\/www.tucai.com\/de\/?s={search_term_string}"},"query-input":{"@type":"PropertyValueSpecification","valueRequired":true,"valueName":"search_term_string"}}],"inLanguage":"de"},{"@type":"Organization","@id":"https:\/\/www.tucai.com\/de\/#organization","name":"Tucai","url":"https:\/\/www.tucai.com\/de\/","logo":{"@type":"ImageObject","inLanguage":"de","@id":"https:\/\/www.tucai.com\/de\/#\/schema\/logo\/image\/","url":"https:\/\/www.tucai.com\/wp-content\/uploads\/2022\/10\/logo-tucai.png","contentUrl":"https:\/\/www.tucai.com\/wp-content\/uploads\/2022\/10\/logo-tucai.png","width":350,"height":100,"caption":"Tucai"},"image":{"@id":"https:\/\/www.tucai.com\/de\/#\/schema\/logo\/image\/"}}]}},"_links":{"self":[{"href":"https:\/\/www.tucai.com\/de\/wp-json\/wp\/v2\/pages\/16060","targetHints":{"allow":["GET"]}}],"collection":[{"href":"https:\/\/www.tucai.com\/de\/wp-json\/wp\/v2\/pages"}],"about":[{"href":"https:\/\/www.tucai.com\/de\/wp-json\/wp\/v2\/types\/page"}],"author":[{"embeddable":true,"href":"https:\/\/www.tucai.com\/de\/wp-json\/wp\/v2\/users\/1"}],"replies":[{"embeddable":true,"href":"https:\/\/www.tucai.com\/de\/wp-json\/wp\/v2\/comments?post=16060"}],"version-history":[{"count":3,"href":"https:\/\/www.tucai.com\/de\/wp-json\/wp\/v2\/pages\/16060\/revisions"}],"predecessor-version":[{"id":20470,"href":"https:\/\/www.tucai.com\/de\/wp-json\/wp\/v2\/pages\/16060\/revisions\/20470"}],"wp:attachment":[{"href":"https:\/\/www.tucai.com\/de\/wp-json\/wp\/v2\/media?parent=16060"}],"curies":[{"name":"wp","href":"https:\/\/api.w.org\/{rel}","templated":true}]}}