{"id":16093,"date":"2023-06-29T19:56:48","date_gmt":"2023-06-29T17:56:48","guid":{"rendered":"https:\/\/www.tucai.com\/erklaerung-zum-datenschutz-eu\/"},"modified":"2025-09-19T13:45:51","modified_gmt":"2025-09-19T11:45:51","slug":"erklaerung-zum-datenschutz-eu","status":"publish","type":"page","link":"https:\/\/www.tucai.com\/de\/erklaerung-zum-datenschutz-eu\/","title":{"rendered":"Erkl\u00e4rung zum Datenschutz (EU)"},"content":{"rendered":"\t\t<div data-elementor-type=\"wp-page\" data-elementor-id=\"16093\" class=\"elementor elementor-16093 elementor-3133\" data-elementor-post-type=\"page\">\n\t\t\t\t<div class=\"elementor-element elementor-element-5f898a9 e-flex e-con-boxed e-con e-parent\" data-id=\"5f898a9\" data-element_type=\"container\" data-e-type=\"container\">\n\t\t\t\t\t<div class=\"e-con-inner\">\n\t\t<div class=\"elementor-element elementor-element-e3c60f2 e-con-full e-flex e-con e-child\" data-id=\"e3c60f2\" data-element_type=\"container\" data-e-type=\"container\">\n\t\t\t\t<div class=\"elementor-element elementor-element-87b5807 elementor-widget elementor-widget-heading\" data-id=\"87b5807\" data-element_type=\"widget\" data-e-type=\"widget\" data-widget_type=\"heading.default\">\n\t\t\t\t\t<h2 class=\"elementor-heading-title elementor-size-default\">Erkl\u00e4rung zum Datenschutz\n<\/h2>\t\t\t\t<\/div>\n\t\t\t\t<div class=\"elementor-element elementor-element-5147066 elementor-widget elementor-widget-text-editor\" data-id=\"5147066\" data-element_type=\"widget\" data-e-type=\"widget\" data-widget_type=\"text-editor.default\">\n\t\t\t\t\t\t\t\t\t<p><strong>DATENSCHUTZPOLITIK<\/strong><\/p><p>In dieser Datenschutzrichtlinie erl\u00e4utern wir, was wir mit den Daten tun, die wir von den Nutzern der Website sammeln. Wir empfehlen Ihnen, diese Richtlinie sorgf\u00e4ltig zu lesen. <\/p><p><u>Verantwortlicher f\u00fcr die Datenverarbeitung:  <\/u><\/p><p>Firmenname: TUCAI, SA.<\/p><p>Anschrift: calle Llobateras 10-12, Pol. Ind. Santiga, 08210 Barber\u00e0 del Vall\u00e8s (Barcelona)  <\/p><p>MEHRWERTSTEUER-NUMMER: A08146623<\/p><p>Kontaktdaten des Datenschutzbeauftragten: Josep M\u00aa Amor\u00f3s Aragon\u00e9s, Kontakt-E-Mail &#8211; <a href=\"mailto:rgpd@tucai.com\">rgpd@tucai.com.<\/a><\/p><p><u>Welche Art von pers\u00f6nlichen Informationen sammelt TUCAI?<\/u><\/p><p>Die TUCAI erhebt \u00fcber die auf der Website verf\u00fcgbaren Formulare und mit Zustimmung der betroffenen Person die folgenden personenbezogenen Daten: Name, E-Mail-Adresse, Postanschrift, Geburtsdatum, Telefonnummer, Geschlecht und Bankverbindung.<\/p><p><u>Zu welchem Zweck verarbeiten wir Ihre pers\u00f6nlichen Daten?<\/u><\/p><p>TUCAI verarbeitet die von Ihnen zur Verf\u00fcgung gestellten Informationen f\u00fcr die folgenden Zwecke:<\/p><ul><li>Verwalten Sie Ihre Registrierung auf der Website<\/li><li>Um die bestm\u00f6gliche technische Unterst\u00fctzung zu bieten und zur st\u00e4ndigen Verbesserung und Bewertung unserer Produkte beizutragen.<\/li><li>Identifizierung der Personen, die solche Produkte anfordern oder Informationen dar\u00fcber anfordern.<\/li><li>Kommerzielles Management und Versendung von Informationen von Interesse durch Newsletter.<\/li><li>Um auf Anfragen, Bitten und\/oder Beschwerden im Zusammenhang mit der Aus\u00fcbung Ihrer Datenschutzrechte zu reagieren.<\/li><\/ul><p><u><br>Wie lange werden wir Ihre Daten aufbewahren?<\/u><\/p><p>Die zur Verf\u00fcgung gestellten Daten werden so lange aufbewahrt, wie die Gesch\u00e4ftsbeziehung aufrechterhalten wird oder so lange, wie es vern\u00fcnftigerweise notwendig ist, um den gesetzlichen Verpflichtungen von TUCAI nachzukommen, zus\u00e4tzlich zu den in den geltenden Vorschriften vorgesehenen Archivierungs- und Dokumentationsfristen.<\/p><p><u>Wodurch wird die Verarbeitung Ihrer Daten legitimiert?<\/u><\/p><p>Die Legitimationsgrundlage f\u00fcr die Verarbeitung Ihrer Daten ist die ausdr\u00fccklich erteilte Zustimmung.<\/p><p><u>Werden wir Ihre Daten an Dritte weitergeben?<\/u><\/p><p>Um die hier genannten Zwecke zu erf\u00fcllen, k\u00f6nnen Ihre Daten an Unternehmen der TUCAI-Gruppe weitergegeben werden.<\/p><p><u>Welche Rechte haben Sie, wenn Sie uns Ihre Daten zur Verf\u00fcgung stellen?<\/u><\/p><p>In Bezug auf Ihre Privatsph\u00e4re und Ihre pers\u00f6nlichen Daten haben Sie die folgenden Rechte, die Sie telematisch aus\u00fcben k\u00f6nnen, indem Sie eine E-Mail an <a href=\"mailto:rgpd@tucai.com\">rgpd@tucai.com senden:<\/a><\/p><p>&#8211; Recht auf Information: Der f\u00fcr die Verarbeitung Verantwortliche muss sich identifizieren und Sie dar\u00fcber informieren, wof\u00fcr Ihre Daten verwendet werden. Au\u00dferdem muss er Ihnen mitteilen, warum Ihre Daten notwendig sind, wie lange er sie aufbewahrt, wie Sie Ihre Datenschutzrechte aus\u00fcben k\u00f6nnen, auf welcher Rechtsgrundlage die Verarbeitung erfolgt und ob sie an Dritte weitergegeben oder in andere L\u00e4nder \u00fcbermittelt werden.<\/p><p>&#8211; Auskunftsrecht: Sie haben das Recht, von dem f\u00fcr die Verarbeitung Verantwortlichen eine Best\u00e4tigung dar\u00fcber zu erhalten, ob Sie betreffende personenbezogene Daten verarbeitet werden oder nicht, und eine Kopie der personenbezogenen Daten zu erhalten, die gerade verarbeitet werden.<\/p><p>&#8211; Recht auf Berichtigung: Erlaubt Ihnen, Ihre Daten zu korrigieren oder zu vervollst\u00e4ndigen, wenn sie unrichtig oder unvollst\u00e4ndig sind.<\/p><p>&#8211; Recht auf L\u00f6schung: Sie k\u00f6nnen die L\u00f6schung Ihrer pers\u00f6nlichen Daten verlangen, wenn:<\/p><ul><li>F\u00fcr die Zwecke, f\u00fcr die sie erhoben wurden, nicht mehr erforderlich<\/li><li>Sie widerrufen die von Ihnen erteilte Einwilligung, sofern es keinen anderen rechtm\u00e4\u00dfigen Grund f\u00fcr die Verarbeitung gibt.<\/li><li>Ihre Daten wurden unrechtm\u00e4\u00dfig verarbeitet<\/li><li>Sie haben der Verarbeitung widersprochen und das berechtigte Interesse \u00fcberwiegt nicht, oder wenn die Verarbeitung zu Zwecken der Direktwerbung erfolgt.<\/li><li>Sie m\u00fcssen gel\u00f6scht werden, um einer gesetzlichen Verpflichtung nachzukommen.<\/li><li>Als Minderj\u00e4hriger im Zusammenhang mit Diensten der Informationsgesellschaft erlangt<\/li><\/ul><p>&#8211; Recht auf Einschr\u00e4nkung: Sie k\u00f6nnen die Aussetzung der Verarbeitung Ihrer Daten verlangen, wenn Sie die Richtigkeit der Daten bestreiten, wenn Sie gegen die Verarbeitung Einspruch erheben, wenn die Verarbeitung unrechtm\u00e4\u00dfig ist oder wenn Sie die Daten f\u00fcr eine Beschwerde ben\u00f6tigen.<\/p><p>&#8211; Recht auf \u00dcbertragbarkeit: Beruht die Verarbeitung auf Ihrer Einwilligung oder auf der Erf\u00fcllung eines Vertrags und erfolgt sie mit automatisierten Mitteln, k\u00f6nnen Sie Ihre Daten in einem Format erhalten, das die \u00dcbermittlung an einen anderen Verantwortlichen erm\u00f6glicht<\/p><p>&#8211; Widerspruchsrecht: Sie k\u00f6nnen der Verarbeitung Ihrer Daten aus pers\u00f6nlichen Gr\u00fcnden widersprechen, es sei denn, der f\u00fcr die Verarbeitung Verantwortliche kann ein berechtigtes Interesse nachweisen, und wenn die Verarbeitung zu Direktmarketingzwecken erfolgt.<\/p><p>Wenn wir unsere Datenschutzrichtlinie oder Cookie-Richtlinie \u00e4ndern, werden wir Sie \u00fcber die Website oder per E-Mail benachrichtigen, wenn sich die \u00c4nderungen erheblich auf Ihre Privatsph\u00e4re auswirken.<\/p><p><em>Diese Datenschutzrichtlinie wurde zuletzt am 15. Juli 2024 aktualisiert.<\/em><\/p>\t\t\t\t\t\t\t\t<\/div>\n\t\t\t\t<\/div>\n\t\t\t\t\t<\/div>\n\t\t\t\t<\/div>\n\t\t\t\t<\/div>\n\t\t","protected":false},"excerpt":{"rendered":"<p>Erkl\u00e4rung zum Datenschutz DATENSCHUTZPOLITIK In dieser Datenschutzrichtlinie erl\u00e4utern wir, was wir mit den Daten tun, die wir von den Nutzern der Website sammeln. Wir empfehlen Ihnen, diese Richtlinie sorgf\u00e4ltig zu lesen. Verantwortlicher f\u00fcr die Datenverarbeitung: Firmenname: TUCAI, SA. Anschrift: calle Llobateras 10-12, Pol. Ind. Santiga, 08210 Barber\u00e0 del Vall\u00e8s (Barcelona) MEHRWERTSTEUER-NUMMER: A08146623 Kontaktdaten des Datenschutzbeauftragten: [&hellip;]<\/p>\n","protected":false},"author":1,"featured_media":0,"parent":0,"menu_order":0,"comment_status":"closed","ping_status":"closed","template":"","meta":{"_acf_changed":false,"footnotes":""},"class_list":["post-16093","page","type-page","status-publish","hentry"],"acf":[],"yoast_head":"<!-- This site is optimized with the Yoast SEO plugin v27.3 - https:\/\/yoast.com\/product\/yoast-seo-wordpress\/ -->\n<title>Erkl\u00e4rung zum Datenschutz (EU) - Tucai<\/title>\n<meta name=\"robots\" content=\"index, follow, max-snippet:-1, max-image-preview:large, max-video-preview:-1\" \/>\n<link rel=\"canonical\" href=\"https:\/\/www.tucai.com\/de\/erklaerung-zum-datenschutz-eu\/\" \/>\n<meta property=\"og:locale\" content=\"de_DE\" \/>\n<meta property=\"og:type\" content=\"article\" \/>\n<meta property=\"og:title\" content=\"Erkl\u00e4rung zum Datenschutz (EU) - Tucai\" \/>\n<meta property=\"og:description\" content=\"Erkl\u00e4rung zum Datenschutz DATENSCHUTZPOLITIK In dieser Datenschutzrichtlinie erl\u00e4utern wir, was wir mit den Daten tun, die wir von den Nutzern der Website sammeln. Wir empfehlen Ihnen, diese Richtlinie sorgf\u00e4ltig zu lesen. Verantwortlicher f\u00fcr die Datenverarbeitung: Firmenname: TUCAI, SA. Anschrift: calle Llobateras 10-12, Pol. Ind. Santiga, 08210 Barber\u00e0 del Vall\u00e8s (Barcelona) MEHRWERTSTEUER-NUMMER: A08146623 Kontaktdaten des Datenschutzbeauftragten: [&hellip;]\" \/>\n<meta property=\"og:url\" content=\"https:\/\/www.tucai.com\/de\/erklaerung-zum-datenschutz-eu\/\" \/>\n<meta property=\"og:site_name\" content=\"Tucai\" \/>\n<meta property=\"article:modified_time\" content=\"2025-09-19T11:45:51+00:00\" \/>\n<meta property=\"og:image\" content=\"https:\/\/www.tucai.com\/wp-content\/uploads\/2022\/10\/logo-tucai.png\" \/>\n\t<meta property=\"og:image:width\" content=\"350\" \/>\n\t<meta property=\"og:image:height\" content=\"100\" \/>\n\t<meta property=\"og:image:type\" content=\"image\/png\" \/>\n<meta name=\"twitter:card\" content=\"summary_large_image\" \/>\n<meta name=\"twitter:label1\" content=\"Gesch\u00e4tzte Lesezeit\" \/>\n\t<meta name=\"twitter:data1\" content=\"4\u00a0Minuten\" \/>\n<script type=\"application\/ld+json\" class=\"yoast-schema-graph\">{\"@context\":\"https:\\\/\\\/schema.org\",\"@graph\":[{\"@type\":\"WebPage\",\"@id\":\"https:\\\/\\\/www.tucai.com\\\/de\\\/erklaerung-zum-datenschutz-eu\\\/\",\"url\":\"https:\\\/\\\/www.tucai.com\\\/de\\\/erklaerung-zum-datenschutz-eu\\\/\",\"name\":\"Erkl\u00e4rung zum Datenschutz (EU) - Tucai\",\"isPartOf\":{\"@id\":\"https:\\\/\\\/www.tucai.com\\\/de\\\/#website\"},\"datePublished\":\"2023-06-29T17:56:48+00:00\",\"dateModified\":\"2025-09-19T11:45:51+00:00\",\"breadcrumb\":{\"@id\":\"https:\\\/\\\/www.tucai.com\\\/de\\\/erklaerung-zum-datenschutz-eu\\\/#breadcrumb\"},\"inLanguage\":\"de\",\"potentialAction\":[{\"@type\":\"ReadAction\",\"target\":[\"https:\\\/\\\/www.tucai.com\\\/de\\\/erklaerung-zum-datenschutz-eu\\\/\"]}]},{\"@type\":\"BreadcrumbList\",\"@id\":\"https:\\\/\\\/www.tucai.com\\\/de\\\/erklaerung-zum-datenschutz-eu\\\/#breadcrumb\",\"itemListElement\":[{\"@type\":\"ListItem\",\"position\":1,\"name\":\"Portada\",\"item\":\"https:\\\/\\\/www.tucai.com\\\/de\\\/\"},{\"@type\":\"ListItem\",\"position\":2,\"name\":\"Erkl\u00e4rung zum Datenschutz (EU)\"}]},{\"@type\":\"WebSite\",\"@id\":\"https:\\\/\\\/www.tucai.com\\\/de\\\/#website\",\"url\":\"https:\\\/\\\/www.tucai.com\\\/de\\\/\",\"name\":\"Tucai\",\"description\":\"Latiguillos Flexibles y V\u00e1lvulas\",\"publisher\":{\"@id\":\"https:\\\/\\\/www.tucai.com\\\/de\\\/#organization\"},\"potentialAction\":[{\"@type\":\"SearchAction\",\"target\":{\"@type\":\"EntryPoint\",\"urlTemplate\":\"https:\\\/\\\/www.tucai.com\\\/de\\\/?s={search_term_string}\"},\"query-input\":{\"@type\":\"PropertyValueSpecification\",\"valueRequired\":true,\"valueName\":\"search_term_string\"}}],\"inLanguage\":\"de\"},{\"@type\":\"Organization\",\"@id\":\"https:\\\/\\\/www.tucai.com\\\/de\\\/#organization\",\"name\":\"Tucai\",\"url\":\"https:\\\/\\\/www.tucai.com\\\/de\\\/\",\"logo\":{\"@type\":\"ImageObject\",\"inLanguage\":\"de\",\"@id\":\"https:\\\/\\\/www.tucai.com\\\/de\\\/#\\\/schema\\\/logo\\\/image\\\/\",\"url\":\"https:\\\/\\\/www.tucai.com\\\/wp-content\\\/uploads\\\/2022\\\/10\\\/logo-tucai.png\",\"contentUrl\":\"https:\\\/\\\/www.tucai.com\\\/wp-content\\\/uploads\\\/2022\\\/10\\\/logo-tucai.png\",\"width\":350,\"height\":100,\"caption\":\"Tucai\"},\"image\":{\"@id\":\"https:\\\/\\\/www.tucai.com\\\/de\\\/#\\\/schema\\\/logo\\\/image\\\/\"}}]}<\/script>\n<!-- \/ Yoast SEO plugin. -->","yoast_head_json":{"title":"Erkl\u00e4rung zum Datenschutz (EU) - Tucai","robots":{"index":"index","follow":"follow","max-snippet":"max-snippet:-1","max-image-preview":"max-image-preview:large","max-video-preview":"max-video-preview:-1"},"canonical":"https:\/\/www.tucai.com\/de\/erklaerung-zum-datenschutz-eu\/","og_locale":"de_DE","og_type":"article","og_title":"Erkl\u00e4rung zum Datenschutz (EU) - Tucai","og_description":"Erkl\u00e4rung zum Datenschutz DATENSCHUTZPOLITIK In dieser Datenschutzrichtlinie erl\u00e4utern wir, was wir mit den Daten tun, die wir von den Nutzern der Website sammeln. Wir empfehlen Ihnen, diese Richtlinie sorgf\u00e4ltig zu lesen. Verantwortlicher f\u00fcr die Datenverarbeitung: Firmenname: TUCAI, SA. Anschrift: calle Llobateras 10-12, Pol. Ind. Santiga, 08210 Barber\u00e0 del Vall\u00e8s (Barcelona) MEHRWERTSTEUER-NUMMER: A08146623 Kontaktdaten des Datenschutzbeauftragten: [&hellip;]","og_url":"https:\/\/www.tucai.com\/de\/erklaerung-zum-datenschutz-eu\/","og_site_name":"Tucai","article_modified_time":"2025-09-19T11:45:51+00:00","og_image":[{"width":350,"height":100,"url":"https:\/\/www.tucai.com\/wp-content\/uploads\/2022\/10\/logo-tucai.png","type":"image\/png"}],"twitter_card":"summary_large_image","twitter_misc":{"Gesch\u00e4tzte Lesezeit":"4\u00a0Minuten"},"schema":{"@context":"https:\/\/schema.org","@graph":[{"@type":"WebPage","@id":"https:\/\/www.tucai.com\/de\/erklaerung-zum-datenschutz-eu\/","url":"https:\/\/www.tucai.com\/de\/erklaerung-zum-datenschutz-eu\/","name":"Erkl\u00e4rung zum Datenschutz (EU) - Tucai","isPartOf":{"@id":"https:\/\/www.tucai.com\/de\/#website"},"datePublished":"2023-06-29T17:56:48+00:00","dateModified":"2025-09-19T11:45:51+00:00","breadcrumb":{"@id":"https:\/\/www.tucai.com\/de\/erklaerung-zum-datenschutz-eu\/#breadcrumb"},"inLanguage":"de","potentialAction":[{"@type":"ReadAction","target":["https:\/\/www.tucai.com\/de\/erklaerung-zum-datenschutz-eu\/"]}]},{"@type":"BreadcrumbList","@id":"https:\/\/www.tucai.com\/de\/erklaerung-zum-datenschutz-eu\/#breadcrumb","itemListElement":[{"@type":"ListItem","position":1,"name":"Portada","item":"https:\/\/www.tucai.com\/de\/"},{"@type":"ListItem","position":2,"name":"Erkl\u00e4rung zum Datenschutz (EU)"}]},{"@type":"WebSite","@id":"https:\/\/www.tucai.com\/de\/#website","url":"https:\/\/www.tucai.com\/de\/","name":"Tucai","description":"Latiguillos Flexibles y V\u00e1lvulas","publisher":{"@id":"https:\/\/www.tucai.com\/de\/#organization"},"potentialAction":[{"@type":"SearchAction","target":{"@type":"EntryPoint","urlTemplate":"https:\/\/www.tucai.com\/de\/?s={search_term_string}"},"query-input":{"@type":"PropertyValueSpecification","valueRequired":true,"valueName":"search_term_string"}}],"inLanguage":"de"},{"@type":"Organization","@id":"https:\/\/www.tucai.com\/de\/#organization","name":"Tucai","url":"https:\/\/www.tucai.com\/de\/","logo":{"@type":"ImageObject","inLanguage":"de","@id":"https:\/\/www.tucai.com\/de\/#\/schema\/logo\/image\/","url":"https:\/\/www.tucai.com\/wp-content\/uploads\/2022\/10\/logo-tucai.png","contentUrl":"https:\/\/www.tucai.com\/wp-content\/uploads\/2022\/10\/logo-tucai.png","width":350,"height":100,"caption":"Tucai"},"image":{"@id":"https:\/\/www.tucai.com\/de\/#\/schema\/logo\/image\/"}}]}},"_links":{"self":[{"href":"https:\/\/www.tucai.com\/de\/wp-json\/wp\/v2\/pages\/16093","targetHints":{"allow":["GET"]}}],"collection":[{"href":"https:\/\/www.tucai.com\/de\/wp-json\/wp\/v2\/pages"}],"about":[{"href":"https:\/\/www.tucai.com\/de\/wp-json\/wp\/v2\/types\/page"}],"author":[{"embeddable":true,"href":"https:\/\/www.tucai.com\/de\/wp-json\/wp\/v2\/users\/1"}],"replies":[{"embeddable":true,"href":"https:\/\/www.tucai.com\/de\/wp-json\/wp\/v2\/comments?post=16093"}],"version-history":[{"count":0,"href":"https:\/\/www.tucai.com\/de\/wp-json\/wp\/v2\/pages\/16093\/revisions"}],"wp:attachment":[{"href":"https:\/\/www.tucai.com\/de\/wp-json\/wp\/v2\/media?parent=16093"}],"curies":[{"name":"wp","href":"https:\/\/api.w.org\/{rel}","templated":true}]}}