{"id":19718,"date":"2023-06-21T13:12:38","date_gmt":"2023-06-21T13:12:38","guid":{"rendered":"https:\/\/www.tucai.com\/producto\/ausziehbarer-twist-dn8\/"},"modified":"2025-09-24T12:11:25","modified_gmt":"2025-09-24T10:11:25","slug":"ausziehbarer-twist-dn8","status":"publish","type":"product","link":"https:\/\/www.tucai.com\/de\/produkt\/ausziehbarer-twist-dn8\/","title":{"rendered":"Ausziehbarer Twist DN8"},"content":{"rendered":"<p>Flexibel mit polymerem Au\u00dfengeflecht f\u00fcr den Anschluss von K\u00fcchenarmaturen mit ausziehbarer Dusche.<\/p>\n","protected":false},"excerpt":{"rendered":"<p>Ausziehbarer Twist DN8<\/p>\n","protected":false},"featured_media":8598,"template":"","meta":{"_acf_changed":false},"clasificacion":[387],"descargable":[],"tipo":[373],"product_brand":[],"product_cat":[435],"product_tag":[558,375],"class_list":{"0":"post-19718","1":"product","2":"type-product","3":"status-publish","4":"has-post-thumbnail","6":"clasificacion-sanitar-de","7":"tipo-flexibel-de","8":"product_cat-abnehmbare-wasserhahne-de","9":"product_tag-anschlusse-mit-gewelltem-innenrohr-de","10":"product_tag-wasser-de","12":"first","13":"instock","14":"product-type-simple"},"acf":[],"yoast_head":"<!-- This site is optimized with the Yoast SEO plugin v27.3 - https:\/\/yoast.com\/product\/yoast-seo-wordpress\/ -->\n<title>Ausziehbarer Twist DN8 - Tucai<\/title>\n<meta name=\"robots\" content=\"index, follow, max-snippet:-1, max-image-preview:large, max-video-preview:-1\" \/>\n<link rel=\"canonical\" href=\"https:\/\/www.tucai.com\/de\/produkt\/ausziehbarer-twist-dn8\/\" \/>\n<meta property=\"og:locale\" content=\"de_DE\" \/>\n<meta property=\"og:type\" content=\"article\" \/>\n<meta property=\"og:title\" content=\"Ausziehbarer Twist DN8 - Tucai\" \/>\n<meta property=\"og:description\" content=\"Ausziehbarer Twist DN8\" \/>\n<meta property=\"og:url\" content=\"https:\/\/www.tucai.com\/de\/produkt\/ausziehbarer-twist-dn8\/\" \/>\n<meta property=\"og:site_name\" content=\"Tucai\" \/>\n<meta property=\"article:modified_time\" content=\"2025-09-24T10:11:25+00:00\" \/>\n<meta property=\"og:image\" content=\"https:\/\/www.tucai.com\/wp-content\/uploads\/2023\/06\/Pullout-Twist.png\" \/>\n\t<meta property=\"og:image:width\" content=\"1616\" \/>\n\t<meta property=\"og:image:height\" content=\"1172\" \/>\n\t<meta property=\"og:image:type\" content=\"image\/png\" \/>\n<meta name=\"twitter:card\" content=\"summary_large_image\" \/>\n<script type=\"application\/ld+json\" class=\"yoast-schema-graph\">{\"@context\":\"https:\\\/\\\/schema.org\",\"@graph\":[{\"@type\":\"WebPage\",\"@id\":\"https:\\\/\\\/www.tucai.com\\\/de\\\/produkt\\\/ausziehbarer-twist-dn8\\\/\",\"url\":\"https:\\\/\\\/www.tucai.com\\\/de\\\/produkt\\\/ausziehbarer-twist-dn8\\\/\",\"name\":\"Ausziehbarer Twist DN8 - Tucai\",\"isPartOf\":{\"@id\":\"https:\\\/\\\/www.tucai.com\\\/de\\\/#website\"},\"primaryImageOfPage\":{\"@id\":\"https:\\\/\\\/www.tucai.com\\\/de\\\/produkt\\\/ausziehbarer-twist-dn8\\\/#primaryimage\"},\"image\":{\"@id\":\"https:\\\/\\\/www.tucai.com\\\/de\\\/produkt\\\/ausziehbarer-twist-dn8\\\/#primaryimage\"},\"thumbnailUrl\":\"https:\\\/\\\/www.tucai.com\\\/wp-content\\\/uploads\\\/2023\\\/06\\\/Pullout-Twist.png\",\"datePublished\":\"2023-06-21T13:12:38+00:00\",\"dateModified\":\"2025-09-24T10:11:25+00:00\",\"breadcrumb\":{\"@id\":\"https:\\\/\\\/www.tucai.com\\\/de\\\/produkt\\\/ausziehbarer-twist-dn8\\\/#breadcrumb\"},\"inLanguage\":\"de\",\"potentialAction\":[{\"@type\":\"ReadAction\",\"target\":[\"https:\\\/\\\/www.tucai.com\\\/de\\\/produkt\\\/ausziehbarer-twist-dn8\\\/\"]}]},{\"@type\":\"ImageObject\",\"inLanguage\":\"de\",\"@id\":\"https:\\\/\\\/www.tucai.com\\\/de\\\/produkt\\\/ausziehbarer-twist-dn8\\\/#primaryimage\",\"url\":\"https:\\\/\\\/www.tucai.com\\\/wp-content\\\/uploads\\\/2023\\\/06\\\/Pullout-Twist.png\",\"contentUrl\":\"https:\\\/\\\/www.tucai.com\\\/wp-content\\\/uploads\\\/2023\\\/06\\\/Pullout-Twist.png\",\"width\":1616,\"height\":1172},{\"@type\":\"BreadcrumbList\",\"@id\":\"https:\\\/\\\/www.tucai.com\\\/de\\\/produkt\\\/ausziehbarer-twist-dn8\\\/#breadcrumb\",\"itemListElement\":[{\"@type\":\"ListItem\",\"position\":1,\"name\":\"Portada\",\"item\":\"https:\\\/\\\/www.tucai.com\\\/de\\\/\"},{\"@type\":\"ListItem\",\"position\":2,\"name\":\"Produkte\",\"item\":\"https:\\\/\\\/www.tucai.com\\\/de\\\/shop\\\/\"},{\"@type\":\"ListItem\",\"position\":3,\"name\":\"Ausziehbarer Twist DN8\"}]},{\"@type\":\"WebSite\",\"@id\":\"https:\\\/\\\/www.tucai.com\\\/de\\\/#website\",\"url\":\"https:\\\/\\\/www.tucai.com\\\/de\\\/\",\"name\":\"Tucai\",\"description\":\"Latiguillos Flexibles y V\u00e1lvulas\",\"publisher\":{\"@id\":\"https:\\\/\\\/www.tucai.com\\\/de\\\/#organization\"},\"potentialAction\":[{\"@type\":\"SearchAction\",\"target\":{\"@type\":\"EntryPoint\",\"urlTemplate\":\"https:\\\/\\\/www.tucai.com\\\/de\\\/?s={search_term_string}\"},\"query-input\":{\"@type\":\"PropertyValueSpecification\",\"valueRequired\":true,\"valueName\":\"search_term_string\"}}],\"inLanguage\":\"de\"},{\"@type\":\"Organization\",\"@id\":\"https:\\\/\\\/www.tucai.com\\\/de\\\/#organization\",\"name\":\"Tucai\",\"url\":\"https:\\\/\\\/www.tucai.com\\\/de\\\/\",\"logo\":{\"@type\":\"ImageObject\",\"inLanguage\":\"de\",\"@id\":\"https:\\\/\\\/www.tucai.com\\\/de\\\/#\\\/schema\\\/logo\\\/image\\\/\",\"url\":\"https:\\\/\\\/www.tucai.com\\\/wp-content\\\/uploads\\\/2022\\\/10\\\/logo-tucai.png\",\"contentUrl\":\"https:\\\/\\\/www.tucai.com\\\/wp-content\\\/uploads\\\/2022\\\/10\\\/logo-tucai.png\",\"width\":350,\"height\":100,\"caption\":\"Tucai\"},\"image\":{\"@id\":\"https:\\\/\\\/www.tucai.com\\\/de\\\/#\\\/schema\\\/logo\\\/image\\\/\"}}]}<\/script>\n<!-- \/ Yoast SEO plugin. -->","yoast_head_json":{"title":"Ausziehbarer Twist DN8 - Tucai","robots":{"index":"index","follow":"follow","max-snippet":"max-snippet:-1","max-image-preview":"max-image-preview:large","max-video-preview":"max-video-preview:-1"},"canonical":"https:\/\/www.tucai.com\/de\/produkt\/ausziehbarer-twist-dn8\/","og_locale":"de_DE","og_type":"article","og_title":"Ausziehbarer Twist DN8 - Tucai","og_description":"Ausziehbarer Twist DN8","og_url":"https:\/\/www.tucai.com\/de\/produkt\/ausziehbarer-twist-dn8\/","og_site_name":"Tucai","article_modified_time":"2025-09-24T10:11:25+00:00","og_image":[{"width":1616,"height":1172,"url":"https:\/\/www.tucai.com\/wp-content\/uploads\/2023\/06\/Pullout-Twist.png","type":"image\/png"}],"twitter_card":"summary_large_image","schema":{"@context":"https:\/\/schema.org","@graph":[{"@type":"WebPage","@id":"https:\/\/www.tucai.com\/de\/produkt\/ausziehbarer-twist-dn8\/","url":"https:\/\/www.tucai.com\/de\/produkt\/ausziehbarer-twist-dn8\/","name":"Ausziehbarer Twist DN8 - Tucai","isPartOf":{"@id":"https:\/\/www.tucai.com\/de\/#website"},"primaryImageOfPage":{"@id":"https:\/\/www.tucai.com\/de\/produkt\/ausziehbarer-twist-dn8\/#primaryimage"},"image":{"@id":"https:\/\/www.tucai.com\/de\/produkt\/ausziehbarer-twist-dn8\/#primaryimage"},"thumbnailUrl":"https:\/\/www.tucai.com\/wp-content\/uploads\/2023\/06\/Pullout-Twist.png","datePublished":"2023-06-21T13:12:38+00:00","dateModified":"2025-09-24T10:11:25+00:00","breadcrumb":{"@id":"https:\/\/www.tucai.com\/de\/produkt\/ausziehbarer-twist-dn8\/#breadcrumb"},"inLanguage":"de","potentialAction":[{"@type":"ReadAction","target":["https:\/\/www.tucai.com\/de\/produkt\/ausziehbarer-twist-dn8\/"]}]},{"@type":"ImageObject","inLanguage":"de","@id":"https:\/\/www.tucai.com\/de\/produkt\/ausziehbarer-twist-dn8\/#primaryimage","url":"https:\/\/www.tucai.com\/wp-content\/uploads\/2023\/06\/Pullout-Twist.png","contentUrl":"https:\/\/www.tucai.com\/wp-content\/uploads\/2023\/06\/Pullout-Twist.png","width":1616,"height":1172},{"@type":"BreadcrumbList","@id":"https:\/\/www.tucai.com\/de\/produkt\/ausziehbarer-twist-dn8\/#breadcrumb","itemListElement":[{"@type":"ListItem","position":1,"name":"Portada","item":"https:\/\/www.tucai.com\/de\/"},{"@type":"ListItem","position":2,"name":"Produkte","item":"https:\/\/www.tucai.com\/de\/shop\/"},{"@type":"ListItem","position":3,"name":"Ausziehbarer Twist DN8"}]},{"@type":"WebSite","@id":"https:\/\/www.tucai.com\/de\/#website","url":"https:\/\/www.tucai.com\/de\/","name":"Tucai","description":"Latiguillos Flexibles y V\u00e1lvulas","publisher":{"@id":"https:\/\/www.tucai.com\/de\/#organization"},"potentialAction":[{"@type":"SearchAction","target":{"@type":"EntryPoint","urlTemplate":"https:\/\/www.tucai.com\/de\/?s={search_term_string}"},"query-input":{"@type":"PropertyValueSpecification","valueRequired":true,"valueName":"search_term_string"}}],"inLanguage":"de"},{"@type":"Organization","@id":"https:\/\/www.tucai.com\/de\/#organization","name":"Tucai","url":"https:\/\/www.tucai.com\/de\/","logo":{"@type":"ImageObject","inLanguage":"de","@id":"https:\/\/www.tucai.com\/de\/#\/schema\/logo\/image\/","url":"https:\/\/www.tucai.com\/wp-content\/uploads\/2022\/10\/logo-tucai.png","contentUrl":"https:\/\/www.tucai.com\/wp-content\/uploads\/2022\/10\/logo-tucai.png","width":350,"height":100,"caption":"Tucai"},"image":{"@id":"https:\/\/www.tucai.com\/de\/#\/schema\/logo\/image\/"}}]}},"_links":{"self":[{"href":"https:\/\/www.tucai.com\/de\/wp-json\/wp\/v2\/product\/19718","targetHints":{"allow":["GET"]}}],"collection":[{"href":"https:\/\/www.tucai.com\/de\/wp-json\/wp\/v2\/product"}],"about":[{"href":"https:\/\/www.tucai.com\/de\/wp-json\/wp\/v2\/types\/product"}],"version-history":[{"count":1,"href":"https:\/\/www.tucai.com\/de\/wp-json\/wp\/v2\/product\/19718\/revisions"}],"predecessor-version":[{"id":19921,"href":"https:\/\/www.tucai.com\/de\/wp-json\/wp\/v2\/product\/19718\/revisions\/19921"}],"wp:featuredmedia":[{"embeddable":true,"href":"https:\/\/www.tucai.com\/de\/wp-json\/wp\/v2\/media\/8598"}],"wp:attachment":[{"href":"https:\/\/www.tucai.com\/de\/wp-json\/wp\/v2\/media?parent=19718"}],"wp:term":[{"taxonomy":"clasificacion","embeddable":true,"href":"https:\/\/www.tucai.com\/de\/wp-json\/wp\/v2\/clasificacion?post=19718"},{"taxonomy":"descargable","embeddable":true,"href":"https:\/\/www.tucai.com\/de\/wp-json\/wp\/v2\/descargable?post=19718"},{"taxonomy":"tipo","embeddable":true,"href":"https:\/\/www.tucai.com\/de\/wp-json\/wp\/v2\/tipo?post=19718"},{"taxonomy":"product_brand","embeddable":true,"href":"https:\/\/www.tucai.com\/de\/wp-json\/wp\/v2\/product_brand?post=19718"},{"taxonomy":"product_cat","embeddable":true,"href":"https:\/\/www.tucai.com\/de\/wp-json\/wp\/v2\/product_cat?post=19718"},{"taxonomy":"product_tag","embeddable":true,"href":"https:\/\/www.tucai.com\/de\/wp-json\/wp\/v2\/product_tag?post=19718"}],"curies":[{"name":"wp","href":"https:\/\/api.w.org\/{rel}","templated":true}]}}