{"id":19739,"date":"2023-06-21T15:12:41","date_gmt":"2023-06-21T13:12:41","guid":{"rendered":"https:\/\/www.tucai.com\/producto\/c502\/"},"modified":"2023-06-21T15:12:41","modified_gmt":"2023-06-21T13:12:41","slug":"c502","status":"publish","type":"product","link":"https:\/\/www.tucai.com\/de\/produkt\/c502\/","title":{"rendered":"C502"},"content":{"rendered":"<ul>\n<li>Anti-Leckage<\/li>\n<li>Druckbest\u00e4ndig<\/li>\n<li>Voller Durchfluss und maximale Durchflussmenge<\/li>\n<li>Anti-Leckage-System auf der Welle<\/li>\n<li>Korrosionsbest\u00e4ndig<\/li>\n<li>Ergonomischer UV-best\u00e4ndiger Griff<\/li>\n<li>M\u00f6glichkeit der Hebelverriegelung<\/li>\n<li>Eingebauter Universalflansch f\u00fcr Z\u00e4hlerbatterien<\/li>\n<li>1\/4 Umdrehung<\/li>\n<\/ul>\n","protected":false},"excerpt":{"rendered":"<p>Anti-Leckage Druckbest\u00e4ndig Voller Durchfluss und maximale Durchflussmenge Anti-Leckage-System auf der Welle Korrosionsbest\u00e4ndig Ergonomischer UV-best\u00e4ndiger Griff M\u00f6glichkeit der Hebelverriegelung Eingebauter Universalflansch f\u00fcr Z\u00e4hlerbatterien 1\/4 Umdrehung<\/p>\n","protected":false},"featured_media":9414,"template":"","meta":{"_acf_changed":false},"clasificacion":[398],"descargable":[],"tipo":[448],"product_brand":[],"product_cat":[483,478,450,477,474,607,416,476,420,429,417,475],"product_tag":[516,375],"class_list":{"0":"post-19739","1":"product","2":"type-product","3":"status-publish","4":"has-post-thumbnail","6":"clasificacion-kugelhahne-de","7":"tipo-ventile-de","8":"product_cat-autowaschanlage-de","9":"product_cat-eismaschine-de","10":"product_cat-elektrische-thermoskanne-de","11":"product_cat-entkalker-de","12":"product_cat-gegenbatterie-de","13":"product_cat-heizung-de","14":"product_cat-klimaanlage-de","15":"product_cat-professionelle-kaffeemaschinen-de","16":"product_cat-strahlungsdecken-de","17":"product_cat-strahlungsplatte-de","18":"product_cat-ventilatorkonvektor-de","19":"product_cat-wasserpumpen-de","20":"product_tag-kugelhahne-de","21":"product_tag-wasser-de","23":"first","24":"instock","25":"product-type-simple"},"acf":[],"yoast_head":"<!-- This site is optimized with the Yoast SEO plugin v26.5 - https:\/\/yoast.com\/wordpress\/plugins\/seo\/ -->\n<title>C502 - Tucai<\/title>\n<meta name=\"robots\" content=\"index, follow, max-snippet:-1, max-image-preview:large, max-video-preview:-1\" \/>\n<link rel=\"canonical\" href=\"https:\/\/www.tucai.com\/de\/produkt\/c502\/\" \/>\n<meta property=\"og:locale\" content=\"de_DE\" \/>\n<meta property=\"og:type\" content=\"article\" \/>\n<meta property=\"og:title\" content=\"C502 - Tucai\" \/>\n<meta property=\"og:description\" content=\"Anti-Leckage Druckbest\u00e4ndig Voller Durchfluss und maximale Durchflussmenge Anti-Leckage-System auf der Welle Korrosionsbest\u00e4ndig Ergonomischer UV-best\u00e4ndiger Griff M\u00f6glichkeit der Hebelverriegelung Eingebauter Universalflansch f\u00fcr Z\u00e4hlerbatterien 1\/4 Umdrehung\" \/>\n<meta property=\"og:url\" content=\"https:\/\/www.tucai.com\/de\/produkt\/c502\/\" \/>\n<meta property=\"og:site_name\" content=\"Tucai\" \/>\n<meta property=\"og:image\" content=\"https:\/\/www.tucai.com\/wp-content\/uploads\/2023\/06\/C501-C502.jpg\" \/>\n\t<meta property=\"og:image:width\" content=\"1149\" \/>\n\t<meta property=\"og:image:height\" content=\"751\" \/>\n\t<meta property=\"og:image:type\" content=\"image\/jpeg\" \/>\n<meta name=\"twitter:card\" content=\"summary_large_image\" \/>\n<script type=\"application\/ld+json\" class=\"yoast-schema-graph\">{\"@context\":\"https:\/\/schema.org\",\"@graph\":[{\"@type\":\"WebPage\",\"@id\":\"https:\/\/www.tucai.com\/de\/produkt\/c502\/\",\"url\":\"https:\/\/www.tucai.com\/de\/produkt\/c502\/\",\"name\":\"C502 - Tucai\",\"isPartOf\":{\"@id\":\"https:\/\/www.tucai.com\/de\/#website\"},\"primaryImageOfPage\":{\"@id\":\"https:\/\/www.tucai.com\/de\/produkt\/c502\/#primaryimage\"},\"image\":{\"@id\":\"https:\/\/www.tucai.com\/de\/produkt\/c502\/#primaryimage\"},\"thumbnailUrl\":\"https:\/\/www.tucai.com\/wp-content\/uploads\/2023\/06\/C501-C502.jpg\",\"datePublished\":\"2023-06-21T13:12:41+00:00\",\"breadcrumb\":{\"@id\":\"https:\/\/www.tucai.com\/de\/produkt\/c502\/#breadcrumb\"},\"inLanguage\":\"de\",\"potentialAction\":[{\"@type\":\"ReadAction\",\"target\":[\"https:\/\/www.tucai.com\/de\/produkt\/c502\/\"]}]},{\"@type\":\"ImageObject\",\"inLanguage\":\"de\",\"@id\":\"https:\/\/www.tucai.com\/de\/produkt\/c502\/#primaryimage\",\"url\":\"https:\/\/www.tucai.com\/wp-content\/uploads\/2023\/06\/C501-C502.jpg\",\"contentUrl\":\"https:\/\/www.tucai.com\/wp-content\/uploads\/2023\/06\/C501-C502.jpg\",\"width\":1149,\"height\":751},{\"@type\":\"BreadcrumbList\",\"@id\":\"https:\/\/www.tucai.com\/de\/produkt\/c502\/#breadcrumb\",\"itemListElement\":[{\"@type\":\"ListItem\",\"position\":1,\"name\":\"Portada\",\"item\":\"https:\/\/www.tucai.com\/de\/\"},{\"@type\":\"ListItem\",\"position\":2,\"name\":\"Produkte\",\"item\":\"https:\/\/www.tucai.com\/de\/shop\/\"},{\"@type\":\"ListItem\",\"position\":3,\"name\":\"C502\"}]},{\"@type\":\"WebSite\",\"@id\":\"https:\/\/www.tucai.com\/de\/#website\",\"url\":\"https:\/\/www.tucai.com\/de\/\",\"name\":\"Tucai\",\"description\":\"Latiguillos Flexibles y V\u00e1lvulas\",\"publisher\":{\"@id\":\"https:\/\/www.tucai.com\/de\/#organization\"},\"potentialAction\":[{\"@type\":\"SearchAction\",\"target\":{\"@type\":\"EntryPoint\",\"urlTemplate\":\"https:\/\/www.tucai.com\/de\/?s={search_term_string}\"},\"query-input\":{\"@type\":\"PropertyValueSpecification\",\"valueRequired\":true,\"valueName\":\"search_term_string\"}}],\"inLanguage\":\"de\"},{\"@type\":\"Organization\",\"@id\":\"https:\/\/www.tucai.com\/de\/#organization\",\"name\":\"Tucai\",\"url\":\"https:\/\/www.tucai.com\/de\/\",\"logo\":{\"@type\":\"ImageObject\",\"inLanguage\":\"de\",\"@id\":\"https:\/\/www.tucai.com\/de\/#\/schema\/logo\/image\/\",\"url\":\"https:\/\/www.tucai.com\/wp-content\/uploads\/2022\/10\/logo-tucai.png\",\"contentUrl\":\"https:\/\/www.tucai.com\/wp-content\/uploads\/2022\/10\/logo-tucai.png\",\"width\":350,\"height\":100,\"caption\":\"Tucai\"},\"image\":{\"@id\":\"https:\/\/www.tucai.com\/de\/#\/schema\/logo\/image\/\"}}]}<\/script>\n<!-- \/ Yoast SEO plugin. -->","yoast_head_json":{"title":"C502 - Tucai","robots":{"index":"index","follow":"follow","max-snippet":"max-snippet:-1","max-image-preview":"max-image-preview:large","max-video-preview":"max-video-preview:-1"},"canonical":"https:\/\/www.tucai.com\/de\/produkt\/c502\/","og_locale":"de_DE","og_type":"article","og_title":"C502 - Tucai","og_description":"Anti-Leckage Druckbest\u00e4ndig Voller Durchfluss und maximale Durchflussmenge Anti-Leckage-System auf der Welle Korrosionsbest\u00e4ndig Ergonomischer UV-best\u00e4ndiger Griff M\u00f6glichkeit der Hebelverriegelung Eingebauter Universalflansch f\u00fcr Z\u00e4hlerbatterien 1\/4 Umdrehung","og_url":"https:\/\/www.tucai.com\/de\/produkt\/c502\/","og_site_name":"Tucai","og_image":[{"width":1149,"height":751,"url":"https:\/\/www.tucai.com\/wp-content\/uploads\/2023\/06\/C501-C502.jpg","type":"image\/jpeg"}],"twitter_card":"summary_large_image","schema":{"@context":"https:\/\/schema.org","@graph":[{"@type":"WebPage","@id":"https:\/\/www.tucai.com\/de\/produkt\/c502\/","url":"https:\/\/www.tucai.com\/de\/produkt\/c502\/","name":"C502 - Tucai","isPartOf":{"@id":"https:\/\/www.tucai.com\/de\/#website"},"primaryImageOfPage":{"@id":"https:\/\/www.tucai.com\/de\/produkt\/c502\/#primaryimage"},"image":{"@id":"https:\/\/www.tucai.com\/de\/produkt\/c502\/#primaryimage"},"thumbnailUrl":"https:\/\/www.tucai.com\/wp-content\/uploads\/2023\/06\/C501-C502.jpg","datePublished":"2023-06-21T13:12:41+00:00","breadcrumb":{"@id":"https:\/\/www.tucai.com\/de\/produkt\/c502\/#breadcrumb"},"inLanguage":"de","potentialAction":[{"@type":"ReadAction","target":["https:\/\/www.tucai.com\/de\/produkt\/c502\/"]}]},{"@type":"ImageObject","inLanguage":"de","@id":"https:\/\/www.tucai.com\/de\/produkt\/c502\/#primaryimage","url":"https:\/\/www.tucai.com\/wp-content\/uploads\/2023\/06\/C501-C502.jpg","contentUrl":"https:\/\/www.tucai.com\/wp-content\/uploads\/2023\/06\/C501-C502.jpg","width":1149,"height":751},{"@type":"BreadcrumbList","@id":"https:\/\/www.tucai.com\/de\/produkt\/c502\/#breadcrumb","itemListElement":[{"@type":"ListItem","position":1,"name":"Portada","item":"https:\/\/www.tucai.com\/de\/"},{"@type":"ListItem","position":2,"name":"Produkte","item":"https:\/\/www.tucai.com\/de\/shop\/"},{"@type":"ListItem","position":3,"name":"C502"}]},{"@type":"WebSite","@id":"https:\/\/www.tucai.com\/de\/#website","url":"https:\/\/www.tucai.com\/de\/","name":"Tucai","description":"Latiguillos Flexibles y V\u00e1lvulas","publisher":{"@id":"https:\/\/www.tucai.com\/de\/#organization"},"potentialAction":[{"@type":"SearchAction","target":{"@type":"EntryPoint","urlTemplate":"https:\/\/www.tucai.com\/de\/?s={search_term_string}"},"query-input":{"@type":"PropertyValueSpecification","valueRequired":true,"valueName":"search_term_string"}}],"inLanguage":"de"},{"@type":"Organization","@id":"https:\/\/www.tucai.com\/de\/#organization","name":"Tucai","url":"https:\/\/www.tucai.com\/de\/","logo":{"@type":"ImageObject","inLanguage":"de","@id":"https:\/\/www.tucai.com\/de\/#\/schema\/logo\/image\/","url":"https:\/\/www.tucai.com\/wp-content\/uploads\/2022\/10\/logo-tucai.png","contentUrl":"https:\/\/www.tucai.com\/wp-content\/uploads\/2022\/10\/logo-tucai.png","width":350,"height":100,"caption":"Tucai"},"image":{"@id":"https:\/\/www.tucai.com\/de\/#\/schema\/logo\/image\/"}}]}},"_links":{"self":[{"href":"https:\/\/www.tucai.com\/de\/wp-json\/wp\/v2\/product\/19739","targetHints":{"allow":["GET"]}}],"collection":[{"href":"https:\/\/www.tucai.com\/de\/wp-json\/wp\/v2\/product"}],"about":[{"href":"https:\/\/www.tucai.com\/de\/wp-json\/wp\/v2\/types\/product"}],"version-history":[{"count":0,"href":"https:\/\/www.tucai.com\/de\/wp-json\/wp\/v2\/product\/19739\/revisions"}],"wp:featuredmedia":[{"embeddable":true,"href":"https:\/\/www.tucai.com\/de\/wp-json\/wp\/v2\/media\/9414"}],"wp:attachment":[{"href":"https:\/\/www.tucai.com\/de\/wp-json\/wp\/v2\/media?parent=19739"}],"wp:term":[{"taxonomy":"clasificacion","embeddable":true,"href":"https:\/\/www.tucai.com\/de\/wp-json\/wp\/v2\/clasificacion?post=19739"},{"taxonomy":"descargable","embeddable":true,"href":"https:\/\/www.tucai.com\/de\/wp-json\/wp\/v2\/descargable?post=19739"},{"taxonomy":"tipo","embeddable":true,"href":"https:\/\/www.tucai.com\/de\/wp-json\/wp\/v2\/tipo?post=19739"},{"taxonomy":"product_brand","embeddable":true,"href":"https:\/\/www.tucai.com\/de\/wp-json\/wp\/v2\/product_brand?post=19739"},{"taxonomy":"product_cat","embeddable":true,"href":"https:\/\/www.tucai.com\/de\/wp-json\/wp\/v2\/product_cat?post=19739"},{"taxonomy":"product_tag","embeddable":true,"href":"https:\/\/www.tucai.com\/de\/wp-json\/wp\/v2\/product_tag?post=19739"}],"curies":[{"name":"wp","href":"https:\/\/api.w.org\/{rel}","templated":true}]}}