{"id":19754,"date":"2024-04-11T14:43:45","date_gmt":"2024-04-11T12:43:45","guid":{"rendered":"https:\/\/www.tucai.com\/producto\/superflexo-premium\/"},"modified":"2025-09-24T12:06:00","modified_gmt":"2025-09-24T10:06:00","slug":"superflexo-premium","status":"publish","type":"product","link":"https:\/\/www.tucai.com\/de\/produkt\/superflexo-premium\/","title":{"rendered":"Superflexo Premium"},"content":{"rendered":"<ul>\n<li>2 Ausf\u00fchrungen verf\u00fcgbar<\/li>\n<li>Universeller Einsatz: hei\u00df und kalt<\/li>\n<li>Extreme Flexibilit\u00e4t<\/li>\n<li>Auslaufschutz<\/li>\n<li>Keine Wartung<\/li>\n<\/ul>\n","protected":false},"excerpt":{"rendered":"<p>2 Ausf\u00fchrungen verf\u00fcgbar Universeller Einsatz: hei\u00df und kalt Extreme Flexibilit\u00e4t Auslaufschutz Keine Wartung<\/p>\n","protected":false},"featured_media":5451,"template":"","meta":{"_acf_changed":false},"clasificacion":[425],"descargable":[244],"tipo":[373],"product_brand":[],"product_cat":[388,426],"product_tag":[],"class_list":{"0":"post-19754","1":"product","2":"type-product","3":"status-publish","4":"has-post-thumbnail","6":"clasificacion-duschen-de","7":"descargable-espanol","8":"tipo-flexibel-de","9":"product_cat-badewanne-de","10":"product_cat-dusche-de","12":"first","13":"instock","14":"shipping-taxable","15":"product-type-simple"},"acf":[],"yoast_head":"<!-- This site is optimized with the Yoast SEO plugin v26.5 - https:\/\/yoast.com\/wordpress\/plugins\/seo\/ -->\n<title>Superflexo Premium - Tucai<\/title>\n<meta name=\"robots\" content=\"index, follow, max-snippet:-1, max-image-preview:large, max-video-preview:-1\" \/>\n<link rel=\"canonical\" href=\"https:\/\/www.tucai.com\/de\/produkt\/superflexo-premium\/\" \/>\n<meta property=\"og:locale\" content=\"de_DE\" \/>\n<meta property=\"og:type\" content=\"article\" \/>\n<meta property=\"og:title\" content=\"Superflexo Premium - Tucai\" \/>\n<meta property=\"og:description\" content=\"2 Ausf\u00fchrungen verf\u00fcgbar Universeller Einsatz: hei\u00df und kalt Extreme Flexibilit\u00e4t Auslaufschutz Keine Wartung\" \/>\n<meta property=\"og:url\" content=\"https:\/\/www.tucai.com\/de\/produkt\/superflexo-premium\/\" \/>\n<meta property=\"og:site_name\" content=\"Tucai\" \/>\n<meta property=\"article:modified_time\" content=\"2025-09-24T10:06:00+00:00\" \/>\n<meta property=\"og:image\" content=\"https:\/\/www.tucai.com\/wp-content\/uploads\/2024\/04\/DSC01461.jpg\" \/>\n\t<meta property=\"og:image:width\" content=\"1920\" \/>\n\t<meta property=\"og:image:height\" content=\"1409\" \/>\n\t<meta property=\"og:image:type\" content=\"image\/jpeg\" \/>\n<meta name=\"twitter:card\" content=\"summary_large_image\" \/>\n<script type=\"application\/ld+json\" class=\"yoast-schema-graph\">{\"@context\":\"https:\/\/schema.org\",\"@graph\":[{\"@type\":\"WebPage\",\"@id\":\"https:\/\/www.tucai.com\/de\/produkt\/superflexo-premium\/\",\"url\":\"https:\/\/www.tucai.com\/de\/produkt\/superflexo-premium\/\",\"name\":\"Superflexo Premium - Tucai\",\"isPartOf\":{\"@id\":\"https:\/\/www.tucai.com\/de\/#website\"},\"primaryImageOfPage\":{\"@id\":\"https:\/\/www.tucai.com\/de\/produkt\/superflexo-premium\/#primaryimage\"},\"image\":{\"@id\":\"https:\/\/www.tucai.com\/de\/produkt\/superflexo-premium\/#primaryimage\"},\"thumbnailUrl\":\"https:\/\/www.tucai.com\/wp-content\/uploads\/2024\/04\/DSC01461.jpg\",\"datePublished\":\"2024-04-11T12:43:45+00:00\",\"dateModified\":\"2025-09-24T10:06:00+00:00\",\"breadcrumb\":{\"@id\":\"https:\/\/www.tucai.com\/de\/produkt\/superflexo-premium\/#breadcrumb\"},\"inLanguage\":\"de\",\"potentialAction\":[{\"@type\":\"ReadAction\",\"target\":[\"https:\/\/www.tucai.com\/de\/produkt\/superflexo-premium\/\"]}]},{\"@type\":\"ImageObject\",\"inLanguage\":\"de\",\"@id\":\"https:\/\/www.tucai.com\/de\/produkt\/superflexo-premium\/#primaryimage\",\"url\":\"https:\/\/www.tucai.com\/wp-content\/uploads\/2024\/04\/DSC01461.jpg\",\"contentUrl\":\"https:\/\/www.tucai.com\/wp-content\/uploads\/2024\/04\/DSC01461.jpg\",\"width\":1920,\"height\":1409},{\"@type\":\"BreadcrumbList\",\"@id\":\"https:\/\/www.tucai.com\/de\/produkt\/superflexo-premium\/#breadcrumb\",\"itemListElement\":[{\"@type\":\"ListItem\",\"position\":1,\"name\":\"Portada\",\"item\":\"https:\/\/www.tucai.com\/de\/\"},{\"@type\":\"ListItem\",\"position\":2,\"name\":\"Produkte\",\"item\":\"https:\/\/www.tucai.com\/de\/shop\/\"},{\"@type\":\"ListItem\",\"position\":3,\"name\":\"Superflexo Premium\"}]},{\"@type\":\"WebSite\",\"@id\":\"https:\/\/www.tucai.com\/de\/#website\",\"url\":\"https:\/\/www.tucai.com\/de\/\",\"name\":\"Tucai\",\"description\":\"Latiguillos Flexibles y V\u00e1lvulas\",\"publisher\":{\"@id\":\"https:\/\/www.tucai.com\/de\/#organization\"},\"potentialAction\":[{\"@type\":\"SearchAction\",\"target\":{\"@type\":\"EntryPoint\",\"urlTemplate\":\"https:\/\/www.tucai.com\/de\/?s={search_term_string}\"},\"query-input\":{\"@type\":\"PropertyValueSpecification\",\"valueRequired\":true,\"valueName\":\"search_term_string\"}}],\"inLanguage\":\"de\"},{\"@type\":\"Organization\",\"@id\":\"https:\/\/www.tucai.com\/de\/#organization\",\"name\":\"Tucai\",\"url\":\"https:\/\/www.tucai.com\/de\/\",\"logo\":{\"@type\":\"ImageObject\",\"inLanguage\":\"de\",\"@id\":\"https:\/\/www.tucai.com\/de\/#\/schema\/logo\/image\/\",\"url\":\"https:\/\/www.tucai.com\/wp-content\/uploads\/2022\/10\/logo-tucai.png\",\"contentUrl\":\"https:\/\/www.tucai.com\/wp-content\/uploads\/2022\/10\/logo-tucai.png\",\"width\":350,\"height\":100,\"caption\":\"Tucai\"},\"image\":{\"@id\":\"https:\/\/www.tucai.com\/de\/#\/schema\/logo\/image\/\"}}]}<\/script>\n<!-- \/ Yoast SEO plugin. -->","yoast_head_json":{"title":"Superflexo Premium - Tucai","robots":{"index":"index","follow":"follow","max-snippet":"max-snippet:-1","max-image-preview":"max-image-preview:large","max-video-preview":"max-video-preview:-1"},"canonical":"https:\/\/www.tucai.com\/de\/produkt\/superflexo-premium\/","og_locale":"de_DE","og_type":"article","og_title":"Superflexo Premium - Tucai","og_description":"2 Ausf\u00fchrungen verf\u00fcgbar Universeller Einsatz: hei\u00df und kalt Extreme Flexibilit\u00e4t Auslaufschutz Keine Wartung","og_url":"https:\/\/www.tucai.com\/de\/produkt\/superflexo-premium\/","og_site_name":"Tucai","article_modified_time":"2025-09-24T10:06:00+00:00","og_image":[{"width":1920,"height":1409,"url":"https:\/\/www.tucai.com\/wp-content\/uploads\/2024\/04\/DSC01461.jpg","type":"image\/jpeg"}],"twitter_card":"summary_large_image","schema":{"@context":"https:\/\/schema.org","@graph":[{"@type":"WebPage","@id":"https:\/\/www.tucai.com\/de\/produkt\/superflexo-premium\/","url":"https:\/\/www.tucai.com\/de\/produkt\/superflexo-premium\/","name":"Superflexo Premium - Tucai","isPartOf":{"@id":"https:\/\/www.tucai.com\/de\/#website"},"primaryImageOfPage":{"@id":"https:\/\/www.tucai.com\/de\/produkt\/superflexo-premium\/#primaryimage"},"image":{"@id":"https:\/\/www.tucai.com\/de\/produkt\/superflexo-premium\/#primaryimage"},"thumbnailUrl":"https:\/\/www.tucai.com\/wp-content\/uploads\/2024\/04\/DSC01461.jpg","datePublished":"2024-04-11T12:43:45+00:00","dateModified":"2025-09-24T10:06:00+00:00","breadcrumb":{"@id":"https:\/\/www.tucai.com\/de\/produkt\/superflexo-premium\/#breadcrumb"},"inLanguage":"de","potentialAction":[{"@type":"ReadAction","target":["https:\/\/www.tucai.com\/de\/produkt\/superflexo-premium\/"]}]},{"@type":"ImageObject","inLanguage":"de","@id":"https:\/\/www.tucai.com\/de\/produkt\/superflexo-premium\/#primaryimage","url":"https:\/\/www.tucai.com\/wp-content\/uploads\/2024\/04\/DSC01461.jpg","contentUrl":"https:\/\/www.tucai.com\/wp-content\/uploads\/2024\/04\/DSC01461.jpg","width":1920,"height":1409},{"@type":"BreadcrumbList","@id":"https:\/\/www.tucai.com\/de\/produkt\/superflexo-premium\/#breadcrumb","itemListElement":[{"@type":"ListItem","position":1,"name":"Portada","item":"https:\/\/www.tucai.com\/de\/"},{"@type":"ListItem","position":2,"name":"Produkte","item":"https:\/\/www.tucai.com\/de\/shop\/"},{"@type":"ListItem","position":3,"name":"Superflexo Premium"}]},{"@type":"WebSite","@id":"https:\/\/www.tucai.com\/de\/#website","url":"https:\/\/www.tucai.com\/de\/","name":"Tucai","description":"Latiguillos Flexibles y V\u00e1lvulas","publisher":{"@id":"https:\/\/www.tucai.com\/de\/#organization"},"potentialAction":[{"@type":"SearchAction","target":{"@type":"EntryPoint","urlTemplate":"https:\/\/www.tucai.com\/de\/?s={search_term_string}"},"query-input":{"@type":"PropertyValueSpecification","valueRequired":true,"valueName":"search_term_string"}}],"inLanguage":"de"},{"@type":"Organization","@id":"https:\/\/www.tucai.com\/de\/#organization","name":"Tucai","url":"https:\/\/www.tucai.com\/de\/","logo":{"@type":"ImageObject","inLanguage":"de","@id":"https:\/\/www.tucai.com\/de\/#\/schema\/logo\/image\/","url":"https:\/\/www.tucai.com\/wp-content\/uploads\/2022\/10\/logo-tucai.png","contentUrl":"https:\/\/www.tucai.com\/wp-content\/uploads\/2022\/10\/logo-tucai.png","width":350,"height":100,"caption":"Tucai"},"image":{"@id":"https:\/\/www.tucai.com\/de\/#\/schema\/logo\/image\/"}}]}},"_links":{"self":[{"href":"https:\/\/www.tucai.com\/de\/wp-json\/wp\/v2\/product\/19754","targetHints":{"allow":["GET"]}}],"collection":[{"href":"https:\/\/www.tucai.com\/de\/wp-json\/wp\/v2\/product"}],"about":[{"href":"https:\/\/www.tucai.com\/de\/wp-json\/wp\/v2\/types\/product"}],"version-history":[{"count":1,"href":"https:\/\/www.tucai.com\/de\/wp-json\/wp\/v2\/product\/19754\/revisions"}],"predecessor-version":[{"id":19861,"href":"https:\/\/www.tucai.com\/de\/wp-json\/wp\/v2\/product\/19754\/revisions\/19861"}],"wp:featuredmedia":[{"embeddable":true,"href":"https:\/\/www.tucai.com\/de\/wp-json\/wp\/v2\/media\/5451"}],"wp:attachment":[{"href":"https:\/\/www.tucai.com\/de\/wp-json\/wp\/v2\/media?parent=19754"}],"wp:term":[{"taxonomy":"clasificacion","embeddable":true,"href":"https:\/\/www.tucai.com\/de\/wp-json\/wp\/v2\/clasificacion?post=19754"},{"taxonomy":"descargable","embeddable":true,"href":"https:\/\/www.tucai.com\/de\/wp-json\/wp\/v2\/descargable?post=19754"},{"taxonomy":"tipo","embeddable":true,"href":"https:\/\/www.tucai.com\/de\/wp-json\/wp\/v2\/tipo?post=19754"},{"taxonomy":"product_brand","embeddable":true,"href":"https:\/\/www.tucai.com\/de\/wp-json\/wp\/v2\/product_brand?post=19754"},{"taxonomy":"product_cat","embeddable":true,"href":"https:\/\/www.tucai.com\/de\/wp-json\/wp\/v2\/product_cat?post=19754"},{"taxonomy":"product_tag","embeddable":true,"href":"https:\/\/www.tucai.com\/de\/wp-json\/wp\/v2\/product_tag?post=19754"}],"curies":[{"name":"wp","href":"https:\/\/api.w.org\/{rel}","templated":true}]}}