{"id":19789,"date":"2023-06-21T13:12:44","date_gmt":"2023-06-21T13:12:44","guid":{"rendered":"https:\/\/www.tucai.com\/producto\/d400\/"},"modified":"2023-06-21T13:12:44","modified_gmt":"2023-06-21T11:12:44","slug":"d400","status":"publish","type":"product","link":"https:\/\/www.tucai.com\/de\/produkt\/d400\/","title":{"rendered":"D400"},"content":{"rendered":"<div class=\"page\" title=\"Seite 22\">\n<div class=\"section\">\n<div class=\"layoutArea\">\n<div class=\"column\">\n<ul>\n<li>A Wasseraufnahme<\/li>\n<li>Unabh\u00e4ngige Doppelsteckdose<\/li>\n<li>Einteiliges Geh\u00e4use<\/li>\n<li>Frostschutzmittel<\/li>\n<li>Anti-Tropf-System<\/li>\n<li>Anti-Leckage-System auf der Welle<\/li>\n<li>Korrosionsbest\u00e4ndig<\/li>\n<li>Ergonomischer UV-best\u00e4ndiger Griff<\/li>\n<li>Eingebauter Auslaufbel\u00fcfter<\/li>\n<li>1\/4 Umdrehung<\/li>\n<\/ul>\n<\/div>\n<\/div>\n<\/div>\n<\/div>\n","protected":false},"excerpt":{"rendered":"<p>A Wasseraufnahme Unabh\u00e4ngige Doppelsteckdose Einteiliges Geh\u00e4use Frostschutzmittel Anti-Tropf-System Anti-Leckage-System auf der Welle Korrosionsbest\u00e4ndig Ergonomischer UV-best\u00e4ndiger Griff Eingebauter Auslaufbel\u00fcfter 1\/4 Umdrehung<\/p>\n","protected":false},"featured_media":8754,"template":"","meta":{"_acf_changed":false},"clasificacion":[404],"descargable":[],"tipo":[448],"product_brand":[],"product_cat":[536,374],"product_tag":[537,375],"class_list":{"0":"post-19789","1":"product","2":"type-product","3":"status-publish","4":"has-post-thumbnail","6":"clasificacion-gartenhahne-de","7":"tipo-ventile-de","8":"product_cat-gartenhahn-de","9":"product_cat-waschmaschine-de","10":"product_tag-gartenhahn-de","11":"product_tag-wasser-de","13":"first","14":"instock","15":"product-type-simple"},"acf":[],"yoast_head":"<!-- This site is optimized with the Yoast SEO plugin v27.3 - https:\/\/yoast.com\/product\/yoast-seo-wordpress\/ -->\n<title>D400 - Tucai<\/title>\n<meta name=\"robots\" content=\"index, follow, max-snippet:-1, max-image-preview:large, max-video-preview:-1\" \/>\n<link rel=\"canonical\" href=\"https:\/\/www.tucai.com\/de\/produkt\/d400\/\" \/>\n<meta property=\"og:locale\" content=\"de_DE\" \/>\n<meta property=\"og:type\" content=\"article\" \/>\n<meta property=\"og:title\" content=\"D400 - Tucai\" \/>\n<meta property=\"og:description\" content=\"A Wasseraufnahme Unabh\u00e4ngige Doppelsteckdose Einteiliges Geh\u00e4use Frostschutzmittel Anti-Tropf-System Anti-Leckage-System auf der Welle Korrosionsbest\u00e4ndig Ergonomischer UV-best\u00e4ndiger Griff Eingebauter Auslaufbel\u00fcfter 1\/4 Umdrehung\" \/>\n<meta property=\"og:url\" content=\"https:\/\/www.tucai.com\/de\/produkt\/d400\/\" \/>\n<meta property=\"og:site_name\" content=\"Tucai\" \/>\n<meta property=\"og:image\" content=\"https:\/\/www.tucai.com\/wp-content\/uploads\/2023\/06\/D400.png\" \/>\n\t<meta property=\"og:image:width\" content=\"1920\" \/>\n\t<meta property=\"og:image:height\" content=\"1237\" \/>\n\t<meta property=\"og:image:type\" content=\"image\/png\" \/>\n<meta name=\"twitter:card\" content=\"summary_large_image\" \/>\n<script type=\"application\/ld+json\" class=\"yoast-schema-graph\">{\"@context\":\"https:\\\/\\\/schema.org\",\"@graph\":[{\"@type\":\"WebPage\",\"@id\":\"https:\\\/\\\/www.tucai.com\\\/de\\\/produkt\\\/d400\\\/\",\"url\":\"https:\\\/\\\/www.tucai.com\\\/de\\\/produkt\\\/d400\\\/\",\"name\":\"D400 - Tucai\",\"isPartOf\":{\"@id\":\"https:\\\/\\\/www.tucai.com\\\/de\\\/#website\"},\"primaryImageOfPage\":{\"@id\":\"https:\\\/\\\/www.tucai.com\\\/de\\\/produkt\\\/d400\\\/#primaryimage\"},\"image\":{\"@id\":\"https:\\\/\\\/www.tucai.com\\\/de\\\/produkt\\\/d400\\\/#primaryimage\"},\"thumbnailUrl\":\"https:\\\/\\\/www.tucai.com\\\/wp-content\\\/uploads\\\/2023\\\/06\\\/D400.png\",\"datePublished\":\"2023-06-21T13:12:44+00:00\",\"breadcrumb\":{\"@id\":\"https:\\\/\\\/www.tucai.com\\\/de\\\/produkt\\\/d400\\\/#breadcrumb\"},\"inLanguage\":\"de\",\"potentialAction\":[{\"@type\":\"ReadAction\",\"target\":[\"https:\\\/\\\/www.tucai.com\\\/de\\\/produkt\\\/d400\\\/\"]}]},{\"@type\":\"ImageObject\",\"inLanguage\":\"de\",\"@id\":\"https:\\\/\\\/www.tucai.com\\\/de\\\/produkt\\\/d400\\\/#primaryimage\",\"url\":\"https:\\\/\\\/www.tucai.com\\\/wp-content\\\/uploads\\\/2023\\\/06\\\/D400.png\",\"contentUrl\":\"https:\\\/\\\/www.tucai.com\\\/wp-content\\\/uploads\\\/2023\\\/06\\\/D400.png\",\"width\":1920,\"height\":1237},{\"@type\":\"BreadcrumbList\",\"@id\":\"https:\\\/\\\/www.tucai.com\\\/de\\\/produkt\\\/d400\\\/#breadcrumb\",\"itemListElement\":[{\"@type\":\"ListItem\",\"position\":1,\"name\":\"Portada\",\"item\":\"https:\\\/\\\/www.tucai.com\\\/de\\\/\"},{\"@type\":\"ListItem\",\"position\":2,\"name\":\"Produkte\",\"item\":\"https:\\\/\\\/www.tucai.com\\\/de\\\/shop\\\/\"},{\"@type\":\"ListItem\",\"position\":3,\"name\":\"D400\"}]},{\"@type\":\"WebSite\",\"@id\":\"https:\\\/\\\/www.tucai.com\\\/de\\\/#website\",\"url\":\"https:\\\/\\\/www.tucai.com\\\/de\\\/\",\"name\":\"Tucai\",\"description\":\"Latiguillos Flexibles y V\u00e1lvulas\",\"publisher\":{\"@id\":\"https:\\\/\\\/www.tucai.com\\\/de\\\/#organization\"},\"potentialAction\":[{\"@type\":\"SearchAction\",\"target\":{\"@type\":\"EntryPoint\",\"urlTemplate\":\"https:\\\/\\\/www.tucai.com\\\/de\\\/?s={search_term_string}\"},\"query-input\":{\"@type\":\"PropertyValueSpecification\",\"valueRequired\":true,\"valueName\":\"search_term_string\"}}],\"inLanguage\":\"de\"},{\"@type\":\"Organization\",\"@id\":\"https:\\\/\\\/www.tucai.com\\\/de\\\/#organization\",\"name\":\"Tucai\",\"url\":\"https:\\\/\\\/www.tucai.com\\\/de\\\/\",\"logo\":{\"@type\":\"ImageObject\",\"inLanguage\":\"de\",\"@id\":\"https:\\\/\\\/www.tucai.com\\\/de\\\/#\\\/schema\\\/logo\\\/image\\\/\",\"url\":\"https:\\\/\\\/www.tucai.com\\\/wp-content\\\/uploads\\\/2022\\\/10\\\/logo-tucai.png\",\"contentUrl\":\"https:\\\/\\\/www.tucai.com\\\/wp-content\\\/uploads\\\/2022\\\/10\\\/logo-tucai.png\",\"width\":350,\"height\":100,\"caption\":\"Tucai\"},\"image\":{\"@id\":\"https:\\\/\\\/www.tucai.com\\\/de\\\/#\\\/schema\\\/logo\\\/image\\\/\"}}]}<\/script>\n<!-- \/ Yoast SEO plugin. -->","yoast_head_json":{"title":"D400 - Tucai","robots":{"index":"index","follow":"follow","max-snippet":"max-snippet:-1","max-image-preview":"max-image-preview:large","max-video-preview":"max-video-preview:-1"},"canonical":"https:\/\/www.tucai.com\/de\/produkt\/d400\/","og_locale":"de_DE","og_type":"article","og_title":"D400 - Tucai","og_description":"A Wasseraufnahme Unabh\u00e4ngige Doppelsteckdose Einteiliges Geh\u00e4use Frostschutzmittel Anti-Tropf-System Anti-Leckage-System auf der Welle Korrosionsbest\u00e4ndig Ergonomischer UV-best\u00e4ndiger Griff Eingebauter Auslaufbel\u00fcfter 1\/4 Umdrehung","og_url":"https:\/\/www.tucai.com\/de\/produkt\/d400\/","og_site_name":"Tucai","og_image":[{"width":1920,"height":1237,"url":"https:\/\/www.tucai.com\/wp-content\/uploads\/2023\/06\/D400.png","type":"image\/png"}],"twitter_card":"summary_large_image","schema":{"@context":"https:\/\/schema.org","@graph":[{"@type":"WebPage","@id":"https:\/\/www.tucai.com\/de\/produkt\/d400\/","url":"https:\/\/www.tucai.com\/de\/produkt\/d400\/","name":"D400 - Tucai","isPartOf":{"@id":"https:\/\/www.tucai.com\/de\/#website"},"primaryImageOfPage":{"@id":"https:\/\/www.tucai.com\/de\/produkt\/d400\/#primaryimage"},"image":{"@id":"https:\/\/www.tucai.com\/de\/produkt\/d400\/#primaryimage"},"thumbnailUrl":"https:\/\/www.tucai.com\/wp-content\/uploads\/2023\/06\/D400.png","datePublished":"2023-06-21T13:12:44+00:00","breadcrumb":{"@id":"https:\/\/www.tucai.com\/de\/produkt\/d400\/#breadcrumb"},"inLanguage":"de","potentialAction":[{"@type":"ReadAction","target":["https:\/\/www.tucai.com\/de\/produkt\/d400\/"]}]},{"@type":"ImageObject","inLanguage":"de","@id":"https:\/\/www.tucai.com\/de\/produkt\/d400\/#primaryimage","url":"https:\/\/www.tucai.com\/wp-content\/uploads\/2023\/06\/D400.png","contentUrl":"https:\/\/www.tucai.com\/wp-content\/uploads\/2023\/06\/D400.png","width":1920,"height":1237},{"@type":"BreadcrumbList","@id":"https:\/\/www.tucai.com\/de\/produkt\/d400\/#breadcrumb","itemListElement":[{"@type":"ListItem","position":1,"name":"Portada","item":"https:\/\/www.tucai.com\/de\/"},{"@type":"ListItem","position":2,"name":"Produkte","item":"https:\/\/www.tucai.com\/de\/shop\/"},{"@type":"ListItem","position":3,"name":"D400"}]},{"@type":"WebSite","@id":"https:\/\/www.tucai.com\/de\/#website","url":"https:\/\/www.tucai.com\/de\/","name":"Tucai","description":"Latiguillos Flexibles y V\u00e1lvulas","publisher":{"@id":"https:\/\/www.tucai.com\/de\/#organization"},"potentialAction":[{"@type":"SearchAction","target":{"@type":"EntryPoint","urlTemplate":"https:\/\/www.tucai.com\/de\/?s={search_term_string}"},"query-input":{"@type":"PropertyValueSpecification","valueRequired":true,"valueName":"search_term_string"}}],"inLanguage":"de"},{"@type":"Organization","@id":"https:\/\/www.tucai.com\/de\/#organization","name":"Tucai","url":"https:\/\/www.tucai.com\/de\/","logo":{"@type":"ImageObject","inLanguage":"de","@id":"https:\/\/www.tucai.com\/de\/#\/schema\/logo\/image\/","url":"https:\/\/www.tucai.com\/wp-content\/uploads\/2022\/10\/logo-tucai.png","contentUrl":"https:\/\/www.tucai.com\/wp-content\/uploads\/2022\/10\/logo-tucai.png","width":350,"height":100,"caption":"Tucai"},"image":{"@id":"https:\/\/www.tucai.com\/de\/#\/schema\/logo\/image\/"}}]}},"_links":{"self":[{"href":"https:\/\/www.tucai.com\/de\/wp-json\/wp\/v2\/product\/19789","targetHints":{"allow":["GET"]}}],"collection":[{"href":"https:\/\/www.tucai.com\/de\/wp-json\/wp\/v2\/product"}],"about":[{"href":"https:\/\/www.tucai.com\/de\/wp-json\/wp\/v2\/types\/product"}],"version-history":[{"count":0,"href":"https:\/\/www.tucai.com\/de\/wp-json\/wp\/v2\/product\/19789\/revisions"}],"wp:featuredmedia":[{"embeddable":true,"href":"https:\/\/www.tucai.com\/de\/wp-json\/wp\/v2\/media\/8754"}],"wp:attachment":[{"href":"https:\/\/www.tucai.com\/de\/wp-json\/wp\/v2\/media?parent=19789"}],"wp:term":[{"taxonomy":"clasificacion","embeddable":true,"href":"https:\/\/www.tucai.com\/de\/wp-json\/wp\/v2\/clasificacion?post=19789"},{"taxonomy":"descargable","embeddable":true,"href":"https:\/\/www.tucai.com\/de\/wp-json\/wp\/v2\/descargable?post=19789"},{"taxonomy":"tipo","embeddable":true,"href":"https:\/\/www.tucai.com\/de\/wp-json\/wp\/v2\/tipo?post=19789"},{"taxonomy":"product_brand","embeddable":true,"href":"https:\/\/www.tucai.com\/de\/wp-json\/wp\/v2\/product_brand?post=19789"},{"taxonomy":"product_cat","embeddable":true,"href":"https:\/\/www.tucai.com\/de\/wp-json\/wp\/v2\/product_cat?post=19789"},{"taxonomy":"product_tag","embeddable":true,"href":"https:\/\/www.tucai.com\/de\/wp-json\/wp\/v2\/product_tag?post=19789"}],"curies":[{"name":"wp","href":"https:\/\/api.w.org\/{rel}","templated":true}]}}