{"id":19812,"date":"2023-07-05T09:17:13","date_gmt":"2023-07-05T09:17:13","guid":{"rendered":"https:\/\/www.tucai.com\/producto\/ge-aeusserer-gummi\/"},"modified":"2023-07-05T09:17:13","modified_gmt":"2023-07-05T07:17:13","slug":"ge-aeusserer-gummi","status":"publish","type":"product","link":"https:\/\/www.tucai.com\/de\/produkt\/ge-aeusserer-gummi\/","title":{"rendered":"GE (\u00c4u\u00dferer Gummi)"},"content":{"rendered":"<p>Gasleitungen<\/p>\n<p>Rohr hergestellt gem\u00e4\u00df BS3212\/2-Standard<\/p>\n<p>Arbeitsdruck 17 kg\/cm2<\/p>\n<p>! Vor dem 5. Jahr ersetzen.<\/p>\n","protected":false},"excerpt":{"rendered":"<p>GE Industrierohrleitungen -Gummi f\u00fcr den Au\u00dfenbereich<\/p>\n","protected":false},"featured_media":3412,"template":"","meta":{"_acf_changed":false},"clasificacion":[505],"descargable":[],"tipo":[373],"product_brand":[],"product_cat":[449,506,507],"product_tag":[512,513],"class_list":{"0":"post-19812","1":"product","2":"type-product","3":"status-publish","4":"has-post-thumbnail","6":"clasificacion-gas-de","7":"tipo-flexibel-de","8":"product_cat-gasheizung-de","9":"product_cat-gasherde","10":"product_cat-gasofen-de","11":"product_tag-gas-de","12":"product_tag-industrierohre-de","14":"first","15":"instock","16":"product-type-simple"},"acf":[],"yoast_head":"<!-- This site is optimized with the Yoast SEO plugin v27.3 - https:\/\/yoast.com\/product\/yoast-seo-wordpress\/ -->\n<title>GE (\u00c4u\u00dferer Gummi) - Tucai<\/title>\n<meta name=\"robots\" content=\"index, follow, max-snippet:-1, max-image-preview:large, max-video-preview:-1\" \/>\n<link rel=\"canonical\" href=\"https:\/\/www.tucai.com\/de\/produkt\/ge-aeusserer-gummi\/\" \/>\n<meta property=\"og:locale\" content=\"de_DE\" \/>\n<meta property=\"og:type\" content=\"article\" \/>\n<meta property=\"og:title\" content=\"GE (\u00c4u\u00dferer Gummi) - Tucai\" \/>\n<meta property=\"og:description\" content=\"GE Industrierohrleitungen -Gummi f\u00fcr den Au\u00dfenbereich\" \/>\n<meta property=\"og:url\" content=\"https:\/\/www.tucai.com\/de\/produkt\/ge-aeusserer-gummi\/\" \/>\n<meta property=\"og:site_name\" content=\"Tucai\" \/>\n<meta property=\"og:image\" content=\"https:\/\/www.tucai.com\/wp-content\/uploads\/2023\/07\/Captura-de-pantalla-2023-07-17-a-las-10.33.32-e1704717344546.png\" \/>\n\t<meta property=\"og:image:width\" content=\"885\" \/>\n\t<meta property=\"og:image:height\" content=\"1152\" \/>\n\t<meta property=\"og:image:type\" content=\"image\/png\" \/>\n<meta name=\"twitter:card\" content=\"summary_large_image\" \/>\n<script type=\"application\/ld+json\" class=\"yoast-schema-graph\">{\"@context\":\"https:\\\/\\\/schema.org\",\"@graph\":[{\"@type\":\"WebPage\",\"@id\":\"https:\\\/\\\/www.tucai.com\\\/de\\\/produkt\\\/ge-aeusserer-gummi\\\/\",\"url\":\"https:\\\/\\\/www.tucai.com\\\/de\\\/produkt\\\/ge-aeusserer-gummi\\\/\",\"name\":\"GE (\u00c4u\u00dferer Gummi) - Tucai\",\"isPartOf\":{\"@id\":\"https:\\\/\\\/www.tucai.com\\\/de\\\/#website\"},\"primaryImageOfPage\":{\"@id\":\"https:\\\/\\\/www.tucai.com\\\/de\\\/produkt\\\/ge-aeusserer-gummi\\\/#primaryimage\"},\"image\":{\"@id\":\"https:\\\/\\\/www.tucai.com\\\/de\\\/produkt\\\/ge-aeusserer-gummi\\\/#primaryimage\"},\"thumbnailUrl\":\"https:\\\/\\\/www.tucai.com\\\/wp-content\\\/uploads\\\/2023\\\/07\\\/Captura-de-pantalla-2023-07-17-a-las-10.33.32-e1704717344546.png\",\"datePublished\":\"2023-07-05T09:17:13+00:00\",\"breadcrumb\":{\"@id\":\"https:\\\/\\\/www.tucai.com\\\/de\\\/produkt\\\/ge-aeusserer-gummi\\\/#breadcrumb\"},\"inLanguage\":\"de\",\"potentialAction\":[{\"@type\":\"ReadAction\",\"target\":[\"https:\\\/\\\/www.tucai.com\\\/de\\\/produkt\\\/ge-aeusserer-gummi\\\/\"]}]},{\"@type\":\"ImageObject\",\"inLanguage\":\"de\",\"@id\":\"https:\\\/\\\/www.tucai.com\\\/de\\\/produkt\\\/ge-aeusserer-gummi\\\/#primaryimage\",\"url\":\"https:\\\/\\\/www.tucai.com\\\/wp-content\\\/uploads\\\/2023\\\/07\\\/Captura-de-pantalla-2023-07-17-a-las-10.33.32-e1704717344546.png\",\"contentUrl\":\"https:\\\/\\\/www.tucai.com\\\/wp-content\\\/uploads\\\/2023\\\/07\\\/Captura-de-pantalla-2023-07-17-a-las-10.33.32-e1704717344546.png\",\"width\":885,\"height\":1152},{\"@type\":\"BreadcrumbList\",\"@id\":\"https:\\\/\\\/www.tucai.com\\\/de\\\/produkt\\\/ge-aeusserer-gummi\\\/#breadcrumb\",\"itemListElement\":[{\"@type\":\"ListItem\",\"position\":1,\"name\":\"Portada\",\"item\":\"https:\\\/\\\/www.tucai.com\\\/de\\\/\"},{\"@type\":\"ListItem\",\"position\":2,\"name\":\"Produkte\",\"item\":\"https:\\\/\\\/www.tucai.com\\\/de\\\/shop\\\/\"},{\"@type\":\"ListItem\",\"position\":3,\"name\":\"GE (\u00c4u\u00dferer Gummi)\"}]},{\"@type\":\"WebSite\",\"@id\":\"https:\\\/\\\/www.tucai.com\\\/de\\\/#website\",\"url\":\"https:\\\/\\\/www.tucai.com\\\/de\\\/\",\"name\":\"Tucai\",\"description\":\"Latiguillos Flexibles y V\u00e1lvulas\",\"publisher\":{\"@id\":\"https:\\\/\\\/www.tucai.com\\\/de\\\/#organization\"},\"potentialAction\":[{\"@type\":\"SearchAction\",\"target\":{\"@type\":\"EntryPoint\",\"urlTemplate\":\"https:\\\/\\\/www.tucai.com\\\/de\\\/?s={search_term_string}\"},\"query-input\":{\"@type\":\"PropertyValueSpecification\",\"valueRequired\":true,\"valueName\":\"search_term_string\"}}],\"inLanguage\":\"de\"},{\"@type\":\"Organization\",\"@id\":\"https:\\\/\\\/www.tucai.com\\\/de\\\/#organization\",\"name\":\"Tucai\",\"url\":\"https:\\\/\\\/www.tucai.com\\\/de\\\/\",\"logo\":{\"@type\":\"ImageObject\",\"inLanguage\":\"de\",\"@id\":\"https:\\\/\\\/www.tucai.com\\\/de\\\/#\\\/schema\\\/logo\\\/image\\\/\",\"url\":\"https:\\\/\\\/www.tucai.com\\\/wp-content\\\/uploads\\\/2022\\\/10\\\/logo-tucai.png\",\"contentUrl\":\"https:\\\/\\\/www.tucai.com\\\/wp-content\\\/uploads\\\/2022\\\/10\\\/logo-tucai.png\",\"width\":350,\"height\":100,\"caption\":\"Tucai\"},\"image\":{\"@id\":\"https:\\\/\\\/www.tucai.com\\\/de\\\/#\\\/schema\\\/logo\\\/image\\\/\"}}]}<\/script>\n<!-- \/ Yoast SEO plugin. -->","yoast_head_json":{"title":"GE (\u00c4u\u00dferer Gummi) - Tucai","robots":{"index":"index","follow":"follow","max-snippet":"max-snippet:-1","max-image-preview":"max-image-preview:large","max-video-preview":"max-video-preview:-1"},"canonical":"https:\/\/www.tucai.com\/de\/produkt\/ge-aeusserer-gummi\/","og_locale":"de_DE","og_type":"article","og_title":"GE (\u00c4u\u00dferer Gummi) - Tucai","og_description":"GE Industrierohrleitungen -Gummi f\u00fcr den Au\u00dfenbereich","og_url":"https:\/\/www.tucai.com\/de\/produkt\/ge-aeusserer-gummi\/","og_site_name":"Tucai","og_image":[{"width":885,"height":1152,"url":"https:\/\/www.tucai.com\/wp-content\/uploads\/2023\/07\/Captura-de-pantalla-2023-07-17-a-las-10.33.32-e1704717344546.png","type":"image\/png"}],"twitter_card":"summary_large_image","schema":{"@context":"https:\/\/schema.org","@graph":[{"@type":"WebPage","@id":"https:\/\/www.tucai.com\/de\/produkt\/ge-aeusserer-gummi\/","url":"https:\/\/www.tucai.com\/de\/produkt\/ge-aeusserer-gummi\/","name":"GE (\u00c4u\u00dferer Gummi) - Tucai","isPartOf":{"@id":"https:\/\/www.tucai.com\/de\/#website"},"primaryImageOfPage":{"@id":"https:\/\/www.tucai.com\/de\/produkt\/ge-aeusserer-gummi\/#primaryimage"},"image":{"@id":"https:\/\/www.tucai.com\/de\/produkt\/ge-aeusserer-gummi\/#primaryimage"},"thumbnailUrl":"https:\/\/www.tucai.com\/wp-content\/uploads\/2023\/07\/Captura-de-pantalla-2023-07-17-a-las-10.33.32-e1704717344546.png","datePublished":"2023-07-05T09:17:13+00:00","breadcrumb":{"@id":"https:\/\/www.tucai.com\/de\/produkt\/ge-aeusserer-gummi\/#breadcrumb"},"inLanguage":"de","potentialAction":[{"@type":"ReadAction","target":["https:\/\/www.tucai.com\/de\/produkt\/ge-aeusserer-gummi\/"]}]},{"@type":"ImageObject","inLanguage":"de","@id":"https:\/\/www.tucai.com\/de\/produkt\/ge-aeusserer-gummi\/#primaryimage","url":"https:\/\/www.tucai.com\/wp-content\/uploads\/2023\/07\/Captura-de-pantalla-2023-07-17-a-las-10.33.32-e1704717344546.png","contentUrl":"https:\/\/www.tucai.com\/wp-content\/uploads\/2023\/07\/Captura-de-pantalla-2023-07-17-a-las-10.33.32-e1704717344546.png","width":885,"height":1152},{"@type":"BreadcrumbList","@id":"https:\/\/www.tucai.com\/de\/produkt\/ge-aeusserer-gummi\/#breadcrumb","itemListElement":[{"@type":"ListItem","position":1,"name":"Portada","item":"https:\/\/www.tucai.com\/de\/"},{"@type":"ListItem","position":2,"name":"Produkte","item":"https:\/\/www.tucai.com\/de\/shop\/"},{"@type":"ListItem","position":3,"name":"GE (\u00c4u\u00dferer Gummi)"}]},{"@type":"WebSite","@id":"https:\/\/www.tucai.com\/de\/#website","url":"https:\/\/www.tucai.com\/de\/","name":"Tucai","description":"Latiguillos Flexibles y V\u00e1lvulas","publisher":{"@id":"https:\/\/www.tucai.com\/de\/#organization"},"potentialAction":[{"@type":"SearchAction","target":{"@type":"EntryPoint","urlTemplate":"https:\/\/www.tucai.com\/de\/?s={search_term_string}"},"query-input":{"@type":"PropertyValueSpecification","valueRequired":true,"valueName":"search_term_string"}}],"inLanguage":"de"},{"@type":"Organization","@id":"https:\/\/www.tucai.com\/de\/#organization","name":"Tucai","url":"https:\/\/www.tucai.com\/de\/","logo":{"@type":"ImageObject","inLanguage":"de","@id":"https:\/\/www.tucai.com\/de\/#\/schema\/logo\/image\/","url":"https:\/\/www.tucai.com\/wp-content\/uploads\/2022\/10\/logo-tucai.png","contentUrl":"https:\/\/www.tucai.com\/wp-content\/uploads\/2022\/10\/logo-tucai.png","width":350,"height":100,"caption":"Tucai"},"image":{"@id":"https:\/\/www.tucai.com\/de\/#\/schema\/logo\/image\/"}}]}},"_links":{"self":[{"href":"https:\/\/www.tucai.com\/de\/wp-json\/wp\/v2\/product\/19812","targetHints":{"allow":["GET"]}}],"collection":[{"href":"https:\/\/www.tucai.com\/de\/wp-json\/wp\/v2\/product"}],"about":[{"href":"https:\/\/www.tucai.com\/de\/wp-json\/wp\/v2\/types\/product"}],"version-history":[{"count":0,"href":"https:\/\/www.tucai.com\/de\/wp-json\/wp\/v2\/product\/19812\/revisions"}],"wp:featuredmedia":[{"embeddable":true,"href":"https:\/\/www.tucai.com\/de\/wp-json\/wp\/v2\/media\/3412"}],"wp:attachment":[{"href":"https:\/\/www.tucai.com\/de\/wp-json\/wp\/v2\/media?parent=19812"}],"wp:term":[{"taxonomy":"clasificacion","embeddable":true,"href":"https:\/\/www.tucai.com\/de\/wp-json\/wp\/v2\/clasificacion?post=19812"},{"taxonomy":"descargable","embeddable":true,"href":"https:\/\/www.tucai.com\/de\/wp-json\/wp\/v2\/descargable?post=19812"},{"taxonomy":"tipo","embeddable":true,"href":"https:\/\/www.tucai.com\/de\/wp-json\/wp\/v2\/tipo?post=19812"},{"taxonomy":"product_brand","embeddable":true,"href":"https:\/\/www.tucai.com\/de\/wp-json\/wp\/v2\/product_brand?post=19812"},{"taxonomy":"product_cat","embeddable":true,"href":"https:\/\/www.tucai.com\/de\/wp-json\/wp\/v2\/product_cat?post=19812"},{"taxonomy":"product_tag","embeddable":true,"href":"https:\/\/www.tucai.com\/de\/wp-json\/wp\/v2\/product_tag?post=19812"}],"curies":[{"name":"wp","href":"https:\/\/api.w.org\/{rel}","templated":true}]}}