{"id":19856,"date":"2024-04-11T14:43:44","date_gmt":"2024-04-11T12:43:44","guid":{"rendered":"https:\/\/www.tucai.com\/producto\/m515-m516\/"},"modified":"2024-04-11T14:43:44","modified_gmt":"2024-04-11T12:43:44","slug":"m515-m516","status":"publish","type":"product","link":"https:\/\/www.tucai.com\/de\/produkt\/m515-m516\/","title":{"rendered":"M515 &#8211; M516"},"content":{"rendered":"<ul>\n<li>Auslaufschutz<\/li>\n<li>Druckbest\u00e4ndig<\/li>\n<li>Eingebautes R\u00fccklaufsicherungssystem<\/li>\n<li>Einfache Installation<\/li>\n<li>Griff f\u00fcr beengte Platzverh\u00e4ltnisse geeignet<\/li>\n<li>1\/4 Umdrehung<\/li>\n<li>Universal-Gewindeanschluss<\/li>\n<li>Erm\u00f6glicht das Sp\u00fclen und Anschlie\u00dfen der Sonde<\/li>\n<\/ul>\n<p>&nbsp;<\/p>\n","protected":false},"excerpt":{"rendered":"<p>Auslaufschutz Druckbest\u00e4ndig Eingebautes R\u00fccklaufsicherungssystem Einfache Installation Griff f\u00fcr beengte Platzverh\u00e4ltnisse geeignet 1\/4 Umdrehung Universal-Gewindeanschluss Erm\u00f6glicht das Sp\u00fclen und Anschlie\u00dfen der Sonde &nbsp;<\/p>\n","protected":false},"featured_media":14315,"template":"","meta":{"_acf_changed":false},"clasificacion":[398],"descargable":[],"tipo":[448],"product_brand":[],"product_cat":[474,602,596],"product_tag":[],"class_list":{"0":"post-19856","1":"product","2":"type-product","3":"status-publish","4":"has-post-thumbnail","6":"clasificacion-kugelhahne-de","7":"tipo-ventile-de","8":"product_cat-gegenbatterie-de","9":"product_cat-wasseranschlusse-de","10":"product_cat-wasserverteilungsnetz-de","12":"first","13":"instock","14":"shipping-taxable","15":"product-type-simple"},"acf":[],"yoast_head":"<!-- This site is optimized with the Yoast SEO plugin v26.5 - https:\/\/yoast.com\/wordpress\/plugins\/seo\/ -->\n<title>M515 - M516 - Tucai<\/title>\n<meta name=\"robots\" content=\"index, follow, max-snippet:-1, max-image-preview:large, max-video-preview:-1\" \/>\n<link rel=\"canonical\" href=\"https:\/\/www.tucai.com\/de\/produkt\/m515-m516\/\" \/>\n<meta property=\"og:locale\" content=\"de_DE\" \/>\n<meta property=\"og:type\" content=\"article\" \/>\n<meta property=\"og:title\" content=\"M515 - M516 - Tucai\" \/>\n<meta property=\"og:description\" content=\"Auslaufschutz Druckbest\u00e4ndig Eingebautes R\u00fccklaufsicherungssystem Einfache Installation Griff f\u00fcr beengte Platzverh\u00e4ltnisse geeignet 1\/4 Umdrehung Universal-Gewindeanschluss Erm\u00f6glicht das Sp\u00fclen und Anschlie\u00dfen der Sonde &nbsp;\" \/>\n<meta property=\"og:url\" content=\"https:\/\/www.tucai.com\/de\/produkt\/m515-m516\/\" \/>\n<meta property=\"og:site_name\" content=\"Tucai\" \/>\n<meta property=\"og:image\" content=\"https:\/\/www.tucai.com\/wp-content\/uploads\/2024\/04\/1-M-515M.jpg\" \/>\n\t<meta property=\"og:image:width\" content=\"1718\" \/>\n\t<meta property=\"og:image:height\" content=\"1902\" \/>\n\t<meta property=\"og:image:type\" content=\"image\/jpeg\" \/>\n<meta name=\"twitter:card\" content=\"summary_large_image\" \/>\n<script type=\"application\/ld+json\" class=\"yoast-schema-graph\">{\"@context\":\"https:\/\/schema.org\",\"@graph\":[{\"@type\":\"WebPage\",\"@id\":\"https:\/\/www.tucai.com\/de\/produkt\/m515-m516\/\",\"url\":\"https:\/\/www.tucai.com\/de\/produkt\/m515-m516\/\",\"name\":\"M515 - M516 - Tucai\",\"isPartOf\":{\"@id\":\"https:\/\/www.tucai.com\/de\/#website\"},\"primaryImageOfPage\":{\"@id\":\"https:\/\/www.tucai.com\/de\/produkt\/m515-m516\/#primaryimage\"},\"image\":{\"@id\":\"https:\/\/www.tucai.com\/de\/produkt\/m515-m516\/#primaryimage\"},\"thumbnailUrl\":\"https:\/\/www.tucai.com\/wp-content\/uploads\/2024\/04\/1-M-515M.jpg\",\"datePublished\":\"2024-04-11T12:43:44+00:00\",\"breadcrumb\":{\"@id\":\"https:\/\/www.tucai.com\/de\/produkt\/m515-m516\/#breadcrumb\"},\"inLanguage\":\"de\",\"potentialAction\":[{\"@type\":\"ReadAction\",\"target\":[\"https:\/\/www.tucai.com\/de\/produkt\/m515-m516\/\"]}]},{\"@type\":\"ImageObject\",\"inLanguage\":\"de\",\"@id\":\"https:\/\/www.tucai.com\/de\/produkt\/m515-m516\/#primaryimage\",\"url\":\"https:\/\/www.tucai.com\/wp-content\/uploads\/2024\/04\/1-M-515M.jpg\",\"contentUrl\":\"https:\/\/www.tucai.com\/wp-content\/uploads\/2024\/04\/1-M-515M.jpg\",\"width\":1718,\"height\":1902},{\"@type\":\"BreadcrumbList\",\"@id\":\"https:\/\/www.tucai.com\/de\/produkt\/m515-m516\/#breadcrumb\",\"itemListElement\":[{\"@type\":\"ListItem\",\"position\":1,\"name\":\"Portada\",\"item\":\"https:\/\/www.tucai.com\/de\/\"},{\"@type\":\"ListItem\",\"position\":2,\"name\":\"Produkte\",\"item\":\"https:\/\/www.tucai.com\/de\/shop\/\"},{\"@type\":\"ListItem\",\"position\":3,\"name\":\"M515 - M516\"}]},{\"@type\":\"WebSite\",\"@id\":\"https:\/\/www.tucai.com\/de\/#website\",\"url\":\"https:\/\/www.tucai.com\/de\/\",\"name\":\"Tucai\",\"description\":\"Latiguillos Flexibles y V\u00e1lvulas\",\"publisher\":{\"@id\":\"https:\/\/www.tucai.com\/de\/#organization\"},\"potentialAction\":[{\"@type\":\"SearchAction\",\"target\":{\"@type\":\"EntryPoint\",\"urlTemplate\":\"https:\/\/www.tucai.com\/de\/?s={search_term_string}\"},\"query-input\":{\"@type\":\"PropertyValueSpecification\",\"valueRequired\":true,\"valueName\":\"search_term_string\"}}],\"inLanguage\":\"de\"},{\"@type\":\"Organization\",\"@id\":\"https:\/\/www.tucai.com\/de\/#organization\",\"name\":\"Tucai\",\"url\":\"https:\/\/www.tucai.com\/de\/\",\"logo\":{\"@type\":\"ImageObject\",\"inLanguage\":\"de\",\"@id\":\"https:\/\/www.tucai.com\/de\/#\/schema\/logo\/image\/\",\"url\":\"https:\/\/www.tucai.com\/wp-content\/uploads\/2022\/10\/logo-tucai.png\",\"contentUrl\":\"https:\/\/www.tucai.com\/wp-content\/uploads\/2022\/10\/logo-tucai.png\",\"width\":350,\"height\":100,\"caption\":\"Tucai\"},\"image\":{\"@id\":\"https:\/\/www.tucai.com\/de\/#\/schema\/logo\/image\/\"}}]}<\/script>\n<!-- \/ Yoast SEO plugin. -->","yoast_head_json":{"title":"M515 - M516 - Tucai","robots":{"index":"index","follow":"follow","max-snippet":"max-snippet:-1","max-image-preview":"max-image-preview:large","max-video-preview":"max-video-preview:-1"},"canonical":"https:\/\/www.tucai.com\/de\/produkt\/m515-m516\/","og_locale":"de_DE","og_type":"article","og_title":"M515 - M516 - Tucai","og_description":"Auslaufschutz Druckbest\u00e4ndig Eingebautes R\u00fccklaufsicherungssystem Einfache Installation Griff f\u00fcr beengte Platzverh\u00e4ltnisse geeignet 1\/4 Umdrehung Universal-Gewindeanschluss Erm\u00f6glicht das Sp\u00fclen und Anschlie\u00dfen der Sonde &nbsp;","og_url":"https:\/\/www.tucai.com\/de\/produkt\/m515-m516\/","og_site_name":"Tucai","og_image":[{"width":1718,"height":1902,"url":"https:\/\/www.tucai.com\/wp-content\/uploads\/2024\/04\/1-M-515M.jpg","type":"image\/jpeg"}],"twitter_card":"summary_large_image","schema":{"@context":"https:\/\/schema.org","@graph":[{"@type":"WebPage","@id":"https:\/\/www.tucai.com\/de\/produkt\/m515-m516\/","url":"https:\/\/www.tucai.com\/de\/produkt\/m515-m516\/","name":"M515 - M516 - Tucai","isPartOf":{"@id":"https:\/\/www.tucai.com\/de\/#website"},"primaryImageOfPage":{"@id":"https:\/\/www.tucai.com\/de\/produkt\/m515-m516\/#primaryimage"},"image":{"@id":"https:\/\/www.tucai.com\/de\/produkt\/m515-m516\/#primaryimage"},"thumbnailUrl":"https:\/\/www.tucai.com\/wp-content\/uploads\/2024\/04\/1-M-515M.jpg","datePublished":"2024-04-11T12:43:44+00:00","breadcrumb":{"@id":"https:\/\/www.tucai.com\/de\/produkt\/m515-m516\/#breadcrumb"},"inLanguage":"de","potentialAction":[{"@type":"ReadAction","target":["https:\/\/www.tucai.com\/de\/produkt\/m515-m516\/"]}]},{"@type":"ImageObject","inLanguage":"de","@id":"https:\/\/www.tucai.com\/de\/produkt\/m515-m516\/#primaryimage","url":"https:\/\/www.tucai.com\/wp-content\/uploads\/2024\/04\/1-M-515M.jpg","contentUrl":"https:\/\/www.tucai.com\/wp-content\/uploads\/2024\/04\/1-M-515M.jpg","width":1718,"height":1902},{"@type":"BreadcrumbList","@id":"https:\/\/www.tucai.com\/de\/produkt\/m515-m516\/#breadcrumb","itemListElement":[{"@type":"ListItem","position":1,"name":"Portada","item":"https:\/\/www.tucai.com\/de\/"},{"@type":"ListItem","position":2,"name":"Produkte","item":"https:\/\/www.tucai.com\/de\/shop\/"},{"@type":"ListItem","position":3,"name":"M515 - M516"}]},{"@type":"WebSite","@id":"https:\/\/www.tucai.com\/de\/#website","url":"https:\/\/www.tucai.com\/de\/","name":"Tucai","description":"Latiguillos Flexibles y V\u00e1lvulas","publisher":{"@id":"https:\/\/www.tucai.com\/de\/#organization"},"potentialAction":[{"@type":"SearchAction","target":{"@type":"EntryPoint","urlTemplate":"https:\/\/www.tucai.com\/de\/?s={search_term_string}"},"query-input":{"@type":"PropertyValueSpecification","valueRequired":true,"valueName":"search_term_string"}}],"inLanguage":"de"},{"@type":"Organization","@id":"https:\/\/www.tucai.com\/de\/#organization","name":"Tucai","url":"https:\/\/www.tucai.com\/de\/","logo":{"@type":"ImageObject","inLanguage":"de","@id":"https:\/\/www.tucai.com\/de\/#\/schema\/logo\/image\/","url":"https:\/\/www.tucai.com\/wp-content\/uploads\/2022\/10\/logo-tucai.png","contentUrl":"https:\/\/www.tucai.com\/wp-content\/uploads\/2022\/10\/logo-tucai.png","width":350,"height":100,"caption":"Tucai"},"image":{"@id":"https:\/\/www.tucai.com\/de\/#\/schema\/logo\/image\/"}}]}},"_links":{"self":[{"href":"https:\/\/www.tucai.com\/de\/wp-json\/wp\/v2\/product\/19856","targetHints":{"allow":["GET"]}}],"collection":[{"href":"https:\/\/www.tucai.com\/de\/wp-json\/wp\/v2\/product"}],"about":[{"href":"https:\/\/www.tucai.com\/de\/wp-json\/wp\/v2\/types\/product"}],"version-history":[{"count":0,"href":"https:\/\/www.tucai.com\/de\/wp-json\/wp\/v2\/product\/19856\/revisions"}],"wp:featuredmedia":[{"embeddable":true,"href":"https:\/\/www.tucai.com\/de\/wp-json\/wp\/v2\/media\/14315"}],"wp:attachment":[{"href":"https:\/\/www.tucai.com\/de\/wp-json\/wp\/v2\/media?parent=19856"}],"wp:term":[{"taxonomy":"clasificacion","embeddable":true,"href":"https:\/\/www.tucai.com\/de\/wp-json\/wp\/v2\/clasificacion?post=19856"},{"taxonomy":"descargable","embeddable":true,"href":"https:\/\/www.tucai.com\/de\/wp-json\/wp\/v2\/descargable?post=19856"},{"taxonomy":"tipo","embeddable":true,"href":"https:\/\/www.tucai.com\/de\/wp-json\/wp\/v2\/tipo?post=19856"},{"taxonomy":"product_brand","embeddable":true,"href":"https:\/\/www.tucai.com\/de\/wp-json\/wp\/v2\/product_brand?post=19856"},{"taxonomy":"product_cat","embeddable":true,"href":"https:\/\/www.tucai.com\/de\/wp-json\/wp\/v2\/product_cat?post=19856"},{"taxonomy":"product_tag","embeddable":true,"href":"https:\/\/www.tucai.com\/de\/wp-json\/wp\/v2\/product_tag?post=19856"}],"curies":[{"name":"wp","href":"https:\/\/api.w.org\/{rel}","templated":true}]}}