{"id":19902,"date":"2023-06-21T13:12:35","date_gmt":"2023-06-21T13:12:35","guid":{"rendered":"https:\/\/www.tucai.com\/producto\/beluefter-50-beluefter-50-beluefter-50-beluefter\/"},"modified":"2023-06-21T13:12:35","modified_gmt":"2023-06-21T11:12:35","slug":"beluefter-50-beluefter-50-beluefter-50-beluefter","status":"publish","type":"product","link":"https:\/\/www.tucai.com\/de\/produkt\/beluefter-50-beluefter-50-beluefter-50-beluefter\/","title":{"rendered":"Bel\u00fcfter 50% Bel\u00fcfter 50% Bel\u00fcfter 50% Bel\u00fcfter"},"content":{"rendered":"<ul>\n<li>Wassereinsparung 50%.<\/li>\n<li>30% mehr Lebensdauer<\/li>\n<li>Innovative Geometrie<\/li>\n<li>Material gegen Kalkablagerungen<\/li>\n<\/ul>\n<p>&#8211; <strong> M24 Antibakteriell<\/strong>: Speziell entwickelt, um eine Vermischung von Luft und Wasser zu vermeiden und somit die Vermehrung von Bakterien zu verhindern. Empfohlen f\u00fcr den Einsatz an \u00f6ffentlichen Orten, die maximale Hygiene erfordern. <\/p>\n<p>&nbsp;<\/p>\n<p><strong>&#8211;<\/strong> <strong>M24 Antivandalismus<\/strong>: Die Montage ist nur mit dem Mehrzweckschl\u00fcssel m\u00f6glich, und nach der Montage dreht sich der Messingring in sich selbst und kann nicht von Hand demontiert werden. Die Installation wird an \u00f6ffentlichen Orten empfohlen. <\/p>\n<p>&nbsp;<\/p>\n","protected":false},"excerpt":{"rendered":"<p>Bel\u00fcfter<\/p>\n","protected":false},"featured_media":4905,"template":"","meta":{"_acf_changed":false},"clasificacion":[497],"descargable":[],"tipo":[498],"product_brand":[],"product_cat":[435,434],"product_tag":[375,549],"class_list":{"0":"post-19902","1":"product","2":"type-product","3":"status-publish","4":"has-post-thumbnail","6":"clasificacion-belufter-de","7":"tipo-zubehor-flexibel-de","8":"product_cat-abnehmbare-wasserhahne-de","9":"product_cat-wasserhahne-de","10":"product_tag-wasser-de","11":"product_tag-wasserzubehor-de","13":"first","14":"instock","15":"product-type-simple"},"acf":[],"yoast_head":"<!-- This site is optimized with the Yoast SEO plugin v26.5 - https:\/\/yoast.com\/wordpress\/plugins\/seo\/ -->\n<title>Bel\u00fcfter 50% Bel\u00fcfter 50% Bel\u00fcfter 50% Bel\u00fcfter - Tucai<\/title>\n<meta name=\"robots\" content=\"index, follow, max-snippet:-1, max-image-preview:large, max-video-preview:-1\" \/>\n<link rel=\"canonical\" href=\"https:\/\/www.tucai.com\/de\/produkt\/beluefter-50-beluefter-50-beluefter-50-beluefter\/\" \/>\n<meta property=\"og:locale\" content=\"de_DE\" \/>\n<meta property=\"og:type\" content=\"article\" \/>\n<meta property=\"og:title\" content=\"Bel\u00fcfter 50% Bel\u00fcfter 50% Bel\u00fcfter 50% Bel\u00fcfter - Tucai\" \/>\n<meta property=\"og:description\" content=\"Bel\u00fcfter\" \/>\n<meta property=\"og:url\" content=\"https:\/\/www.tucai.com\/de\/produkt\/beluefter-50-beluefter-50-beluefter-50-beluefter\/\" \/>\n<meta property=\"og:site_name\" content=\"Tucai\" \/>\n<meta property=\"og:image\" content=\"https:\/\/www.tucai.com\/wp-content\/uploads\/2023\/06\/M24.png\" \/>\n\t<meta property=\"og:image:width\" content=\"504\" \/>\n\t<meta property=\"og:image:height\" content=\"552\" \/>\n\t<meta property=\"og:image:type\" content=\"image\/png\" \/>\n<meta name=\"twitter:card\" content=\"summary_large_image\" \/>\n<script type=\"application\/ld+json\" class=\"yoast-schema-graph\">{\"@context\":\"https:\/\/schema.org\",\"@graph\":[{\"@type\":\"WebPage\",\"@id\":\"https:\/\/www.tucai.com\/de\/produkt\/beluefter-50-beluefter-50-beluefter-50-beluefter\/\",\"url\":\"https:\/\/www.tucai.com\/de\/produkt\/beluefter-50-beluefter-50-beluefter-50-beluefter\/\",\"name\":\"Bel\u00fcfter 50% Bel\u00fcfter 50% Bel\u00fcfter 50% Bel\u00fcfter - Tucai\",\"isPartOf\":{\"@id\":\"https:\/\/www.tucai.com\/de\/#website\"},\"primaryImageOfPage\":{\"@id\":\"https:\/\/www.tucai.com\/de\/produkt\/beluefter-50-beluefter-50-beluefter-50-beluefter\/#primaryimage\"},\"image\":{\"@id\":\"https:\/\/www.tucai.com\/de\/produkt\/beluefter-50-beluefter-50-beluefter-50-beluefter\/#primaryimage\"},\"thumbnailUrl\":\"https:\/\/www.tucai.com\/wp-content\/uploads\/2023\/06\/M24.png\",\"datePublished\":\"2023-06-21T13:12:35+00:00\",\"breadcrumb\":{\"@id\":\"https:\/\/www.tucai.com\/de\/produkt\/beluefter-50-beluefter-50-beluefter-50-beluefter\/#breadcrumb\"},\"inLanguage\":\"de\",\"potentialAction\":[{\"@type\":\"ReadAction\",\"target\":[\"https:\/\/www.tucai.com\/de\/produkt\/beluefter-50-beluefter-50-beluefter-50-beluefter\/\"]}]},{\"@type\":\"ImageObject\",\"inLanguage\":\"de\",\"@id\":\"https:\/\/www.tucai.com\/de\/produkt\/beluefter-50-beluefter-50-beluefter-50-beluefter\/#primaryimage\",\"url\":\"https:\/\/www.tucai.com\/wp-content\/uploads\/2023\/06\/M24.png\",\"contentUrl\":\"https:\/\/www.tucai.com\/wp-content\/uploads\/2023\/06\/M24.png\",\"width\":504,\"height\":552},{\"@type\":\"BreadcrumbList\",\"@id\":\"https:\/\/www.tucai.com\/de\/produkt\/beluefter-50-beluefter-50-beluefter-50-beluefter\/#breadcrumb\",\"itemListElement\":[{\"@type\":\"ListItem\",\"position\":1,\"name\":\"Portada\",\"item\":\"https:\/\/www.tucai.com\/de\/\"},{\"@type\":\"ListItem\",\"position\":2,\"name\":\"Produkte\",\"item\":\"https:\/\/www.tucai.com\/de\/shop\/\"},{\"@type\":\"ListItem\",\"position\":3,\"name\":\"Bel\u00fcfter 50% Bel\u00fcfter 50% Bel\u00fcfter 50% Bel\u00fcfter\"}]},{\"@type\":\"WebSite\",\"@id\":\"https:\/\/www.tucai.com\/de\/#website\",\"url\":\"https:\/\/www.tucai.com\/de\/\",\"name\":\"Tucai\",\"description\":\"Latiguillos Flexibles y V\u00e1lvulas\",\"publisher\":{\"@id\":\"https:\/\/www.tucai.com\/de\/#organization\"},\"potentialAction\":[{\"@type\":\"SearchAction\",\"target\":{\"@type\":\"EntryPoint\",\"urlTemplate\":\"https:\/\/www.tucai.com\/de\/?s={search_term_string}\"},\"query-input\":{\"@type\":\"PropertyValueSpecification\",\"valueRequired\":true,\"valueName\":\"search_term_string\"}}],\"inLanguage\":\"de\"},{\"@type\":\"Organization\",\"@id\":\"https:\/\/www.tucai.com\/de\/#organization\",\"name\":\"Tucai\",\"url\":\"https:\/\/www.tucai.com\/de\/\",\"logo\":{\"@type\":\"ImageObject\",\"inLanguage\":\"de\",\"@id\":\"https:\/\/www.tucai.com\/de\/#\/schema\/logo\/image\/\",\"url\":\"https:\/\/www.tucai.com\/wp-content\/uploads\/2022\/10\/logo-tucai.png\",\"contentUrl\":\"https:\/\/www.tucai.com\/wp-content\/uploads\/2022\/10\/logo-tucai.png\",\"width\":350,\"height\":100,\"caption\":\"Tucai\"},\"image\":{\"@id\":\"https:\/\/www.tucai.com\/de\/#\/schema\/logo\/image\/\"}}]}<\/script>\n<!-- \/ Yoast SEO plugin. -->","yoast_head_json":{"title":"Bel\u00fcfter 50% Bel\u00fcfter 50% Bel\u00fcfter 50% Bel\u00fcfter - Tucai","robots":{"index":"index","follow":"follow","max-snippet":"max-snippet:-1","max-image-preview":"max-image-preview:large","max-video-preview":"max-video-preview:-1"},"canonical":"https:\/\/www.tucai.com\/de\/produkt\/beluefter-50-beluefter-50-beluefter-50-beluefter\/","og_locale":"de_DE","og_type":"article","og_title":"Bel\u00fcfter 50% Bel\u00fcfter 50% Bel\u00fcfter 50% Bel\u00fcfter - Tucai","og_description":"Bel\u00fcfter","og_url":"https:\/\/www.tucai.com\/de\/produkt\/beluefter-50-beluefter-50-beluefter-50-beluefter\/","og_site_name":"Tucai","og_image":[{"width":504,"height":552,"url":"https:\/\/www.tucai.com\/wp-content\/uploads\/2023\/06\/M24.png","type":"image\/png"}],"twitter_card":"summary_large_image","schema":{"@context":"https:\/\/schema.org","@graph":[{"@type":"WebPage","@id":"https:\/\/www.tucai.com\/de\/produkt\/beluefter-50-beluefter-50-beluefter-50-beluefter\/","url":"https:\/\/www.tucai.com\/de\/produkt\/beluefter-50-beluefter-50-beluefter-50-beluefter\/","name":"Bel\u00fcfter 50% Bel\u00fcfter 50% Bel\u00fcfter 50% Bel\u00fcfter - Tucai","isPartOf":{"@id":"https:\/\/www.tucai.com\/de\/#website"},"primaryImageOfPage":{"@id":"https:\/\/www.tucai.com\/de\/produkt\/beluefter-50-beluefter-50-beluefter-50-beluefter\/#primaryimage"},"image":{"@id":"https:\/\/www.tucai.com\/de\/produkt\/beluefter-50-beluefter-50-beluefter-50-beluefter\/#primaryimage"},"thumbnailUrl":"https:\/\/www.tucai.com\/wp-content\/uploads\/2023\/06\/M24.png","datePublished":"2023-06-21T13:12:35+00:00","breadcrumb":{"@id":"https:\/\/www.tucai.com\/de\/produkt\/beluefter-50-beluefter-50-beluefter-50-beluefter\/#breadcrumb"},"inLanguage":"de","potentialAction":[{"@type":"ReadAction","target":["https:\/\/www.tucai.com\/de\/produkt\/beluefter-50-beluefter-50-beluefter-50-beluefter\/"]}]},{"@type":"ImageObject","inLanguage":"de","@id":"https:\/\/www.tucai.com\/de\/produkt\/beluefter-50-beluefter-50-beluefter-50-beluefter\/#primaryimage","url":"https:\/\/www.tucai.com\/wp-content\/uploads\/2023\/06\/M24.png","contentUrl":"https:\/\/www.tucai.com\/wp-content\/uploads\/2023\/06\/M24.png","width":504,"height":552},{"@type":"BreadcrumbList","@id":"https:\/\/www.tucai.com\/de\/produkt\/beluefter-50-beluefter-50-beluefter-50-beluefter\/#breadcrumb","itemListElement":[{"@type":"ListItem","position":1,"name":"Portada","item":"https:\/\/www.tucai.com\/de\/"},{"@type":"ListItem","position":2,"name":"Produkte","item":"https:\/\/www.tucai.com\/de\/shop\/"},{"@type":"ListItem","position":3,"name":"Bel\u00fcfter 50% Bel\u00fcfter 50% Bel\u00fcfter 50% Bel\u00fcfter"}]},{"@type":"WebSite","@id":"https:\/\/www.tucai.com\/de\/#website","url":"https:\/\/www.tucai.com\/de\/","name":"Tucai","description":"Latiguillos Flexibles y V\u00e1lvulas","publisher":{"@id":"https:\/\/www.tucai.com\/de\/#organization"},"potentialAction":[{"@type":"SearchAction","target":{"@type":"EntryPoint","urlTemplate":"https:\/\/www.tucai.com\/de\/?s={search_term_string}"},"query-input":{"@type":"PropertyValueSpecification","valueRequired":true,"valueName":"search_term_string"}}],"inLanguage":"de"},{"@type":"Organization","@id":"https:\/\/www.tucai.com\/de\/#organization","name":"Tucai","url":"https:\/\/www.tucai.com\/de\/","logo":{"@type":"ImageObject","inLanguage":"de","@id":"https:\/\/www.tucai.com\/de\/#\/schema\/logo\/image\/","url":"https:\/\/www.tucai.com\/wp-content\/uploads\/2022\/10\/logo-tucai.png","contentUrl":"https:\/\/www.tucai.com\/wp-content\/uploads\/2022\/10\/logo-tucai.png","width":350,"height":100,"caption":"Tucai"},"image":{"@id":"https:\/\/www.tucai.com\/de\/#\/schema\/logo\/image\/"}}]}},"_links":{"self":[{"href":"https:\/\/www.tucai.com\/de\/wp-json\/wp\/v2\/product\/19902","targetHints":{"allow":["GET"]}}],"collection":[{"href":"https:\/\/www.tucai.com\/de\/wp-json\/wp\/v2\/product"}],"about":[{"href":"https:\/\/www.tucai.com\/de\/wp-json\/wp\/v2\/types\/product"}],"version-history":[{"count":0,"href":"https:\/\/www.tucai.com\/de\/wp-json\/wp\/v2\/product\/19902\/revisions"}],"wp:featuredmedia":[{"embeddable":true,"href":"https:\/\/www.tucai.com\/de\/wp-json\/wp\/v2\/media\/4905"}],"wp:attachment":[{"href":"https:\/\/www.tucai.com\/de\/wp-json\/wp\/v2\/media?parent=19902"}],"wp:term":[{"taxonomy":"clasificacion","embeddable":true,"href":"https:\/\/www.tucai.com\/de\/wp-json\/wp\/v2\/clasificacion?post=19902"},{"taxonomy":"descargable","embeddable":true,"href":"https:\/\/www.tucai.com\/de\/wp-json\/wp\/v2\/descargable?post=19902"},{"taxonomy":"tipo","embeddable":true,"href":"https:\/\/www.tucai.com\/de\/wp-json\/wp\/v2\/tipo?post=19902"},{"taxonomy":"product_brand","embeddable":true,"href":"https:\/\/www.tucai.com\/de\/wp-json\/wp\/v2\/product_brand?post=19902"},{"taxonomy":"product_cat","embeddable":true,"href":"https:\/\/www.tucai.com\/de\/wp-json\/wp\/v2\/product_cat?post=19902"},{"taxonomy":"product_tag","embeddable":true,"href":"https:\/\/www.tucai.com\/de\/wp-json\/wp\/v2\/product_tag?post=19902"}],"curies":[{"name":"wp","href":"https:\/\/api.w.org\/{rel}","templated":true}]}}