{"id":15508,"date":"2023-06-29T19:56:48","date_gmt":"2023-06-29T17:56:48","guid":{"rendered":"https:\/\/www.tucai.com\/declaration-de-confidentialite-ue\/"},"modified":"2024-10-01T17:44:37","modified_gmt":"2024-10-01T15:44:37","slug":"declaration-de-confidentialite-ue","status":"publish","type":"page","link":"https:\/\/www.tucai.com\/fr\/declaration-de-confidentialite-ue\/","title":{"rendered":"D\u00e9claration de confidentialit\u00e9 (UE)"},"content":{"rendered":"\t\t<div data-elementor-type=\"wp-page\" data-elementor-id=\"15508\" class=\"elementor elementor-15508 elementor-3133\" data-elementor-post-type=\"page\">\n\t\t\t\t<div class=\"elementor-element elementor-element-5f898a9 e-flex e-con-boxed e-con e-parent\" data-id=\"5f898a9\" data-element_type=\"container\" data-e-type=\"container\">\n\t\t\t\t\t<div class=\"e-con-inner\">\n\t\t<div class=\"elementor-element elementor-element-e3c60f2 e-con-full e-flex e-con e-child\" data-id=\"e3c60f2\" data-element_type=\"container\" data-e-type=\"container\">\n\t\t\t\t<div class=\"elementor-element elementor-element-87b5807 elementor-widget elementor-widget-heading\" data-id=\"87b5807\" data-element_type=\"widget\" data-e-type=\"widget\" data-widget_type=\"heading.default\">\n\t\t\t\t\t<h2 class=\"elementor-heading-title elementor-size-default\">D\u00e9claration de confidentialit\u00e9  <\/h2>\t\t\t\t<\/div>\n\t\t\t\t<div class=\"elementor-element elementor-element-5147066 elementor-widget elementor-widget-text-editor\" data-id=\"5147066\" data-element_type=\"widget\" data-e-type=\"widget\" data-widget_type=\"text-editor.default\">\n\t\t\t\t\t\t\t\t\t<p><strong>POLITIQUE DE CONFIDENTIALIT\u00c9<\/strong><\/p>\n<p>Dans la pr\u00e9sente politique de confidentialit\u00e9, nous expliquons ce que nous faisons des donn\u00e9es que nous recueillons aupr\u00e8s des utilisateurs du site web.<br \/>\nNous vous encourageons \u00e0 lire attentivement cette politique. <\/p>\n<p><u>Responsable du traitement des donn\u00e9es :  <\/u><\/p>\n<p>Nom de l&rsquo;entreprise : TUCAI, SA.<\/p>\n<p>Adresse : calle Llobateras 10-12, Pol.<br \/>\nInd.<br \/>\nSantiga, 08210 Barber\u00e0 del Vall\u00e8s (Barcelona)  <\/p>\n<p>NUM\u00c9RO DE TVA : A08146623<\/p>\n<p>Coordonn\u00e9es du d\u00e9l\u00e9gu\u00e9 \u00e0 la protection des donn\u00e9es : Josep M\u00aa Amor\u00f3s Aragon\u00e9s, e-mail de contact &#8211; <a href=\"mailto:rgpd@tucai.com\">rgpd@tucai.com.<\/a><\/p>\n<p><u>Quel type d&rsquo;informations personnelles le TUCAI recueille-t-il ?<\/u><\/p>\n<p>Le TUCAI recueillera les informations personnelles suivantes par le biais des formulaires disponibles sur le site Web et avec le consentement de la personne concern\u00e9e : nom, adresse \u00e9lectronique, adresse postale, date de naissance, num\u00e9ro de t\u00e9l\u00e9phone, sexe et coordonn\u00e9es bancaires.<\/p>\n<p><u>\u00c0 quelles fins traitons-nous vos donn\u00e9es personnelles ?<\/u><\/p>\n<p>Le TUCAI traite les informations que vous fournissez aux fins suivantes :<\/p>\n<ul>\n<li>G\u00e9rer votre inscription sur le site<\/li>\n<li>Fournir la meilleure assistance technique possible et contribuer \u00e0 l&rsquo;am\u00e9lioration et \u00e0 l&rsquo;\u00e9valuation constantes de nos produits.<\/li>\n<li>Identification des personnes qui demandent ces produits ou des informations \u00e0 leur sujet.<\/li>\n<li>Gestion commerciale et envoi d&rsquo;informations d&rsquo;int\u00e9r\u00eat par le biais de bulletins d&rsquo;information.<\/li>\n<li>r\u00e9pondre \u00e0 toute question, demande et\/ou plainte relative \u00e0 l&rsquo;exercice de vos droits en mati\u00e8re de protection de la vie priv\u00e9e.<\/li>\n<\/ul>\n<p><u><br \/>Combien de temps conserverons-nous vos donn\u00e9es ?<\/u><\/p>\n<p>Les donn\u00e9es fournies seront conserv\u00e9es pendant toute la dur\u00e9e de la relation commerciale ou pendant la dur\u00e9e raisonnablement n\u00e9cessaire pour respecter les obligations l\u00e9gales de TUCAI, outre les p\u00e9riodes d&rsquo;archivage et de documentation pr\u00e9vues par la r\u00e9glementation en vigueur.<\/p>\n<p><u>Quelle est la l\u00e9gitimit\u00e9 du traitement de vos donn\u00e9es ?<\/u><\/p>\n<p>La base de l\u00e9gitimit\u00e9 du traitement de vos donn\u00e9es est le consentement express\u00e9ment accord\u00e9.<\/p>\n<p><u>Allons-nous partager vos donn\u00e9es avec des tiers ?<\/u><\/p>\n<p>Afin d&rsquo;atteindre les objectifs indiqu\u00e9s dans le pr\u00e9sent document, vos donn\u00e9es peuvent \u00eatre communiqu\u00e9es \u00e0 des soci\u00e9t\u00e9s du groupe TUCAI.<\/p>\n<p><u>Quels sont vos droits lorsque vous nous fournissez vos donn\u00e9es ?<\/u><\/p>\n<p>En ce qui concerne votre vie priv\u00e9e et vos donn\u00e9es personnelles, vous disposez des droits suivants, que vous pouvez exercer par voie t\u00e9l\u00e9matique en envoyant un courrier \u00e9lectronique \u00e0 <a href=\"mailto:rgpd@tucai.com\">rgpd@tucai.com :<\/a><\/p>\n<p>&#8211; Droit \u00e0 l&rsquo;information : Le responsable du traitement doit s&rsquo;identifier et vous informer de l&rsquo;utilisation qui est faite de vos donn\u00e9es et vous dire : pourquoi vos donn\u00e9es sont n\u00e9cessaires ; combien de temps il les conservera ; comment vous pouvez exercer vos droits en mati\u00e8re de protection des donn\u00e9es ; quelle est la base juridique du traitement ; s&rsquo;il les transf\u00e8re \u00e0 des tiers ou \u00e0 d&rsquo;autres pays.<\/p>\n<p>&#8211; Droit d&rsquo;acc\u00e8s : vous avez le droit d&rsquo;obtenir du responsable du traitement la confirmation que des donn\u00e9es \u00e0 caract\u00e8re personnel vous concernant sont ou ne sont pas trait\u00e9es et d&rsquo;obtenir une copie des donn\u00e9es \u00e0 caract\u00e8re personnel faisant l&rsquo;objet du traitement.<\/p>\n<p>&#8211; Droit de rectification : vous permet de corriger ou de compl\u00e9ter vos donn\u00e9es si elles sont inexactes ou incompl\u00e8tes.<\/p>\n<p>&#8211; Droit d&rsquo;effacement : vous pouvez demander l&rsquo;effacement de vos donn\u00e9es \u00e0 caract\u00e8re personnel dans les cas suivants :<\/p>\n<ul>\n<li>Elles ne sont plus n\u00e9cessaires aux fins pour lesquelles elles ont \u00e9t\u00e9 collect\u00e9es.<\/li>\n<li>Vous retirez le consentement que vous avez donn\u00e9, \u00e0 condition qu&rsquo;il n&rsquo;y ait pas d&rsquo;autre motif l\u00e9gitime pour le traitement.<\/li>\n<li>Vos donn\u00e9es ont fait l&rsquo;objet d&rsquo;un traitement illicite<\/li>\n<li>Vous vous \u00eates oppos\u00e9 au traitement et l&rsquo;int\u00e9r\u00eat l\u00e9gitime ne pr\u00e9vaut pas, ou si le traitement est effectu\u00e9 \u00e0 des fins de marketing direct.<\/li>\n<li>Elles doivent \u00eatre supprim\u00e9es pour respecter une obligation l\u00e9gale.<\/li>\n<li>Obtenu en tant que mineur en relation avec les services de la soci\u00e9t\u00e9 de l&rsquo;information<\/li>\n<\/ul>\n<p>&#8211; Droit de limitation : vous pouvez demander la suspension du traitement de vos donn\u00e9es lorsque vous en contestez l&rsquo;exactitude, lorsque vous vous opposez au traitement, lorsque le traitement est ill\u00e9gal, lorsque vous en avez besoin pour d\u00e9poser une plainte.<\/p>\n<p>&#8211; Droit \u00e0 la portabilit\u00e9 : lorsque le traitement est fond\u00e9 sur votre consentement ou sur l&rsquo;ex\u00e9cution d&rsquo;un contrat et qu&rsquo;il est effectu\u00e9 par des moyens automatis\u00e9s, vous pouvez recevoir vos donn\u00e9es dans un format permettant de les transf\u00e9rer \u00e0 un autre responsable du traitement.<\/p>\n<p>&#8211; Droit d&rsquo;opposition : vous pouvez vous opposer au traitement de vos donn\u00e9es \u00e0 des fins personnelles, sauf si le responsable du traitement peut d\u00e9montrer un int\u00e9r\u00eat l\u00e9gitime, et lorsque le traitement est effectu\u00e9 \u00e0 des fins de marketing direct.<\/p>\n<p>Si nous modifions notre politique de confidentialit\u00e9 ou notre politique en mati\u00e8re de cookies, nous vous en informerons par le biais du site web ou par courrier \u00e9lectronique lorsque les modifications affecteront de mani\u00e8re significative votre vie priv\u00e9e.<\/p>\n<p><em>Cette politique de confidentialit\u00e9 a \u00e9t\u00e9 mise \u00e0 jour pour la derni\u00e8re fois le 15 juillet 2024.<\/em><\/p>\n\t\t\t\t\t\t\t\t<\/div>\n\t\t\t\t<\/div>\n\t\t\t\t\t<\/div>\n\t\t\t\t<\/div>\n\t\t\t\t<\/div>\n\t\t","protected":false},"excerpt":{"rendered":"<p>D\u00e9claration de confidentialit\u00e9 POLITIQUE DE CONFIDENTIALIT\u00c9 Dans la pr\u00e9sente politique de confidentialit\u00e9, nous expliquons ce que nous faisons des donn\u00e9es que nous recueillons aupr\u00e8s des utilisateurs du site web. Nous vous encourageons \u00e0 lire attentivement cette politique. Responsable du traitement des donn\u00e9es : Nom de l&rsquo;entreprise : TUCAI, SA. Adresse : calle Llobateras 10-12, Pol. [&hellip;]<\/p>\n","protected":false},"author":1,"featured_media":0,"parent":0,"menu_order":0,"comment_status":"closed","ping_status":"closed","template":"","meta":{"_acf_changed":false,"footnotes":""},"class_list":["post-15508","page","type-page","status-publish","hentry"],"acf":[],"yoast_head":"<!-- This site is optimized with the Yoast SEO plugin v27.3 - https:\/\/yoast.com\/product\/yoast-seo-wordpress\/ -->\n<title>D\u00e9claration de confidentialit\u00e9 (UE) - Tucai<\/title>\n<meta name=\"robots\" content=\"index, follow, max-snippet:-1, max-image-preview:large, max-video-preview:-1\" \/>\n<link rel=\"canonical\" href=\"https:\/\/www.tucai.com\/fr\/declaration-de-confidentialite-ue\/\" \/>\n<meta property=\"og:locale\" content=\"fr_FR\" \/>\n<meta property=\"og:type\" content=\"article\" \/>\n<meta property=\"og:title\" content=\"D\u00e9claration de confidentialit\u00e9 (UE) - Tucai\" \/>\n<meta property=\"og:description\" content=\"D\u00e9claration de confidentialit\u00e9 POLITIQUE DE CONFIDENTIALIT\u00c9 Dans la pr\u00e9sente politique de confidentialit\u00e9, nous expliquons ce que nous faisons des donn\u00e9es que nous recueillons aupr\u00e8s des utilisateurs du site web. Nous vous encourageons \u00e0 lire attentivement cette politique. Responsable du traitement des donn\u00e9es : Nom de l&rsquo;entreprise : TUCAI, SA. Adresse : calle Llobateras 10-12, Pol. [&hellip;]\" \/>\n<meta property=\"og:url\" content=\"https:\/\/www.tucai.com\/fr\/declaration-de-confidentialite-ue\/\" \/>\n<meta property=\"og:site_name\" content=\"Tucai\" \/>\n<meta property=\"article:modified_time\" content=\"2024-10-01T15:44:37+00:00\" \/>\n<meta property=\"og:image\" content=\"https:\/\/www.tucai.com\/wp-content\/uploads\/2022\/10\/logo-tucai.png\" \/>\n\t<meta property=\"og:image:width\" content=\"350\" \/>\n\t<meta property=\"og:image:height\" content=\"100\" \/>\n\t<meta property=\"og:image:type\" content=\"image\/png\" \/>\n<meta name=\"twitter:card\" content=\"summary_large_image\" \/>\n<meta name=\"twitter:label1\" content=\"Dur\u00e9e de lecture estim\u00e9e\" \/>\n\t<meta name=\"twitter:data1\" content=\"4 minutes\" \/>\n<script type=\"application\/ld+json\" class=\"yoast-schema-graph\">{\"@context\":\"https:\\\/\\\/schema.org\",\"@graph\":[{\"@type\":\"WebPage\",\"@id\":\"https:\\\/\\\/www.tucai.com\\\/fr\\\/declaration-de-confidentialite-ue\\\/\",\"url\":\"https:\\\/\\\/www.tucai.com\\\/fr\\\/declaration-de-confidentialite-ue\\\/\",\"name\":\"D\u00e9claration de confidentialit\u00e9 (UE) - Tucai\",\"isPartOf\":{\"@id\":\"https:\\\/\\\/www.tucai.com\\\/fr\\\/#website\"},\"datePublished\":\"2023-06-29T17:56:48+00:00\",\"dateModified\":\"2024-10-01T15:44:37+00:00\",\"breadcrumb\":{\"@id\":\"https:\\\/\\\/www.tucai.com\\\/fr\\\/declaration-de-confidentialite-ue\\\/#breadcrumb\"},\"inLanguage\":\"fr-FR\",\"potentialAction\":[{\"@type\":\"ReadAction\",\"target\":[\"https:\\\/\\\/www.tucai.com\\\/fr\\\/declaration-de-confidentialite-ue\\\/\"]}]},{\"@type\":\"BreadcrumbList\",\"@id\":\"https:\\\/\\\/www.tucai.com\\\/fr\\\/declaration-de-confidentialite-ue\\\/#breadcrumb\",\"itemListElement\":[{\"@type\":\"ListItem\",\"position\":1,\"name\":\"Portada\",\"item\":\"https:\\\/\\\/www.tucai.com\\\/fr\\\/accueil\\\/\"},{\"@type\":\"ListItem\",\"position\":2,\"name\":\"D\u00e9claration de confidentialit\u00e9 (UE)\"}]},{\"@type\":\"WebSite\",\"@id\":\"https:\\\/\\\/www.tucai.com\\\/fr\\\/#website\",\"url\":\"https:\\\/\\\/www.tucai.com\\\/fr\\\/\",\"name\":\"Tucai\",\"description\":\"Latiguillos Flexibles y V\u00e1lvulas\",\"publisher\":{\"@id\":\"https:\\\/\\\/www.tucai.com\\\/fr\\\/#organization\"},\"potentialAction\":[{\"@type\":\"SearchAction\",\"target\":{\"@type\":\"EntryPoint\",\"urlTemplate\":\"https:\\\/\\\/www.tucai.com\\\/fr\\\/?s={search_term_string}\"},\"query-input\":{\"@type\":\"PropertyValueSpecification\",\"valueRequired\":true,\"valueName\":\"search_term_string\"}}],\"inLanguage\":\"fr-FR\"},{\"@type\":\"Organization\",\"@id\":\"https:\\\/\\\/www.tucai.com\\\/fr\\\/#organization\",\"name\":\"Tucai\",\"url\":\"https:\\\/\\\/www.tucai.com\\\/fr\\\/\",\"logo\":{\"@type\":\"ImageObject\",\"inLanguage\":\"fr-FR\",\"@id\":\"https:\\\/\\\/www.tucai.com\\\/fr\\\/#\\\/schema\\\/logo\\\/image\\\/\",\"url\":\"https:\\\/\\\/www.tucai.com\\\/wp-content\\\/uploads\\\/2022\\\/10\\\/logo-tucai.png\",\"contentUrl\":\"https:\\\/\\\/www.tucai.com\\\/wp-content\\\/uploads\\\/2022\\\/10\\\/logo-tucai.png\",\"width\":350,\"height\":100,\"caption\":\"Tucai\"},\"image\":{\"@id\":\"https:\\\/\\\/www.tucai.com\\\/fr\\\/#\\\/schema\\\/logo\\\/image\\\/\"}}]}<\/script>\n<!-- \/ Yoast SEO plugin. -->","yoast_head_json":{"title":"D\u00e9claration de confidentialit\u00e9 (UE) - Tucai","robots":{"index":"index","follow":"follow","max-snippet":"max-snippet:-1","max-image-preview":"max-image-preview:large","max-video-preview":"max-video-preview:-1"},"canonical":"https:\/\/www.tucai.com\/fr\/declaration-de-confidentialite-ue\/","og_locale":"fr_FR","og_type":"article","og_title":"D\u00e9claration de confidentialit\u00e9 (UE) - Tucai","og_description":"D\u00e9claration de confidentialit\u00e9 POLITIQUE DE CONFIDENTIALIT\u00c9 Dans la pr\u00e9sente politique de confidentialit\u00e9, nous expliquons ce que nous faisons des donn\u00e9es que nous recueillons aupr\u00e8s des utilisateurs du site web. Nous vous encourageons \u00e0 lire attentivement cette politique. Responsable du traitement des donn\u00e9es : Nom de l&rsquo;entreprise : TUCAI, SA. Adresse : calle Llobateras 10-12, Pol. [&hellip;]","og_url":"https:\/\/www.tucai.com\/fr\/declaration-de-confidentialite-ue\/","og_site_name":"Tucai","article_modified_time":"2024-10-01T15:44:37+00:00","og_image":[{"width":350,"height":100,"url":"https:\/\/www.tucai.com\/wp-content\/uploads\/2022\/10\/logo-tucai.png","type":"image\/png"}],"twitter_card":"summary_large_image","twitter_misc":{"Dur\u00e9e de lecture estim\u00e9e":"4 minutes"},"schema":{"@context":"https:\/\/schema.org","@graph":[{"@type":"WebPage","@id":"https:\/\/www.tucai.com\/fr\/declaration-de-confidentialite-ue\/","url":"https:\/\/www.tucai.com\/fr\/declaration-de-confidentialite-ue\/","name":"D\u00e9claration de confidentialit\u00e9 (UE) - Tucai","isPartOf":{"@id":"https:\/\/www.tucai.com\/fr\/#website"},"datePublished":"2023-06-29T17:56:48+00:00","dateModified":"2024-10-01T15:44:37+00:00","breadcrumb":{"@id":"https:\/\/www.tucai.com\/fr\/declaration-de-confidentialite-ue\/#breadcrumb"},"inLanguage":"fr-FR","potentialAction":[{"@type":"ReadAction","target":["https:\/\/www.tucai.com\/fr\/declaration-de-confidentialite-ue\/"]}]},{"@type":"BreadcrumbList","@id":"https:\/\/www.tucai.com\/fr\/declaration-de-confidentialite-ue\/#breadcrumb","itemListElement":[{"@type":"ListItem","position":1,"name":"Portada","item":"https:\/\/www.tucai.com\/fr\/accueil\/"},{"@type":"ListItem","position":2,"name":"D\u00e9claration de confidentialit\u00e9 (UE)"}]},{"@type":"WebSite","@id":"https:\/\/www.tucai.com\/fr\/#website","url":"https:\/\/www.tucai.com\/fr\/","name":"Tucai","description":"Latiguillos Flexibles y V\u00e1lvulas","publisher":{"@id":"https:\/\/www.tucai.com\/fr\/#organization"},"potentialAction":[{"@type":"SearchAction","target":{"@type":"EntryPoint","urlTemplate":"https:\/\/www.tucai.com\/fr\/?s={search_term_string}"},"query-input":{"@type":"PropertyValueSpecification","valueRequired":true,"valueName":"search_term_string"}}],"inLanguage":"fr-FR"},{"@type":"Organization","@id":"https:\/\/www.tucai.com\/fr\/#organization","name":"Tucai","url":"https:\/\/www.tucai.com\/fr\/","logo":{"@type":"ImageObject","inLanguage":"fr-FR","@id":"https:\/\/www.tucai.com\/fr\/#\/schema\/logo\/image\/","url":"https:\/\/www.tucai.com\/wp-content\/uploads\/2022\/10\/logo-tucai.png","contentUrl":"https:\/\/www.tucai.com\/wp-content\/uploads\/2022\/10\/logo-tucai.png","width":350,"height":100,"caption":"Tucai"},"image":{"@id":"https:\/\/www.tucai.com\/fr\/#\/schema\/logo\/image\/"}}]}},"_links":{"self":[{"href":"https:\/\/www.tucai.com\/fr\/wp-json\/wp\/v2\/pages\/15508","targetHints":{"allow":["GET"]}}],"collection":[{"href":"https:\/\/www.tucai.com\/fr\/wp-json\/wp\/v2\/pages"}],"about":[{"href":"https:\/\/www.tucai.com\/fr\/wp-json\/wp\/v2\/types\/page"}],"author":[{"embeddable":true,"href":"https:\/\/www.tucai.com\/fr\/wp-json\/wp\/v2\/users\/1"}],"replies":[{"embeddable":true,"href":"https:\/\/www.tucai.com\/fr\/wp-json\/wp\/v2\/comments?post=15508"}],"version-history":[{"count":0,"href":"https:\/\/www.tucai.com\/fr\/wp-json\/wp\/v2\/pages\/15508\/revisions"}],"wp:attachment":[{"href":"https:\/\/www.tucai.com\/fr\/wp-json\/wp\/v2\/media?parent=15508"}],"curies":[{"name":"wp","href":"https:\/\/api.w.org\/{rel}","templated":true}]}}