{"id":15512,"date":"2023-06-29T19:56:48","date_gmt":"2023-06-29T17:56:48","guid":{"rendered":"https:\/\/www.tucai.com\/canal-de-plaintes\/"},"modified":"2026-02-26T13:05:22","modified_gmt":"2026-02-26T12:05:22","slug":"canal-de-plaintes","status":"publish","type":"page","link":"https:\/\/www.tucai.com\/fr\/canal-de-plaintes\/","title":{"rendered":"Cha\u00eene d&rsquo;\u00e9thique"},"content":{"rendered":"\t\t<div data-elementor-type=\"wp-page\" data-elementor-id=\"15512\" class=\"elementor elementor-15512 elementor-3135\" data-elementor-post-type=\"page\">\n\t\t\t\t<div class=\"elementor-element elementor-element-34bd827 e-flex e-con-boxed e-con e-parent\" data-id=\"34bd827\" data-element_type=\"container\" data-e-type=\"container\">\n\t\t\t\t\t<div class=\"e-con-inner\">\n\t\t<div class=\"elementor-element elementor-element-57206f0 e-con-full e-flex e-con e-child\" data-id=\"57206f0\" data-element_type=\"container\" data-e-type=\"container\">\n\t\t\t\t<div class=\"elementor-element elementor-element-ffe26bc elementor-widget elementor-widget-text-editor\" data-id=\"ffe26bc\" data-element_type=\"widget\" data-e-type=\"widget\" data-widget_type=\"text-editor.default\">\n\t\t\t\t\t\t\t\t\t<p class=\"p1\">Chez TUCAI, SA, nous croyons en l&rsquo;int\u00e9grit\u00e9, l&rsquo;honn\u00eatet\u00e9 et la transparence dans nos actions. C&rsquo;est pourquoi nous mettons \u00e0 la disposition des employ\u00e9s et des personnes associ\u00e9es au Groupe Tucai le Canal \u00c9thique, afin qu&rsquo;ils puissent le signaler s&rsquo;ils savent ou soup\u00e7onnent qu&rsquo;un membre de l&rsquo;organisation commet des actes susceptibles d&rsquo;\u00eatre contraires \u00e0 la loi, au Code de conduite de Tucai ou \u00e0 l&rsquo;une de ses politiques.<\/p><p class=\"p1\">Tous les signalements effectu\u00e9s par ce biais resteront confidentiels et l&rsquo;exp\u00e9diteur sera prot\u00e9g\u00e9 contre toute tentative de repr\u00e9sailles.<\/p><p class=\"p1\">Si l&rsquo;exp\u00e9diteur souhaite s&rsquo;identifier, une section facultative a \u00e9t\u00e9 activ\u00e9e dans le canal de r\u00e9clamation o\u00f9 il peut saisir ses coordonn\u00e9es.<\/p>\t\t\t\t\t\t\t\t<\/div>\n\t\t<div class=\"elementor-element elementor-element-ea57adc e-con-full e-flex e-con e-child\" data-id=\"ea57adc\" data-element_type=\"container\" data-e-type=\"container\">\n\t\t\t\t<div class=\"elementor-element elementor-element-631adde elementor-widget elementor-widget-button\" data-id=\"631adde\" data-element_type=\"widget\" data-e-type=\"widget\" data-widget_type=\"button.default\">\n\t\t\t\t\t\t\t\t\t\t<a class=\"elementor-button elementor-button-link elementor-size-sm\" href=\"https:\/\/tucai-my.sharepoint.com\/:b:\/p\/sandra_albo\/EQmSFiPPeQJHhzYGlCwsNUcBnuaDBlqqpxohE8hHRolY6Q?e=Q7YXNY\" target=\"_blank\">\n\t\t\t\t\t\t<span class=\"elementor-button-content-wrapper\">\n\t\t\t\t\t\t\t\t\t<span class=\"elementor-button-text\">Consultez la politique de la cha\u00eene ici<\/span>\n\t\t\t\t\t<\/span>\n\t\t\t\t\t<\/a>\n\t\t\t\t\t\t\t\t<\/div>\n\t\t\t\t<div class=\"elementor-element elementor-element-ca3b876 elementor-widget elementor-widget-button\" data-id=\"ca3b876\" data-element_type=\"widget\" data-e-type=\"widget\" data-widget_type=\"button.default\">\n\t\t\t\t\t\t\t\t\t\t<a class=\"elementor-button elementor-button-link elementor-size-sm\" href=\"https:\/\/tucai.ulisesgrc.net\/#\/channels\/tucai\/ES_ES\" target=\"_blank\">\n\t\t\t\t\t\t<span class=\"elementor-button-content-wrapper\">\n\t\t\t\t\t\t\t\t\t<span class=\"elementor-button-text\">Acc\u00e9dez \u00e0 la cha\u00eene \u00c9thique ici<\/span>\n\t\t\t\t\t<\/span>\n\t\t\t\t\t<\/a>\n\t\t\t\t\t\t\t\t<\/div>\n\t\t\t\t<\/div>\n\t\t\t\t<\/div>\n\t\t\t\t\t<\/div>\n\t\t\t\t<\/div>\n\t\t\t\t<\/div>\n\t\t","protected":false},"excerpt":{"rendered":"<p>Chez TUCAI, SA, nous croyons en l&rsquo;int\u00e9grit\u00e9, l&rsquo;honn\u00eatet\u00e9 et la transparence dans nos actions. C&rsquo;est pourquoi nous mettons \u00e0 la disposition des employ\u00e9s et des personnes associ\u00e9es au Groupe Tucai le Canal \u00c9thique, afin qu&rsquo;ils puissent le signaler s&rsquo;ils savent ou soup\u00e7onnent qu&rsquo;un membre de l&rsquo;organisation commet des actes susceptibles d&rsquo;\u00eatre contraires \u00e0 la loi, [&hellip;]<\/p>\n","protected":false},"author":1,"featured_media":0,"parent":0,"menu_order":0,"comment_status":"closed","ping_status":"closed","template":"","meta":{"_acf_changed":false,"footnotes":""},"class_list":["post-15512","page","type-page","status-publish","hentry"],"acf":[],"yoast_head":"<!-- This site is optimized with the Yoast SEO plugin v27.3 - https:\/\/yoast.com\/product\/yoast-seo-wordpress\/ -->\n<title>Cha\u00eene d&#039;\u00e9thique - Tucai<\/title>\n<meta name=\"robots\" content=\"index, follow, max-snippet:-1, max-image-preview:large, max-video-preview:-1\" \/>\n<link rel=\"canonical\" href=\"https:\/\/www.tucai.com\/fr\/canal-de-plaintes\/\" \/>\n<meta property=\"og:locale\" content=\"fr_FR\" \/>\n<meta property=\"og:type\" content=\"article\" \/>\n<meta property=\"og:title\" content=\"Cha\u00eene d&#039;\u00e9thique - Tucai\" \/>\n<meta property=\"og:description\" content=\"Chez TUCAI, SA, nous croyons en l&rsquo;int\u00e9grit\u00e9, l&rsquo;honn\u00eatet\u00e9 et la transparence dans nos actions. C&rsquo;est pourquoi nous mettons \u00e0 la disposition des employ\u00e9s et des personnes associ\u00e9es au Groupe Tucai le Canal \u00c9thique, afin qu&rsquo;ils puissent le signaler s&rsquo;ils savent ou soup\u00e7onnent qu&rsquo;un membre de l&rsquo;organisation commet des actes susceptibles d&rsquo;\u00eatre contraires \u00e0 la loi, [&hellip;]\" \/>\n<meta property=\"og:url\" content=\"https:\/\/www.tucai.com\/fr\/canal-de-plaintes\/\" \/>\n<meta property=\"og:site_name\" content=\"Tucai\" \/>\n<meta property=\"article:modified_time\" content=\"2026-02-26T12:05:22+00:00\" \/>\n<meta property=\"og:image\" content=\"https:\/\/www.tucai.com\/wp-content\/uploads\/2022\/10\/logo-tucai.png\" \/>\n\t<meta property=\"og:image:width\" content=\"350\" \/>\n\t<meta property=\"og:image:height\" content=\"100\" \/>\n\t<meta property=\"og:image:type\" content=\"image\/png\" \/>\n<meta name=\"twitter:card\" content=\"summary_large_image\" \/>\n<meta name=\"twitter:label1\" content=\"Dur\u00e9e de lecture estim\u00e9e\" \/>\n\t<meta name=\"twitter:data1\" content=\"1 minute\" \/>\n<script type=\"application\/ld+json\" class=\"yoast-schema-graph\">{\"@context\":\"https:\\\/\\\/schema.org\",\"@graph\":[{\"@type\":\"WebPage\",\"@id\":\"https:\\\/\\\/www.tucai.com\\\/fr\\\/canal-de-plaintes\\\/\",\"url\":\"https:\\\/\\\/www.tucai.com\\\/fr\\\/canal-de-plaintes\\\/\",\"name\":\"Cha\u00eene d'\u00e9thique - Tucai\",\"isPartOf\":{\"@id\":\"https:\\\/\\\/www.tucai.com\\\/fr\\\/#website\"},\"datePublished\":\"2023-06-29T17:56:48+00:00\",\"dateModified\":\"2026-02-26T12:05:22+00:00\",\"breadcrumb\":{\"@id\":\"https:\\\/\\\/www.tucai.com\\\/fr\\\/canal-de-plaintes\\\/#breadcrumb\"},\"inLanguage\":\"fr-FR\",\"potentialAction\":[{\"@type\":\"ReadAction\",\"target\":[\"https:\\\/\\\/www.tucai.com\\\/fr\\\/canal-de-plaintes\\\/\"]}]},{\"@type\":\"BreadcrumbList\",\"@id\":\"https:\\\/\\\/www.tucai.com\\\/fr\\\/canal-de-plaintes\\\/#breadcrumb\",\"itemListElement\":[{\"@type\":\"ListItem\",\"position\":1,\"name\":\"Portada\",\"item\":\"https:\\\/\\\/www.tucai.com\\\/fr\\\/accueil\\\/\"},{\"@type\":\"ListItem\",\"position\":2,\"name\":\"Cha\u00eene d&rsquo;\u00e9thique\"}]},{\"@type\":\"WebSite\",\"@id\":\"https:\\\/\\\/www.tucai.com\\\/fr\\\/#website\",\"url\":\"https:\\\/\\\/www.tucai.com\\\/fr\\\/\",\"name\":\"Tucai\",\"description\":\"Latiguillos Flexibles y V\u00e1lvulas\",\"publisher\":{\"@id\":\"https:\\\/\\\/www.tucai.com\\\/fr\\\/#organization\"},\"potentialAction\":[{\"@type\":\"SearchAction\",\"target\":{\"@type\":\"EntryPoint\",\"urlTemplate\":\"https:\\\/\\\/www.tucai.com\\\/fr\\\/?s={search_term_string}\"},\"query-input\":{\"@type\":\"PropertyValueSpecification\",\"valueRequired\":true,\"valueName\":\"search_term_string\"}}],\"inLanguage\":\"fr-FR\"},{\"@type\":\"Organization\",\"@id\":\"https:\\\/\\\/www.tucai.com\\\/fr\\\/#organization\",\"name\":\"Tucai\",\"url\":\"https:\\\/\\\/www.tucai.com\\\/fr\\\/\",\"logo\":{\"@type\":\"ImageObject\",\"inLanguage\":\"fr-FR\",\"@id\":\"https:\\\/\\\/www.tucai.com\\\/fr\\\/#\\\/schema\\\/logo\\\/image\\\/\",\"url\":\"https:\\\/\\\/www.tucai.com\\\/wp-content\\\/uploads\\\/2022\\\/10\\\/logo-tucai.png\",\"contentUrl\":\"https:\\\/\\\/www.tucai.com\\\/wp-content\\\/uploads\\\/2022\\\/10\\\/logo-tucai.png\",\"width\":350,\"height\":100,\"caption\":\"Tucai\"},\"image\":{\"@id\":\"https:\\\/\\\/www.tucai.com\\\/fr\\\/#\\\/schema\\\/logo\\\/image\\\/\"}}]}<\/script>\n<!-- \/ Yoast SEO plugin. -->","yoast_head_json":{"title":"Cha\u00eene d'\u00e9thique - Tucai","robots":{"index":"index","follow":"follow","max-snippet":"max-snippet:-1","max-image-preview":"max-image-preview:large","max-video-preview":"max-video-preview:-1"},"canonical":"https:\/\/www.tucai.com\/fr\/canal-de-plaintes\/","og_locale":"fr_FR","og_type":"article","og_title":"Cha\u00eene d'\u00e9thique - Tucai","og_description":"Chez TUCAI, SA, nous croyons en l&rsquo;int\u00e9grit\u00e9, l&rsquo;honn\u00eatet\u00e9 et la transparence dans nos actions. C&rsquo;est pourquoi nous mettons \u00e0 la disposition des employ\u00e9s et des personnes associ\u00e9es au Groupe Tucai le Canal \u00c9thique, afin qu&rsquo;ils puissent le signaler s&rsquo;ils savent ou soup\u00e7onnent qu&rsquo;un membre de l&rsquo;organisation commet des actes susceptibles d&rsquo;\u00eatre contraires \u00e0 la loi, [&hellip;]","og_url":"https:\/\/www.tucai.com\/fr\/canal-de-plaintes\/","og_site_name":"Tucai","article_modified_time":"2026-02-26T12:05:22+00:00","og_image":[{"width":350,"height":100,"url":"https:\/\/www.tucai.com\/wp-content\/uploads\/2022\/10\/logo-tucai.png","type":"image\/png"}],"twitter_card":"summary_large_image","twitter_misc":{"Dur\u00e9e de lecture estim\u00e9e":"1 minute"},"schema":{"@context":"https:\/\/schema.org","@graph":[{"@type":"WebPage","@id":"https:\/\/www.tucai.com\/fr\/canal-de-plaintes\/","url":"https:\/\/www.tucai.com\/fr\/canal-de-plaintes\/","name":"Cha\u00eene d'\u00e9thique - Tucai","isPartOf":{"@id":"https:\/\/www.tucai.com\/fr\/#website"},"datePublished":"2023-06-29T17:56:48+00:00","dateModified":"2026-02-26T12:05:22+00:00","breadcrumb":{"@id":"https:\/\/www.tucai.com\/fr\/canal-de-plaintes\/#breadcrumb"},"inLanguage":"fr-FR","potentialAction":[{"@type":"ReadAction","target":["https:\/\/www.tucai.com\/fr\/canal-de-plaintes\/"]}]},{"@type":"BreadcrumbList","@id":"https:\/\/www.tucai.com\/fr\/canal-de-plaintes\/#breadcrumb","itemListElement":[{"@type":"ListItem","position":1,"name":"Portada","item":"https:\/\/www.tucai.com\/fr\/accueil\/"},{"@type":"ListItem","position":2,"name":"Cha\u00eene d&rsquo;\u00e9thique"}]},{"@type":"WebSite","@id":"https:\/\/www.tucai.com\/fr\/#website","url":"https:\/\/www.tucai.com\/fr\/","name":"Tucai","description":"Latiguillos Flexibles y V\u00e1lvulas","publisher":{"@id":"https:\/\/www.tucai.com\/fr\/#organization"},"potentialAction":[{"@type":"SearchAction","target":{"@type":"EntryPoint","urlTemplate":"https:\/\/www.tucai.com\/fr\/?s={search_term_string}"},"query-input":{"@type":"PropertyValueSpecification","valueRequired":true,"valueName":"search_term_string"}}],"inLanguage":"fr-FR"},{"@type":"Organization","@id":"https:\/\/www.tucai.com\/fr\/#organization","name":"Tucai","url":"https:\/\/www.tucai.com\/fr\/","logo":{"@type":"ImageObject","inLanguage":"fr-FR","@id":"https:\/\/www.tucai.com\/fr\/#\/schema\/logo\/image\/","url":"https:\/\/www.tucai.com\/wp-content\/uploads\/2022\/10\/logo-tucai.png","contentUrl":"https:\/\/www.tucai.com\/wp-content\/uploads\/2022\/10\/logo-tucai.png","width":350,"height":100,"caption":"Tucai"},"image":{"@id":"https:\/\/www.tucai.com\/fr\/#\/schema\/logo\/image\/"}}]}},"_links":{"self":[{"href":"https:\/\/www.tucai.com\/fr\/wp-json\/wp\/v2\/pages\/15512","targetHints":{"allow":["GET"]}}],"collection":[{"href":"https:\/\/www.tucai.com\/fr\/wp-json\/wp\/v2\/pages"}],"about":[{"href":"https:\/\/www.tucai.com\/fr\/wp-json\/wp\/v2\/types\/page"}],"author":[{"embeddable":true,"href":"https:\/\/www.tucai.com\/fr\/wp-json\/wp\/v2\/users\/1"}],"replies":[{"embeddable":true,"href":"https:\/\/www.tucai.com\/fr\/wp-json\/wp\/v2\/comments?post=15512"}],"version-history":[{"count":7,"href":"https:\/\/www.tucai.com\/fr\/wp-json\/wp\/v2\/pages\/15512\/revisions"}],"predecessor-version":[{"id":20472,"href":"https:\/\/www.tucai.com\/fr\/wp-json\/wp\/v2\/pages\/15512\/revisions\/20472"}],"wp:attachment":[{"href":"https:\/\/www.tucai.com\/fr\/wp-json\/wp\/v2\/media?parent=15512"}],"curies":[{"name":"wp","href":"https:\/\/api.w.org\/{rel}","templated":true}]}}