{"id":15515,"date":"2023-06-21T13:31:13","date_gmt":"2023-06-21T11:31:13","guid":{"rendered":"https:\/\/www.tucai.com\/blog\/"},"modified":"2025-09-19T15:41:45","modified_gmt":"2025-09-19T13:41:45","slug":"blog","status":"publish","type":"page","link":"https:\/\/www.tucai.com\/fr\/blog\/","title":{"rendered":"Blog"},"content":{"rendered":"\t\t<div data-elementor-type=\"wp-page\" data-elementor-id=\"15515\" class=\"elementor elementor-15515 elementor-3065\" data-elementor-post-type=\"page\">\n\t\t\t\t<div class=\"elementor-element elementor-element-d28d3e4 e-flex e-con-boxed e-con e-parent\" data-id=\"d28d3e4\" data-element_type=\"container\" data-e-type=\"container\">\n\t\t\t\t\t<div class=\"e-con-inner\">\n\t\t<div data-dce-background-color=\"#F3F5F8\" class=\"elementor-element elementor-element-2c2c993 e-flex e-con-boxed e-con e-child\" data-id=\"2c2c993\" data-element_type=\"container\" data-e-type=\"container\" data-settings=\"{&quot;background_background&quot;:&quot;classic&quot;}\">\n\t\t\t\t\t<div class=\"e-con-inner\">\n\t\t\t\t<div data-dce-title-color=\"#1C244B\" class=\"elementor-element elementor-element-7ceb4b0 elementor-widget elementor-widget-heading\" data-id=\"7ceb4b0\" data-element_type=\"widget\" data-e-type=\"widget\" data-widget_type=\"heading.default\">\n\t\t\t\t\t<h1 class=\"elementor-heading-title elementor-size-default\">Blog<\/h1>\t\t\t\t<\/div>\n\t\t\t\t<div data-dce-text-color=\"#324A6D\" class=\"elementor-element elementor-element-f9a0d55 elementor-widget__width-inherit elementor-widget elementor-widget-text-editor\" data-id=\"f9a0d55\" data-element_type=\"widget\" data-e-type=\"widget\" data-widget_type=\"text-editor.default\">\n\t\t\t\t\t\t\t\t\t<p>Un espace pour mieux comprendre le secteur et les produits que nous fabriquons.  <\/p>\t\t\t\t\t\t\t\t<\/div>\n\t\t\t\t\t<\/div>\n\t\t\t\t<\/div>\n\t\t\t\t\t<\/div>\n\t\t\t\t<\/div>\n\t\t<div class=\"elementor-element elementor-element-0c3043c e-flex e-con-boxed e-con e-parent\" data-id=\"0c3043c\" data-element_type=\"container\" data-e-type=\"container\">\n\t\t\t\t\t<div class=\"e-con-inner\">\n\t\t\t\t<div class=\"elementor-element elementor-element-92ffcf1 elementor-posts__hover-none elementor-grid-3 elementor-grid-tablet-2 elementor-grid-mobile-1 elementor-posts--thumbnail-top elementor-widget elementor-widget-posts\" data-id=\"92ffcf1\" data-element_type=\"widget\" data-e-type=\"widget\" data-settings=\"{&quot;cards_row_gap&quot;:{&quot;unit&quot;:&quot;px&quot;,&quot;size&quot;:20,&quot;sizes&quot;:[]},&quot;cards_row_gap_tablet&quot;:{&quot;unit&quot;:&quot;px&quot;,&quot;size&quot;:20,&quot;sizes&quot;:[]},&quot;cards_columns&quot;:&quot;3&quot;,&quot;cards_columns_tablet&quot;:&quot;2&quot;,&quot;cards_columns_mobile&quot;:&quot;1&quot;,&quot;cards_row_gap_mobile&quot;:{&quot;unit&quot;:&quot;px&quot;,&quot;size&quot;:&quot;&quot;,&quot;sizes&quot;:[]}}\" data-widget_type=\"posts.cards\">\n\t\t\t\t<div class=\"elementor-widget-container\">\n\t\t\t\t\t\t\t<div class=\"elementor-posts-container elementor-posts elementor-posts--skin-cards elementor-grid\" role=\"list\">\n\t\t\t\t<article class=\"elementor-post elementor-grid-item post-20238 post type-post status-publish format-standard has-post-thumbnail hentry category-non-classifiee\" role=\"listitem\">\n\t\t\t<div class=\"elementor-post__card\">\n\t\t\t\t<a class=\"elementor-post__thumbnail__link\" href=\"https:\/\/www.tucai.com\/fr\/la-gamme-twist-o2b-acb-de-tucai-une-technologie-de-pointe-et-une-efficacite-a-lattrait-universel\/\" tabindex=\"-1\" ><div class=\"elementor-post__thumbnail\"><img fetchpriority=\"high\" decoding=\"async\" width=\"754\" height=\"453\" src=\"https:\/\/www.tucai.com\/wp-content\/uploads\/2025\/12\/80a935cf-ae56-75be-b2be-6998b897cb50-e1767872907359.png\" class=\"attachment-full size-full wp-image-20302\" alt=\"\" srcset=\"https:\/\/www.tucai.com\/wp-content\/uploads\/2025\/12\/80a935cf-ae56-75be-b2be-6998b897cb50-e1767872907359.png 754w, https:\/\/www.tucai.com\/wp-content\/uploads\/2025\/12\/80a935cf-ae56-75be-b2be-6998b897cb50-e1767872907359-300x180.png 300w, https:\/\/www.tucai.com\/wp-content\/uploads\/2025\/12\/80a935cf-ae56-75be-b2be-6998b897cb50-e1767872907359-600x360.png 600w\" sizes=\"(max-width: 754px) 100vw, 754px\" loading=\"eager\" \/><\/div><\/a>\n\t\t\t\t<div class=\"elementor-post__text\">\n\t\t\t\t<h4 class=\"elementor-post__title\">\n\t\t\t<a href=\"https:\/\/www.tucai.com\/fr\/la-gamme-twist-o2b-acb-de-tucai-une-technologie-de-pointe-et-une-efficacite-a-lattrait-universel\/\" >\n\t\t\t\tLa gamme TWIST O2B ACB de TUCAI&nbsp;: une technologie de pointe et une efficacit\u00e9 \u00e0 l\u2019attrait universel\t\t\t<\/a>\n\t\t<\/h4>\n\t\t\t\t<div class=\"elementor-post__excerpt\">\n\t\t\t<p>Dans un contexte o\u00f9 l&rsquo;efficacit\u00e9 \u00e9nerg\u00e9tique et la durabilit\u00e9 fa\u00e7onnent le secteur de la climatisation, le choix des bons composants<\/p>\n\t\t<\/div>\n\t\t\t\t\t<div class=\"elementor-post__read-more-wrapper\">\n\t\t\n\t\t<a class=\"elementor-post__read-more\" href=\"https:\/\/www.tucai.com\/fr\/la-gamme-twist-o2b-acb-de-tucai-une-technologie-de-pointe-et-une-efficacite-a-lattrait-universel\/\" aria-label=\"En savoir plus sur La gamme TWIST O2B ACB de TUCAI&nbsp;: une technologie de pointe et une efficacit\u00e9 \u00e0 l\u2019attrait universel\" tabindex=\"-1\" >\n\t\t\tVoir plus d'informations\t\t<\/a>\n\n\t\t\t\t\t<\/div>\n\t\t\t\t<\/div>\n\t\t\t\t\t<\/div>\n\t\t<\/article>\n\t\t\t\t<article class=\"elementor-post elementor-grid-item post-20169 post type-post status-publish format-standard has-post-thumbnail hentry category-non-classifiee\" role=\"listitem\">\n\t\t\t<div class=\"elementor-post__card\">\n\t\t\t\t<a class=\"elementor-post__thumbnail__link\" href=\"https:\/\/www.tucai.com\/fr\/nous-progressons-vers-une-meilleure-durabilite\/\" tabindex=\"-1\" ><div class=\"elementor-post__thumbnail\"><img decoding=\"async\" width=\"2560\" height=\"1350\" src=\"https:\/\/www.tucai.com\/wp-content\/uploads\/2025\/11\/shutterstock_2459331037-1-scaled.jpg\" class=\"attachment-full size-full wp-image-20173\" alt=\"\" srcset=\"https:\/\/www.tucai.com\/wp-content\/uploads\/2025\/11\/shutterstock_2459331037-1-scaled.jpg 2560w, https:\/\/www.tucai.com\/wp-content\/uploads\/2025\/11\/shutterstock_2459331037-1-300x158.jpg 300w, https:\/\/www.tucai.com\/wp-content\/uploads\/2025\/11\/shutterstock_2459331037-1-1024x540.jpg 1024w, https:\/\/www.tucai.com\/wp-content\/uploads\/2025\/11\/shutterstock_2459331037-1-768x405.jpg 768w, https:\/\/www.tucai.com\/wp-content\/uploads\/2025\/11\/shutterstock_2459331037-1-1536x810.jpg 1536w, https:\/\/www.tucai.com\/wp-content\/uploads\/2025\/11\/shutterstock_2459331037-1-2048x1080.jpg 2048w, https:\/\/www.tucai.com\/wp-content\/uploads\/2025\/11\/shutterstock_2459331037-1-600x316.jpg 600w\" sizes=\"(max-width: 2560px) 100vw, 2560px\" loading=\"eager\" \/><\/div><\/a>\n\t\t\t\t<div class=\"elementor-post__text\">\n\t\t\t\t<h4 class=\"elementor-post__title\">\n\t\t\t<a href=\"https:\/\/www.tucai.com\/fr\/nous-progressons-vers-une-meilleure-durabilite\/\" >\n\t\t\t\tNous progressons vers une meilleure durabilit\u00e9.\t\t\t<\/a>\n\t\t<\/h4>\n\t\t\t\t<div class=\"elementor-post__excerpt\">\n\t\t\t<p>&nbsp; Le d\u00e9veloppement durable est depuis longtemps pr\u00e9sent dans divers processus chez TUCAI&nbsp;: d\u00e9veloppement de produits, achat de composants et<\/p>\n\t\t<\/div>\n\t\t\t\t\t<div class=\"elementor-post__read-more-wrapper\">\n\t\t\n\t\t<a class=\"elementor-post__read-more\" href=\"https:\/\/www.tucai.com\/fr\/nous-progressons-vers-une-meilleure-durabilite\/\" aria-label=\"En savoir plus sur Nous progressons vers une meilleure durabilit\u00e9.\" tabindex=\"-1\" >\n\t\t\tVoir plus d'informations\t\t<\/a>\n\n\t\t\t\t\t<\/div>\n\t\t\t\t<\/div>\n\t\t\t\t\t<\/div>\n\t\t<\/article>\n\t\t\t\t<article class=\"elementor-post elementor-grid-item post-20136 post type-post status-publish format-standard has-post-thumbnail hentry category-non-classifiee\" role=\"listitem\">\n\t\t\t<div class=\"elementor-post__card\">\n\t\t\t\t<a class=\"elementor-post__thumbnail__link\" href=\"https:\/\/www.tucai.com\/fr\/laerothermie-un-secteur-avec-des-defis-mais-plein-dopportunites\/\" tabindex=\"-1\" ><div class=\"elementor-post__thumbnail\"><img decoding=\"async\" width=\"1270\" height=\"668\" src=\"https:\/\/www.tucai.com\/wp-content\/uploads\/2025\/10\/Aerotermia-Tucai.png\" class=\"attachment-full size-full wp-image-20142\" alt=\"\" srcset=\"https:\/\/www.tucai.com\/wp-content\/uploads\/2025\/10\/Aerotermia-Tucai.png 1270w, https:\/\/www.tucai.com\/wp-content\/uploads\/2025\/10\/Aerotermia-Tucai-300x158.png 300w, https:\/\/www.tucai.com\/wp-content\/uploads\/2025\/10\/Aerotermia-Tucai-1024x539.png 1024w, https:\/\/www.tucai.com\/wp-content\/uploads\/2025\/10\/Aerotermia-Tucai-768x404.png 768w, https:\/\/www.tucai.com\/wp-content\/uploads\/2025\/10\/Aerotermia-Tucai-600x316.png 600w\" sizes=\"(max-width: 1270px) 100vw, 1270px\" loading=\"eager\" \/><\/div><\/a>\n\t\t\t\t<div class=\"elementor-post__text\">\n\t\t\t\t<h4 class=\"elementor-post__title\">\n\t\t\t<a href=\"https:\/\/www.tucai.com\/fr\/laerothermie-un-secteur-avec-des-defis-mais-plein-dopportunites\/\" >\n\t\t\t\tL&rsquo;a\u00e9rothermie : un secteur avec des d\u00e9fis, mais plein d&rsquo;opportunit\u00e9s\t\t\t<\/a>\n\t\t<\/h4>\n\t\t\t\t<div class=\"elementor-post__excerpt\">\n\t\t\t<p>L\u2019\u00e9nergie a\u00e9rothermique s\u2019est impos\u00e9e comme l\u2019une des technologies les plus prometteuses de la transition \u00e9nerg\u00e9tique. Cependant, le secteur a r\u00e9cemment<\/p>\n\t\t<\/div>\n\t\t\t\t\t<div class=\"elementor-post__read-more-wrapper\">\n\t\t\n\t\t<a class=\"elementor-post__read-more\" href=\"https:\/\/www.tucai.com\/fr\/laerothermie-un-secteur-avec-des-defis-mais-plein-dopportunites\/\" aria-label=\"En savoir plus sur L&rsquo;a\u00e9rothermie : un secteur avec des d\u00e9fis, mais plein d&rsquo;opportunit\u00e9s\" tabindex=\"-1\" >\n\t\t\tVoir plus d'informations\t\t<\/a>\n\n\t\t\t\t\t<\/div>\n\t\t\t\t<\/div>\n\t\t\t\t\t<\/div>\n\t\t<\/article>\n\t\t\t\t<article class=\"elementor-post elementor-grid-item post-15614 post type-post status-publish format-standard has-post-thumbnail hentry category-non-classifiee\" role=\"listitem\">\n\t\t\t<div class=\"elementor-post__card\">\n\t\t\t\t<a class=\"elementor-post__thumbnail__link\" href=\"https:\/\/www.tucai.com\/fr\/les-etapes-de-tucai-en-60-ans\/\" tabindex=\"-1\" ><div class=\"elementor-post__thumbnail\"><img decoding=\"async\" width=\"850\" height=\"454\" src=\"https:\/\/www.tucai.com\/wp-content\/uploads\/2024\/05\/Oficinas.jpg\" class=\"attachment-full size-full wp-image-10277\" alt=\"\" srcset=\"https:\/\/www.tucai.com\/wp-content\/uploads\/2024\/05\/Oficinas.jpg 850w, https:\/\/www.tucai.com\/wp-content\/uploads\/2024\/05\/Oficinas-300x160.jpg 300w, https:\/\/www.tucai.com\/wp-content\/uploads\/2024\/05\/Oficinas-768x410.jpg 768w, https:\/\/www.tucai.com\/wp-content\/uploads\/2024\/05\/Oficinas-600x320.jpg 600w\" sizes=\"(max-width: 850px) 100vw, 850px\" loading=\"eager\" \/><\/div><\/a>\n\t\t\t\t<div class=\"elementor-post__text\">\n\t\t\t\t<h4 class=\"elementor-post__title\">\n\t\t\t<a href=\"https:\/\/www.tucai.com\/fr\/les-etapes-de-tucai-en-60-ans\/\" >\n\t\t\t\tLes \u00e9tapes de Tucai en 60 ans\t\t\t<\/a>\n\t\t<\/h4>\n\t\t\t\t<div class=\"elementor-post__excerpt\">\n\t\t\t<p>Bas\u00e9e \u00e0 Barcelone, en Espagne, et disposant de succursales en Europe de l&rsquo;Est et en Asie-Pacifique, TUCAI est une entreprise<\/p>\n\t\t<\/div>\n\t\t\t\t\t<div class=\"elementor-post__read-more-wrapper\">\n\t\t\n\t\t<a class=\"elementor-post__read-more\" href=\"https:\/\/www.tucai.com\/fr\/les-etapes-de-tucai-en-60-ans\/\" aria-label=\"En savoir plus sur Les \u00e9tapes de Tucai en 60 ans\" tabindex=\"-1\" >\n\t\t\tVoir plus d'informations\t\t<\/a>\n\n\t\t\t\t\t<\/div>\n\t\t\t\t<\/div>\n\t\t\t\t\t<\/div>\n\t\t<\/article>\n\t\t\t\t<\/div>\n\t\t\n\t\t\t\t\t\t<\/div>\n\t\t\t\t<\/div>\n\t\t\t\t\t<\/div>\n\t\t\t\t<\/div>\n\t\t<div class=\"elementor-element elementor-element-164a45b e-flex e-con-boxed e-con e-parent\" data-id=\"164a45b\" data-element_type=\"container\" data-e-type=\"container\">\n\t\t\t\t\t<div class=\"e-con-inner\">\n\t\t<div data-dce-background-color=\"#F3F5F8\" class=\"elementor-element elementor-element-2a8d82c e-con-full e-flex e-con e-child\" data-id=\"2a8d82c\" data-element_type=\"container\" data-e-type=\"container\" data-settings=\"{&quot;background_background&quot;:&quot;classic&quot;}\">\n\t\t\t\t<div data-dce-title-color=\"#1C244B\" class=\"elementor-element elementor-element-66ab60b elementor-widget elementor-widget-heading\" data-id=\"66ab60b\" data-element_type=\"widget\" data-e-type=\"widget\" data-widget_type=\"heading.default\">\n\t\t\t\t\t<h2 class=\"elementor-heading-title elementor-size-default\">S'abonner \u00e0 notre lettre d'information<\/h2>\t\t\t\t<\/div>\n\t\t\t\t<div class=\"elementor-element elementor-element-b73b13f elementor-widget__width-inherit elementor-button-align-stretch elementor-widget elementor-widget-form\" data-id=\"b73b13f\" data-element_type=\"widget\" data-e-type=\"widget\" data-settings=\"{&quot;step_next_label&quot;:&quot;Suivant&quot;,&quot;step_previous_label&quot;:&quot;Pr\\u00e9c\\u00e9dent&quot;,&quot;button_width&quot;:&quot;40&quot;,&quot;button_width_tablet&quot;:&quot;40&quot;,&quot;step_type&quot;:&quot;number_text&quot;,&quot;step_icon_shape&quot;:&quot;circle&quot;}\" data-widget_type=\"form.default\">\n\t\t\t\t\t\t\t<form class=\"elementor-form\" method=\"post\" name=\"Formulaire de bulletin d&#039;information\" aria-label=\"Formulaire de bulletin d&#039;information\">\n\t\t\t<input type=\"hidden\" name=\"post_id\" value=\"15515\"\/>\n\t\t\t<input type=\"hidden\" name=\"form_id\" value=\"b73b13f\"\/>\n\t\t\t<input type=\"hidden\" name=\"referer_title\" value=\"Tucai\" \/>\n\n\t\t\t\n\t\t\t<div class=\"elementor-form-fields-wrapper elementor-labels-\">\n\t\t\t\t\t\t\t\t<div class=\"elementor-field-type-email elementor-field-group elementor-column elementor-field-group-email elementor-col-60 elementor-md-60 elementor-field-required\">\n\t\t\t\t\t\t\t\t\t\t\t\t\t<input size=\"1\" type=\"email\" name=\"form_fields[email]\" id=\"form-field-email\" class=\"elementor-field elementor-size-md  elementor-field-textual\" placeholder=\"Adresse \u00e9lectronique\" required=\"required\">\n\t\t\t\t\t\t\t\t\t\t\t<\/div>\n\t\t\t\t\t\t\t\t<div class=\"elementor-field-group elementor-column elementor-field-type-submit elementor-col-40 e-form__buttons elementor-md-40\">\n\t\t\t\t\t<button class=\"elementor-button elementor-size-md\" type=\"submit\">\n\t\t\t\t\t\t<span class=\"elementor-button-content-wrapper\">\n\t\t\t\t\t\t\t\t\t\t\t\t\t\t\t\t\t\t\t\t\t\t<span class=\"elementor-button-text\">S'abonner<\/span>\n\t\t\t\t\t\t\t\t\t\t\t\t\t<\/span>\n\t\t\t\t\t<\/button>\n\t\t\t\t<\/div>\n\t\t\t<\/div>\n\t\t<\/form>\n\t\t\t\t\t\t<\/div>\n\t\t\t\t<\/div>\n\t\t\t\t\t<\/div>\n\t\t\t\t<\/div>\n\t\t\t\t<\/div>\n\t\t","protected":false},"excerpt":{"rendered":"<p>Blog Un espace pour mieux comprendre le secteur et les produits que nous fabriquons. S&rsquo;abonner \u00e0 notre lettre d&rsquo;information<\/p>\n","protected":false},"author":1,"featured_media":0,"parent":0,"menu_order":0,"comment_status":"closed","ping_status":"closed","template":"","meta":{"_acf_changed":false,"footnotes":""},"class_list":["post-15515","page","type-page","status-publish","hentry"],"acf":[],"yoast_head":"<!-- This site is optimized with the Yoast SEO plugin v27.3 - https:\/\/yoast.com\/product\/yoast-seo-wordpress\/ -->\n<title>Blog - Tucai<\/title>\n<meta name=\"robots\" content=\"index, follow, max-snippet:-1, max-image-preview:large, max-video-preview:-1\" \/>\n<link rel=\"canonical\" href=\"https:\/\/www.tucai.com\/fr\/blog\/\" \/>\n<meta property=\"og:locale\" content=\"fr_FR\" \/>\n<meta property=\"og:type\" content=\"article\" \/>\n<meta property=\"og:title\" content=\"Blog - Tucai\" \/>\n<meta property=\"og:description\" content=\"Blog Un espace pour mieux comprendre le secteur et les produits que nous fabriquons. S&rsquo;abonner \u00e0 notre lettre d&rsquo;information\" \/>\n<meta property=\"og:url\" content=\"https:\/\/www.tucai.com\/fr\/blog\/\" \/>\n<meta property=\"og:site_name\" content=\"Tucai\" \/>\n<meta property=\"article:modified_time\" content=\"2025-09-19T13:41:45+00:00\" \/>\n<meta property=\"og:image\" content=\"https:\/\/www.tucai.com\/wp-content\/uploads\/2022\/10\/logo-tucai.png\" \/>\n\t<meta property=\"og:image:width\" content=\"350\" \/>\n\t<meta property=\"og:image:height\" content=\"100\" \/>\n\t<meta property=\"og:image:type\" content=\"image\/png\" \/>\n<meta name=\"twitter:card\" content=\"summary_large_image\" \/>\n<script type=\"application\/ld+json\" class=\"yoast-schema-graph\">{\"@context\":\"https:\\\/\\\/schema.org\",\"@graph\":[{\"@type\":\"WebPage\",\"@id\":\"https:\\\/\\\/www.tucai.com\\\/fr\\\/blog\\\/\",\"url\":\"https:\\\/\\\/www.tucai.com\\\/fr\\\/blog\\\/\",\"name\":\"Blog - Tucai\",\"isPartOf\":{\"@id\":\"https:\\\/\\\/www.tucai.com\\\/fr\\\/#website\"},\"datePublished\":\"2023-06-21T11:31:13+00:00\",\"dateModified\":\"2025-09-19T13:41:45+00:00\",\"breadcrumb\":{\"@id\":\"https:\\\/\\\/www.tucai.com\\\/fr\\\/blog\\\/#breadcrumb\"},\"inLanguage\":\"fr-FR\",\"potentialAction\":[{\"@type\":\"ReadAction\",\"target\":[\"https:\\\/\\\/www.tucai.com\\\/fr\\\/blog\\\/\"]}]},{\"@type\":\"BreadcrumbList\",\"@id\":\"https:\\\/\\\/www.tucai.com\\\/fr\\\/blog\\\/#breadcrumb\",\"itemListElement\":[{\"@type\":\"ListItem\",\"position\":1,\"name\":\"Portada\",\"item\":\"https:\\\/\\\/www.tucai.com\\\/fr\\\/accueil\\\/\"},{\"@type\":\"ListItem\",\"position\":2,\"name\":\"Blog\"}]},{\"@type\":\"WebSite\",\"@id\":\"https:\\\/\\\/www.tucai.com\\\/fr\\\/#website\",\"url\":\"https:\\\/\\\/www.tucai.com\\\/fr\\\/\",\"name\":\"Tucai\",\"description\":\"Latiguillos Flexibles y V\u00e1lvulas\",\"publisher\":{\"@id\":\"https:\\\/\\\/www.tucai.com\\\/fr\\\/#organization\"},\"potentialAction\":[{\"@type\":\"SearchAction\",\"target\":{\"@type\":\"EntryPoint\",\"urlTemplate\":\"https:\\\/\\\/www.tucai.com\\\/fr\\\/?s={search_term_string}\"},\"query-input\":{\"@type\":\"PropertyValueSpecification\",\"valueRequired\":true,\"valueName\":\"search_term_string\"}}],\"inLanguage\":\"fr-FR\"},{\"@type\":\"Organization\",\"@id\":\"https:\\\/\\\/www.tucai.com\\\/fr\\\/#organization\",\"name\":\"Tucai\",\"url\":\"https:\\\/\\\/www.tucai.com\\\/fr\\\/\",\"logo\":{\"@type\":\"ImageObject\",\"inLanguage\":\"fr-FR\",\"@id\":\"https:\\\/\\\/www.tucai.com\\\/fr\\\/#\\\/schema\\\/logo\\\/image\\\/\",\"url\":\"https:\\\/\\\/www.tucai.com\\\/wp-content\\\/uploads\\\/2022\\\/10\\\/logo-tucai.png\",\"contentUrl\":\"https:\\\/\\\/www.tucai.com\\\/wp-content\\\/uploads\\\/2022\\\/10\\\/logo-tucai.png\",\"width\":350,\"height\":100,\"caption\":\"Tucai\"},\"image\":{\"@id\":\"https:\\\/\\\/www.tucai.com\\\/fr\\\/#\\\/schema\\\/logo\\\/image\\\/\"}}]}<\/script>\n<!-- \/ Yoast SEO plugin. -->","yoast_head_json":{"title":"Blog - Tucai","robots":{"index":"index","follow":"follow","max-snippet":"max-snippet:-1","max-image-preview":"max-image-preview:large","max-video-preview":"max-video-preview:-1"},"canonical":"https:\/\/www.tucai.com\/fr\/blog\/","og_locale":"fr_FR","og_type":"article","og_title":"Blog - Tucai","og_description":"Blog Un espace pour mieux comprendre le secteur et les produits que nous fabriquons. S&rsquo;abonner \u00e0 notre lettre d&rsquo;information","og_url":"https:\/\/www.tucai.com\/fr\/blog\/","og_site_name":"Tucai","article_modified_time":"2025-09-19T13:41:45+00:00","og_image":[{"width":350,"height":100,"url":"https:\/\/www.tucai.com\/wp-content\/uploads\/2022\/10\/logo-tucai.png","type":"image\/png"}],"twitter_card":"summary_large_image","schema":{"@context":"https:\/\/schema.org","@graph":[{"@type":"WebPage","@id":"https:\/\/www.tucai.com\/fr\/blog\/","url":"https:\/\/www.tucai.com\/fr\/blog\/","name":"Blog - Tucai","isPartOf":{"@id":"https:\/\/www.tucai.com\/fr\/#website"},"datePublished":"2023-06-21T11:31:13+00:00","dateModified":"2025-09-19T13:41:45+00:00","breadcrumb":{"@id":"https:\/\/www.tucai.com\/fr\/blog\/#breadcrumb"},"inLanguage":"fr-FR","potentialAction":[{"@type":"ReadAction","target":["https:\/\/www.tucai.com\/fr\/blog\/"]}]},{"@type":"BreadcrumbList","@id":"https:\/\/www.tucai.com\/fr\/blog\/#breadcrumb","itemListElement":[{"@type":"ListItem","position":1,"name":"Portada","item":"https:\/\/www.tucai.com\/fr\/accueil\/"},{"@type":"ListItem","position":2,"name":"Blog"}]},{"@type":"WebSite","@id":"https:\/\/www.tucai.com\/fr\/#website","url":"https:\/\/www.tucai.com\/fr\/","name":"Tucai","description":"Latiguillos Flexibles y V\u00e1lvulas","publisher":{"@id":"https:\/\/www.tucai.com\/fr\/#organization"},"potentialAction":[{"@type":"SearchAction","target":{"@type":"EntryPoint","urlTemplate":"https:\/\/www.tucai.com\/fr\/?s={search_term_string}"},"query-input":{"@type":"PropertyValueSpecification","valueRequired":true,"valueName":"search_term_string"}}],"inLanguage":"fr-FR"},{"@type":"Organization","@id":"https:\/\/www.tucai.com\/fr\/#organization","name":"Tucai","url":"https:\/\/www.tucai.com\/fr\/","logo":{"@type":"ImageObject","inLanguage":"fr-FR","@id":"https:\/\/www.tucai.com\/fr\/#\/schema\/logo\/image\/","url":"https:\/\/www.tucai.com\/wp-content\/uploads\/2022\/10\/logo-tucai.png","contentUrl":"https:\/\/www.tucai.com\/wp-content\/uploads\/2022\/10\/logo-tucai.png","width":350,"height":100,"caption":"Tucai"},"image":{"@id":"https:\/\/www.tucai.com\/fr\/#\/schema\/logo\/image\/"}}]}},"_links":{"self":[{"href":"https:\/\/www.tucai.com\/fr\/wp-json\/wp\/v2\/pages\/15515","targetHints":{"allow":["GET"]}}],"collection":[{"href":"https:\/\/www.tucai.com\/fr\/wp-json\/wp\/v2\/pages"}],"about":[{"href":"https:\/\/www.tucai.com\/fr\/wp-json\/wp\/v2\/types\/page"}],"author":[{"embeddable":true,"href":"https:\/\/www.tucai.com\/fr\/wp-json\/wp\/v2\/users\/1"}],"replies":[{"embeddable":true,"href":"https:\/\/www.tucai.com\/fr\/wp-json\/wp\/v2\/comments?post=15515"}],"version-history":[{"count":0,"href":"https:\/\/www.tucai.com\/fr\/wp-json\/wp\/v2\/pages\/15515\/revisions"}],"wp:attachment":[{"href":"https:\/\/www.tucai.com\/fr\/wp-json\/wp\/v2\/media?parent=15515"}],"curies":[{"name":"wp","href":"https:\/\/api.w.org\/{rel}","templated":true}]}}