{"id":15518,"date":"2023-06-29T19:56:48","date_gmt":"2023-06-29T17:56:48","guid":{"rendered":"https:\/\/www.tucai.com\/mentions-legales-impression\/"},"modified":"2024-10-01T17:44:46","modified_gmt":"2024-10-01T15:44:46","slug":"mentions-legales-impression","status":"publish","type":"page","link":"https:\/\/www.tucai.com\/fr\/mentions-legales-impression\/","title":{"rendered":"Mentions l\u00e9gales \/ Impression"},"content":{"rendered":"\t\t<div data-elementor-type=\"wp-page\" data-elementor-id=\"15518\" class=\"elementor elementor-15518 elementor-3134\">\n\t\t\t\t<div class=\"elementor-element elementor-element-755fb24 e-flex e-con-boxed e-con e-parent\" data-id=\"755fb24\" data-element_type=\"container\">\n\t\t\t\t\t<div class=\"e-con-inner\">\n\t\t<div class=\"elementor-element elementor-element-c5e57c2 e-con-full e-flex e-con e-child\" data-id=\"c5e57c2\" data-element_type=\"container\">\n\t\t\t\t<div class=\"elementor-element elementor-element-99a1fe5 elementor-widget elementor-widget-heading\" data-id=\"99a1fe5\" data-element_type=\"widget\" data-widget_type=\"heading.default\">\n\t\t\t\t\t<h2 class=\"elementor-heading-title elementor-size-default\">Mentions l\u00e9gales \/ Mentions l\u00e9gales<\/h2>\t\t\t\t<\/div>\n\t\t\t\t<div class=\"elementor-element elementor-element-bca0b7c elementor-widget elementor-widget-text-editor\" data-id=\"bca0b7c\" data-element_type=\"widget\" data-widget_type=\"text-editor.default\">\n\t\t\t\t\t\t\t\t\t<ol>\n<li><strong><u>Informations g\u00e9n\u00e9rales<\/u><\/strong><\/li>\n<\/ol>\n<p>TUCAI, SA (ci-apr\u00e8s, \u00ab\u00a0TUCAI\u00a0\u00bb), dont le si\u00e8ge social est situ\u00e9 calle Llobateras 10-12 P.I. Santiga, Barber\u00e0 del Vall\u00e8s (08210), Barcelone, Espagne, CIF A08146623, est inscrite au registre du commerce de Barcelone, en f\u00e9vrier 1988, volume 34966, folio 225, page B 4358.<\/p>\n<p>Courriel : info@tucai.com<\/p>\n<p>Num\u00e9ro de t\u00e9l\u00e9phone : 937189562<\/p>\n<p>Le pr\u00e9sent avis juridique a pour objet d&rsquo;\u00e9tablir les conditions qui r\u00e9gissent l&rsquo;acc\u00e8s et l&rsquo;utilisation g\u00e9n\u00e9rale du site web susmentionn\u00e9 par tous les utilisateurs, de sorte que l&rsquo;acc\u00e8s et l&rsquo;utilisation de ce dernier impliquent n\u00e9cessairement la soumission et l&rsquo;acceptation desdites conditions incluses dans le pr\u00e9sent avis juridique.<\/p>\n<p>TUCAI se r\u00e9serve le droit d&rsquo;effectuer, \u00e0 tout moment et sans pr\u00e9avis, toute modification ou mise \u00e0 jour des contenus et services de ces dispositions d&rsquo;acc\u00e8s et d&rsquo;utilisation et, en g\u00e9n\u00e9ral, de tous les \u00e9l\u00e9ments qui composent la conception et la configuration de son site web.<\/p>\n<p>Le contenu du site web est mis \u00e0 la disposition de l&rsquo;utilisateur par le TUCAI pour sa propre information ou, le cas \u00e9ch\u00e9ant, pour celle de tiers.<br \/>\nLe TUCAI met en \u0153uvre tous les moyens raisonnables \u00e0 sa disposition pour assurer l&rsquo;exactitude et la mise \u00e0 jour des contenus figurant sur son site web. <\/p>\n<ol start=\"2\">\n<li><strong><u>Conditions d&rsquo;utilisation<\/u><\/strong><\/li>\n<\/ol>\n<p>Par le biais de ces conditions d&rsquo;utilisation, TUCAI r\u00e9glemente l&rsquo;acc\u00e8s au site web <a href=\"http:\/\/www.tucai.com\">www.tucai.com<\/a> (ci-apr\u00e8s le site web) et la fourniture \u00e0 ses clients et aux autres utilisateurs du r\u00e9seau des informations qu&rsquo;il contient.<\/p>\n<p>L&rsquo;utilisation du site Web attribue la condition d&rsquo;utilisateur et implique l&rsquo;acceptation et la reconnaissance expresse de la connaissance des avertissements l\u00e9gaux, des conditions et des termes d&rsquo;utilisation qui y sont li\u00e9s et qui sont contenus dans le pr\u00e9sent avis juridique et dans d&rsquo;autres textes l\u00e9gaux accessibles sur le site Web.<\/p>\n<p>TUCAI se r\u00e9serve le droit d&rsquo;effectuer, \u00e0 tout moment et sans pr\u00e9avis, toute modification ou mise \u00e0 jour des contenus et services, des pr\u00e9sentes dispositions d&rsquo;acc\u00e8s et d&rsquo;utilisation et, en g\u00e9n\u00e9ral, de tous les \u00e9l\u00e9ments qui composent la conception et la configuration de son site web.<br \/>\nIl est donc recommand\u00e9 aux utilisateurs de lire attentivement les conditions g\u00e9n\u00e9rales chaque fois qu&rsquo;ils souhaitent acc\u00e9der au site et l&rsquo;utiliser, car elles peuvent faire l&rsquo;objet de modifications. <\/p>\n<p>L&rsquo;utilisateur s&rsquo;engage \u00e0 ne pas utiliser les informations, activit\u00e9s, produits ou services que TUCAI met \u00e0 sa disposition pour r\u00e9aliser des activit\u00e9s contraires \u00e0 la loi, \u00e0 la morale ou \u00e0 l&rsquo;ordre public et, en g\u00e9n\u00e9ral, \u00e0 les utiliser conform\u00e9ment aux pr\u00e9sentes conditions g\u00e9n\u00e9rales.<\/p>\n<ol start=\"3\">\n<li><strong><u>Acc\u00e8s au site web<\/u><\/strong><\/li>\n<\/ol>\n<p>L&rsquo;utilisateur peut acc\u00e9der au site web gratuitement et sans frais, \u00e0 l&rsquo;exception du co\u00fbt de la connexion \u00e0 travers le r\u00e9seau de t\u00e9l\u00e9communications fourni par le fournisseur d&rsquo;acc\u00e8s \u00e0 Internet (FAI) contract\u00e9 par l&rsquo;utilisateur.<\/p>\n<p>Pour sa part, le TUCAI informe qu&rsquo;il n&rsquo;est pas responsable de la prestation de services et de fournitures par des tiers, y compris le transport via des r\u00e9seaux de t\u00e9l\u00e9communications dont la fiabilit\u00e9, la qualit\u00e9, la continuit\u00e9 et le fonctionnement ne lui correspondent pas, et dont l&rsquo;acc\u00e8s peut \u00eatre suspendu, annul\u00e9 ou devenir inaccessible pour des raisons techniques et notamment en cas de force majeure.<br \/>\nSi l&rsquo;interruption est permanente, les utilisateurs en seront inform\u00e9s et pourront subir la perte, le cas \u00e9ch\u00e9ant, des informations stock\u00e9es dans les diff\u00e9rents services. <\/p>\n<p>En cons\u00e9quence, le TUCAI n&rsquo;accepte aucune responsabilit\u00e9 pour les cons\u00e9quences d&rsquo;\u00e9ventuelles interruptions, car il ne peut garantir la fiabilit\u00e9, la disponibilit\u00e9 ou la continuit\u00e9 de son site web.<\/p>\n<ol start=\"4\">\n<li><strong><u>Liens vers des sites web de tiers<\/u><\/strong><\/li>\n<\/ol>\n<p>Le service d&rsquo;acc\u00e8s au site Web comprend des dispositifs techniques de liaison qui permettent \u00e0 l&rsquo;utilisateur d&rsquo;acc\u00e9der \u00e0 d&rsquo;autres pages et portails Internet.<br \/>\nDans ces cas, TUCAI agit en tant que fournisseur de services interm\u00e9diaires conform\u00e9ment \u00e0 l&rsquo;article 17 de la loi 34\/2002, du 11 juillet, sur les services de la soci\u00e9t\u00e9 de l&rsquo;information et le commerce \u00e9lectronique (LSSI), et ne sera responsable des contenus et des services fournis sur les sites li\u00e9s que dans la mesure o\u00f9 il a eu une connaissance effective de l&rsquo;ill\u00e9galit\u00e9 et n&rsquo;a pas d\u00e9sactiv\u00e9 le lien avec la diligence requise. <\/p>\n<p>L&rsquo;existence de liens ou de connexions ne doit pas pr\u00e9supposer l&rsquo;existence d&rsquo;accords avec les responsables ou les propri\u00e9taires de ceux-ci, ni la recommandation, la promotion ou l&rsquo;identification de TUCAI avec les d\u00e9clarations, les contenus ou les services fournis.<\/p>\n<ol start=\"5\">\n<li><strong><u>Propri\u00e9t\u00e9 industrielle et intellectuelle<\/u><\/strong><\/li>\n<\/ol>\n<p>Tous les contenus du site Web (y compris, mais sans s&rsquo;y limiter, les noms commerciaux, marques, enseignes, signes distinctifs ou logos de TUCAI, le nom de domaine www.tucai.com, les bases de donn\u00e9es, les images, les dessins, les graphiques, les fichiers texte, audio, vid\u00e9o et les logiciels) sont la propri\u00e9t\u00e9 de TUCAI ou TUCAI dispose des licences et\/ou autorisations n\u00e9cessaires de la part des d\u00e9tenteurs de ces droits sur les contenus susmentionn\u00e9s afin de pouvoir les utiliser.<br \/>\nCes contenus sont prot\u00e9g\u00e9s par les lois nationales ou internationales sur la propri\u00e9t\u00e9 intellectuelle et industrielle. <\/p>\n<p>Ces contenus ne peuvent \u00eatre modifi\u00e9s, copi\u00e9s, alt\u00e9r\u00e9s, reproduits, adapt\u00e9s ou traduits par l&rsquo;utilisateur ou des tiers sans l&rsquo;autorisation expresse de TUCAI, sauf indication contraire.<br \/>\nLa cession des droits susmentionn\u00e9s requiert l&rsquo;accord \u00e9crit pr\u00e9alable du titulaire desdits droits, de sorte que le client ou l&rsquo;utilisateur ne peut mettre ces contenus \u00e0 la disposition de tiers. <\/p>\n<p>L&rsquo;utilisation non autoris\u00e9e des informations contenues dans ce site Web, ainsi que toute violation des droits de propri\u00e9t\u00e9 intellectuelle ou industrielle, donneront lieu aux responsabilit\u00e9s l\u00e9galement \u00e9tablies.<\/p>\n<ol start=\"6\">\n<li><strong><u>Politique de confidentialit\u00e9<\/u><\/strong><\/li>\n<\/ol>\n<p>Le TUCAI fournira \u00e0 l&rsquo;utilisateur les informations n\u00e9cessaires pour qu&rsquo;il puisse, au pr\u00e9alable, donner son accord pour que le TUCAI traite ses donn\u00e9es personnelles conform\u00e9ment aux finalit\u00e9s recherch\u00e9es et les int\u00e8gre au fichier de donn\u00e9es personnelles correspondant dont le TUCAI est propri\u00e9taire.<\/p>\n<p>TUCAI veille au respect des obligations \u00e9nonc\u00e9es dans le R\u00e8glement (UE) 2016\/679 du Parlement europ\u00e9en et du Conseil du 27 avril 2016 relatif \u00e0 la protection des personnes physiques \u00e0 l&rsquo;\u00e9gard du traitement des donn\u00e9es \u00e0 caract\u00e8re personnel et \u00e0 la libre circulation de ces donn\u00e9es, et abrogeant la directive 95\/46\/CE (R\u00e8glement g\u00e9n\u00e9ral sur la protection des donn\u00e9es ou RGPD) et met \u00e0 la disposition des utilisateurs la <a href=\"https:\/\/www.tucai.com\/fr\/declaration-de-confidentialite-ue\/\">Politique de confidentialit\u00e9<\/a> avec des informations d\u00e9taill\u00e9es pour les utilisateurs.<\/p>\n<ol start=\"7\">\n<li><strong><u>Cookies<\/u><\/strong><\/li>\n<\/ol>\n<p>Le site Web du TUCAI utilise des cookies de suivi.<\/p>\n<p>En tout \u00e9tat de cause, l&rsquo;utilisateur a la possibilit\u00e9 de contr\u00f4ler et\/ou de modifier la configuration des cookies de son navigateur, ainsi que de les supprimer.<br \/>\nPour plus d&rsquo;informations sur la mani\u00e8re de modifier ces param\u00e8tres dans son navigateur, l&rsquo;utilisateur peut consulter la fonction \u00ab\u00a0Aide\u00a0\u00bb de son navigateur.<br \/>\nToutefois, TUCAI d\u00e9cline toute responsabilit\u00e9 si la d\u00e9sactivation des cookies emp\u00eache le bon fonctionnement du site web.  <\/p>\n<p>En ce qui concerne les cookies, veuillez consulter notre politique sur <a href=\"https:\/\/www.tucai.com\/ca\/politica-de-cookies-ue\/\">ce lien.<\/a><\/p>\n<ol start=\"8\">\n<li><strong><u>L\u00e9gislation applicable<\/u><\/strong><\/li>\n<\/ol>\n<p>La prestation du service de ce site Web et les pr\u00e9sentes conditions d&rsquo;utilisation, ainsi que toutes les relations pouvant d\u00e9couler de l&rsquo;utilisation de ce site Web, sont r\u00e9gies par la l\u00e9gislation espagnole.<br \/>\nLes parties, renon\u00e7ant express\u00e9ment \u00e0 toute autre juridiction qui pourrait leur correspondre, acceptent de se soumettre \u00e0 la juridiction des Cours et Tribunaux de Barcelone en cas de litige pouvant d\u00e9couler de l&rsquo;acc\u00e8s ou de l&rsquo;utilisation de ce site Web. <\/p>\n<p>Cette politique de confidentialit\u00e9 a \u00e9t\u00e9 mise \u00e0 jour le 15 juillet 2024.<\/p>\n\t\t\t\t\t\t\t\t<\/div>\n\t\t\t\t<\/div>\n\t\t\t\t\t<\/div>\n\t\t\t\t<\/div>\n\t\t\t\t<\/div>\n\t\t","protected":false},"excerpt":{"rendered":"<p>Mentions l\u00e9gales \/ Mentions l\u00e9gales Informations g\u00e9n\u00e9rales TUCAI, SA (ci-apr\u00e8s, \u00ab\u00a0TUCAI\u00a0\u00bb), dont le si\u00e8ge social est situ\u00e9 calle Llobateras 10-12 P.I. Santiga, Barber\u00e0 del Vall\u00e8s (08210), Barcelone, Espagne, CIF A08146623, est inscrite au registre du commerce de Barcelone, en f\u00e9vrier 1988, volume 34966, folio 225, page B 4358. Courriel : info@tucai.com Num\u00e9ro de t\u00e9l\u00e9phone : [&hellip;]<\/p>\n","protected":false},"author":1,"featured_media":0,"parent":0,"menu_order":0,"comment_status":"closed","ping_status":"closed","template":"","meta":{"_acf_changed":false,"footnotes":""},"class_list":["post-15518","page","type-page","status-publish","hentry"],"acf":[],"yoast_head":"<!-- This site is optimized with the Yoast SEO plugin v26.5 - https:\/\/yoast.com\/wordpress\/plugins\/seo\/ -->\n<title>Mentions l\u00e9gales \/ Impression - Tucai<\/title>\n<meta name=\"robots\" content=\"index, follow, max-snippet:-1, max-image-preview:large, max-video-preview:-1\" \/>\n<link rel=\"canonical\" href=\"https:\/\/www.tucai.com\/fr\/mentions-legales-impression\/\" \/>\n<meta property=\"og:locale\" content=\"fr_FR\" \/>\n<meta property=\"og:type\" content=\"article\" \/>\n<meta property=\"og:title\" content=\"Mentions l\u00e9gales \/ Impression - Tucai\" \/>\n<meta property=\"og:description\" content=\"Mentions l\u00e9gales \/ Mentions l\u00e9gales Informations g\u00e9n\u00e9rales TUCAI, SA (ci-apr\u00e8s, \u00ab\u00a0TUCAI\u00a0\u00bb), dont le si\u00e8ge social est situ\u00e9 calle Llobateras 10-12 P.I. Santiga, Barber\u00e0 del Vall\u00e8s (08210), Barcelone, Espagne, CIF A08146623, est inscrite au registre du commerce de Barcelone, en f\u00e9vrier 1988, volume 34966, folio 225, page B 4358. Courriel : info@tucai.com Num\u00e9ro de t\u00e9l\u00e9phone : [&hellip;]\" \/>\n<meta property=\"og:url\" content=\"https:\/\/www.tucai.com\/fr\/mentions-legales-impression\/\" \/>\n<meta property=\"og:site_name\" content=\"Tucai\" \/>\n<meta property=\"article:modified_time\" content=\"2024-10-01T15:44:46+00:00\" \/>\n<meta property=\"og:image\" content=\"https:\/\/www.tucai.com\/wp-content\/uploads\/2022\/10\/logo-tucai.png\" \/>\n\t<meta property=\"og:image:width\" content=\"350\" \/>\n\t<meta property=\"og:image:height\" content=\"100\" \/>\n\t<meta property=\"og:image:type\" content=\"image\/png\" \/>\n<meta name=\"twitter:card\" content=\"summary_large_image\" \/>\n<meta name=\"twitter:label1\" content=\"Dur\u00e9e de lecture estim\u00e9e\" \/>\n\t<meta name=\"twitter:data1\" content=\"6 minutes\" \/>\n<script type=\"application\/ld+json\" class=\"yoast-schema-graph\">{\"@context\":\"https:\/\/schema.org\",\"@graph\":[{\"@type\":\"WebPage\",\"@id\":\"https:\/\/www.tucai.com\/fr\/mentions-legales-impression\/\",\"url\":\"https:\/\/www.tucai.com\/fr\/mentions-legales-impression\/\",\"name\":\"Mentions l\u00e9gales \/ Impression - Tucai\",\"isPartOf\":{\"@id\":\"https:\/\/www.tucai.com\/fr\/#website\"},\"datePublished\":\"2023-06-29T17:56:48+00:00\",\"dateModified\":\"2024-10-01T15:44:46+00:00\",\"breadcrumb\":{\"@id\":\"https:\/\/www.tucai.com\/fr\/mentions-legales-impression\/#breadcrumb\"},\"inLanguage\":\"fr-FR\",\"potentialAction\":[{\"@type\":\"ReadAction\",\"target\":[\"https:\/\/www.tucai.com\/fr\/mentions-legales-impression\/\"]}]},{\"@type\":\"BreadcrumbList\",\"@id\":\"https:\/\/www.tucai.com\/fr\/mentions-legales-impression\/#breadcrumb\",\"itemListElement\":[{\"@type\":\"ListItem\",\"position\":1,\"name\":\"Portada\",\"item\":\"https:\/\/www.tucai.com\/fr\/accueil\/\"},{\"@type\":\"ListItem\",\"position\":2,\"name\":\"Mentions l\u00e9gales \/ Impression\"}]},{\"@type\":\"WebSite\",\"@id\":\"https:\/\/www.tucai.com\/fr\/#website\",\"url\":\"https:\/\/www.tucai.com\/fr\/\",\"name\":\"Tucai\",\"description\":\"Latiguillos Flexibles y V\u00e1lvulas\",\"publisher\":{\"@id\":\"https:\/\/www.tucai.com\/fr\/#organization\"},\"potentialAction\":[{\"@type\":\"SearchAction\",\"target\":{\"@type\":\"EntryPoint\",\"urlTemplate\":\"https:\/\/www.tucai.com\/fr\/?s={search_term_string}\"},\"query-input\":{\"@type\":\"PropertyValueSpecification\",\"valueRequired\":true,\"valueName\":\"search_term_string\"}}],\"inLanguage\":\"fr-FR\"},{\"@type\":\"Organization\",\"@id\":\"https:\/\/www.tucai.com\/fr\/#organization\",\"name\":\"Tucai\",\"url\":\"https:\/\/www.tucai.com\/fr\/\",\"logo\":{\"@type\":\"ImageObject\",\"inLanguage\":\"fr-FR\",\"@id\":\"https:\/\/www.tucai.com\/fr\/#\/schema\/logo\/image\/\",\"url\":\"https:\/\/www.tucai.com\/wp-content\/uploads\/2022\/10\/logo-tucai.png\",\"contentUrl\":\"https:\/\/www.tucai.com\/wp-content\/uploads\/2022\/10\/logo-tucai.png\",\"width\":350,\"height\":100,\"caption\":\"Tucai\"},\"image\":{\"@id\":\"https:\/\/www.tucai.com\/fr\/#\/schema\/logo\/image\/\"}}]}<\/script>\n<!-- \/ Yoast SEO plugin. -->","yoast_head_json":{"title":"Mentions l\u00e9gales \/ Impression - Tucai","robots":{"index":"index","follow":"follow","max-snippet":"max-snippet:-1","max-image-preview":"max-image-preview:large","max-video-preview":"max-video-preview:-1"},"canonical":"https:\/\/www.tucai.com\/fr\/mentions-legales-impression\/","og_locale":"fr_FR","og_type":"article","og_title":"Mentions l\u00e9gales \/ Impression - Tucai","og_description":"Mentions l\u00e9gales \/ Mentions l\u00e9gales Informations g\u00e9n\u00e9rales TUCAI, SA (ci-apr\u00e8s, \u00ab\u00a0TUCAI\u00a0\u00bb), dont le si\u00e8ge social est situ\u00e9 calle Llobateras 10-12 P.I. Santiga, Barber\u00e0 del Vall\u00e8s (08210), Barcelone, Espagne, CIF A08146623, est inscrite au registre du commerce de Barcelone, en f\u00e9vrier 1988, volume 34966, folio 225, page B 4358. Courriel : info@tucai.com Num\u00e9ro de t\u00e9l\u00e9phone : [&hellip;]","og_url":"https:\/\/www.tucai.com\/fr\/mentions-legales-impression\/","og_site_name":"Tucai","article_modified_time":"2024-10-01T15:44:46+00:00","og_image":[{"width":350,"height":100,"url":"https:\/\/www.tucai.com\/wp-content\/uploads\/2022\/10\/logo-tucai.png","type":"image\/png"}],"twitter_card":"summary_large_image","twitter_misc":{"Dur\u00e9e de lecture estim\u00e9e":"6 minutes"},"schema":{"@context":"https:\/\/schema.org","@graph":[{"@type":"WebPage","@id":"https:\/\/www.tucai.com\/fr\/mentions-legales-impression\/","url":"https:\/\/www.tucai.com\/fr\/mentions-legales-impression\/","name":"Mentions l\u00e9gales \/ Impression - Tucai","isPartOf":{"@id":"https:\/\/www.tucai.com\/fr\/#website"},"datePublished":"2023-06-29T17:56:48+00:00","dateModified":"2024-10-01T15:44:46+00:00","breadcrumb":{"@id":"https:\/\/www.tucai.com\/fr\/mentions-legales-impression\/#breadcrumb"},"inLanguage":"fr-FR","potentialAction":[{"@type":"ReadAction","target":["https:\/\/www.tucai.com\/fr\/mentions-legales-impression\/"]}]},{"@type":"BreadcrumbList","@id":"https:\/\/www.tucai.com\/fr\/mentions-legales-impression\/#breadcrumb","itemListElement":[{"@type":"ListItem","position":1,"name":"Portada","item":"https:\/\/www.tucai.com\/fr\/accueil\/"},{"@type":"ListItem","position":2,"name":"Mentions l\u00e9gales \/ Impression"}]},{"@type":"WebSite","@id":"https:\/\/www.tucai.com\/fr\/#website","url":"https:\/\/www.tucai.com\/fr\/","name":"Tucai","description":"Latiguillos Flexibles y V\u00e1lvulas","publisher":{"@id":"https:\/\/www.tucai.com\/fr\/#organization"},"potentialAction":[{"@type":"SearchAction","target":{"@type":"EntryPoint","urlTemplate":"https:\/\/www.tucai.com\/fr\/?s={search_term_string}"},"query-input":{"@type":"PropertyValueSpecification","valueRequired":true,"valueName":"search_term_string"}}],"inLanguage":"fr-FR"},{"@type":"Organization","@id":"https:\/\/www.tucai.com\/fr\/#organization","name":"Tucai","url":"https:\/\/www.tucai.com\/fr\/","logo":{"@type":"ImageObject","inLanguage":"fr-FR","@id":"https:\/\/www.tucai.com\/fr\/#\/schema\/logo\/image\/","url":"https:\/\/www.tucai.com\/wp-content\/uploads\/2022\/10\/logo-tucai.png","contentUrl":"https:\/\/www.tucai.com\/wp-content\/uploads\/2022\/10\/logo-tucai.png","width":350,"height":100,"caption":"Tucai"},"image":{"@id":"https:\/\/www.tucai.com\/fr\/#\/schema\/logo\/image\/"}}]}},"_links":{"self":[{"href":"https:\/\/www.tucai.com\/fr\/wp-json\/wp\/v2\/pages\/15518","targetHints":{"allow":["GET"]}}],"collection":[{"href":"https:\/\/www.tucai.com\/fr\/wp-json\/wp\/v2\/pages"}],"about":[{"href":"https:\/\/www.tucai.com\/fr\/wp-json\/wp\/v2\/types\/page"}],"author":[{"embeddable":true,"href":"https:\/\/www.tucai.com\/fr\/wp-json\/wp\/v2\/users\/1"}],"replies":[{"embeddable":true,"href":"https:\/\/www.tucai.com\/fr\/wp-json\/wp\/v2\/comments?post=15518"}],"version-history":[{"count":0,"href":"https:\/\/www.tucai.com\/fr\/wp-json\/wp\/v2\/pages\/15518\/revisions"}],"wp:attachment":[{"href":"https:\/\/www.tucai.com\/fr\/wp-json\/wp\/v2\/media?parent=15518"}],"curies":[{"name":"wp","href":"https:\/\/api.w.org\/{rel}","templated":true}]}}