{"id":11137,"date":"2023-06-21T13:12:41","date_gmt":"2023-06-21T13:12:41","guid":{"rendered":"https:\/\/tuc001.tucai.com\/producto\/c800\/"},"modified":"2025-09-24T12:14:05","modified_gmt":"2025-09-24T10:14:05","slug":"c800","status":"publish","type":"product","link":"https:\/\/www.tucai.com\/fr\/produit-fr\/c800\/","title":{"rendered":"C800-C801"},"content":{"rendered":"<ul>\n<li>Anti-fuite<\/li>\n<li>R\u00e9sistant \u00e0 la pression<\/li>\n<li>Une conception optimis\u00e9e<\/li>\n<li>Syst\u00e8me anti-fuite sur l&rsquo;arbre<\/li>\n<li>Corps en une seule pi\u00e8ce<\/li>\n<li>Anti-corrosion<\/li>\n<li>1\/4 de tour<\/li>\n<\/ul>\n","protected":false},"excerpt":{"rendered":"<p>Anti-fuite R\u00e9sistant \u00e0 la pression Une conception optimis\u00e9e Syst\u00e8me anti-fuite sur l&rsquo;arbre Corps en une seule pi\u00e8ce Anti-corrosion 1\/4 de tour<\/p>\n","protected":false},"featured_media":7232,"template":"","meta":{"_acf_changed":false},"clasificacion":[395],"descargable":[244],"tipo":[443],"product_brand":[],"product_cat":[466,413,467,468,385,419],"product_tag":[],"class_list":{"0":"post-11137","1":"product","2":"type-product","3":"status-publish","4":"has-post-thumbnail","6":"clasificacion-vannes-a-bille-fr","7":"descargable-espanol","8":"tipo-vannes-fr","9":"product_cat-cafetieres-professionnelles-fr","10":"product_cat-climatisation-fr","11":"product_cat-detartrants-fr","12":"product_cat-machine-a-glace-fr","13":"product_cat-reservoir-integre-fr","14":"product_cat-techos-radiantes-fr","16":"first","17":"instock","18":"product-type-simple"},"acf":[],"yoast_head":"<!-- This site is optimized with the Yoast SEO plugin v27.3 - https:\/\/yoast.com\/product\/yoast-seo-wordpress\/ -->\n<title>C800-C801 - Tucai<\/title>\n<meta name=\"robots\" content=\"index, follow, max-snippet:-1, max-image-preview:large, max-video-preview:-1\" \/>\n<link rel=\"canonical\" href=\"https:\/\/www.tucai.com\/fr\/produit-fr\/c800\/\" \/>\n<meta property=\"og:locale\" content=\"fr_FR\" \/>\n<meta property=\"og:type\" content=\"article\" \/>\n<meta property=\"og:title\" content=\"C800-C801 - Tucai\" \/>\n<meta property=\"og:description\" content=\"Anti-fuite R\u00e9sistant \u00e0 la pression Une conception optimis\u00e9e Syst\u00e8me anti-fuite sur l&rsquo;arbre Corps en une seule pi\u00e8ce Anti-corrosion 1\/4 de tour\" \/>\n<meta property=\"og:url\" content=\"https:\/\/www.tucai.com\/fr\/produit-fr\/c800\/\" \/>\n<meta property=\"og:site_name\" content=\"Tucai\" \/>\n<meta property=\"article:modified_time\" content=\"2025-09-24T10:14:05+00:00\" \/>\n<meta property=\"og:image\" content=\"https:\/\/www.tucai.com\/wp-content\/uploads\/2023\/06\/C800-roja.png\" \/>\n\t<meta property=\"og:image:width\" content=\"1920\" \/>\n\t<meta property=\"og:image:height\" content=\"1379\" \/>\n\t<meta property=\"og:image:type\" content=\"image\/png\" \/>\n<meta name=\"twitter:card\" content=\"summary_large_image\" \/>\n<script type=\"application\/ld+json\" class=\"yoast-schema-graph\">{\"@context\":\"https:\\\/\\\/schema.org\",\"@graph\":[{\"@type\":\"WebPage\",\"@id\":\"https:\\\/\\\/www.tucai.com\\\/fr\\\/produit-fr\\\/c800\\\/\",\"url\":\"https:\\\/\\\/www.tucai.com\\\/fr\\\/produit-fr\\\/c800\\\/\",\"name\":\"C800-C801 - Tucai\",\"isPartOf\":{\"@id\":\"https:\\\/\\\/www.tucai.com\\\/fr\\\/#website\"},\"primaryImageOfPage\":{\"@id\":\"https:\\\/\\\/www.tucai.com\\\/fr\\\/produit-fr\\\/c800\\\/#primaryimage\"},\"image\":{\"@id\":\"https:\\\/\\\/www.tucai.com\\\/fr\\\/produit-fr\\\/c800\\\/#primaryimage\"},\"thumbnailUrl\":\"https:\\\/\\\/www.tucai.com\\\/wp-content\\\/uploads\\\/2023\\\/06\\\/C800-roja.png\",\"datePublished\":\"2023-06-21T13:12:41+00:00\",\"dateModified\":\"2025-09-24T10:14:05+00:00\",\"breadcrumb\":{\"@id\":\"https:\\\/\\\/www.tucai.com\\\/fr\\\/produit-fr\\\/c800\\\/#breadcrumb\"},\"inLanguage\":\"fr-FR\",\"potentialAction\":[{\"@type\":\"ReadAction\",\"target\":[\"https:\\\/\\\/www.tucai.com\\\/fr\\\/produit-fr\\\/c800\\\/\"]}]},{\"@type\":\"ImageObject\",\"inLanguage\":\"fr-FR\",\"@id\":\"https:\\\/\\\/www.tucai.com\\\/fr\\\/produit-fr\\\/c800\\\/#primaryimage\",\"url\":\"https:\\\/\\\/www.tucai.com\\\/wp-content\\\/uploads\\\/2023\\\/06\\\/C800-roja.png\",\"contentUrl\":\"https:\\\/\\\/www.tucai.com\\\/wp-content\\\/uploads\\\/2023\\\/06\\\/C800-roja.png\",\"width\":1920,\"height\":1379},{\"@type\":\"BreadcrumbList\",\"@id\":\"https:\\\/\\\/www.tucai.com\\\/fr\\\/produit-fr\\\/c800\\\/#breadcrumb\",\"itemListElement\":[{\"@type\":\"ListItem\",\"position\":1,\"name\":\"Portada\",\"item\":\"https:\\\/\\\/www.tucai.com\\\/fr\\\/accueil\\\/\"},{\"@type\":\"ListItem\",\"position\":2,\"name\":\"Produits\",\"item\":\"https:\\\/\\\/www.tucai.com\\\/fr\\\/shop\\\/\"},{\"@type\":\"ListItem\",\"position\":3,\"name\":\"C800-C801\"}]},{\"@type\":\"WebSite\",\"@id\":\"https:\\\/\\\/www.tucai.com\\\/fr\\\/#website\",\"url\":\"https:\\\/\\\/www.tucai.com\\\/fr\\\/\",\"name\":\"Tucai\",\"description\":\"Latiguillos Flexibles y V\u00e1lvulas\",\"publisher\":{\"@id\":\"https:\\\/\\\/www.tucai.com\\\/fr\\\/#organization\"},\"potentialAction\":[{\"@type\":\"SearchAction\",\"target\":{\"@type\":\"EntryPoint\",\"urlTemplate\":\"https:\\\/\\\/www.tucai.com\\\/fr\\\/?s={search_term_string}\"},\"query-input\":{\"@type\":\"PropertyValueSpecification\",\"valueRequired\":true,\"valueName\":\"search_term_string\"}}],\"inLanguage\":\"fr-FR\"},{\"@type\":\"Organization\",\"@id\":\"https:\\\/\\\/www.tucai.com\\\/fr\\\/#organization\",\"name\":\"Tucai\",\"url\":\"https:\\\/\\\/www.tucai.com\\\/fr\\\/\",\"logo\":{\"@type\":\"ImageObject\",\"inLanguage\":\"fr-FR\",\"@id\":\"https:\\\/\\\/www.tucai.com\\\/fr\\\/#\\\/schema\\\/logo\\\/image\\\/\",\"url\":\"https:\\\/\\\/www.tucai.com\\\/wp-content\\\/uploads\\\/2022\\\/10\\\/logo-tucai.png\",\"contentUrl\":\"https:\\\/\\\/www.tucai.com\\\/wp-content\\\/uploads\\\/2022\\\/10\\\/logo-tucai.png\",\"width\":350,\"height\":100,\"caption\":\"Tucai\"},\"image\":{\"@id\":\"https:\\\/\\\/www.tucai.com\\\/fr\\\/#\\\/schema\\\/logo\\\/image\\\/\"}}]}<\/script>\n<!-- \/ Yoast SEO plugin. -->","yoast_head_json":{"title":"C800-C801 - Tucai","robots":{"index":"index","follow":"follow","max-snippet":"max-snippet:-1","max-image-preview":"max-image-preview:large","max-video-preview":"max-video-preview:-1"},"canonical":"https:\/\/www.tucai.com\/fr\/produit-fr\/c800\/","og_locale":"fr_FR","og_type":"article","og_title":"C800-C801 - Tucai","og_description":"Anti-fuite R\u00e9sistant \u00e0 la pression Une conception optimis\u00e9e Syst\u00e8me anti-fuite sur l&rsquo;arbre Corps en une seule pi\u00e8ce Anti-corrosion 1\/4 de tour","og_url":"https:\/\/www.tucai.com\/fr\/produit-fr\/c800\/","og_site_name":"Tucai","article_modified_time":"2025-09-24T10:14:05+00:00","og_image":[{"width":1920,"height":1379,"url":"https:\/\/www.tucai.com\/wp-content\/uploads\/2023\/06\/C800-roja.png","type":"image\/png"}],"twitter_card":"summary_large_image","schema":{"@context":"https:\/\/schema.org","@graph":[{"@type":"WebPage","@id":"https:\/\/www.tucai.com\/fr\/produit-fr\/c800\/","url":"https:\/\/www.tucai.com\/fr\/produit-fr\/c800\/","name":"C800-C801 - Tucai","isPartOf":{"@id":"https:\/\/www.tucai.com\/fr\/#website"},"primaryImageOfPage":{"@id":"https:\/\/www.tucai.com\/fr\/produit-fr\/c800\/#primaryimage"},"image":{"@id":"https:\/\/www.tucai.com\/fr\/produit-fr\/c800\/#primaryimage"},"thumbnailUrl":"https:\/\/www.tucai.com\/wp-content\/uploads\/2023\/06\/C800-roja.png","datePublished":"2023-06-21T13:12:41+00:00","dateModified":"2025-09-24T10:14:05+00:00","breadcrumb":{"@id":"https:\/\/www.tucai.com\/fr\/produit-fr\/c800\/#breadcrumb"},"inLanguage":"fr-FR","potentialAction":[{"@type":"ReadAction","target":["https:\/\/www.tucai.com\/fr\/produit-fr\/c800\/"]}]},{"@type":"ImageObject","inLanguage":"fr-FR","@id":"https:\/\/www.tucai.com\/fr\/produit-fr\/c800\/#primaryimage","url":"https:\/\/www.tucai.com\/wp-content\/uploads\/2023\/06\/C800-roja.png","contentUrl":"https:\/\/www.tucai.com\/wp-content\/uploads\/2023\/06\/C800-roja.png","width":1920,"height":1379},{"@type":"BreadcrumbList","@id":"https:\/\/www.tucai.com\/fr\/produit-fr\/c800\/#breadcrumb","itemListElement":[{"@type":"ListItem","position":1,"name":"Portada","item":"https:\/\/www.tucai.com\/fr\/accueil\/"},{"@type":"ListItem","position":2,"name":"Produits","item":"https:\/\/www.tucai.com\/fr\/shop\/"},{"@type":"ListItem","position":3,"name":"C800-C801"}]},{"@type":"WebSite","@id":"https:\/\/www.tucai.com\/fr\/#website","url":"https:\/\/www.tucai.com\/fr\/","name":"Tucai","description":"Latiguillos Flexibles y V\u00e1lvulas","publisher":{"@id":"https:\/\/www.tucai.com\/fr\/#organization"},"potentialAction":[{"@type":"SearchAction","target":{"@type":"EntryPoint","urlTemplate":"https:\/\/www.tucai.com\/fr\/?s={search_term_string}"},"query-input":{"@type":"PropertyValueSpecification","valueRequired":true,"valueName":"search_term_string"}}],"inLanguage":"fr-FR"},{"@type":"Organization","@id":"https:\/\/www.tucai.com\/fr\/#organization","name":"Tucai","url":"https:\/\/www.tucai.com\/fr\/","logo":{"@type":"ImageObject","inLanguage":"fr-FR","@id":"https:\/\/www.tucai.com\/fr\/#\/schema\/logo\/image\/","url":"https:\/\/www.tucai.com\/wp-content\/uploads\/2022\/10\/logo-tucai.png","contentUrl":"https:\/\/www.tucai.com\/wp-content\/uploads\/2022\/10\/logo-tucai.png","width":350,"height":100,"caption":"Tucai"},"image":{"@id":"https:\/\/www.tucai.com\/fr\/#\/schema\/logo\/image\/"}}]}},"_links":{"self":[{"href":"https:\/\/www.tucai.com\/fr\/wp-json\/wp\/v2\/product\/11137","targetHints":{"allow":["GET"]}}],"collection":[{"href":"https:\/\/www.tucai.com\/fr\/wp-json\/wp\/v2\/product"}],"about":[{"href":"https:\/\/www.tucai.com\/fr\/wp-json\/wp\/v2\/types\/product"}],"version-history":[{"count":1,"href":"https:\/\/www.tucai.com\/fr\/wp-json\/wp\/v2\/product\/11137\/revisions"}],"predecessor-version":[{"id":19973,"href":"https:\/\/www.tucai.com\/fr\/wp-json\/wp\/v2\/product\/11137\/revisions\/19973"}],"wp:featuredmedia":[{"embeddable":true,"href":"https:\/\/www.tucai.com\/fr\/wp-json\/wp\/v2\/media\/7232"}],"wp:attachment":[{"href":"https:\/\/www.tucai.com\/fr\/wp-json\/wp\/v2\/media?parent=11137"}],"wp:term":[{"taxonomy":"clasificacion","embeddable":true,"href":"https:\/\/www.tucai.com\/fr\/wp-json\/wp\/v2\/clasificacion?post=11137"},{"taxonomy":"descargable","embeddable":true,"href":"https:\/\/www.tucai.com\/fr\/wp-json\/wp\/v2\/descargable?post=11137"},{"taxonomy":"tipo","embeddable":true,"href":"https:\/\/www.tucai.com\/fr\/wp-json\/wp\/v2\/tipo?post=11137"},{"taxonomy":"product_brand","embeddable":true,"href":"https:\/\/www.tucai.com\/fr\/wp-json\/wp\/v2\/product_brand?post=11137"},{"taxonomy":"product_cat","embeddable":true,"href":"https:\/\/www.tucai.com\/fr\/wp-json\/wp\/v2\/product_cat?post=11137"},{"taxonomy":"product_tag","embeddable":true,"href":"https:\/\/www.tucai.com\/fr\/wp-json\/wp\/v2\/product_tag?post=11137"}],"curies":[{"name":"wp","href":"https:\/\/api.w.org\/{rel}","templated":true}]}}