{"id":11145,"date":"2023-06-21T13:12:41","date_gmt":"2023-06-21T13:12:41","guid":{"rendered":"https:\/\/tuc001.tucai.com\/producto\/m505\/"},"modified":"2025-09-19T15:23:43","modified_gmt":"2025-09-19T13:23:43","slug":"m505","status":"publish","type":"product","link":"https:\/\/www.tucai.com\/fr\/produit-fr\/m505\/","title":{"rendered":"M505"},"content":{"rendered":"<ul>\n<li>Anti-fuite<\/li>\n<li>R\u00e9sistant \u00e0 la pression<\/li>\n<li>Installation facile gr\u00e2ce \u00e0 l&rsquo;\u00e9crou pivotant et au joint plat<\/li>\n<li>Syst\u00e8me anti-fuite sur l&rsquo;arbre<\/li>\n<li>Poign\u00e9e adapt\u00e9e aux espaces confin\u00e9s<\/li>\n<li>1\/4 de tour<\/li>\n<\/ul>\n","protected":false},"excerpt":{"rendered":"<p>Anti-fuite R\u00e9sistant \u00e0 la pression Installation facile gr\u00e2ce \u00e0 l&rsquo;\u00e9crou pivotant et au joint plat Syst\u00e8me anti-fuite sur l&rsquo;arbre Poign\u00e9e adapt\u00e9e aux espaces confin\u00e9s 1\/4 de tour<\/p>\n","protected":false},"featured_media":9489,"template":"","meta":{"_acf_changed":false},"clasificacion":[395],"descargable":[],"tipo":[443],"product_brand":[],"product_cat":[464,606,413,467,472,470,465,473,419,445,414],"product_tag":[],"class_list":{"0":"post-11145","1":"product","2":"type-product","3":"status-publish","4":"has-post-thumbnail","6":"clasificacion-vannes-a-bille-fr","7":"tipo-vannes-fr","8":"product_cat-batterie-de-compteur-fr","9":"product_cat-chauffage-fr","10":"product_cat-climatisation-fr","11":"product_cat-detartrants-fr","12":"product_cat-panneau-solaire-fr","13":"product_cat-pneumatique-fr","14":"product_cat-pompes-a-eau-fr","15":"product_cat-systeme-de-lavage-de-voiture-fr","16":"product_cat-techos-radiantes-fr","17":"product_cat-thermos-electrique-fr","18":"product_cat-ventilo-convecteur-fr","20":"first","21":"instock","22":"product-type-simple"},"acf":[],"yoast_head":"<!-- This site is optimized with the Yoast SEO plugin v26.5 - https:\/\/yoast.com\/wordpress\/plugins\/seo\/ -->\n<title>M505 - Tucai<\/title>\n<meta name=\"robots\" content=\"index, follow, max-snippet:-1, max-image-preview:large, max-video-preview:-1\" \/>\n<link rel=\"canonical\" href=\"https:\/\/www.tucai.com\/fr\/produit-fr\/m505\/\" \/>\n<meta property=\"og:locale\" content=\"fr_FR\" \/>\n<meta property=\"og:type\" content=\"article\" \/>\n<meta property=\"og:title\" content=\"M505 - Tucai\" \/>\n<meta property=\"og:description\" content=\"Anti-fuite R\u00e9sistant \u00e0 la pression Installation facile gr\u00e2ce \u00e0 l&rsquo;\u00e9crou pivotant et au joint plat Syst\u00e8me anti-fuite sur l&rsquo;arbre Poign\u00e9e adapt\u00e9e aux espaces confin\u00e9s 1\/4 de tour\" \/>\n<meta property=\"og:url\" content=\"https:\/\/www.tucai.com\/fr\/produit-fr\/m505\/\" \/>\n<meta property=\"og:site_name\" content=\"Tucai\" \/>\n<meta property=\"article:modified_time\" content=\"2025-09-19T13:23:43+00:00\" \/>\n<meta property=\"og:image\" content=\"https:\/\/www.tucai.com\/wp-content\/uploads\/2023\/06\/M505.jpg\" \/>\n\t<meta property=\"og:image:width\" content=\"1116\" \/>\n\t<meta property=\"og:image:height\" content=\"772\" \/>\n\t<meta property=\"og:image:type\" content=\"image\/jpeg\" \/>\n<meta name=\"twitter:card\" content=\"summary_large_image\" \/>\n<meta name=\"twitter:label1\" content=\"Dur\u00e9e de lecture estim\u00e9e\" \/>\n\t<meta name=\"twitter:data1\" content=\"1 minute\" \/>\n<script type=\"application\/ld+json\" class=\"yoast-schema-graph\">{\"@context\":\"https:\/\/schema.org\",\"@graph\":[{\"@type\":\"WebPage\",\"@id\":\"https:\/\/www.tucai.com\/fr\/produit-fr\/m505\/\",\"url\":\"https:\/\/www.tucai.com\/fr\/produit-fr\/m505\/\",\"name\":\"M505 - Tucai\",\"isPartOf\":{\"@id\":\"https:\/\/www.tucai.com\/fr\/#website\"},\"primaryImageOfPage\":{\"@id\":\"https:\/\/www.tucai.com\/fr\/produit-fr\/m505\/#primaryimage\"},\"image\":{\"@id\":\"https:\/\/www.tucai.com\/fr\/produit-fr\/m505\/#primaryimage\"},\"thumbnailUrl\":\"https:\/\/www.tucai.com\/wp-content\/uploads\/2023\/06\/M505.jpg\",\"datePublished\":\"2023-06-21T13:12:41+00:00\",\"dateModified\":\"2025-09-19T13:23:43+00:00\",\"breadcrumb\":{\"@id\":\"https:\/\/www.tucai.com\/fr\/produit-fr\/m505\/#breadcrumb\"},\"inLanguage\":\"fr-FR\",\"potentialAction\":[{\"@type\":\"ReadAction\",\"target\":[\"https:\/\/www.tucai.com\/fr\/produit-fr\/m505\/\"]}]},{\"@type\":\"ImageObject\",\"inLanguage\":\"fr-FR\",\"@id\":\"https:\/\/www.tucai.com\/fr\/produit-fr\/m505\/#primaryimage\",\"url\":\"https:\/\/www.tucai.com\/wp-content\/uploads\/2023\/06\/M505.jpg\",\"contentUrl\":\"https:\/\/www.tucai.com\/wp-content\/uploads\/2023\/06\/M505.jpg\",\"width\":1116,\"height\":772},{\"@type\":\"BreadcrumbList\",\"@id\":\"https:\/\/www.tucai.com\/fr\/produit-fr\/m505\/#breadcrumb\",\"itemListElement\":[{\"@type\":\"ListItem\",\"position\":1,\"name\":\"Portada\",\"item\":\"https:\/\/www.tucai.com\/fr\/accueil\/\"},{\"@type\":\"ListItem\",\"position\":2,\"name\":\"Produits\",\"item\":\"https:\/\/www.tucai.com\/fr\/shop\/\"},{\"@type\":\"ListItem\",\"position\":3,\"name\":\"M505\"}]},{\"@type\":\"WebSite\",\"@id\":\"https:\/\/www.tucai.com\/fr\/#website\",\"url\":\"https:\/\/www.tucai.com\/fr\/\",\"name\":\"Tucai\",\"description\":\"Latiguillos Flexibles y V\u00e1lvulas\",\"publisher\":{\"@id\":\"https:\/\/www.tucai.com\/fr\/#organization\"},\"potentialAction\":[{\"@type\":\"SearchAction\",\"target\":{\"@type\":\"EntryPoint\",\"urlTemplate\":\"https:\/\/www.tucai.com\/fr\/?s={search_term_string}\"},\"query-input\":{\"@type\":\"PropertyValueSpecification\",\"valueRequired\":true,\"valueName\":\"search_term_string\"}}],\"inLanguage\":\"fr-FR\"},{\"@type\":\"Organization\",\"@id\":\"https:\/\/www.tucai.com\/fr\/#organization\",\"name\":\"Tucai\",\"url\":\"https:\/\/www.tucai.com\/fr\/\",\"logo\":{\"@type\":\"ImageObject\",\"inLanguage\":\"fr-FR\",\"@id\":\"https:\/\/www.tucai.com\/fr\/#\/schema\/logo\/image\/\",\"url\":\"https:\/\/www.tucai.com\/wp-content\/uploads\/2022\/10\/logo-tucai.png\",\"contentUrl\":\"https:\/\/www.tucai.com\/wp-content\/uploads\/2022\/10\/logo-tucai.png\",\"width\":350,\"height\":100,\"caption\":\"Tucai\"},\"image\":{\"@id\":\"https:\/\/www.tucai.com\/fr\/#\/schema\/logo\/image\/\"}}]}<\/script>\n<!-- \/ Yoast SEO plugin. -->","yoast_head_json":{"title":"M505 - Tucai","robots":{"index":"index","follow":"follow","max-snippet":"max-snippet:-1","max-image-preview":"max-image-preview:large","max-video-preview":"max-video-preview:-1"},"canonical":"https:\/\/www.tucai.com\/fr\/produit-fr\/m505\/","og_locale":"fr_FR","og_type":"article","og_title":"M505 - Tucai","og_description":"Anti-fuite R\u00e9sistant \u00e0 la pression Installation facile gr\u00e2ce \u00e0 l&rsquo;\u00e9crou pivotant et au joint plat Syst\u00e8me anti-fuite sur l&rsquo;arbre Poign\u00e9e adapt\u00e9e aux espaces confin\u00e9s 1\/4 de tour","og_url":"https:\/\/www.tucai.com\/fr\/produit-fr\/m505\/","og_site_name":"Tucai","article_modified_time":"2025-09-19T13:23:43+00:00","og_image":[{"width":1116,"height":772,"url":"https:\/\/www.tucai.com\/wp-content\/uploads\/2023\/06\/M505.jpg","type":"image\/jpeg"}],"twitter_card":"summary_large_image","twitter_misc":{"Dur\u00e9e de lecture estim\u00e9e":"1 minute"},"schema":{"@context":"https:\/\/schema.org","@graph":[{"@type":"WebPage","@id":"https:\/\/www.tucai.com\/fr\/produit-fr\/m505\/","url":"https:\/\/www.tucai.com\/fr\/produit-fr\/m505\/","name":"M505 - Tucai","isPartOf":{"@id":"https:\/\/www.tucai.com\/fr\/#website"},"primaryImageOfPage":{"@id":"https:\/\/www.tucai.com\/fr\/produit-fr\/m505\/#primaryimage"},"image":{"@id":"https:\/\/www.tucai.com\/fr\/produit-fr\/m505\/#primaryimage"},"thumbnailUrl":"https:\/\/www.tucai.com\/wp-content\/uploads\/2023\/06\/M505.jpg","datePublished":"2023-06-21T13:12:41+00:00","dateModified":"2025-09-19T13:23:43+00:00","breadcrumb":{"@id":"https:\/\/www.tucai.com\/fr\/produit-fr\/m505\/#breadcrumb"},"inLanguage":"fr-FR","potentialAction":[{"@type":"ReadAction","target":["https:\/\/www.tucai.com\/fr\/produit-fr\/m505\/"]}]},{"@type":"ImageObject","inLanguage":"fr-FR","@id":"https:\/\/www.tucai.com\/fr\/produit-fr\/m505\/#primaryimage","url":"https:\/\/www.tucai.com\/wp-content\/uploads\/2023\/06\/M505.jpg","contentUrl":"https:\/\/www.tucai.com\/wp-content\/uploads\/2023\/06\/M505.jpg","width":1116,"height":772},{"@type":"BreadcrumbList","@id":"https:\/\/www.tucai.com\/fr\/produit-fr\/m505\/#breadcrumb","itemListElement":[{"@type":"ListItem","position":1,"name":"Portada","item":"https:\/\/www.tucai.com\/fr\/accueil\/"},{"@type":"ListItem","position":2,"name":"Produits","item":"https:\/\/www.tucai.com\/fr\/shop\/"},{"@type":"ListItem","position":3,"name":"M505"}]},{"@type":"WebSite","@id":"https:\/\/www.tucai.com\/fr\/#website","url":"https:\/\/www.tucai.com\/fr\/","name":"Tucai","description":"Latiguillos Flexibles y V\u00e1lvulas","publisher":{"@id":"https:\/\/www.tucai.com\/fr\/#organization"},"potentialAction":[{"@type":"SearchAction","target":{"@type":"EntryPoint","urlTemplate":"https:\/\/www.tucai.com\/fr\/?s={search_term_string}"},"query-input":{"@type":"PropertyValueSpecification","valueRequired":true,"valueName":"search_term_string"}}],"inLanguage":"fr-FR"},{"@type":"Organization","@id":"https:\/\/www.tucai.com\/fr\/#organization","name":"Tucai","url":"https:\/\/www.tucai.com\/fr\/","logo":{"@type":"ImageObject","inLanguage":"fr-FR","@id":"https:\/\/www.tucai.com\/fr\/#\/schema\/logo\/image\/","url":"https:\/\/www.tucai.com\/wp-content\/uploads\/2022\/10\/logo-tucai.png","contentUrl":"https:\/\/www.tucai.com\/wp-content\/uploads\/2022\/10\/logo-tucai.png","width":350,"height":100,"caption":"Tucai"},"image":{"@id":"https:\/\/www.tucai.com\/fr\/#\/schema\/logo\/image\/"}}]}},"_links":{"self":[{"href":"https:\/\/www.tucai.com\/fr\/wp-json\/wp\/v2\/product\/11145","targetHints":{"allow":["GET"]}}],"collection":[{"href":"https:\/\/www.tucai.com\/fr\/wp-json\/wp\/v2\/product"}],"about":[{"href":"https:\/\/www.tucai.com\/fr\/wp-json\/wp\/v2\/types\/product"}],"version-history":[{"count":0,"href":"https:\/\/www.tucai.com\/fr\/wp-json\/wp\/v2\/product\/11145\/revisions"}],"wp:featuredmedia":[{"embeddable":true,"href":"https:\/\/www.tucai.com\/fr\/wp-json\/wp\/v2\/media\/9489"}],"wp:attachment":[{"href":"https:\/\/www.tucai.com\/fr\/wp-json\/wp\/v2\/media?parent=11145"}],"wp:term":[{"taxonomy":"clasificacion","embeddable":true,"href":"https:\/\/www.tucai.com\/fr\/wp-json\/wp\/v2\/clasificacion?post=11145"},{"taxonomy":"descargable","embeddable":true,"href":"https:\/\/www.tucai.com\/fr\/wp-json\/wp\/v2\/descargable?post=11145"},{"taxonomy":"tipo","embeddable":true,"href":"https:\/\/www.tucai.com\/fr\/wp-json\/wp\/v2\/tipo?post=11145"},{"taxonomy":"product_brand","embeddable":true,"href":"https:\/\/www.tucai.com\/fr\/wp-json\/wp\/v2\/product_brand?post=11145"},{"taxonomy":"product_cat","embeddable":true,"href":"https:\/\/www.tucai.com\/fr\/wp-json\/wp\/v2\/product_cat?post=11145"},{"taxonomy":"product_tag","embeddable":true,"href":"https:\/\/www.tucai.com\/fr\/wp-json\/wp\/v2\/product_tag?post=11145"}],"curies":[{"name":"wp","href":"https:\/\/api.w.org\/{rel}","templated":true}]}}