{"id":11157,"date":"2023-06-21T13:12:41","date_gmt":"2023-06-21T13:12:41","guid":{"rendered":"https:\/\/tuc001.tucai.com\/producto\/l400-doble\/"},"modified":"2025-09-24T12:13:23","modified_gmt":"2025-09-24T10:13:23","slug":"l400-doble","status":"publish","type":"product","link":"https:\/\/www.tucai.com\/fr\/produit-fr\/l400-doble\/","title":{"rendered":"L400 Double"},"content":{"rendered":"<ul>\n<li>R\u00e9gulation du d\u00e9bit<\/li>\n<li>Double sortie ind\u00e9pendante<\/li>\n<li>3 tours<\/li>\n<li>Contr\u00f4le ergonomique<\/li>\n<li>Installation facile<\/li>\n<\/ul>\n","protected":false},"excerpt":{"rendered":"<p>R\u00e9gulation du d\u00e9bit Double sortie ind\u00e9pendante 3 tours Contr\u00f4le ergonomique Installation facile<\/p>\n","protected":false},"featured_media":9577,"template":"","meta":{"_acf_changed":false},"clasificacion":[528],"descargable":[],"tipo":[443],"product_brand":[],"product_cat":[580,519,369,534],"product_tag":[370,529],"class_list":{"0":"post-11157","1":"product","2":"type-product","3":"status-publish","4":"has-post-thumbnail","6":"clasificacion-robinets-de-machine-a-laver-fr","7":"tipo-vannes-fr","8":"product_cat-evier-de-cuisine-fr","9":"product_cat-lave-vaisselle-fr","10":"product_cat-machine-a-laver-fr","11":"product_cat-robinet-de-jardin-fr","12":"product_tag-eau-fr","13":"product_tag-vannes-de-laveuse-fr","15":"first","16":"instock","17":"product-type-simple"},"acf":[],"yoast_head":"<!-- This site is optimized with the Yoast SEO plugin v27.3 - https:\/\/yoast.com\/product\/yoast-seo-wordpress\/ -->\n<title>L400 Double - Tucai<\/title>\n<meta name=\"robots\" content=\"index, follow, max-snippet:-1, max-image-preview:large, max-video-preview:-1\" \/>\n<link rel=\"canonical\" href=\"https:\/\/www.tucai.com\/fr\/produit-fr\/l400-doble\/\" \/>\n<meta property=\"og:locale\" content=\"fr_FR\" \/>\n<meta property=\"og:type\" content=\"article\" \/>\n<meta property=\"og:title\" content=\"L400 Double - Tucai\" \/>\n<meta property=\"og:description\" content=\"R\u00e9gulation du d\u00e9bit Double sortie ind\u00e9pendante 3 tours Contr\u00f4le ergonomique Installation facile\" \/>\n<meta property=\"og:url\" content=\"https:\/\/www.tucai.com\/fr\/produit-fr\/l400-doble\/\" \/>\n<meta property=\"og:site_name\" content=\"Tucai\" \/>\n<meta property=\"article:modified_time\" content=\"2025-09-24T10:13:23+00:00\" \/>\n<meta property=\"og:image\" content=\"https:\/\/www.tucai.com\/wp-content\/uploads\/2023\/06\/L400-doble-neg.png\" \/>\n\t<meta property=\"og:image:width\" content=\"372\" \/>\n\t<meta property=\"og:image:height\" content=\"537\" \/>\n\t<meta property=\"og:image:type\" content=\"image\/png\" \/>\n<meta name=\"twitter:card\" content=\"summary_large_image\" \/>\n<script type=\"application\/ld+json\" class=\"yoast-schema-graph\">{\"@context\":\"https:\\\/\\\/schema.org\",\"@graph\":[{\"@type\":\"WebPage\",\"@id\":\"https:\\\/\\\/www.tucai.com\\\/fr\\\/produit-fr\\\/l400-doble\\\/\",\"url\":\"https:\\\/\\\/www.tucai.com\\\/fr\\\/produit-fr\\\/l400-doble\\\/\",\"name\":\"L400 Double - Tucai\",\"isPartOf\":{\"@id\":\"https:\\\/\\\/www.tucai.com\\\/fr\\\/#website\"},\"primaryImageOfPage\":{\"@id\":\"https:\\\/\\\/www.tucai.com\\\/fr\\\/produit-fr\\\/l400-doble\\\/#primaryimage\"},\"image\":{\"@id\":\"https:\\\/\\\/www.tucai.com\\\/fr\\\/produit-fr\\\/l400-doble\\\/#primaryimage\"},\"thumbnailUrl\":\"https:\\\/\\\/www.tucai.com\\\/wp-content\\\/uploads\\\/2023\\\/06\\\/L400-doble-neg.png\",\"datePublished\":\"2023-06-21T13:12:41+00:00\",\"dateModified\":\"2025-09-24T10:13:23+00:00\",\"breadcrumb\":{\"@id\":\"https:\\\/\\\/www.tucai.com\\\/fr\\\/produit-fr\\\/l400-doble\\\/#breadcrumb\"},\"inLanguage\":\"fr-FR\",\"potentialAction\":[{\"@type\":\"ReadAction\",\"target\":[\"https:\\\/\\\/www.tucai.com\\\/fr\\\/produit-fr\\\/l400-doble\\\/\"]}]},{\"@type\":\"ImageObject\",\"inLanguage\":\"fr-FR\",\"@id\":\"https:\\\/\\\/www.tucai.com\\\/fr\\\/produit-fr\\\/l400-doble\\\/#primaryimage\",\"url\":\"https:\\\/\\\/www.tucai.com\\\/wp-content\\\/uploads\\\/2023\\\/06\\\/L400-doble-neg.png\",\"contentUrl\":\"https:\\\/\\\/www.tucai.com\\\/wp-content\\\/uploads\\\/2023\\\/06\\\/L400-doble-neg.png\",\"width\":372,\"height\":537},{\"@type\":\"BreadcrumbList\",\"@id\":\"https:\\\/\\\/www.tucai.com\\\/fr\\\/produit-fr\\\/l400-doble\\\/#breadcrumb\",\"itemListElement\":[{\"@type\":\"ListItem\",\"position\":1,\"name\":\"Portada\",\"item\":\"https:\\\/\\\/www.tucai.com\\\/fr\\\/accueil\\\/\"},{\"@type\":\"ListItem\",\"position\":2,\"name\":\"Produits\",\"item\":\"https:\\\/\\\/www.tucai.com\\\/fr\\\/shop\\\/\"},{\"@type\":\"ListItem\",\"position\":3,\"name\":\"L400 Double\"}]},{\"@type\":\"WebSite\",\"@id\":\"https:\\\/\\\/www.tucai.com\\\/fr\\\/#website\",\"url\":\"https:\\\/\\\/www.tucai.com\\\/fr\\\/\",\"name\":\"Tucai\",\"description\":\"Latiguillos Flexibles y V\u00e1lvulas\",\"publisher\":{\"@id\":\"https:\\\/\\\/www.tucai.com\\\/fr\\\/#organization\"},\"potentialAction\":[{\"@type\":\"SearchAction\",\"target\":{\"@type\":\"EntryPoint\",\"urlTemplate\":\"https:\\\/\\\/www.tucai.com\\\/fr\\\/?s={search_term_string}\"},\"query-input\":{\"@type\":\"PropertyValueSpecification\",\"valueRequired\":true,\"valueName\":\"search_term_string\"}}],\"inLanguage\":\"fr-FR\"},{\"@type\":\"Organization\",\"@id\":\"https:\\\/\\\/www.tucai.com\\\/fr\\\/#organization\",\"name\":\"Tucai\",\"url\":\"https:\\\/\\\/www.tucai.com\\\/fr\\\/\",\"logo\":{\"@type\":\"ImageObject\",\"inLanguage\":\"fr-FR\",\"@id\":\"https:\\\/\\\/www.tucai.com\\\/fr\\\/#\\\/schema\\\/logo\\\/image\\\/\",\"url\":\"https:\\\/\\\/www.tucai.com\\\/wp-content\\\/uploads\\\/2022\\\/10\\\/logo-tucai.png\",\"contentUrl\":\"https:\\\/\\\/www.tucai.com\\\/wp-content\\\/uploads\\\/2022\\\/10\\\/logo-tucai.png\",\"width\":350,\"height\":100,\"caption\":\"Tucai\"},\"image\":{\"@id\":\"https:\\\/\\\/www.tucai.com\\\/fr\\\/#\\\/schema\\\/logo\\\/image\\\/\"}}]}<\/script>\n<!-- \/ Yoast SEO plugin. -->","yoast_head_json":{"title":"L400 Double - Tucai","robots":{"index":"index","follow":"follow","max-snippet":"max-snippet:-1","max-image-preview":"max-image-preview:large","max-video-preview":"max-video-preview:-1"},"canonical":"https:\/\/www.tucai.com\/fr\/produit-fr\/l400-doble\/","og_locale":"fr_FR","og_type":"article","og_title":"L400 Double - Tucai","og_description":"R\u00e9gulation du d\u00e9bit Double sortie ind\u00e9pendante 3 tours Contr\u00f4le ergonomique Installation facile","og_url":"https:\/\/www.tucai.com\/fr\/produit-fr\/l400-doble\/","og_site_name":"Tucai","article_modified_time":"2025-09-24T10:13:23+00:00","og_image":[{"width":372,"height":537,"url":"https:\/\/www.tucai.com\/wp-content\/uploads\/2023\/06\/L400-doble-neg.png","type":"image\/png"}],"twitter_card":"summary_large_image","schema":{"@context":"https:\/\/schema.org","@graph":[{"@type":"WebPage","@id":"https:\/\/www.tucai.com\/fr\/produit-fr\/l400-doble\/","url":"https:\/\/www.tucai.com\/fr\/produit-fr\/l400-doble\/","name":"L400 Double - Tucai","isPartOf":{"@id":"https:\/\/www.tucai.com\/fr\/#website"},"primaryImageOfPage":{"@id":"https:\/\/www.tucai.com\/fr\/produit-fr\/l400-doble\/#primaryimage"},"image":{"@id":"https:\/\/www.tucai.com\/fr\/produit-fr\/l400-doble\/#primaryimage"},"thumbnailUrl":"https:\/\/www.tucai.com\/wp-content\/uploads\/2023\/06\/L400-doble-neg.png","datePublished":"2023-06-21T13:12:41+00:00","dateModified":"2025-09-24T10:13:23+00:00","breadcrumb":{"@id":"https:\/\/www.tucai.com\/fr\/produit-fr\/l400-doble\/#breadcrumb"},"inLanguage":"fr-FR","potentialAction":[{"@type":"ReadAction","target":["https:\/\/www.tucai.com\/fr\/produit-fr\/l400-doble\/"]}]},{"@type":"ImageObject","inLanguage":"fr-FR","@id":"https:\/\/www.tucai.com\/fr\/produit-fr\/l400-doble\/#primaryimage","url":"https:\/\/www.tucai.com\/wp-content\/uploads\/2023\/06\/L400-doble-neg.png","contentUrl":"https:\/\/www.tucai.com\/wp-content\/uploads\/2023\/06\/L400-doble-neg.png","width":372,"height":537},{"@type":"BreadcrumbList","@id":"https:\/\/www.tucai.com\/fr\/produit-fr\/l400-doble\/#breadcrumb","itemListElement":[{"@type":"ListItem","position":1,"name":"Portada","item":"https:\/\/www.tucai.com\/fr\/accueil\/"},{"@type":"ListItem","position":2,"name":"Produits","item":"https:\/\/www.tucai.com\/fr\/shop\/"},{"@type":"ListItem","position":3,"name":"L400 Double"}]},{"@type":"WebSite","@id":"https:\/\/www.tucai.com\/fr\/#website","url":"https:\/\/www.tucai.com\/fr\/","name":"Tucai","description":"Latiguillos Flexibles y V\u00e1lvulas","publisher":{"@id":"https:\/\/www.tucai.com\/fr\/#organization"},"potentialAction":[{"@type":"SearchAction","target":{"@type":"EntryPoint","urlTemplate":"https:\/\/www.tucai.com\/fr\/?s={search_term_string}"},"query-input":{"@type":"PropertyValueSpecification","valueRequired":true,"valueName":"search_term_string"}}],"inLanguage":"fr-FR"},{"@type":"Organization","@id":"https:\/\/www.tucai.com\/fr\/#organization","name":"Tucai","url":"https:\/\/www.tucai.com\/fr\/","logo":{"@type":"ImageObject","inLanguage":"fr-FR","@id":"https:\/\/www.tucai.com\/fr\/#\/schema\/logo\/image\/","url":"https:\/\/www.tucai.com\/wp-content\/uploads\/2022\/10\/logo-tucai.png","contentUrl":"https:\/\/www.tucai.com\/wp-content\/uploads\/2022\/10\/logo-tucai.png","width":350,"height":100,"caption":"Tucai"},"image":{"@id":"https:\/\/www.tucai.com\/fr\/#\/schema\/logo\/image\/"}}]}},"_links":{"self":[{"href":"https:\/\/www.tucai.com\/fr\/wp-json\/wp\/v2\/product\/11157","targetHints":{"allow":["GET"]}}],"collection":[{"href":"https:\/\/www.tucai.com\/fr\/wp-json\/wp\/v2\/product"}],"about":[{"href":"https:\/\/www.tucai.com\/fr\/wp-json\/wp\/v2\/types\/product"}],"version-history":[{"count":1,"href":"https:\/\/www.tucai.com\/fr\/wp-json\/wp\/v2\/product\/11157\/revisions"}],"predecessor-version":[{"id":19963,"href":"https:\/\/www.tucai.com\/fr\/wp-json\/wp\/v2\/product\/11157\/revisions\/19963"}],"wp:featuredmedia":[{"embeddable":true,"href":"https:\/\/www.tucai.com\/fr\/wp-json\/wp\/v2\/media\/9577"}],"wp:attachment":[{"href":"https:\/\/www.tucai.com\/fr\/wp-json\/wp\/v2\/media?parent=11157"}],"wp:term":[{"taxonomy":"clasificacion","embeddable":true,"href":"https:\/\/www.tucai.com\/fr\/wp-json\/wp\/v2\/clasificacion?post=11157"},{"taxonomy":"descargable","embeddable":true,"href":"https:\/\/www.tucai.com\/fr\/wp-json\/wp\/v2\/descargable?post=11157"},{"taxonomy":"tipo","embeddable":true,"href":"https:\/\/www.tucai.com\/fr\/wp-json\/wp\/v2\/tipo?post=11157"},{"taxonomy":"product_brand","embeddable":true,"href":"https:\/\/www.tucai.com\/fr\/wp-json\/wp\/v2\/product_brand?post=11157"},{"taxonomy":"product_cat","embeddable":true,"href":"https:\/\/www.tucai.com\/fr\/wp-json\/wp\/v2\/product_cat?post=11157"},{"taxonomy":"product_tag","embeddable":true,"href":"https:\/\/www.tucai.com\/fr\/wp-json\/wp\/v2\/product_tag?post=11157"}],"curies":[{"name":"wp","href":"https:\/\/api.w.org\/{rel}","templated":true}]}}