{"id":11237,"date":"2023-06-21T13:12:35","date_gmt":"2023-06-21T13:12:35","guid":{"rendered":"https:\/\/tuc001.tucai.com\/producto\/dn13-a-dn50-river\/"},"modified":"2025-09-24T12:17:55","modified_gmt":"2025-09-24T10:17:55","slug":"dn13-a-dn50-river","status":"publish","type":"product","link":"https:\/\/www.tucai.com\/fr\/produit-fr\/dn13-a-dn50-river\/","title":{"rendered":"Rivi\u00e8re TP DN19-DN25"},"content":{"rendered":"<p>Flexible avec tresse ext\u00e9rieure en acier galvanis\u00e9 pour le raccordement de groupes de surpression et d&rsquo;applications industrielles<\/p>\n","protected":false},"excerpt":{"rendered":"<p>Rivi\u00e8re TP DN19-DN25<\/p>\n","protected":false},"featured_media":9197,"template":"","meta":{"_acf_changed":false},"clasificacion":[488],"descargable":[244],"tipo":[368],"product_brand":[],"product_cat":[464,413,465,414],"product_tag":[370,524],"class_list":{"0":"post-11237","1":"product","2":"type-product","3":"status-publish","4":"has-post-thumbnail","6":"clasificacion-grand-flux-fr","7":"descargable-espanol","8":"tipo-flexible-fr","9":"product_cat-batterie-de-compteur-fr","10":"product_cat-climatisation-fr","11":"product_cat-pompes-a-eau-fr","12":"product_cat-ventilo-convecteur-fr","13":"product_tag-eau-fr","14":"product_tag-raccordements-avec-tuyau-epdm-interieur-fr","16":"first","17":"instock","18":"product-type-simple"},"acf":[],"yoast_head":"<!-- This site is optimized with the Yoast SEO plugin v27.3 - https:\/\/yoast.com\/product\/yoast-seo-wordpress\/ -->\n<title>Rivi\u00e8re TP DN19-DN25 - Tucai<\/title>\n<meta name=\"robots\" content=\"index, follow, max-snippet:-1, max-image-preview:large, max-video-preview:-1\" \/>\n<link rel=\"canonical\" href=\"https:\/\/www.tucai.com\/fr\/produit-fr\/dn13-a-dn50-river\/\" \/>\n<meta property=\"og:locale\" content=\"fr_FR\" \/>\n<meta property=\"og:type\" content=\"article\" \/>\n<meta property=\"og:title\" content=\"Rivi\u00e8re TP DN19-DN25 - Tucai\" \/>\n<meta property=\"og:description\" content=\"Rivi\u00e8re TP DN19-DN25\" \/>\n<meta property=\"og:url\" content=\"https:\/\/www.tucai.com\/fr\/produit-fr\/dn13-a-dn50-river\/\" \/>\n<meta property=\"og:site_name\" content=\"Tucai\" \/>\n<meta property=\"article:modified_time\" content=\"2025-09-24T10:17:55+00:00\" \/>\n<meta property=\"og:image\" content=\"https:\/\/www.tucai.com\/wp-content\/uploads\/2023\/06\/River-TP_horizontal-scaled.jpg\" \/>\n\t<meta property=\"og:image:width\" content=\"1920\" \/>\n\t<meta property=\"og:image:height\" content=\"1371\" \/>\n\t<meta property=\"og:image:type\" content=\"image\/jpeg\" \/>\n<meta name=\"twitter:card\" content=\"summary_large_image\" \/>\n<script type=\"application\/ld+json\" class=\"yoast-schema-graph\">{\"@context\":\"https:\\\/\\\/schema.org\",\"@graph\":[{\"@type\":\"WebPage\",\"@id\":\"https:\\\/\\\/www.tucai.com\\\/fr\\\/produit-fr\\\/dn13-a-dn50-river\\\/\",\"url\":\"https:\\\/\\\/www.tucai.com\\\/fr\\\/produit-fr\\\/dn13-a-dn50-river\\\/\",\"name\":\"Rivi\u00e8re TP DN19-DN25 - Tucai\",\"isPartOf\":{\"@id\":\"https:\\\/\\\/www.tucai.com\\\/fr\\\/#website\"},\"primaryImageOfPage\":{\"@id\":\"https:\\\/\\\/www.tucai.com\\\/fr\\\/produit-fr\\\/dn13-a-dn50-river\\\/#primaryimage\"},\"image\":{\"@id\":\"https:\\\/\\\/www.tucai.com\\\/fr\\\/produit-fr\\\/dn13-a-dn50-river\\\/#primaryimage\"},\"thumbnailUrl\":\"https:\\\/\\\/www.tucai.com\\\/wp-content\\\/uploads\\\/2023\\\/06\\\/River-TP_horizontal-scaled.jpg\",\"datePublished\":\"2023-06-21T13:12:35+00:00\",\"dateModified\":\"2025-09-24T10:17:55+00:00\",\"breadcrumb\":{\"@id\":\"https:\\\/\\\/www.tucai.com\\\/fr\\\/produit-fr\\\/dn13-a-dn50-river\\\/#breadcrumb\"},\"inLanguage\":\"fr-FR\",\"potentialAction\":[{\"@type\":\"ReadAction\",\"target\":[\"https:\\\/\\\/www.tucai.com\\\/fr\\\/produit-fr\\\/dn13-a-dn50-river\\\/\"]}]},{\"@type\":\"ImageObject\",\"inLanguage\":\"fr-FR\",\"@id\":\"https:\\\/\\\/www.tucai.com\\\/fr\\\/produit-fr\\\/dn13-a-dn50-river\\\/#primaryimage\",\"url\":\"https:\\\/\\\/www.tucai.com\\\/wp-content\\\/uploads\\\/2023\\\/06\\\/River-TP_horizontal-scaled.jpg\",\"contentUrl\":\"https:\\\/\\\/www.tucai.com\\\/wp-content\\\/uploads\\\/2023\\\/06\\\/River-TP_horizontal-scaled.jpg\",\"width\":1920,\"height\":1371},{\"@type\":\"BreadcrumbList\",\"@id\":\"https:\\\/\\\/www.tucai.com\\\/fr\\\/produit-fr\\\/dn13-a-dn50-river\\\/#breadcrumb\",\"itemListElement\":[{\"@type\":\"ListItem\",\"position\":1,\"name\":\"Portada\",\"item\":\"https:\\\/\\\/www.tucai.com\\\/fr\\\/accueil\\\/\"},{\"@type\":\"ListItem\",\"position\":2,\"name\":\"Produits\",\"item\":\"https:\\\/\\\/www.tucai.com\\\/fr\\\/shop\\\/\"},{\"@type\":\"ListItem\",\"position\":3,\"name\":\"Rivi\u00e8re TP DN19-DN25\"}]},{\"@type\":\"WebSite\",\"@id\":\"https:\\\/\\\/www.tucai.com\\\/fr\\\/#website\",\"url\":\"https:\\\/\\\/www.tucai.com\\\/fr\\\/\",\"name\":\"Tucai\",\"description\":\"Latiguillos Flexibles y V\u00e1lvulas\",\"publisher\":{\"@id\":\"https:\\\/\\\/www.tucai.com\\\/fr\\\/#organization\"},\"potentialAction\":[{\"@type\":\"SearchAction\",\"target\":{\"@type\":\"EntryPoint\",\"urlTemplate\":\"https:\\\/\\\/www.tucai.com\\\/fr\\\/?s={search_term_string}\"},\"query-input\":{\"@type\":\"PropertyValueSpecification\",\"valueRequired\":true,\"valueName\":\"search_term_string\"}}],\"inLanguage\":\"fr-FR\"},{\"@type\":\"Organization\",\"@id\":\"https:\\\/\\\/www.tucai.com\\\/fr\\\/#organization\",\"name\":\"Tucai\",\"url\":\"https:\\\/\\\/www.tucai.com\\\/fr\\\/\",\"logo\":{\"@type\":\"ImageObject\",\"inLanguage\":\"fr-FR\",\"@id\":\"https:\\\/\\\/www.tucai.com\\\/fr\\\/#\\\/schema\\\/logo\\\/image\\\/\",\"url\":\"https:\\\/\\\/www.tucai.com\\\/wp-content\\\/uploads\\\/2022\\\/10\\\/logo-tucai.png\",\"contentUrl\":\"https:\\\/\\\/www.tucai.com\\\/wp-content\\\/uploads\\\/2022\\\/10\\\/logo-tucai.png\",\"width\":350,\"height\":100,\"caption\":\"Tucai\"},\"image\":{\"@id\":\"https:\\\/\\\/www.tucai.com\\\/fr\\\/#\\\/schema\\\/logo\\\/image\\\/\"}}]}<\/script>\n<!-- \/ Yoast SEO plugin. -->","yoast_head_json":{"title":"Rivi\u00e8re TP DN19-DN25 - Tucai","robots":{"index":"index","follow":"follow","max-snippet":"max-snippet:-1","max-image-preview":"max-image-preview:large","max-video-preview":"max-video-preview:-1"},"canonical":"https:\/\/www.tucai.com\/fr\/produit-fr\/dn13-a-dn50-river\/","og_locale":"fr_FR","og_type":"article","og_title":"Rivi\u00e8re TP DN19-DN25 - Tucai","og_description":"Rivi\u00e8re TP DN19-DN25","og_url":"https:\/\/www.tucai.com\/fr\/produit-fr\/dn13-a-dn50-river\/","og_site_name":"Tucai","article_modified_time":"2025-09-24T10:17:55+00:00","og_image":[{"width":1920,"height":1371,"url":"https:\/\/www.tucai.com\/wp-content\/uploads\/2023\/06\/River-TP_horizontal-scaled.jpg","type":"image\/jpeg"}],"twitter_card":"summary_large_image","schema":{"@context":"https:\/\/schema.org","@graph":[{"@type":"WebPage","@id":"https:\/\/www.tucai.com\/fr\/produit-fr\/dn13-a-dn50-river\/","url":"https:\/\/www.tucai.com\/fr\/produit-fr\/dn13-a-dn50-river\/","name":"Rivi\u00e8re TP DN19-DN25 - Tucai","isPartOf":{"@id":"https:\/\/www.tucai.com\/fr\/#website"},"primaryImageOfPage":{"@id":"https:\/\/www.tucai.com\/fr\/produit-fr\/dn13-a-dn50-river\/#primaryimage"},"image":{"@id":"https:\/\/www.tucai.com\/fr\/produit-fr\/dn13-a-dn50-river\/#primaryimage"},"thumbnailUrl":"https:\/\/www.tucai.com\/wp-content\/uploads\/2023\/06\/River-TP_horizontal-scaled.jpg","datePublished":"2023-06-21T13:12:35+00:00","dateModified":"2025-09-24T10:17:55+00:00","breadcrumb":{"@id":"https:\/\/www.tucai.com\/fr\/produit-fr\/dn13-a-dn50-river\/#breadcrumb"},"inLanguage":"fr-FR","potentialAction":[{"@type":"ReadAction","target":["https:\/\/www.tucai.com\/fr\/produit-fr\/dn13-a-dn50-river\/"]}]},{"@type":"ImageObject","inLanguage":"fr-FR","@id":"https:\/\/www.tucai.com\/fr\/produit-fr\/dn13-a-dn50-river\/#primaryimage","url":"https:\/\/www.tucai.com\/wp-content\/uploads\/2023\/06\/River-TP_horizontal-scaled.jpg","contentUrl":"https:\/\/www.tucai.com\/wp-content\/uploads\/2023\/06\/River-TP_horizontal-scaled.jpg","width":1920,"height":1371},{"@type":"BreadcrumbList","@id":"https:\/\/www.tucai.com\/fr\/produit-fr\/dn13-a-dn50-river\/#breadcrumb","itemListElement":[{"@type":"ListItem","position":1,"name":"Portada","item":"https:\/\/www.tucai.com\/fr\/accueil\/"},{"@type":"ListItem","position":2,"name":"Produits","item":"https:\/\/www.tucai.com\/fr\/shop\/"},{"@type":"ListItem","position":3,"name":"Rivi\u00e8re TP DN19-DN25"}]},{"@type":"WebSite","@id":"https:\/\/www.tucai.com\/fr\/#website","url":"https:\/\/www.tucai.com\/fr\/","name":"Tucai","description":"Latiguillos Flexibles y V\u00e1lvulas","publisher":{"@id":"https:\/\/www.tucai.com\/fr\/#organization"},"potentialAction":[{"@type":"SearchAction","target":{"@type":"EntryPoint","urlTemplate":"https:\/\/www.tucai.com\/fr\/?s={search_term_string}"},"query-input":{"@type":"PropertyValueSpecification","valueRequired":true,"valueName":"search_term_string"}}],"inLanguage":"fr-FR"},{"@type":"Organization","@id":"https:\/\/www.tucai.com\/fr\/#organization","name":"Tucai","url":"https:\/\/www.tucai.com\/fr\/","logo":{"@type":"ImageObject","inLanguage":"fr-FR","@id":"https:\/\/www.tucai.com\/fr\/#\/schema\/logo\/image\/","url":"https:\/\/www.tucai.com\/wp-content\/uploads\/2022\/10\/logo-tucai.png","contentUrl":"https:\/\/www.tucai.com\/wp-content\/uploads\/2022\/10\/logo-tucai.png","width":350,"height":100,"caption":"Tucai"},"image":{"@id":"https:\/\/www.tucai.com\/fr\/#\/schema\/logo\/image\/"}}]}},"_links":{"self":[{"href":"https:\/\/www.tucai.com\/fr\/wp-json\/wp\/v2\/product\/11237","targetHints":{"allow":["GET"]}}],"collection":[{"href":"https:\/\/www.tucai.com\/fr\/wp-json\/wp\/v2\/product"}],"about":[{"href":"https:\/\/www.tucai.com\/fr\/wp-json\/wp\/v2\/types\/product"}],"version-history":[{"count":1,"href":"https:\/\/www.tucai.com\/fr\/wp-json\/wp\/v2\/product\/11237\/revisions"}],"predecessor-version":[{"id":20033,"href":"https:\/\/www.tucai.com\/fr\/wp-json\/wp\/v2\/product\/11237\/revisions\/20033"}],"wp:featuredmedia":[{"embeddable":true,"href":"https:\/\/www.tucai.com\/fr\/wp-json\/wp\/v2\/media\/9197"}],"wp:attachment":[{"href":"https:\/\/www.tucai.com\/fr\/wp-json\/wp\/v2\/media?parent=11237"}],"wp:term":[{"taxonomy":"clasificacion","embeddable":true,"href":"https:\/\/www.tucai.com\/fr\/wp-json\/wp\/v2\/clasificacion?post=11237"},{"taxonomy":"descargable","embeddable":true,"href":"https:\/\/www.tucai.com\/fr\/wp-json\/wp\/v2\/descargable?post=11237"},{"taxonomy":"tipo","embeddable":true,"href":"https:\/\/www.tucai.com\/fr\/wp-json\/wp\/v2\/tipo?post=11237"},{"taxonomy":"product_brand","embeddable":true,"href":"https:\/\/www.tucai.com\/fr\/wp-json\/wp\/v2\/product_brand?post=11237"},{"taxonomy":"product_cat","embeddable":true,"href":"https:\/\/www.tucai.com\/fr\/wp-json\/wp\/v2\/product_cat?post=11237"},{"taxonomy":"product_tag","embeddable":true,"href":"https:\/\/www.tucai.com\/fr\/wp-json\/wp\/v2\/product_tag?post=11237"}],"curies":[{"name":"wp","href":"https:\/\/api.w.org\/{rel}","templated":true}]}}