{"id":11257,"date":"2023-05-04T11:55:42","date_gmt":"2023-05-04T11:55:42","guid":{"rendered":"https:\/\/tuc001.tucai.com\/producto\/extra-twist\/"},"modified":"2025-09-24T12:16:55","modified_gmt":"2025-09-24T10:16:55","slug":"extra-twist","status":"publish","type":"product","link":"https:\/\/www.tucai.com\/fr\/produit-fr\/extra-twist\/","title":{"rendered":"Extra Twist DN19-DN50"},"content":{"rendered":"<ul>\n<li>Flexibilit\u00e9 extr\u00eame<\/li>\n<li>R\u00e9sistance \u00e0 l&rsquo;effondrement<\/li>\n<li>Rayon de courbure optimal<\/li>\n<li>D\u00e9bit \u00e9lev\u00e9 garanti<\/li>\n<li>Antibact\u00e9rien<\/li>\n<li>Contenu limit\u00e9 en plomb<\/li>\n<li>Test\u00e9 \u00e0 100 % pour l&rsquo;\u00e9tanch\u00e9it\u00e9<\/li>\n<\/ul>\n","protected":false},"excerpt":{"rendered":"<p>Flexibilit\u00e9 extr\u00eame R\u00e9sistance \u00e0 l&rsquo;effondrement Rayon de courbure optimal D\u00e9bit \u00e9lev\u00e9 garanti Antibact\u00e9rien Contenu limit\u00e9 en plomb Test\u00e9 \u00e0 100 % pour l&rsquo;\u00e9tanch\u00e9it\u00e9<\/p>\n","protected":false},"featured_media":7018,"template":"","meta":{"_acf_changed":false},"clasificacion":[488],"descargable":[],"tipo":[368],"product_brand":[],"product_cat":[383,464,485,413,467,428,465,473,414],"product_tag":[],"class_list":{"0":"post-11257","1":"product","2":"type-product","3":"status-publish","4":"has-post-thumbnail","6":"clasificacion-grand-flux-fr","7":"tipo-flexible-fr","8":"product_cat-baignoire-fr","9":"product_cat-batterie-de-compteur-fr","10":"product_cat-chauffage-au-sol-fr","11":"product_cat-climatisation-fr","12":"product_cat-detartrants-fr","13":"product_cat-panneau-radiant-fr","14":"product_cat-pompes-a-eau-fr","15":"product_cat-systeme-de-lavage-de-voiture-fr","16":"product_cat-ventilo-convecteur-fr","18":"first","19":"instock","20":"shipping-taxable","21":"product-type-simple"},"acf":[],"yoast_head":"<!-- This site is optimized with the Yoast SEO plugin v27.3 - https:\/\/yoast.com\/product\/yoast-seo-wordpress\/ -->\n<title>Extra Twist DN19-DN50 - Tucai<\/title>\n<meta name=\"robots\" content=\"index, follow, max-snippet:-1, max-image-preview:large, max-video-preview:-1\" \/>\n<link rel=\"canonical\" href=\"https:\/\/www.tucai.com\/fr\/produit-fr\/extra-twist\/\" \/>\n<meta property=\"og:locale\" content=\"fr_FR\" \/>\n<meta property=\"og:type\" content=\"article\" \/>\n<meta property=\"og:title\" content=\"Extra Twist DN19-DN50 - Tucai\" \/>\n<meta property=\"og:description\" content=\"Flexibilit\u00e9 extr\u00eame R\u00e9sistance \u00e0 l&rsquo;effondrement Rayon de courbure optimal D\u00e9bit \u00e9lev\u00e9 garanti Antibact\u00e9rien Contenu limit\u00e9 en plomb Test\u00e9 \u00e0 100 % pour l&rsquo;\u00e9tanch\u00e9it\u00e9\" \/>\n<meta property=\"og:url\" content=\"https:\/\/www.tucai.com\/fr\/produit-fr\/extra-twist\/\" \/>\n<meta property=\"og:site_name\" content=\"Tucai\" \/>\n<meta property=\"article:modified_time\" content=\"2025-09-24T10:16:55+00:00\" \/>\n<meta property=\"og:image\" content=\"https:\/\/www.tucai.com\/wp-content\/uploads\/2022\/11\/extra.twist-dn19jpg.jpg\" \/>\n\t<meta property=\"og:image:width\" content=\"1500\" \/>\n\t<meta property=\"og:image:height\" content=\"1605\" \/>\n\t<meta property=\"og:image:type\" content=\"image\/jpeg\" \/>\n<meta name=\"twitter:card\" content=\"summary_large_image\" \/>\n<script type=\"application\/ld+json\" class=\"yoast-schema-graph\">{\"@context\":\"https:\\\/\\\/schema.org\",\"@graph\":[{\"@type\":\"WebPage\",\"@id\":\"https:\\\/\\\/www.tucai.com\\\/fr\\\/produit-fr\\\/extra-twist\\\/\",\"url\":\"https:\\\/\\\/www.tucai.com\\\/fr\\\/produit-fr\\\/extra-twist\\\/\",\"name\":\"Extra Twist DN19-DN50 - Tucai\",\"isPartOf\":{\"@id\":\"https:\\\/\\\/www.tucai.com\\\/fr\\\/#website\"},\"primaryImageOfPage\":{\"@id\":\"https:\\\/\\\/www.tucai.com\\\/fr\\\/produit-fr\\\/extra-twist\\\/#primaryimage\"},\"image\":{\"@id\":\"https:\\\/\\\/www.tucai.com\\\/fr\\\/produit-fr\\\/extra-twist\\\/#primaryimage\"},\"thumbnailUrl\":\"https:\\\/\\\/www.tucai.com\\\/wp-content\\\/uploads\\\/2022\\\/11\\\/extra.twist-dn19jpg.jpg\",\"datePublished\":\"2023-05-04T11:55:42+00:00\",\"dateModified\":\"2025-09-24T10:16:55+00:00\",\"breadcrumb\":{\"@id\":\"https:\\\/\\\/www.tucai.com\\\/fr\\\/produit-fr\\\/extra-twist\\\/#breadcrumb\"},\"inLanguage\":\"fr-FR\",\"potentialAction\":[{\"@type\":\"ReadAction\",\"target\":[\"https:\\\/\\\/www.tucai.com\\\/fr\\\/produit-fr\\\/extra-twist\\\/\"]}]},{\"@type\":\"ImageObject\",\"inLanguage\":\"fr-FR\",\"@id\":\"https:\\\/\\\/www.tucai.com\\\/fr\\\/produit-fr\\\/extra-twist\\\/#primaryimage\",\"url\":\"https:\\\/\\\/www.tucai.com\\\/wp-content\\\/uploads\\\/2022\\\/11\\\/extra.twist-dn19jpg.jpg\",\"contentUrl\":\"https:\\\/\\\/www.tucai.com\\\/wp-content\\\/uploads\\\/2022\\\/11\\\/extra.twist-dn19jpg.jpg\",\"width\":1500,\"height\":1605,\"caption\":\"Extra Twist - DN19\"},{\"@type\":\"BreadcrumbList\",\"@id\":\"https:\\\/\\\/www.tucai.com\\\/fr\\\/produit-fr\\\/extra-twist\\\/#breadcrumb\",\"itemListElement\":[{\"@type\":\"ListItem\",\"position\":1,\"name\":\"Portada\",\"item\":\"https:\\\/\\\/www.tucai.com\\\/fr\\\/accueil\\\/\"},{\"@type\":\"ListItem\",\"position\":2,\"name\":\"Produits\",\"item\":\"https:\\\/\\\/www.tucai.com\\\/fr\\\/shop\\\/\"},{\"@type\":\"ListItem\",\"position\":3,\"name\":\"Extra Twist DN19-DN50\"}]},{\"@type\":\"WebSite\",\"@id\":\"https:\\\/\\\/www.tucai.com\\\/fr\\\/#website\",\"url\":\"https:\\\/\\\/www.tucai.com\\\/fr\\\/\",\"name\":\"Tucai\",\"description\":\"Latiguillos Flexibles y V\u00e1lvulas\",\"publisher\":{\"@id\":\"https:\\\/\\\/www.tucai.com\\\/fr\\\/#organization\"},\"potentialAction\":[{\"@type\":\"SearchAction\",\"target\":{\"@type\":\"EntryPoint\",\"urlTemplate\":\"https:\\\/\\\/www.tucai.com\\\/fr\\\/?s={search_term_string}\"},\"query-input\":{\"@type\":\"PropertyValueSpecification\",\"valueRequired\":true,\"valueName\":\"search_term_string\"}}],\"inLanguage\":\"fr-FR\"},{\"@type\":\"Organization\",\"@id\":\"https:\\\/\\\/www.tucai.com\\\/fr\\\/#organization\",\"name\":\"Tucai\",\"url\":\"https:\\\/\\\/www.tucai.com\\\/fr\\\/\",\"logo\":{\"@type\":\"ImageObject\",\"inLanguage\":\"fr-FR\",\"@id\":\"https:\\\/\\\/www.tucai.com\\\/fr\\\/#\\\/schema\\\/logo\\\/image\\\/\",\"url\":\"https:\\\/\\\/www.tucai.com\\\/wp-content\\\/uploads\\\/2022\\\/10\\\/logo-tucai.png\",\"contentUrl\":\"https:\\\/\\\/www.tucai.com\\\/wp-content\\\/uploads\\\/2022\\\/10\\\/logo-tucai.png\",\"width\":350,\"height\":100,\"caption\":\"Tucai\"},\"image\":{\"@id\":\"https:\\\/\\\/www.tucai.com\\\/fr\\\/#\\\/schema\\\/logo\\\/image\\\/\"}}]}<\/script>\n<!-- \/ Yoast SEO plugin. -->","yoast_head_json":{"title":"Extra Twist DN19-DN50 - Tucai","robots":{"index":"index","follow":"follow","max-snippet":"max-snippet:-1","max-image-preview":"max-image-preview:large","max-video-preview":"max-video-preview:-1"},"canonical":"https:\/\/www.tucai.com\/fr\/produit-fr\/extra-twist\/","og_locale":"fr_FR","og_type":"article","og_title":"Extra Twist DN19-DN50 - Tucai","og_description":"Flexibilit\u00e9 extr\u00eame R\u00e9sistance \u00e0 l&rsquo;effondrement Rayon de courbure optimal D\u00e9bit \u00e9lev\u00e9 garanti Antibact\u00e9rien Contenu limit\u00e9 en plomb Test\u00e9 \u00e0 100 % pour l&rsquo;\u00e9tanch\u00e9it\u00e9","og_url":"https:\/\/www.tucai.com\/fr\/produit-fr\/extra-twist\/","og_site_name":"Tucai","article_modified_time":"2025-09-24T10:16:55+00:00","og_image":[{"width":1500,"height":1605,"url":"https:\/\/www.tucai.com\/wp-content\/uploads\/2022\/11\/extra.twist-dn19jpg.jpg","type":"image\/jpeg"}],"twitter_card":"summary_large_image","schema":{"@context":"https:\/\/schema.org","@graph":[{"@type":"WebPage","@id":"https:\/\/www.tucai.com\/fr\/produit-fr\/extra-twist\/","url":"https:\/\/www.tucai.com\/fr\/produit-fr\/extra-twist\/","name":"Extra Twist DN19-DN50 - Tucai","isPartOf":{"@id":"https:\/\/www.tucai.com\/fr\/#website"},"primaryImageOfPage":{"@id":"https:\/\/www.tucai.com\/fr\/produit-fr\/extra-twist\/#primaryimage"},"image":{"@id":"https:\/\/www.tucai.com\/fr\/produit-fr\/extra-twist\/#primaryimage"},"thumbnailUrl":"https:\/\/www.tucai.com\/wp-content\/uploads\/2022\/11\/extra.twist-dn19jpg.jpg","datePublished":"2023-05-04T11:55:42+00:00","dateModified":"2025-09-24T10:16:55+00:00","breadcrumb":{"@id":"https:\/\/www.tucai.com\/fr\/produit-fr\/extra-twist\/#breadcrumb"},"inLanguage":"fr-FR","potentialAction":[{"@type":"ReadAction","target":["https:\/\/www.tucai.com\/fr\/produit-fr\/extra-twist\/"]}]},{"@type":"ImageObject","inLanguage":"fr-FR","@id":"https:\/\/www.tucai.com\/fr\/produit-fr\/extra-twist\/#primaryimage","url":"https:\/\/www.tucai.com\/wp-content\/uploads\/2022\/11\/extra.twist-dn19jpg.jpg","contentUrl":"https:\/\/www.tucai.com\/wp-content\/uploads\/2022\/11\/extra.twist-dn19jpg.jpg","width":1500,"height":1605,"caption":"Extra Twist - DN19"},{"@type":"BreadcrumbList","@id":"https:\/\/www.tucai.com\/fr\/produit-fr\/extra-twist\/#breadcrumb","itemListElement":[{"@type":"ListItem","position":1,"name":"Portada","item":"https:\/\/www.tucai.com\/fr\/accueil\/"},{"@type":"ListItem","position":2,"name":"Produits","item":"https:\/\/www.tucai.com\/fr\/shop\/"},{"@type":"ListItem","position":3,"name":"Extra Twist DN19-DN50"}]},{"@type":"WebSite","@id":"https:\/\/www.tucai.com\/fr\/#website","url":"https:\/\/www.tucai.com\/fr\/","name":"Tucai","description":"Latiguillos Flexibles y V\u00e1lvulas","publisher":{"@id":"https:\/\/www.tucai.com\/fr\/#organization"},"potentialAction":[{"@type":"SearchAction","target":{"@type":"EntryPoint","urlTemplate":"https:\/\/www.tucai.com\/fr\/?s={search_term_string}"},"query-input":{"@type":"PropertyValueSpecification","valueRequired":true,"valueName":"search_term_string"}}],"inLanguage":"fr-FR"},{"@type":"Organization","@id":"https:\/\/www.tucai.com\/fr\/#organization","name":"Tucai","url":"https:\/\/www.tucai.com\/fr\/","logo":{"@type":"ImageObject","inLanguage":"fr-FR","@id":"https:\/\/www.tucai.com\/fr\/#\/schema\/logo\/image\/","url":"https:\/\/www.tucai.com\/wp-content\/uploads\/2022\/10\/logo-tucai.png","contentUrl":"https:\/\/www.tucai.com\/wp-content\/uploads\/2022\/10\/logo-tucai.png","width":350,"height":100,"caption":"Tucai"},"image":{"@id":"https:\/\/www.tucai.com\/fr\/#\/schema\/logo\/image\/"}}]}},"_links":{"self":[{"href":"https:\/\/www.tucai.com\/fr\/wp-json\/wp\/v2\/product\/11257","targetHints":{"allow":["GET"]}}],"collection":[{"href":"https:\/\/www.tucai.com\/fr\/wp-json\/wp\/v2\/product"}],"about":[{"href":"https:\/\/www.tucai.com\/fr\/wp-json\/wp\/v2\/types\/product"}],"version-history":[{"count":1,"href":"https:\/\/www.tucai.com\/fr\/wp-json\/wp\/v2\/product\/11257\/revisions"}],"predecessor-version":[{"id":20009,"href":"https:\/\/www.tucai.com\/fr\/wp-json\/wp\/v2\/product\/11257\/revisions\/20009"}],"wp:featuredmedia":[{"embeddable":true,"href":"https:\/\/www.tucai.com\/fr\/wp-json\/wp\/v2\/media\/7018"}],"wp:attachment":[{"href":"https:\/\/www.tucai.com\/fr\/wp-json\/wp\/v2\/media?parent=11257"}],"wp:term":[{"taxonomy":"clasificacion","embeddable":true,"href":"https:\/\/www.tucai.com\/fr\/wp-json\/wp\/v2\/clasificacion?post=11257"},{"taxonomy":"descargable","embeddable":true,"href":"https:\/\/www.tucai.com\/fr\/wp-json\/wp\/v2\/descargable?post=11257"},{"taxonomy":"tipo","embeddable":true,"href":"https:\/\/www.tucai.com\/fr\/wp-json\/wp\/v2\/tipo?post=11257"},{"taxonomy":"product_brand","embeddable":true,"href":"https:\/\/www.tucai.com\/fr\/wp-json\/wp\/v2\/product_brand?post=11257"},{"taxonomy":"product_cat","embeddable":true,"href":"https:\/\/www.tucai.com\/fr\/wp-json\/wp\/v2\/product_cat?post=11257"},{"taxonomy":"product_tag","embeddable":true,"href":"https:\/\/www.tucai.com\/fr\/wp-json\/wp\/v2\/product_tag?post=11257"}],"curies":[{"name":"wp","href":"https:\/\/api.w.org\/{rel}","templated":true}]}}