{"id":19801,"date":"2023-06-21T13:12:44","date_gmt":"2023-06-21T13:12:44","guid":{"rendered":"https:\/\/www.tucai.com\/producto\/c400\/"},"modified":"2023-06-21T13:12:44","modified_gmt":"2023-06-21T11:12:44","slug":"c400","status":"publish","type":"product","link":"https:\/\/www.tucai.com\/fr\/produit-fr\/c400\/","title":{"rendered":"C400"},"content":{"rendered":"<div class=\"page\" title=\"Page 24\">\n<div class=\"section\">\n<div class=\"layoutArea\">\n<div class=\"column\">\n<ul>\n<li>D\u00e9bit \u00e9lev\u00e9<\/li>\n<li>Anti-goutte<\/li>\n<li>Possibilit\u00e9 de verrouillage du levier<\/li>\n<li>Syst\u00e8me anti-fuite sur le double arbre de s\u00e9curit\u00e9<\/li>\n<li>R\u00e9sistant \u00e0 la corrosion<\/li>\n<li>Poign\u00e9e ergonomique r\u00e9sistante aux UV<\/li>\n<li>A\u00e9rateur de sortie int\u00e9gr\u00e9<\/li>\n<li>1\/4 de tour<\/li>\n<\/ul>\n<\/div>\n<\/div>\n<div class=\"layoutArea\"><\/div>\n<\/div>\n<\/div>\n","protected":false},"excerpt":{"rendered":"<p>D\u00e9bit \u00e9lev\u00e9 Anti-goutte Possibilit\u00e9 de verrouillage du levier Syst\u00e8me anti-fuite sur le double arbre de s\u00e9curit\u00e9 R\u00e9sistant \u00e0 la corrosion Poign\u00e9e ergonomique r\u00e9sistante aux UV A\u00e9rateur de sortie int\u00e9gr\u00e9 1\/4 de tour<\/p>\n","protected":false},"featured_media":7228,"template":"","meta":{"_acf_changed":false},"clasificacion":[403],"descargable":[],"tipo":[443],"product_brand":[],"product_cat":[369,534],"product_tag":[370,535],"class_list":{"0":"post-19801","1":"product","2":"type-product","3":"status-publish","4":"has-post-thumbnail","6":"clasificacion-robinets-de-jardin-fr","7":"tipo-vannes-fr","8":"product_cat-machine-a-laver-fr","9":"product_cat-robinet-de-jardin-fr","10":"product_tag-eau-fr","11":"product_tag-robinet-de-jardin-fr","13":"first","14":"instock","15":"product-type-simple"},"acf":[],"yoast_head":"<!-- This site is optimized with the Yoast SEO plugin v27.3 - https:\/\/yoast.com\/product\/yoast-seo-wordpress\/ -->\n<title>C400 - Tucai<\/title>\n<meta name=\"robots\" content=\"index, follow, max-snippet:-1, max-image-preview:large, max-video-preview:-1\" \/>\n<link rel=\"canonical\" href=\"https:\/\/www.tucai.com\/fr\/produit-fr\/c400\/\" \/>\n<meta property=\"og:locale\" content=\"fr_FR\" \/>\n<meta property=\"og:type\" content=\"article\" \/>\n<meta property=\"og:title\" content=\"C400 - Tucai\" \/>\n<meta property=\"og:description\" content=\"D\u00e9bit \u00e9lev\u00e9 Anti-goutte Possibilit\u00e9 de verrouillage du levier Syst\u00e8me anti-fuite sur le double arbre de s\u00e9curit\u00e9 R\u00e9sistant \u00e0 la corrosion Poign\u00e9e ergonomique r\u00e9sistante aux UV A\u00e9rateur de sortie int\u00e9gr\u00e9 1\/4 de tour\" \/>\n<meta property=\"og:url\" content=\"https:\/\/www.tucai.com\/fr\/produit-fr\/c400\/\" \/>\n<meta property=\"og:site_name\" content=\"Tucai\" \/>\n<meta property=\"og:image\" content=\"https:\/\/www.tucai.com\/wp-content\/uploads\/2023\/06\/Captura-de-pantalla-2023-07-19-a-las-12.15.26.png\" \/>\n\t<meta property=\"og:image:width\" content=\"1048\" \/>\n\t<meta property=\"og:image:height\" content=\"962\" \/>\n\t<meta property=\"og:image:type\" content=\"image\/png\" \/>\n<meta name=\"twitter:card\" content=\"summary_large_image\" \/>\n<script type=\"application\/ld+json\" class=\"yoast-schema-graph\">{\"@context\":\"https:\\\/\\\/schema.org\",\"@graph\":[{\"@type\":\"WebPage\",\"@id\":\"https:\\\/\\\/www.tucai.com\\\/fr\\\/produit-fr\\\/c400\\\/\",\"url\":\"https:\\\/\\\/www.tucai.com\\\/fr\\\/produit-fr\\\/c400\\\/\",\"name\":\"C400 - Tucai\",\"isPartOf\":{\"@id\":\"https:\\\/\\\/www.tucai.com\\\/fr\\\/#website\"},\"primaryImageOfPage\":{\"@id\":\"https:\\\/\\\/www.tucai.com\\\/fr\\\/produit-fr\\\/c400\\\/#primaryimage\"},\"image\":{\"@id\":\"https:\\\/\\\/www.tucai.com\\\/fr\\\/produit-fr\\\/c400\\\/#primaryimage\"},\"thumbnailUrl\":\"https:\\\/\\\/www.tucai.com\\\/wp-content\\\/uploads\\\/2023\\\/06\\\/Captura-de-pantalla-2023-07-19-a-las-12.15.26.png\",\"datePublished\":\"2023-06-21T13:12:44+00:00\",\"breadcrumb\":{\"@id\":\"https:\\\/\\\/www.tucai.com\\\/fr\\\/produit-fr\\\/c400\\\/#breadcrumb\"},\"inLanguage\":\"fr-FR\",\"potentialAction\":[{\"@type\":\"ReadAction\",\"target\":[\"https:\\\/\\\/www.tucai.com\\\/fr\\\/produit-fr\\\/c400\\\/\"]}]},{\"@type\":\"ImageObject\",\"inLanguage\":\"fr-FR\",\"@id\":\"https:\\\/\\\/www.tucai.com\\\/fr\\\/produit-fr\\\/c400\\\/#primaryimage\",\"url\":\"https:\\\/\\\/www.tucai.com\\\/wp-content\\\/uploads\\\/2023\\\/06\\\/Captura-de-pantalla-2023-07-19-a-las-12.15.26.png\",\"contentUrl\":\"https:\\\/\\\/www.tucai.com\\\/wp-content\\\/uploads\\\/2023\\\/06\\\/Captura-de-pantalla-2023-07-19-a-las-12.15.26.png\",\"width\":1048,\"height\":962},{\"@type\":\"BreadcrumbList\",\"@id\":\"https:\\\/\\\/www.tucai.com\\\/fr\\\/produit-fr\\\/c400\\\/#breadcrumb\",\"itemListElement\":[{\"@type\":\"ListItem\",\"position\":1,\"name\":\"Portada\",\"item\":\"https:\\\/\\\/www.tucai.com\\\/fr\\\/accueil\\\/\"},{\"@type\":\"ListItem\",\"position\":2,\"name\":\"Produits\",\"item\":\"https:\\\/\\\/www.tucai.com\\\/fr\\\/shop\\\/\"},{\"@type\":\"ListItem\",\"position\":3,\"name\":\"C400\"}]},{\"@type\":\"WebSite\",\"@id\":\"https:\\\/\\\/www.tucai.com\\\/fr\\\/#website\",\"url\":\"https:\\\/\\\/www.tucai.com\\\/fr\\\/\",\"name\":\"Tucai\",\"description\":\"Latiguillos Flexibles y V\u00e1lvulas\",\"publisher\":{\"@id\":\"https:\\\/\\\/www.tucai.com\\\/fr\\\/#organization\"},\"potentialAction\":[{\"@type\":\"SearchAction\",\"target\":{\"@type\":\"EntryPoint\",\"urlTemplate\":\"https:\\\/\\\/www.tucai.com\\\/fr\\\/?s={search_term_string}\"},\"query-input\":{\"@type\":\"PropertyValueSpecification\",\"valueRequired\":true,\"valueName\":\"search_term_string\"}}],\"inLanguage\":\"fr-FR\"},{\"@type\":\"Organization\",\"@id\":\"https:\\\/\\\/www.tucai.com\\\/fr\\\/#organization\",\"name\":\"Tucai\",\"url\":\"https:\\\/\\\/www.tucai.com\\\/fr\\\/\",\"logo\":{\"@type\":\"ImageObject\",\"inLanguage\":\"fr-FR\",\"@id\":\"https:\\\/\\\/www.tucai.com\\\/fr\\\/#\\\/schema\\\/logo\\\/image\\\/\",\"url\":\"https:\\\/\\\/www.tucai.com\\\/wp-content\\\/uploads\\\/2022\\\/10\\\/logo-tucai.png\",\"contentUrl\":\"https:\\\/\\\/www.tucai.com\\\/wp-content\\\/uploads\\\/2022\\\/10\\\/logo-tucai.png\",\"width\":350,\"height\":100,\"caption\":\"Tucai\"},\"image\":{\"@id\":\"https:\\\/\\\/www.tucai.com\\\/fr\\\/#\\\/schema\\\/logo\\\/image\\\/\"}}]}<\/script>\n<!-- \/ Yoast SEO plugin. -->","yoast_head_json":{"title":"C400 - Tucai","robots":{"index":"index","follow":"follow","max-snippet":"max-snippet:-1","max-image-preview":"max-image-preview:large","max-video-preview":"max-video-preview:-1"},"canonical":"https:\/\/www.tucai.com\/fr\/produit-fr\/c400\/","og_locale":"fr_FR","og_type":"article","og_title":"C400 - Tucai","og_description":"D\u00e9bit \u00e9lev\u00e9 Anti-goutte Possibilit\u00e9 de verrouillage du levier Syst\u00e8me anti-fuite sur le double arbre de s\u00e9curit\u00e9 R\u00e9sistant \u00e0 la corrosion Poign\u00e9e ergonomique r\u00e9sistante aux UV A\u00e9rateur de sortie int\u00e9gr\u00e9 1\/4 de tour","og_url":"https:\/\/www.tucai.com\/fr\/produit-fr\/c400\/","og_site_name":"Tucai","og_image":[{"width":1048,"height":962,"url":"https:\/\/www.tucai.com\/wp-content\/uploads\/2023\/06\/Captura-de-pantalla-2023-07-19-a-las-12.15.26.png","type":"image\/png"}],"twitter_card":"summary_large_image","schema":{"@context":"https:\/\/schema.org","@graph":[{"@type":"WebPage","@id":"https:\/\/www.tucai.com\/fr\/produit-fr\/c400\/","url":"https:\/\/www.tucai.com\/fr\/produit-fr\/c400\/","name":"C400 - Tucai","isPartOf":{"@id":"https:\/\/www.tucai.com\/fr\/#website"},"primaryImageOfPage":{"@id":"https:\/\/www.tucai.com\/fr\/produit-fr\/c400\/#primaryimage"},"image":{"@id":"https:\/\/www.tucai.com\/fr\/produit-fr\/c400\/#primaryimage"},"thumbnailUrl":"https:\/\/www.tucai.com\/wp-content\/uploads\/2023\/06\/Captura-de-pantalla-2023-07-19-a-las-12.15.26.png","datePublished":"2023-06-21T13:12:44+00:00","breadcrumb":{"@id":"https:\/\/www.tucai.com\/fr\/produit-fr\/c400\/#breadcrumb"},"inLanguage":"fr-FR","potentialAction":[{"@type":"ReadAction","target":["https:\/\/www.tucai.com\/fr\/produit-fr\/c400\/"]}]},{"@type":"ImageObject","inLanguage":"fr-FR","@id":"https:\/\/www.tucai.com\/fr\/produit-fr\/c400\/#primaryimage","url":"https:\/\/www.tucai.com\/wp-content\/uploads\/2023\/06\/Captura-de-pantalla-2023-07-19-a-las-12.15.26.png","contentUrl":"https:\/\/www.tucai.com\/wp-content\/uploads\/2023\/06\/Captura-de-pantalla-2023-07-19-a-las-12.15.26.png","width":1048,"height":962},{"@type":"BreadcrumbList","@id":"https:\/\/www.tucai.com\/fr\/produit-fr\/c400\/#breadcrumb","itemListElement":[{"@type":"ListItem","position":1,"name":"Portada","item":"https:\/\/www.tucai.com\/fr\/accueil\/"},{"@type":"ListItem","position":2,"name":"Produits","item":"https:\/\/www.tucai.com\/fr\/shop\/"},{"@type":"ListItem","position":3,"name":"C400"}]},{"@type":"WebSite","@id":"https:\/\/www.tucai.com\/fr\/#website","url":"https:\/\/www.tucai.com\/fr\/","name":"Tucai","description":"Latiguillos Flexibles y V\u00e1lvulas","publisher":{"@id":"https:\/\/www.tucai.com\/fr\/#organization"},"potentialAction":[{"@type":"SearchAction","target":{"@type":"EntryPoint","urlTemplate":"https:\/\/www.tucai.com\/fr\/?s={search_term_string}"},"query-input":{"@type":"PropertyValueSpecification","valueRequired":true,"valueName":"search_term_string"}}],"inLanguage":"fr-FR"},{"@type":"Organization","@id":"https:\/\/www.tucai.com\/fr\/#organization","name":"Tucai","url":"https:\/\/www.tucai.com\/fr\/","logo":{"@type":"ImageObject","inLanguage":"fr-FR","@id":"https:\/\/www.tucai.com\/fr\/#\/schema\/logo\/image\/","url":"https:\/\/www.tucai.com\/wp-content\/uploads\/2022\/10\/logo-tucai.png","contentUrl":"https:\/\/www.tucai.com\/wp-content\/uploads\/2022\/10\/logo-tucai.png","width":350,"height":100,"caption":"Tucai"},"image":{"@id":"https:\/\/www.tucai.com\/fr\/#\/schema\/logo\/image\/"}}]}},"_links":{"self":[{"href":"https:\/\/www.tucai.com\/fr\/wp-json\/wp\/v2\/product\/19801","targetHints":{"allow":["GET"]}}],"collection":[{"href":"https:\/\/www.tucai.com\/fr\/wp-json\/wp\/v2\/product"}],"about":[{"href":"https:\/\/www.tucai.com\/fr\/wp-json\/wp\/v2\/types\/product"}],"version-history":[{"count":0,"href":"https:\/\/www.tucai.com\/fr\/wp-json\/wp\/v2\/product\/19801\/revisions"}],"wp:featuredmedia":[{"embeddable":true,"href":"https:\/\/www.tucai.com\/fr\/wp-json\/wp\/v2\/media\/7228"}],"wp:attachment":[{"href":"https:\/\/www.tucai.com\/fr\/wp-json\/wp\/v2\/media?parent=19801"}],"wp:term":[{"taxonomy":"clasificacion","embeddable":true,"href":"https:\/\/www.tucai.com\/fr\/wp-json\/wp\/v2\/clasificacion?post=19801"},{"taxonomy":"descargable","embeddable":true,"href":"https:\/\/www.tucai.com\/fr\/wp-json\/wp\/v2\/descargable?post=19801"},{"taxonomy":"tipo","embeddable":true,"href":"https:\/\/www.tucai.com\/fr\/wp-json\/wp\/v2\/tipo?post=19801"},{"taxonomy":"product_brand","embeddable":true,"href":"https:\/\/www.tucai.com\/fr\/wp-json\/wp\/v2\/product_brand?post=19801"},{"taxonomy":"product_cat","embeddable":true,"href":"https:\/\/www.tucai.com\/fr\/wp-json\/wp\/v2\/product_cat?post=19801"},{"taxonomy":"product_tag","embeddable":true,"href":"https:\/\/www.tucai.com\/fr\/wp-json\/wp\/v2\/product_tag?post=19801"}],"curies":[{"name":"wp","href":"https:\/\/api.w.org\/{rel}","templated":true}]}}